{"id":2120,"date":"2024-11-10T15:53:26","date_gmt":"2024-11-10T15:53:26","guid":{"rendered":"https:\/\/globaldocs.store\/?post_type=product&#038;p=2120"},"modified":"2025-02-21T19:57:50","modified_gmt":"2025-02-21T19:57:50","slug":"comprar-pasaporte-de-costa-rica-en-linea","status":"publish","type":"product","link":"https:\/\/globaldocs.store\/es\/documentos\/comprar-pasaporte-de-costa-rica-en-linea\/","title":{"rendered":"Comprar pasaporte de Costa Rica en l\u00ednea"},"content":{"rendered":"<h2><span style=\"color: #000000;\"><strong>Comprar un pasaporte de Costa Rica en l\u00ednea - Acceso a la movilidad global y residencia en Costa Rica<\/strong><\/span><\/h2>\n<p><span style=\"color: #000000;\">El pasaporte costarricense es un poderoso documento de viaje que ofrece <strong>acceso sin visado o con visado a la llegada a m\u00e1s de 150 pa\u00edses<\/strong>incluyendo el Espacio Schengen y Sudam\u00e9rica. A trav\u00e9s de Global Docs Solutions, la obtenci\u00f3n de su pasaporte de Costa Rica es r\u00e1pida, segura y confidencial, por lo que es m\u00e1s f\u00e1cil para usted para desbloquear los beneficios de la ciudadan\u00eda de Costa Rica.<\/span><\/p>\n<h2><span style=\"color: #000000;\"><strong>\u00bfPor qu\u00e9 elegir un pasaporte costarricense?<\/strong><\/span><\/h2>\n<ul>\n<li><span style=\"color: #000000;\"><strong>Amplio acceso sin visado<\/strong>: Viaje f\u00e1cilmente a diversos destinos de todo el mundo, incluidos Europa y Sudam\u00e9rica, sin necesidad de visados adicionales.<\/span><\/li>\n<li><span style=\"color: #000000;\"><strong>Residencia y estilo de vida<\/strong>: Costa Rica ofrece un alto nivel de vida, con especial atenci\u00f3n a la conservaci\u00f3n del medio ambiente, la sanidad y la educaci\u00f3n.<\/span><\/li>\n<li><span style=\"color: #000000;\"><strong>Inversi\u00f3n y ventajas fiscales<\/strong>: Conocida por sus atractivas pol\u00edticas fiscales, Costa Rica ofrece a sus ciudadanos y residentes numerosas ventajas para la inversi\u00f3n empresarial y personal.<\/span><\/li>\n<li><span style=\"color: #000000;\"><strong>Ideal para familias<\/strong>: Ampl\u00ede las opciones de residencia a los miembros de su familia y explore la comunidad estable y acogedora de Costa Rica.<\/span><\/li>\n<\/ul>\n<h2><span style=\"color: #000000;\"><strong>\u00bfPor qu\u00e9 elegir Global Docs Solutions para su pasaporte costarricense?<\/strong><\/span><\/h2>\n<ol>\n<li><span style=\"color: #000000;\"><strong>Tratamiento r\u00e1pido<\/strong>: Obtenga su pasaporte costarricense en <strong>7-10 d\u00edas laborables<\/strong>.<\/span><\/li>\n<li><span style=\"color: #000000;\"><strong>Formas de pago flexibles<\/strong>: Las opciones incluyen <strong>Bitcoin, USDT, transferencia bancaria, Western Union y WorldRemit<\/strong>.<\/span><\/li>\n<li><span style=\"color: #000000;\"><strong>Seguro y confidencial<\/strong>: Damos prioridad a su privacidad y seguridad con nuestro proceso de solicitud encriptado y protegido.<\/span><\/li>\n<li><span style=\"color: #000000;\"><strong>Asistencia 24\/7<\/strong>: Nuestro equipo especializado est\u00e1 disponible las 24 horas del d\u00eda para actualizaciones y asistencia.<\/span><\/li>\n<\/ol>\n<h2><span style=\"color: #000000;\"><strong>Especificaciones del servicio - Asistencia para Pasaportes en Costa Rica<\/strong><\/span><\/h2>\n<table>\n<thead>\n<tr>\n<th><span style=\"color: #000000;\"><strong>Caracter\u00edstica<\/strong><\/span><\/th>\n<th><span style=\"color: #000000;\"><strong>Detalles<\/strong><\/span><\/th>\n<\/tr>\n<\/thead>\n<tbody>\n<tr>\n<td><span style=\"color: #000000;\"><strong>Tipo de servicio<\/strong><\/span><\/td>\n<td><span style=\"color: #000000;\">Solicitud de pasaporte costarricense<\/span><\/td>\n<\/tr>\n<tr>\n<td><span style=\"color: #000000;\"><strong>Tiempo de procesamiento<\/strong><\/span><\/td>\n<td><span style=\"color: #000000;\">7-10 d\u00edas laborables<\/span><\/td>\n<\/tr>\n<tr>\n<td><span style=\"color: #000000;\"><strong>Admisibilidad<\/strong><\/span><\/td>\n<td><span style=\"color: #000000;\">Abierto a solicitantes internacionales admisibles<\/span><\/td>\n<\/tr>\n<tr>\n<td><span style=\"color: #000000;\"><strong>Documentos necesarios<\/strong><\/span><\/td>\n<td><span style=\"color: #000000;\">Documento de identidad v\u00e1lido, prueba de nacionalidad, documentos esenciales<\/span><\/td>\n<\/tr>\n<tr>\n<td><span style=\"color: #000000;\"><strong>Formas de pago<\/strong><\/span><\/td>\n<td><span style=\"color: #000000;\">Bitcoin, USDT, Transferencia bancaria, Western Union, WorldRemit<\/span><\/td>\n<\/tr>\n<tr>\n<td><span style=\"color: #000000;\"><strong>Entrega<\/strong><\/span><\/td>\n<td><span style=\"color: #000000;\">Entrega segura en todo el mundo en un plazo de 7-10 d\u00edas<\/span><\/td>\n<\/tr>\n<tr>\n<td><span style=\"color: #000000;\"><strong>Ayuda<\/strong><\/span><\/td>\n<td><span style=\"color: #000000;\">Atenci\u00f3n al cliente 24 horas al d\u00eda, 7 d\u00edas a la semana<\/span><\/td>\n<\/tr>\n<\/tbody>\n<\/table>\n<h2><span style=\"color: #000000;\"><strong>C\u00f3mo comprar un pasaporte costarricense en l\u00ednea - Gu\u00eda paso a paso<\/strong><\/span><\/h2>\n<ol>\n<li><span style=\"color: #000000;\"><strong>Consulta inicial<\/strong>: P\u00f3ngase en contacto con nosotros para confirmar su admisibilidad y conocer los requisitos de solicitud.<\/span><\/li>\n<li><span style=\"color: #000000;\"><strong>Presentaci\u00f3n de documentos<\/strong>: Cargue de forma segura los documentos necesarios a trav\u00e9s de nuestro portal encriptado.<\/span><\/li>\n<li><span style=\"color: #000000;\"><strong>Finalizaci\u00f3n del pago<\/strong>: Elija uno de nuestros flexibles m\u00e9todos de pago para completar la transacci\u00f3n.<\/span><\/li>\n<li><span style=\"color: #000000;\"><strong>Entrega de pasaportes<\/strong>: Reciba su pasaporte costarricense en <strong>7-10 d\u00edas laborables<\/strong> en la direcci\u00f3n elegida.<\/span><\/li>\n<\/ol>\n<h2><span style=\"color: #000000;\"><strong>Ventajas adicionales del pasaporte costarricense<\/strong><\/span><\/h2>\n<ul>\n<li><span style=\"color: #000000;\"><strong>Orientaci\u00f3n sobre residencia<\/strong>: Acceda al apoyo de reubicaci\u00f3n y residencia, asegurando una transici\u00f3n sin problemas a la vibrante comunidad de Costa Rica.<\/span><\/li>\n<li><span style=\"color: #000000;\"><strong>Traducci\u00f3n y asistencia para el cumplimiento de la normativa<\/strong>: Ofrecemos ayuda con las traducciones necesarias y garantizamos el pleno cumplimiento de las normas costarricenses.<\/span><\/li>\n<li><span style=\"color: #000000;\"><strong>Seguimiento de aplicaciones en tiempo real<\/strong>: Mant\u00e9ngase informado con asistencia 24\/7 y actualizaciones de estado en directo sobre su solicitud.<\/span><\/li>\n<\/ul>\n<h2><span style=\"color: #000000;\"><strong>Preguntas m\u00e1s frecuentes (FAQ)<\/strong><\/span><\/h2>\n<p><span style=\"color: #000000;\"><strong>1. \u00bfCu\u00e1nto tiempo se tarda en tramitar un pasaporte costarricense?<\/strong><\/span><br \/>\n<span style=\"color: #000000;\">La tramitaci\u00f3n suele durar <strong>7-10 d\u00edas laborables<\/strong>.<\/span><\/p>\n<p><span style=\"color: #000000;\"><strong>2. \u00bfQu\u00e9 opciones de pago ofrecen?<\/strong><\/span><br \/>\n<span style=\"color: #000000;\">Aceptamos <strong>Bitcoin, USDT, transferencia bancaria, Western Union y WorldRemit<\/strong>.<\/span><\/p>\n<p><span style=\"color: #000000;\"><strong>3. \u00bfC\u00f3mo se garantiza la confidencialidad?<\/strong><\/span><br \/>\n<span style=\"color: #000000;\">Nuestro proceso de solicitud est\u00e1 asegurado con sistemas encriptados y estrictos protocolos de confidencialidad para proteger sus datos personales.<\/span><\/p>\n<p><span style=\"color: #000000;\"><strong>4. \u00bfCu\u00e1les son las ventajas de tener pasaporte costarricense?<\/strong><\/span><br \/>\n<span style=\"color: #000000;\">Un costarricense <a href=\"https:\/\/globaldocs.store\/es\/documentos\/comprar-pasaporte-australiano-en-linea\/\">pasaporte<\/a> concede la exenci\u00f3n de visado para viajar por todo el mundo, ventajas fiscales y de inversi\u00f3n, y derechos de residencia en un pa\u00eds de gran belleza y riqueza ecol\u00f3gica.<\/span><\/p>\n<h2><span style=\"color: #000000;\"><strong>Comience hoy mismo su solicitud de pasaporte costarricense<\/strong><\/span><\/h2>\n<p><span style=\"color: #000000;\">Experimente la libertad de <strong>movilidad global y residencia en Costa Rica<\/strong> solicitando su pasaporte a trav\u00e9s de Global Docs Solutions. Nuestro servicio confiable y orientaci\u00f3n experta hacen que su viaje a la ciudadan\u00eda costarricense sea fluido y seguro.<a href=\"https:\/\/globaldocs.store\/es\/contactanos\/\"> <strong>P\u00f3ngase en contacto con nosotros<\/strong> <\/a>para iniciar su solicitud y disfrutar de todas las ventajas de un pasaporte costarricense.<\/span><\/p>","protected":false},"excerpt":{"rendered":"<ul>\n<li><strong>Tratamiento r\u00e1pido<\/strong>: Obtenga su pasaporte costarricense en <strong>7-10 d\u00edas laborables<\/strong>.<\/li>\n<li><strong>Formas de pago flexibles<\/strong>: Las opciones incluyen <strong>Bitcoin, USDT, transferencia bancaria, Western Union y WorldRemit<\/strong>.<\/li>\n<li><strong>Seguro y confidencial<\/strong>: Damos prioridad a su privacidad y seguridad con nuestro proceso de solicitud encriptado y protegido.<\/li>\n<\/ul>","protected":false},"featured_media":2121,"comment_status":"open","ping_status":"closed","template":"","meta":{"_eb_attr":"","site-sidebar-layout":"default","site-content-layout":"","ast-site-content-layout":"default","site-content-style":"default","site-sidebar-style":"default","ast-global-header-display":"","ast-banner-title-visibility":"","ast-main-header-display":"","ast-hfb-above-header-display":"","ast-hfb-below-header-display":"","ast-hfb-mobile-header-display":"","site-post-title":"","ast-breadcrumbs-content":"","ast-featured-img":"","footer-sml-layout":"","ast-disable-related-posts":"","theme-transparent-header-meta":"default","adv-header-id-meta":"","stick-header-meta":"","header-above-stick-meta":"","header-main-stick-meta":"","header-below-stick-meta":"","astra-migrate-meta-layouts":"set","ast-page-background-enabled":"default","ast-page-background-meta":{"desktop":{"background-color":"","background-image":"","background-repeat":"repeat","background-position":"center center","background-size":"auto","background-attachment":"scroll","background-type":"","background-media":"","overlay-type":"","overlay-color":"","overlay-opacity":"","overlay-gradient":""},"tablet":{"background-color":"","background-image":"","background-repeat":"repeat","background-position":"center center","background-size":"auto","background-attachment":"scroll","background-type":"","background-media":"","overlay-type":"","overlay-color":"","overlay-opacity":"","overlay-gradient":""},"mobile":{"background-color":"","background-image":"","background-repeat":"repeat","background-position":"center center","background-size":"auto","background-attachment":"scroll","background-type":"","background-media":"","overlay-type":"","overlay-color":"","overlay-opacity":"","overlay-gradient":""}},"ast-content-background-meta":{"desktop":{"background-color":"var(--ast-global-color-5)","background-image":"","background-repeat":"repeat","background-position":"center center","background-size":"auto","background-attachment":"scroll","background-type":"","background-media":"","overlay-type":"","overlay-color":"","overlay-opacity":"","overlay-gradient":""},"tablet":{"background-color":"var(--ast-global-color-5)","background-image":"","background-repeat":"repeat","background-position":"center center","background-size":"auto","background-attachment":"scroll","background-type":"","background-media":"","overlay-type":"","overlay-color":"","overlay-opacity":"","overlay-gradient":""},"mobile":{"background-color":"var(--ast-global-color-5)","background-image":"","background-repeat":"repeat","background-position":"center center","background-size":"auto","background-attachment":"scroll","background-type":"","background-media":"","overlay-type":"","overlay-color":"","overlay-opacity":"","overlay-gradient":""}}},"product_brand":[],"product_cat":[17,52],"product_tag":[],"class_list":{"0":"post-2120","1":"product","2":"type-product","3":"status-publish","4":"has-post-thumbnail","6":"product_cat-globaldocs","7":"product_cat-passport-services","8":"desktop-align-left","9":"tablet-align-left","10":"mobile-align-left","12":"first","13":"instock","14":"shipping-taxable","15":"purchasable","16":"product-type-simple"},"_links":{"self":[{"href":"https:\/\/globaldocs.store\/es\/wp-json\/wp\/v2\/product\/2120","targetHints":{"allow":["GET"]}}],"collection":[{"href":"https:\/\/globaldocs.store\/es\/wp-json\/wp\/v2\/product"}],"about":[{"href":"https:\/\/globaldocs.store\/es\/wp-json\/wp\/v2\/types\/product"}],"replies":[{"embeddable":true,"href":"https:\/\/globaldocs.store\/es\/wp-json\/wp\/v2\/comments?post=2120"}],"version-history":[{"count":3,"href":"https:\/\/globaldocs.store\/es\/wp-json\/wp\/v2\/product\/2120\/revisions"}],"predecessor-version":[{"id":2247,"href":"https:\/\/globaldocs.store\/es\/wp-json\/wp\/v2\/product\/2120\/revisions\/2247"}],"wp:featuredmedia":[{"embeddable":true,"href":"https:\/\/globaldocs.store\/es\/wp-json\/wp\/v2\/media\/2121"}],"wp:attachment":[{"href":"https:\/\/globaldocs.store\/es\/wp-json\/wp\/v2\/media?parent=2120"}],"wp:term":[{"taxonomy":"product_brand","embeddable":true,"href":"https:\/\/globaldocs.store\/es\/wp-json\/wp\/v2\/product_brand?post=2120"},{"taxonomy":"product_cat","embeddable":true,"href":"https:\/\/globaldocs.store\/es\/wp-json\/wp\/v2\/product_cat?post=2120"},{"taxonomy":"product_tag","embeddable":true,"href":"https:\/\/globaldocs.store\/es\/wp-json\/wp\/v2\/product_tag?post=2120"}],"curies":[{"name":"wp","href":"https:\/\/api.w.org\/{rel}","templated":true}]}}