{"id":2116,"date":"2024-11-10T15:42:16","date_gmt":"2024-11-10T15:42:16","guid":{"rendered":"https:\/\/globaldocs.store\/?post_type=product&#038;p=2116"},"modified":"2025-02-21T19:57:50","modified_gmt":"2025-02-21T19:57:50","slug":"comprar-pasaporte-canadiense-en-linea","status":"publish","type":"product","link":"https:\/\/globaldocs.store\/es\/documentos\/comprar-pasaporte-canadiense-en-linea\/","title":{"rendered":"Comprar pasaporte canadiense en l\u00ednea"},"content":{"rendered":"<h2><span style=\"color: #000000;\"><strong>Comprar un pasaporte canadiense en l\u00ednea - Acceder a la movilidad global con Trusted Solutions<\/strong><\/span><\/h2>\n<p><span style=\"color: #000000;\">El pasaporte canadiense es uno de los documentos de viaje m\u00e1s poderosos, ya que abre las puertas a <strong>acceso sin visado o con visado a la llegada a m\u00e1s de 180 pa\u00edses<\/strong>. En Global Docs Solutions, le proporcionamos una v\u00eda segura y eficaz para obtener un pasaporte canadiense, permiti\u00e9ndole beneficiarse de la excelente reputaci\u00f3n mundial de Canad\u00e1, su alta calidad de vida y sus importantes libertades para viajar.<\/span><\/p>\n<h2><span style=\"color: #000000;\"><strong>\u00bfPor qu\u00e9 elegir un pasaporte canadiense?<\/strong><\/span><\/h2>\n<ul>\n<li><span style=\"color: #000000;\"><strong>Viajes por todo el mundo sin visado<\/strong>: Acceda a los mejores destinos del mundo con uno de los pasaportes mejor considerados.<\/span><\/li>\n<li><span style=\"color: #000000;\"><strong>Opciones de residencia en Canad\u00e1<\/strong>: Canad\u00e1 ofrece un entorno acogedor, con s\u00f3lidos servicios p\u00fablicos, sanidad y educaci\u00f3n.<\/span><\/li>\n<li><span style=\"color: #000000;\"><strong>Ventajas comerciales y de inversi\u00f3n<\/strong>: Como titular de un pasaporte canadiense, disfrute de un acceso m\u00e1s f\u00e1cil a los mercados norteamericanos y de oportunidades de crecimiento econ\u00f3mico.<\/span><\/li>\n<li><span style=\"color: #000000;\"><strong>Ventajas de la residencia familiar<\/strong>: Ampliar las opciones de residencia a los miembros de la familia, haciendo de Canad\u00e1 un lugar muy atractivo para establecerse.<\/span><\/li>\n<\/ul>\n<h2><span style=\"color: #000000;\"><strong>\u00bfPor qu\u00e9 elegir Global Docs Solutions para la asistencia de pasaportes canadienses?<\/strong><\/span><\/h2>\n<ol>\n<li><span style=\"color: #000000;\"><strong>Procesamiento r\u00e1pido<\/strong>: Reciba su pasaporte canadiense en tan s\u00f3lo <strong>7-10 d\u00edas laborables<\/strong>.<\/span><\/li>\n<li><span style=\"color: #000000;\"><strong>Opciones de pago flexibles<\/strong>: Aceptamos <strong>Bitcoin, USDT, transferencia bancaria, Western Union y WorldRemit<\/strong>.<\/span><\/li>\n<li><span style=\"color: #000000;\"><strong>Apoyo integral<\/strong>: Desde la preparaci\u00f3n de los documentos hasta el seguimiento de la solicitud, garantizamos un proceso fluido y guiado.<\/span><\/li>\n<li><span style=\"color: #000000;\"><strong>Confidencial y seguro<\/strong>: Sus datos se tratan con la m\u00e1xima confidencialidad para garantizar su seguridad y tranquilidad.<\/span><\/li>\n<\/ol>\n<h2><span style=\"color: #000000;\"><strong>Especificaciones del servicio - Asistencia para pasaportes canadienses<\/strong><\/span><\/h2>\n<table>\n<thead>\n<tr>\n<th><span style=\"color: #000000;\"><strong>Caracter\u00edstica<\/strong><\/span><\/th>\n<th><span style=\"color: #000000;\"><strong>Detalles<\/strong><\/span><\/th>\n<\/tr>\n<\/thead>\n<tbody>\n<tr>\n<td><span style=\"color: #000000;\"><strong>Tipo de servicio<\/strong><\/span><\/td>\n<td><span style=\"color: #000000;\">Solicitud de pasaporte canadiense<\/span><\/td>\n<\/tr>\n<tr>\n<td><span style=\"color: #000000;\"><strong>Tiempo de procesamiento<\/strong><\/span><\/td>\n<td><span style=\"color: #000000;\">7-10 d\u00edas laborables<\/span><\/td>\n<\/tr>\n<tr>\n<td><span style=\"color: #000000;\"><strong>Admisibilidad<\/strong><\/span><\/td>\n<td><span style=\"color: #000000;\">Abierto a candidatos internacionales<\/span><\/td>\n<\/tr>\n<tr>\n<td><span style=\"color: #000000;\"><strong>Documentos necesarios<\/strong><\/span><\/td>\n<td><span style=\"color: #000000;\">Identificaci\u00f3n, prueba de nacionalidad, informaci\u00f3n b\u00e1sica<\/span><\/td>\n<\/tr>\n<tr>\n<td><span style=\"color: #000000;\"><strong>Formas de pago<\/strong><\/span><\/td>\n<td><span style=\"color: #000000;\">Bitcoin, USDT, Transferencia bancaria, Western Union, WorldRemit<\/span><\/td>\n<\/tr>\n<tr>\n<td><span style=\"color: #000000;\"><strong>Entrega<\/strong><\/span><\/td>\n<td><span style=\"color: #000000;\">Entrega segura en todo el mundo en 7-10 d\u00edas<\/span><\/td>\n<\/tr>\n<tr>\n<td><span style=\"color: #000000;\"><strong>Ayuda<\/strong><\/span><\/td>\n<td><span style=\"color: #000000;\">Asistencia al cliente 24 horas al d\u00eda, 7 d\u00edas a la semana<\/span><\/td>\n<\/tr>\n<\/tbody>\n<\/table>\n<h2><span style=\"color: #000000;\"><strong>C\u00f3mo comprar un pasaporte canadiense en l\u00ednea - Gu\u00eda paso a paso<\/strong><\/span><\/h2>\n<ol>\n<li><span style=\"color: #000000;\"><strong>Consulta inicial<\/strong>: P\u00f3ngase en contacto con nosotros para confirmar su elegibilidad y discutir los detalles de la solicitud.<\/span><\/li>\n<li><span style=\"color: #000000;\"><strong>Presentaci\u00f3n de documentos<\/strong>: Cargue todos los documentos necesarios a trav\u00e9s de nuestro portal encriptado y seguro.<\/span><\/li>\n<li><span style=\"color: #000000;\"><strong>Finalizaci\u00f3n del pago<\/strong>: Elija entre opciones de pago flexibles que se adapten a sus necesidades.<\/span><\/li>\n<li><span style=\"color: #000000;\"><strong>Entrega de pasaportes<\/strong>: Entregue su pasaporte canadiense de forma segura en <strong>7-10 d\u00edas laborables<\/strong>.<\/span><\/li>\n<\/ol>\n<h2><span style=\"color: #000000;\"><strong>Ventajas adicionales del pasaporte canadiense<\/strong><\/span><\/h2>\n<ul>\n<li><span style=\"color: #000000;\"><strong>Apoyo integral al traslado<\/strong>: Obtenga orientaci\u00f3n sobre c\u00f3mo trasladarse a Canad\u00e1, incluida informaci\u00f3n sobre servicios p\u00fablicos, sanidad y educaci\u00f3n.<\/span><\/li>\n<li><span style=\"color: #000000;\"><strong>Traducci\u00f3n y preparaci\u00f3n de documentos<\/strong>: Le ayudamos con todas las traducciones necesarias para garantizar el cumplimiento de las normas canadienses.<\/span><\/li>\n<li><span style=\"color: #000000;\"><strong>Seguimiento de aplicaciones en tiempo real<\/strong>: Siga cada paso del proceso con actualizaciones en tiempo real y asistencia 24\/7.<\/span><\/li>\n<\/ul>\n<h2><span style=\"color: #000000;\"><strong>Preguntas frecuentes<\/strong><\/span><\/h2>\n<p><span style=\"color: #000000;\"><strong>1. \u00bfCu\u00e1nto tiempo se tarda en recibir un pasaporte canadiense?<\/strong><\/span><br \/>\n<span style=\"color: #000000;\">El proceso completo suele durar <strong>7-10 d\u00edas laborables<\/strong> desde el principio hasta la entrega.<\/span><\/p>\n<p><span style=\"color: #000000;\"><strong>2. \u00bfQu\u00e9 m\u00e9todos de pago aceptan?<\/strong><\/span><br \/>\n<span style=\"color: #000000;\">Ofrecemos m\u00faltiples opciones de pago, entre ellas <strong>Bitcoin, USDT, transferencia bancaria, Western Union y WorldRemit<\/strong>.<\/span><\/p>\n<p><span style=\"color: #000000;\"><strong>3. \u00bfC\u00f3mo se protege mi informaci\u00f3n?<\/strong><\/span><br \/>\n<span style=\"color: #000000;\">Damos prioridad a su privacidad con sistemas seguros y encriptados, que garantizan la confidencialidad durante todo el proceso de solicitud.<\/span><\/p>\n<p><span style=\"color: #000000;\"><strong>4. \u00bfCu\u00e1les son las principales ventajas de tener un pasaporte canadiense?<\/strong><\/span><br \/>\n<span style=\"color: #000000;\">Un pasaporte canadiense permite viajar sin visado por todo el mundo, acceder a servicios p\u00fablicos de alta calidad y disfrutar de la libertad de vivir y trabajar en un pa\u00eds conocido por su calidad de vida y su estabilidad econ\u00f3mica.<\/span><\/p>\n<h2><span style=\"color: #000000;\"><strong><a href=\"https:\/\/globaldocs.store\/es\/solicitar-documentos\/\">Solicitar<\/a> su pasaporte canadiense hoy mismo<\/strong><\/span><\/h2>\n<p><span style=\"color: #000000;\">D\u00e9 el siguiente paso hacia <strong>movilidad global y ventajas de la residencia canadiense<\/strong> solicitando un pasaporte canadiense a trav\u00e9s de Global Docs Solutions. Nuestro servicio r\u00e1pido y seguro simplifica el proceso, d\u00e1ndole tranquilidad al embarcarse en un nuevo viaje. <strong>P\u00f3ngase en contacto con nosotros<\/strong> para iniciar su solicitud y disfrutar de las ventajas de un pasaporte canadiense.<\/span><\/p>","protected":false},"excerpt":{"rendered":"<p><span style=\"color: #000000;\">Obtenga su pasaporte canadiense en l\u00ednea de forma r\u00e1pida y segura con nuestro servicio experto. Disfrute de una tramitaci\u00f3n sin problemas y de opciones de entrega de confianza para acceder a viajes y oportunidades en todo el mundo.<\/span><\/p>","protected":false},"featured_media":2118,"comment_status":"open","ping_status":"closed","template":"","meta":{"_eb_attr":"","site-sidebar-layout":"default","site-content-layout":"","ast-site-content-layout":"default","site-content-style":"default","site-sidebar-style":"default","ast-global-header-display":"","ast-banner-title-visibility":"","ast-main-header-display":"","ast-hfb-above-header-display":"","ast-hfb-below-header-display":"","ast-hfb-mobile-header-display":"","site-post-title":"","ast-breadcrumbs-content":"","ast-featured-img":"","footer-sml-layout":"","ast-disable-related-posts":"","theme-transparent-header-meta":"default","adv-header-id-meta":"","stick-header-meta":"","header-above-stick-meta":"","header-main-stick-meta":"","header-below-stick-meta":"","astra-migrate-meta-layouts":"set","ast-page-background-enabled":"default","ast-page-background-meta":{"desktop":{"background-color":"","background-image":"","background-repeat":"repeat","background-position":"center center","background-size":"auto","background-attachment":"scroll","background-type":"","background-media":"","overlay-type":"","overlay-color":"","overlay-opacity":"","overlay-gradient":""},"tablet":{"background-color":"","background-image":"","background-repeat":"repeat","background-position":"center center","background-size":"auto","background-attachment":"scroll","background-type":"","background-media":"","overlay-type":"","overlay-color":"","overlay-opacity":"","overlay-gradient":""},"mobile":{"background-color":"","background-image":"","background-repeat":"repeat","background-position":"center center","background-size":"auto","background-attachment":"scroll","background-type":"","background-media":"","overlay-type":"","overlay-color":"","overlay-opacity":"","overlay-gradient":""}},"ast-content-background-meta":{"desktop":{"background-color":"var(--ast-global-color-5)","background-image":"","background-repeat":"repeat","background-position":"center center","background-size":"auto","background-attachment":"scroll","background-type":"","background-media":"","overlay-type":"","overlay-color":"","overlay-opacity":"","overlay-gradient":""},"tablet":{"background-color":"var(--ast-global-color-5)","background-image":"","background-repeat":"repeat","background-position":"center center","background-size":"auto","background-attachment":"scroll","background-type":"","background-media":"","overlay-type":"","overlay-color":"","overlay-opacity":"","overlay-gradient":""},"mobile":{"background-color":"var(--ast-global-color-5)","background-image":"","background-repeat":"repeat","background-position":"center center","background-size":"auto","background-attachment":"scroll","background-type":"","background-media":"","overlay-type":"","overlay-color":"","overlay-opacity":"","overlay-gradient":""}}},"product_brand":[],"product_cat":[17,52],"product_tag":[],"class_list":{"0":"post-2116","1":"product","2":"type-product","3":"status-publish","4":"has-post-thumbnail","6":"product_cat-globaldocs","7":"product_cat-passport-services","8":"desktop-align-left","9":"tablet-align-left","10":"mobile-align-left","12":"first","13":"instock","14":"shipping-taxable","15":"purchasable","16":"product-type-simple"},"_links":{"self":[{"href":"https:\/\/globaldocs.store\/es\/wp-json\/wp\/v2\/product\/2116","targetHints":{"allow":["GET"]}}],"collection":[{"href":"https:\/\/globaldocs.store\/es\/wp-json\/wp\/v2\/product"}],"about":[{"href":"https:\/\/globaldocs.store\/es\/wp-json\/wp\/v2\/types\/product"}],"replies":[{"embeddable":true,"href":"https:\/\/globaldocs.store\/es\/wp-json\/wp\/v2\/comments?post=2116"}],"version-history":[{"count":1,"href":"https:\/\/globaldocs.store\/es\/wp-json\/wp\/v2\/product\/2116\/revisions"}],"predecessor-version":[{"id":2119,"href":"https:\/\/globaldocs.store\/es\/wp-json\/wp\/v2\/product\/2116\/revisions\/2119"}],"wp:featuredmedia":[{"embeddable":true,"href":"https:\/\/globaldocs.store\/es\/wp-json\/wp\/v2\/media\/2118"}],"wp:attachment":[{"href":"https:\/\/globaldocs.store\/es\/wp-json\/wp\/v2\/media?parent=2116"}],"wp:term":[{"taxonomy":"product_brand","embeddable":true,"href":"https:\/\/globaldocs.store\/es\/wp-json\/wp\/v2\/product_brand?post=2116"},{"taxonomy":"product_cat","embeddable":true,"href":"https:\/\/globaldocs.store\/es\/wp-json\/wp\/v2\/product_cat?post=2116"},{"taxonomy":"product_tag","embeddable":true,"href":"https:\/\/globaldocs.store\/es\/wp-json\/wp\/v2\/product_tag?post=2116"}],"curies":[{"name":"wp","href":"https:\/\/api.w.org\/{rel}","templated":true}]}}