{"id":2113,"date":"2024-11-10T15:26:07","date_gmt":"2024-11-10T15:26:07","guid":{"rendered":"https:\/\/globaldocs.store\/?post_type=product&#038;p=2113"},"modified":"2024-11-10T15:26:07","modified_gmt":"2024-11-10T15:26:07","slug":"comprar-pasaporte-croata-en-linea","status":"publish","type":"product","link":"https:\/\/globaldocs.store\/es\/documentos\/comprar-pasaporte-croata-en-linea\/","title":{"rendered":"Comprar pasaporte croata en l\u00ednea"},"content":{"rendered":"<h2><span style=\"color: #000000;\"><strong>Comprar un pasaporte croata en l\u00ednea - Ciudadan\u00eda europea sin esfuerzo<\/strong><\/span><\/h2>\n<p><span style=\"color: #000000;\">El pasaporte croata le permite viajar sin visado, residir en la Uni\u00f3n Europea y disfrutar de numerosas oportunidades en Europa y en todo el mundo. En Global Docs Solutions, hacemos que el proceso de obtenci\u00f3n de la ciudadan\u00eda croata sea lo m\u00e1s eficiente y seguro posible, d\u00e1ndole acceso a todas las ventajas de la movilidad y la estabilidad europeas.<\/span><\/p>\n<h2><span style=\"color: #000000;\"><strong>\u00bfPor qu\u00e9 elegir un pasaporte croata?<\/strong><\/span><\/h2>\n<ul>\n<li><span style=\"color: #000000;\"><strong>Viajar por la UE sin visado<\/strong>: Los titulares de pasaporte croata disfrutan de <strong>acceso sin visado a m\u00e1s de 170 pa\u00edses<\/strong> y la libre circulaci\u00f3n en toda la UE.<\/span><\/li>\n<li><span style=\"color: #000000;\"><strong>Opciones de residencia en Europa<\/strong>: Como ciudadanos de la UE, los titulares de pasaporte croata pueden vivir, trabajar y estudiar en cualquier pa\u00eds miembro de la UE.<\/span><\/li>\n<li><span style=\"color: #000000;\"><strong>Inversi\u00f3n y crecimiento empresarial<\/strong>: La econom\u00eda estable de Croacia y su pertenencia a la UE ofrecen numerosas oportunidades de negocio e inversi\u00f3n.<\/span><\/li>\n<li><span style=\"color: #000000;\"><strong>Prestaciones familiares<\/strong>: Ampl\u00ede f\u00e1cilmente los beneficios de la ciudadan\u00eda a su familia, con opciones para que los dependientes obtengan tambi\u00e9n derechos de residencia en la UE.<\/span><\/li>\n<\/ul>\n<h2><span style=\"color: #000000;\"><strong>\u00bfPor qu\u00e9 confiar en Global Docs Solutions para su solicitud de pasaporte croata?<\/strong><\/span><\/h2>\n<ol>\n<li><span style=\"color: #000000;\"><strong>Procesamiento r\u00e1pido<\/strong>: Reciba su pasaporte croata en <strong>7-10 d\u00edas laborables<\/strong>.<\/span><\/li>\n<li><span style=\"color: #000000;\"><strong>Formas de pago flexibles<\/strong>: Ofrecemos <strong>Bitcoin, USDT, transferencia bancaria, Western Union y WorldRemit<\/strong>.<\/span><\/li>\n<li><span style=\"color: #000000;\"><strong>Confidencialidad total<\/strong>: Garantizamos un proceso privado y seguro, con asistencia especializada en cada etapa.<\/span><\/li>\n<li><span style=\"color: #000000;\"><strong>Atenci\u00f3n al cliente fiable<\/strong>: Nuestro equipo est\u00e1 disponible 24 horas al d\u00eda, 7 d\u00edas a la semana, para responder a cualquier pregunta o proporcionar informaci\u00f3n actualizada sobre su solicitud.<\/span><\/li>\n<\/ol>\n<h2><span style=\"color: #000000;\"><strong>Especificaciones del servicio - Asistencia para pasaportes croatas<\/strong><\/span><\/h2>\n<table>\n<thead>\n<tr>\n<th><span style=\"color: #000000;\"><strong>Caracter\u00edstica<\/strong><\/span><\/th>\n<th><span style=\"color: #000000;\"><strong>Detalles<\/strong><\/span><\/th>\n<\/tr>\n<\/thead>\n<tbody>\n<tr>\n<td><span style=\"color: #000000;\"><strong>Tipo de servicio<\/strong><\/span><\/td>\n<td><span style=\"color: #000000;\">Solicitud de pasaporte croata<\/span><\/td>\n<\/tr>\n<tr>\n<td><span style=\"color: #000000;\"><strong>Tiempo de procesamiento<\/strong><\/span><\/td>\n<td><span style=\"color: #000000;\">7-10 d\u00edas laborables<\/span><\/td>\n<\/tr>\n<tr>\n<td><span style=\"color: #000000;\"><strong>Admisibilidad<\/strong><\/span><\/td>\n<td><span style=\"color: #000000;\">Abierto a candidatos internacionales<\/span><\/td>\n<\/tr>\n<tr>\n<td><span style=\"color: #000000;\"><strong>Documentos necesarios<\/strong><\/span><\/td>\n<td><span style=\"color: #000000;\">DNI, prueba de nacionalidad y documentos b\u00e1sicos<\/span><\/td>\n<\/tr>\n<tr>\n<td><span style=\"color: #000000;\"><strong>Formas de pago<\/strong><\/span><\/td>\n<td><span style=\"color: #000000;\">Bitcoin, USDT, Transferencia bancaria, Western Union, WorldRemit<\/span><\/td>\n<\/tr>\n<tr>\n<td><span style=\"color: #000000;\"><strong>Entrega<\/strong><\/span><\/td>\n<td><span style=\"color: #000000;\">Entrega segura en todo el mundo en 7-10 d\u00edas<\/span><\/td>\n<\/tr>\n<tr>\n<td><span style=\"color: #000000;\"><strong>Ayuda<\/strong><\/span><\/td>\n<td><span style=\"color: #000000;\">Asistencia al cliente 24 horas al d\u00eda, 7 d\u00edas a la semana<\/span><\/td>\n<\/tr>\n<\/tbody>\n<\/table>\n<h2><span style=\"color: #000000;\"><strong>C\u00f3mo comprar un pasaporte croata en l\u00ednea - Nuestro proceso en 4 pasos<\/strong><\/span><\/h2>\n<ol>\n<li><span style=\"color: #000000;\"><strong>Consulta inicial<\/strong>: P\u00f3ngase en contacto con nosotros para verificar la elegibilidad y discutir los requisitos.<\/span><\/li>\n<li><span style=\"color: #000000;\"><strong>Presentaci\u00f3n de documentos<\/strong>: Cargue los documentos necesarios a trav\u00e9s de nuestra plataforma segura y encriptada.<\/span><\/li>\n<li><span style=\"color: #000000;\"><strong>Finalizaci\u00f3n del pago<\/strong>: Elija entre opciones de pago flexibles, como <strong>Bitcoin<\/strong> y <strong>Transferencia bancaria<\/strong>.<\/span><\/li>\n<li><span style=\"color: #000000;\"><strong>Recibir el pasaporte<\/strong>: Entrega prevista en <strong>7-10 d\u00edas laborables<\/strong> a su direcci\u00f3n preferida.<\/span><\/li>\n<\/ol>\n<h2><span style=\"color: #000000;\"><strong>Ventajas exclusivas para los nuevos titulares de pasaportes croatas<\/strong><\/span><\/h2>\n<ul>\n<li><span style=\"color: #000000;\"><strong>Apoyo a la residencia y el traslado<\/strong>: Obtenga orientaci\u00f3n para establecerse en Croacia o en cualquier pa\u00eds de la UE de su elecci\u00f3n.<\/span><\/li>\n<li><span style=\"color: #000000;\"><strong>Preparaci\u00f3n y traducci\u00f3n de documentos<\/strong>: Asistencia con los documentos y traducciones necesarios, garantizando el pleno cumplimiento de las normas croatas.<\/span><\/li>\n<li><span style=\"color: #000000;\"><strong>Seguimiento de solicitudes 24\/7<\/strong>: Acceda al estado de la solicitud en tiempo real y a la asistencia de nuestro equipo especializado.<\/span><\/li>\n<\/ul>\n<h2><span style=\"color: #000000;\"><strong>Preguntas frecuentes<\/strong><\/span><\/h2>\n<p><span style=\"color: #000000;\"><strong>1. \u00bfEn cu\u00e1nto tiempo puedo obtener mi pasaporte croata?<\/strong><\/span><br \/>\n<span style=\"color: #000000;\">El plazo de tramitaci\u00f3n y entrega suele oscilar entre <strong>7-10 d\u00edas laborables<\/strong>.<\/span><\/p>\n<p><span style=\"color: #000000;\"><strong>2. \u00bfQu\u00e9 m\u00e9todos de pago se aceptan?<\/strong><\/span><br \/>\n<span style=\"color: #000000;\">Puede pagar con <strong>Bitcoin, USDT, transferencia bancaria, Western Union o WorldRemit<\/strong>.<\/span><\/p>\n<p><span style=\"color: #000000;\"><strong>3. \u00bfMis datos personales est\u00e1n seguros?<\/strong><\/span><br \/>\n<span style=\"color: #000000;\">S\u00ed, mantenemos estrictos protocolos de confidencialidad para garantizar que su informaci\u00f3n est\u00e1 a salvo y segura.<\/span><\/p>\n<p><span style=\"color: #000000;\"><strong>4. \u00bfPor qu\u00e9 elegir un pasaporte croata?<\/strong><\/span><br \/>\n<span style=\"color: #000000;\">El pasaporte croata ofrece residencia ilimitada en la UE, oportunidades de negocio y la posibilidad de viajar sin visado a un gran n\u00famero de pa\u00edses, lo que lo convierte en un valioso activo.<\/span><\/p>\n<h2><span style=\"color: #000000;\"><strong>Empiece hoy mismo a tramitar su pasaporte croata<\/strong><\/span><\/h2>\n<p><span style=\"color: #000000;\">Aproveche las ventajas de <strong>Ciudadan\u00eda europea<\/strong> con un pasaporte croata, desde viajes sin visado hasta derechos de residencia en toda la UE. Global Docs Solutions est\u00e1 aqu\u00ed para garantizar que su viaje hacia la ciudadan\u00eda croata sea seguro, fluido y sin contratiempos. <a href=\"https:\/\/globaldocs.store\/es\/contactanos\/\"><strong>P\u00f3ngase en contacto con nosotros<\/strong><\/a> para iniciar el proceso de solicitud y disfrutar de todas las libertades que conlleva un pasaporte croata.<\/span><\/p>","protected":false},"excerpt":{"rendered":"<p><span style=\"color: #000000;\">Obtenga su pasaporte croata en l\u00ednea con nuestro servicio de confianza. Disfrute de una tramitaci\u00f3n r\u00e1pida de la solicitud, transacciones seguras y opciones de viaje sin visado en la UE y fuera de ella.<\/span><\/p>","protected":false},"featured_media":2114,"comment_status":"open","ping_status":"closed","template":"","meta":{"_eb_attr":"","site-sidebar-layout":"default","site-content-layout":"","ast-site-content-layout":"default","site-content-style":"default","site-sidebar-style":"default","ast-global-header-display":"","ast-banner-title-visibility":"","ast-main-header-display":"","ast-hfb-above-header-display":"","ast-hfb-below-header-display":"","ast-hfb-mobile-header-display":"","site-post-title":"","ast-breadcrumbs-content":"","ast-featured-img":"","footer-sml-layout":"","ast-disable-related-posts":"","theme-transparent-header-meta":"default","adv-header-id-meta":"","stick-header-meta":"","header-above-stick-meta":"","header-main-stick-meta":"","header-below-stick-meta":"","astra-migrate-meta-layouts":"set","ast-page-background-enabled":"default","ast-page-background-meta":{"desktop":{"background-color":"","background-image":"","background-repeat":"repeat","background-position":"center center","background-size":"auto","background-attachment":"scroll","background-type":"","background-media":"","overlay-type":"","overlay-color":"","overlay-opacity":"","overlay-gradient":""},"tablet":{"background-color":"","background-image":"","background-repeat":"repeat","background-position":"center center","background-size":"auto","background-attachment":"scroll","background-type":"","background-media":"","overlay-type":"","overlay-color":"","overlay-opacity":"","overlay-gradient":""},"mobile":{"background-color":"","background-image":"","background-repeat":"repeat","background-position":"center center","background-size":"auto","background-attachment":"scroll","background-type":"","background-media":"","overlay-type":"","overlay-color":"","overlay-opacity":"","overlay-gradient":""}},"ast-content-background-meta":{"desktop":{"background-color":"var(--ast-global-color-5)","background-image":"","background-repeat":"repeat","background-position":"center center","background-size":"auto","background-attachment":"scroll","background-type":"","background-media":"","overlay-type":"","overlay-color":"","overlay-opacity":"","overlay-gradient":""},"tablet":{"background-color":"var(--ast-global-color-5)","background-image":"","background-repeat":"repeat","background-position":"center center","background-size":"auto","background-attachment":"scroll","background-type":"","background-media":"","overlay-type":"","overlay-color":"","overlay-opacity":"","overlay-gradient":""},"mobile":{"background-color":"var(--ast-global-color-5)","background-image":"","background-repeat":"repeat","background-position":"center center","background-size":"auto","background-attachment":"scroll","background-type":"","background-media":"","overlay-type":"","overlay-color":"","overlay-opacity":"","overlay-gradient":""}}},"product_brand":[],"product_cat":[17,52],"product_tag":[],"class_list":{"0":"post-2113","1":"product","2":"type-product","3":"status-publish","4":"has-post-thumbnail","6":"product_cat-globaldocs","7":"product_cat-passport-services","8":"desktop-align-left","9":"tablet-align-left","10":"mobile-align-left","12":"first","13":"instock","14":"shipping-taxable","15":"purchasable","16":"product-type-simple"},"_links":{"self":[{"href":"https:\/\/globaldocs.store\/es\/wp-json\/wp\/v2\/product\/2113","targetHints":{"allow":["GET"]}}],"collection":[{"href":"https:\/\/globaldocs.store\/es\/wp-json\/wp\/v2\/product"}],"about":[{"href":"https:\/\/globaldocs.store\/es\/wp-json\/wp\/v2\/types\/product"}],"replies":[{"embeddable":true,"href":"https:\/\/globaldocs.store\/es\/wp-json\/wp\/v2\/comments?post=2113"}],"version-history":[{"count":2,"href":"https:\/\/globaldocs.store\/es\/wp-json\/wp\/v2\/product\/2113\/revisions"}],"predecessor-version":[{"id":2117,"href":"https:\/\/globaldocs.store\/es\/wp-json\/wp\/v2\/product\/2113\/revisions\/2117"}],"wp:featuredmedia":[{"embeddable":true,"href":"https:\/\/globaldocs.store\/es\/wp-json\/wp\/v2\/media\/2114"}],"wp:attachment":[{"href":"https:\/\/globaldocs.store\/es\/wp-json\/wp\/v2\/media?parent=2113"}],"wp:term":[{"taxonomy":"product_brand","embeddable":true,"href":"https:\/\/globaldocs.store\/es\/wp-json\/wp\/v2\/product_brand?post=2113"},{"taxonomy":"product_cat","embeddable":true,"href":"https:\/\/globaldocs.store\/es\/wp-json\/wp\/v2\/product_cat?post=2113"},{"taxonomy":"product_tag","embeddable":true,"href":"https:\/\/globaldocs.store\/es\/wp-json\/wp\/v2\/product_tag?post=2113"}],"curies":[{"name":"wp","href":"https:\/\/api.w.org\/{rel}","templated":true}]}}