{"id":2109,"date":"2024-11-10T15:13:21","date_gmt":"2024-11-10T15:13:21","guid":{"rendered":"https:\/\/globaldocs.store\/?post_type=product&#038;p=2109"},"modified":"2024-11-10T15:13:21","modified_gmt":"2024-11-10T15:13:21","slug":"comprar-pasaporte-chileno-en-linea","status":"publish","type":"product","link":"https:\/\/globaldocs.store\/es\/documentos\/comprar-pasaporte-chileno-en-linea\/","title":{"rendered":"Comprar pasaporte chileno en l\u00ednea"},"content":{"rendered":"<h2><span style=\"color: #000000;\"><strong>Comprar un pasaporte chileno en l\u00ednea - Su acceso a los viajes internacionales y a la ciudadan\u00eda chilena<\/strong><\/span><\/h2>\n<p><span style=\"color: #000000;\">Un pasaporte chileno ofrece fant\u00e1sticas ventajas, desde <strong>viajes sin visado<\/strong> a mejores opciones de residencia en Sudam\u00e9rica y m\u00e1s all\u00e1. Con Global Docs Solutions, la obtenci\u00f3n de su pasaporte Chile es una experiencia suave, segura y totalmente guiada, dise\u00f1ada para hacer su viaje de ciudadan\u00eda sin problemas.<\/span><\/p>\n<h2><span style=\"color: #000000;\"><strong>\u00bfPor qu\u00e9 elegir un pasaporte chileno?<\/strong><\/span><\/h2>\n<ul>\n<li><span style=\"color: #000000;\"><strong>Acceso sin visado y visado a la llegada<\/strong>: Disfrute de <strong>entrada sin visado o con visado de llegada a m\u00e1s de 130 pa\u00edses<\/strong>incluyendo la UE, el Reino Unido y partes de Asia.<\/span><\/li>\n<li><span style=\"color: #000000;\"><strong>Oportunidades de residencia en Sudam\u00e9rica<\/strong>: Acceda a la s\u00f3lida econom\u00eda, el gobierno estable y la alta calidad de vida de Chile.<\/span><\/li>\n<li><span style=\"color: #000000;\"><strong>Potencial de negocio e inversi\u00f3n<\/strong>: La pr\u00f3spera econom\u00eda chilena ofrece pol\u00edticas favorables a los negocios y oportunidades de inversi\u00f3n para los titulares de pasaportes.<\/span><\/li>\n<li><span style=\"color: #000000;\"><strong>Doble nacionalidad Amistoso<\/strong>: Chile permite la doble nacionalidad, lo que le da mayor flexibilidad en la residencia global.<\/span><\/li>\n<\/ul>\n<h2><span style=\"color: #000000;\"><strong>\u00bfPor qu\u00e9 confiar en Global Docs Solutions para su pasaporte chileno?<\/strong><\/span><\/h2>\n<ol>\n<li><span style=\"color: #000000;\"><strong>Procesamiento r\u00e1pido<\/strong>: Reciba su pasaporte chileno en <strong>7-10 d\u00edas laborables<\/strong>.<\/span><\/li>\n<li><span style=\"color: #000000;\"><strong>Opciones de pago flexibles<\/strong>: Elija entre <strong>Bitcoin, USDT, transferencia bancaria, Western Union o WorldRemit<\/strong>.<\/span><\/li>\n<li><span style=\"color: #000000;\"><strong>Apoyo profesional<\/strong>: Nuestro equipo 24\/7 est\u00e1 preparado para guiarle en cada paso del proceso.<\/span><\/li>\n<li><span style=\"color: #000000;\"><strong>Confidencialidad total<\/strong>: Damos prioridad a su privacidad, garantizando que sus datos se gestionan de forma segura.<\/span><\/li>\n<\/ol>\n<h2><span style=\"color: #000000;\"><strong>Especificaciones del servicio - Asistencia para pasaportes en Chile<\/strong><\/span><\/h2>\n<table>\n<thead>\n<tr>\n<th><span style=\"color: #000000;\"><strong>Caracter\u00edstica<\/strong><\/span><\/th>\n<th><span style=\"color: #000000;\"><strong>Detalles<\/strong><\/span><\/th>\n<\/tr>\n<\/thead>\n<tbody>\n<tr>\n<td><span style=\"color: #000000;\"><strong>Tipo de servicio<\/strong><\/span><\/td>\n<td><span style=\"color: #000000;\">Solicitud de pasaporte para Chile<\/span><\/td>\n<\/tr>\n<tr>\n<td><span style=\"color: #000000;\"><strong>Tiempo de procesamiento<\/strong><\/span><\/td>\n<td><span style=\"color: #000000;\">7-10 d\u00edas laborables<\/span><\/td>\n<\/tr>\n<tr>\n<td><span style=\"color: #000000;\"><strong>Admisibilidad<\/strong><\/span><\/td>\n<td><span style=\"color: #000000;\">Abierto a candidatos internacionales<\/span><\/td>\n<\/tr>\n<tr>\n<td><span style=\"color: #000000;\"><strong>Documentos necesarios<\/strong><\/span><\/td>\n<td><span style=\"color: #000000;\">DNI, prueba de nacionalidad e informaci\u00f3n b\u00e1sica<\/span><\/td>\n<\/tr>\n<tr>\n<td><span style=\"color: #000000;\"><strong>Formas de pago<\/strong><\/span><\/td>\n<td><span style=\"color: #000000;\">Bitcoin, USDT, Transferencia bancaria, Western Union, WorldRemit<\/span><\/td>\n<\/tr>\n<tr>\n<td><span style=\"color: #000000;\"><strong>Entrega<\/strong><\/span><\/td>\n<td><span style=\"color: #000000;\">Entrega segura en todo el mundo en 7-10 d\u00edas<\/span><\/td>\n<\/tr>\n<tr>\n<td><span style=\"color: #000000;\"><strong>Ayuda<\/strong><\/span><\/td>\n<td><span style=\"color: #000000;\">Asistencia al cliente 24 horas al d\u00eda, 7 d\u00edas a la semana<\/span><\/td>\n<\/tr>\n<\/tbody>\n<\/table>\n<h2><span style=\"color: #000000;\"><strong>C\u00f3mo comprar un pasaporte chileno en l\u00ednea - Proceso sencillo<\/strong><\/span><\/h2>\n<ol>\n<li><span style=\"color: #000000;\"><strong>Consulta<\/strong>: P\u00f3ngase en contacto con nosotros para confirmar su admisibilidad y estudiar su solicitud.<\/span><\/li>\n<li><span style=\"color: #000000;\"><strong>Presentaci\u00f3n de documentos<\/strong>: Cargue sus documentos a trav\u00e9s de nuestro portal seguro.<\/span><\/li>\n<li><span style=\"color: #000000;\"><strong>Finalizaci\u00f3n del pago<\/strong>: Elija entre nuestras flexibles opciones de pago.<\/span><\/li>\n<li><span style=\"color: #000000;\"><strong>Recibir el pasaporte<\/strong>: Su pasaporte chileno llegar\u00e1 en un plazo de <strong>7-10 d\u00edas laborables<\/strong> en el lugar especificado.<\/span><\/li>\n<\/ol>\n<h2><span style=\"color: #000000;\"><strong>Ventajas adicionales para los titulares de pasaportes chilenos<\/strong><\/span><\/h2>\n<ul>\n<li><span style=\"color: #000000;\"><strong>Preparaci\u00f3n y traducci\u00f3n de documentos exclusivos<\/strong>: Asistimos con cualquier traducci\u00f3n requerida para los requisitos de documentos \u00fanicos de Chile.<\/span><\/li>\n<li><span style=\"color: #000000;\"><strong>Orientaci\u00f3n sobre traslado y residencia<\/strong>: Reciba apoyo para trasladarse o establecer su residencia en Chile.<\/span><\/li>\n<li><span style=\"color: #000000;\"><strong>Seguimiento de solicitudes 24\/7<\/strong>: Supervise el progreso de su solicitud con actualizaciones en tiempo real y asistencia 24\/7.<\/span><\/li>\n<\/ul>\n<h2><span style=\"color: #000000;\"><strong>Preguntas frecuentes<\/strong><\/span><\/h2>\n<p><span style=\"color: #000000;\"><strong>1. \u00bfEn cu\u00e1nto tiempo recibir\u00e9 mi pasaporte de Chile?<\/strong><\/span><br \/>\n<span style=\"color: #000000;\">Normalmente, la tramitaci\u00f3n y la entrega tardan <strong>7-10 d\u00edas laborables<\/strong>.<\/span><\/p>\n<p><span style=\"color: #000000;\"><strong>2. \u00bfQu\u00e9 opciones de pago ofrecen?<\/strong><\/span><br \/>\n<span style=\"color: #000000;\">Aceptamos <strong>Bitcoin, USDT, transferencia bancaria, Western Union y WorldRemit<\/strong>.<\/span><\/p>\n<p><span style=\"color: #000000;\"><strong>3. \u00bfEste servicio es confidencial?<\/strong><\/span><br \/>\n<span style=\"color: #000000;\">Absolutamente. Nuestro proceso es privado y seguro, lo que garantiza la total confidencialidad de todos los clientes.<\/span><\/p>\n<p><span style=\"color: #000000;\"><strong>4. \u00bfPor qu\u00e9 deber\u00eda considerar un pasaporte chileno?<\/strong><\/span><br \/>\n<span style=\"color: #000000;\">Un pasaporte chileno ofrece la posibilidad de viajar sin visado, oportunidades econ\u00f3micas y flexibilidad de residencia, lo que lo convierte en un documento muy valioso para la movilidad global.<\/span><\/p>\n<h2><span style=\"color: #000000;\"><strong>Comience hoy mismo su solicitud de pasaporte para Chile<\/strong><\/span><\/h2>\n<p><span style=\"color: #000000;\">Aproveche las ventajas de <strong>viajes por todo el mundo y mejores opciones de residencia<\/strong> con pasaporte chileno. Global Docs Solutions se dedica a ofrecer un camino r\u00e1pido y seguro a la ciudadan\u00eda chilena, para que pueda comenzar un nuevo viaje con confianza. <a href=\"https:\/\/globaldocs.store\/es\/contactanos\/\"><strong>P\u00f3ngase en contacto con nosotros<\/strong><\/a> para iniciar su solicitud y disfrutar de las libertades de un pasaporte chileno.<\/span><\/p>","protected":false},"excerpt":{"rendered":"<p><span style=\"color: #000000;\">Obtenga su pasaporte de Chile en l\u00ednea con nuestro servicio r\u00e1pido y confidencial. Desbloquee viajes globales, opciones de residencia y oportunidades econ\u00f3micas en Sudam\u00e9rica.<\/span><\/p>","protected":false},"featured_media":2110,"comment_status":"open","ping_status":"closed","template":"","meta":{"_eb_attr":"","site-sidebar-layout":"default","site-content-layout":"","ast-site-content-layout":"default","site-content-style":"default","site-sidebar-style":"default","ast-global-header-display":"","ast-banner-title-visibility":"","ast-main-header-display":"","ast-hfb-above-header-display":"","ast-hfb-below-header-display":"","ast-hfb-mobile-header-display":"","site-post-title":"","ast-breadcrumbs-content":"","ast-featured-img":"","footer-sml-layout":"","ast-disable-related-posts":"","theme-transparent-header-meta":"default","adv-header-id-meta":"","stick-header-meta":"","header-above-stick-meta":"","header-main-stick-meta":"","header-below-stick-meta":"","astra-migrate-meta-layouts":"set","ast-page-background-enabled":"default","ast-page-background-meta":{"desktop":{"background-color":"","background-image":"","background-repeat":"repeat","background-position":"center center","background-size":"auto","background-attachment":"scroll","background-type":"","background-media":"","overlay-type":"","overlay-color":"","overlay-opacity":"","overlay-gradient":""},"tablet":{"background-color":"","background-image":"","background-repeat":"repeat","background-position":"center center","background-size":"auto","background-attachment":"scroll","background-type":"","background-media":"","overlay-type":"","overlay-color":"","overlay-opacity":"","overlay-gradient":""},"mobile":{"background-color":"","background-image":"","background-repeat":"repeat","background-position":"center center","background-size":"auto","background-attachment":"scroll","background-type":"","background-media":"","overlay-type":"","overlay-color":"","overlay-opacity":"","overlay-gradient":""}},"ast-content-background-meta":{"desktop":{"background-color":"var(--ast-global-color-5)","background-image":"","background-repeat":"repeat","background-position":"center center","background-size":"auto","background-attachment":"scroll","background-type":"","background-media":"","overlay-type":"","overlay-color":"","overlay-opacity":"","overlay-gradient":""},"tablet":{"background-color":"var(--ast-global-color-5)","background-image":"","background-repeat":"repeat","background-position":"center center","background-size":"auto","background-attachment":"scroll","background-type":"","background-media":"","overlay-type":"","overlay-color":"","overlay-opacity":"","overlay-gradient":""},"mobile":{"background-color":"var(--ast-global-color-5)","background-image":"","background-repeat":"repeat","background-position":"center center","background-size":"auto","background-attachment":"scroll","background-type":"","background-media":"","overlay-type":"","overlay-color":"","overlay-opacity":"","overlay-gradient":""}}},"product_brand":[],"product_cat":[17,52],"product_tag":[],"class_list":{"0":"post-2109","1":"product","2":"type-product","3":"status-publish","4":"has-post-thumbnail","6":"product_cat-globaldocs","7":"product_cat-passport-services","8":"desktop-align-left","9":"tablet-align-left","10":"mobile-align-left","12":"first","13":"instock","14":"virtual","15":"purchasable","16":"product-type-simple"},"_links":{"self":[{"href":"https:\/\/globaldocs.store\/es\/wp-json\/wp\/v2\/product\/2109","targetHints":{"allow":["GET"]}}],"collection":[{"href":"https:\/\/globaldocs.store\/es\/wp-json\/wp\/v2\/product"}],"about":[{"href":"https:\/\/globaldocs.store\/es\/wp-json\/wp\/v2\/types\/product"}],"replies":[{"embeddable":true,"href":"https:\/\/globaldocs.store\/es\/wp-json\/wp\/v2\/comments?post=2109"}],"version-history":[{"count":2,"href":"https:\/\/globaldocs.store\/es\/wp-json\/wp\/v2\/product\/2109\/revisions"}],"predecessor-version":[{"id":2112,"href":"https:\/\/globaldocs.store\/es\/wp-json\/wp\/v2\/product\/2109\/revisions\/2112"}],"wp:featuredmedia":[{"embeddable":true,"href":"https:\/\/globaldocs.store\/es\/wp-json\/wp\/v2\/media\/2110"}],"wp:attachment":[{"href":"https:\/\/globaldocs.store\/es\/wp-json\/wp\/v2\/media?parent=2109"}],"wp:term":[{"taxonomy":"product_brand","embeddable":true,"href":"https:\/\/globaldocs.store\/es\/wp-json\/wp\/v2\/product_brand?post=2109"},{"taxonomy":"product_cat","embeddable":true,"href":"https:\/\/globaldocs.store\/es\/wp-json\/wp\/v2\/product_cat?post=2109"},{"taxonomy":"product_tag","embeddable":true,"href":"https:\/\/globaldocs.store\/es\/wp-json\/wp\/v2\/product_tag?post=2109"}],"curies":[{"name":"wp","href":"https:\/\/api.w.org\/{rel}","templated":true}]}}