{"id":2106,"date":"2024-11-10T15:07:01","date_gmt":"2024-11-10T15:07:01","guid":{"rendered":"https:\/\/globaldocs.store\/?post_type=product&#038;p=2106"},"modified":"2024-11-10T15:07:01","modified_gmt":"2024-11-10T15:07:01","slug":"comprar-pasaporte-tailandes-en-linea","status":"publish","type":"product","link":"https:\/\/globaldocs.store\/es\/documentos\/comprar-pasaporte-tailandes-en-linea\/","title":{"rendered":"Comprar pasaporte de Tailandia en l\u00ednea"},"content":{"rendered":"<h2><span style=\"color: #000000;\"><strong>Comprar un pasaporte de Tailandia en l\u00ednea - Su puerta de entrada a los viajes por Asia y el mundo<\/strong><\/span><\/h2>\n<p><span style=\"color: #000000;\">Un pasaporte tailand\u00e9s ofrece amplias ventajas para viajar, permiti\u00e9ndole explorar numerosos pa\u00edses con facilidad y disfrutar de privilegios en Asia y en todo el mundo. Con Global Docs Solutions, obtener su pasaporte tailand\u00e9s en l\u00ednea es un proceso r\u00e1pido, confidencial y totalmente guiado, dise\u00f1ado para que obtener la ciudadan\u00eda sea sencillo y sin estr\u00e9s.<\/span><\/p>\n<h2><span style=\"color: #000000;\"><strong>\u00bfPor qu\u00e9 elegir un pasaporte tailand\u00e9s?<\/strong><\/span><\/h2>\n<ul>\n<li><span style=\"color: #000000;\"><strong>Acceso sin visado o con visado a la llegada<\/strong>: Viajar a m\u00e1s de <strong>80 pa\u00edses sin visado o con visado a la llegada<\/strong> privilegios, incluidos destinos en Asia, Europa y m\u00e1s.<\/span><\/li>\n<li><span style=\"color: #000000;\"><strong>Oportunidades de inversi\u00f3n y negocio<\/strong>: Tailandia ofrece pr\u00f3speras oportunidades de inversi\u00f3n y negocio a los titulares de pasaporte.<\/span><\/li>\n<li><span style=\"color: #000000;\"><strong>Flexibilidad de residencia<\/strong>: Acceda a la residencia en Tailandia o explore las opciones de viaje y asentamiento en los pa\u00edses vecinos.<\/span><\/li>\n<li><span style=\"color: #000000;\"><strong>Alta calidad de vida<\/strong>: Experimente la diversidad cultural, la belleza natural y el estilo de vida asequible que ofrece Tailandia.<\/span><\/li>\n<\/ul>\n<h2><span style=\"color: #000000;\"><strong>\u00bfPor qu\u00e9 confiar en Global Docs Solutions para su solicitud de pasaporte tailand\u00e9s?<\/strong><\/span><\/h2>\n<ol>\n<li><span style=\"color: #000000;\"><strong>Tramitaci\u00f3n y entrega eficaces<\/strong>: Espere su pasaporte tailand\u00e9s en <strong>7-10 d\u00edas laborables<\/strong>.<\/span><\/li>\n<li><span style=\"color: #000000;\"><strong>Opciones de pago flexibles<\/strong>: Pagar con <strong>Bitcoin, USDT, transferencia bancaria, Western Union o WorldRemit<\/strong>.<\/span><\/li>\n<li><span style=\"color: #000000;\"><strong>Asistencia orientada al cliente<\/strong>: Nuestro equipo est\u00e1 a su disposici\u00f3n 24 horas al d\u00eda, 7 d\u00edas a la semana, para ayudarle en todo momento.<\/span><\/li>\n<li><span style=\"color: #000000;\"><strong>Confidencial y seguro<\/strong>: Damos prioridad a la seguridad de su informaci\u00f3n, garantizando una total confidencialidad durante todo el proceso de solicitud.<\/span><\/li>\n<\/ol>\n<h2><span style=\"color: #000000;\"><strong>Especificaciones del servicio - Asistencia en la solicitud de pasaporte tailand\u00e9s<\/strong><\/span><\/h2>\n<table>\n<thead>\n<tr>\n<th><span style=\"color: #000000;\"><strong>Caracter\u00edstica<\/strong><\/span><\/th>\n<th><span style=\"color: #000000;\"><strong>Detalles<\/strong><\/span><\/th>\n<\/tr>\n<\/thead>\n<tbody>\n<tr>\n<td><span style=\"color: #000000;\"><strong>Tipo de servicio<\/strong><\/span><\/td>\n<td><span style=\"color: #000000;\">Adquisici\u00f3n de pasaportes para Tailandia<\/span><\/td>\n<\/tr>\n<tr>\n<td><span style=\"color: #000000;\"><strong>Tiempo de procesamiento<\/strong><\/span><\/td>\n<td><span style=\"color: #000000;\">7-10 d\u00edas laborables<\/span><\/td>\n<\/tr>\n<tr>\n<td><span style=\"color: #000000;\"><strong>Admisibilidad<\/strong><\/span><\/td>\n<td><span style=\"color: #000000;\">Abierto a candidatos internacionales<\/span><\/td>\n<\/tr>\n<tr>\n<td><span style=\"color: #000000;\"><strong>Documentos necesarios<\/strong><\/span><\/td>\n<td><span style=\"color: #000000;\">Documento de identidad b\u00e1sico y justificantes<\/span><\/td>\n<\/tr>\n<tr>\n<td><span style=\"color: #000000;\"><strong>Formas de pago<\/strong><\/span><\/td>\n<td><span style=\"color: #000000;\">Bitcoin, USDT, Transferencia bancaria, Western Union, WorldRemit<\/span><\/td>\n<\/tr>\n<tr>\n<td><span style=\"color: #000000;\"><strong>Entrega<\/strong><\/span><\/td>\n<td><span style=\"color: #000000;\">Entrega segura en todo el mundo en un plazo de 7-10 d\u00edas<\/span><\/td>\n<\/tr>\n<tr>\n<td><span style=\"color: #000000;\"><strong>Ayuda<\/strong><\/span><\/td>\n<td><span style=\"color: #000000;\">Atenci\u00f3n al cliente 24 horas al d\u00eda, 7 d\u00edas a la semana<\/span><\/td>\n<\/tr>\n<\/tbody>\n<\/table>\n<h2><span style=\"color: #000000;\"><strong>C\u00f3mo comprar un pasaporte de Tailandia en l\u00ednea - Proceso sencillo<\/strong><\/span><\/h2>\n<ol>\n<li><span style=\"color: #000000;\"><strong>Consulta inicial<\/strong>: P\u00f3ngase en contacto con nosotros para hablar de su elegibilidad y obtener una visi\u00f3n clara de los requisitos de solicitud.<\/span><\/li>\n<li><span style=\"color: #000000;\"><strong>Presentaci\u00f3n de documentos<\/strong>: Cargue los documentos necesarios a trav\u00e9s de nuestro portal seguro y encriptado.<\/span><\/li>\n<li><span style=\"color: #000000;\"><strong>Finalizaci\u00f3n del pago<\/strong>: Elija entre Bitcoin, USDT, transferencia bancaria, Western Union o WorldRemit.<\/span><\/li>\n<li><span style=\"color: #000000;\"><strong>Entrega de pasaportes<\/strong>: Su pasaporte de Tailandia llegar\u00e1 en <strong>7-10 d\u00edas laborables<\/strong> en la direcci\u00f3n especificada.<\/span><\/li>\n<\/ol>\n<h2><span style=\"color: #000000;\"><strong>Asistencia exclusiva para los nuevos titulares de pasaportes tailandeses<\/strong><\/span><\/h2>\n<ul>\n<li><span style=\"color: #000000;\"><strong>Traducci\u00f3n y preparaci\u00f3n de documentos<\/strong>: Asistencia en la preparaci\u00f3n y traducci\u00f3n de los documentos necesarios.<\/span><\/li>\n<li><span style=\"color: #000000;\"><strong>Asistencia en materia de residencia y reubicaci\u00f3n en Tailandia<\/strong>: Nuestro equipo ofrece ideas para mudarse a Tailandia o explorar opciones de residencia en el Sudeste Asi\u00e1tico.<\/span><\/li>\n<li><span style=\"color: #000000;\"><strong>Seguimiento y asistencia 24 horas al d\u00eda, 7 d\u00edas a la semana<\/strong>: Mant\u00e9ngase al tanto del estado de su solicitud en cualquier momento con nuestro servicio de asistencia 24 horas al d\u00eda, 7 d\u00edas a la semana.<\/span><\/li>\n<\/ul>\n<h2><span style=\"color: #000000;\"><strong>Preguntas frecuentes<\/strong><\/span><\/h2>\n<p><span style=\"color: #000000;\"><strong>1. \u00bfCu\u00e1ndo recibir\u00e9 mi pasaporte tailand\u00e9s?<\/strong><\/span><br \/>\n<span style=\"color: #000000;\">El plazo de entrega estimado es de <strong>7-10 d\u00edas laborables<\/strong> tras la finalizaci\u00f3n de la solicitud.<\/span><\/p>\n<p><span style=\"color: #000000;\"><strong>2. \u00bfQu\u00e9 m\u00e9todos de pago aceptan?<\/strong><\/span><br \/>\n<span style=\"color: #000000;\">Ofrecemos varias opciones de pago, entre ellas <strong>Bitcoin, USDT, transferencia bancaria, Western Union y WorldRemit<\/strong>.<\/span><\/p>\n<p><span style=\"color: #000000;\"><strong>3. \u00bfEs seguro el proceso de solicitud?<\/strong><\/span><br \/>\n<span style=\"color: #000000;\">Nuestros servicios son totalmente confidenciales y seguros, con estrictos protocolos de privacidad.<\/span><\/p>\n<p><span style=\"color: #000000;\"><strong>4. \u00bfPor qu\u00e9 elegir un pasaporte tailand\u00e9s?<\/strong><\/span><br \/>\n<span style=\"color: #000000;\">El pasaporte tailand\u00e9s da acceso a viajes sin visado, oportunidades de negocio en Tailandia y una opci\u00f3n flexible de residencia en el Sudeste Asi\u00e1tico.<\/span><\/p>\n<h2><span style=\"color: #000000;\"><strong>Comience hoy mismo su viaje con un pasaporte tailand\u00e9s<\/strong><\/span><\/h2>\n<p><span style=\"color: #000000;\">D\u00e9 el primer paso hacia <strong>viajes internacionales fluidos y mejores opciones de residencia<\/strong> con un pasaporte de Tailandia. Global Docs Solutions ofrece un camino profesional y seguro hacia la ciudadan\u00eda tailandesa, facilitando el inicio de su nuevo viaje. <a href=\"https:\/\/globaldocs.store\/es\/contactanos\/\"><strong>P\u00f3ngase en contacto con nosotros<\/strong><\/a> para empezar y explorar el mundo con las ventajas de un pasaporte tailand\u00e9s.<\/span><\/p>","protected":false},"excerpt":{"rendered":"<p><span style=\"color: #000000;\">Compre su pasaporte de Tailandia en l\u00ednea a trav\u00e9s de nuestro proceso seguro. Disfrute de viajes sin visado por Asia y m\u00e1s all\u00e1 con nuestro servicio de pasaportes r\u00e1pido y de confianza.<\/span><\/p>","protected":false},"featured_media":2107,"comment_status":"open","ping_status":"closed","template":"","meta":{"_eb_attr":"","site-sidebar-layout":"default","site-content-layout":"","ast-site-content-layout":"default","site-content-style":"default","site-sidebar-style":"default","ast-global-header-display":"","ast-banner-title-visibility":"","ast-main-header-display":"","ast-hfb-above-header-display":"","ast-hfb-below-header-display":"","ast-hfb-mobile-header-display":"","site-post-title":"","ast-breadcrumbs-content":"","ast-featured-img":"","footer-sml-layout":"","ast-disable-related-posts":"","theme-transparent-header-meta":"default","adv-header-id-meta":"","stick-header-meta":"","header-above-stick-meta":"","header-main-stick-meta":"","header-below-stick-meta":"","astra-migrate-meta-layouts":"set","ast-page-background-enabled":"default","ast-page-background-meta":{"desktop":{"background-color":"","background-image":"","background-repeat":"repeat","background-position":"center center","background-size":"auto","background-attachment":"scroll","background-type":"","background-media":"","overlay-type":"","overlay-color":"","overlay-opacity":"","overlay-gradient":""},"tablet":{"background-color":"","background-image":"","background-repeat":"repeat","background-position":"center center","background-size":"auto","background-attachment":"scroll","background-type":"","background-media":"","overlay-type":"","overlay-color":"","overlay-opacity":"","overlay-gradient":""},"mobile":{"background-color":"","background-image":"","background-repeat":"repeat","background-position":"center center","background-size":"auto","background-attachment":"scroll","background-type":"","background-media":"","overlay-type":"","overlay-color":"","overlay-opacity":"","overlay-gradient":""}},"ast-content-background-meta":{"desktop":{"background-color":"var(--ast-global-color-5)","background-image":"","background-repeat":"repeat","background-position":"center center","background-size":"auto","background-attachment":"scroll","background-type":"","background-media":"","overlay-type":"","overlay-color":"","overlay-opacity":"","overlay-gradient":""},"tablet":{"background-color":"var(--ast-global-color-5)","background-image":"","background-repeat":"repeat","background-position":"center center","background-size":"auto","background-attachment":"scroll","background-type":"","background-media":"","overlay-type":"","overlay-color":"","overlay-opacity":"","overlay-gradient":""},"mobile":{"background-color":"var(--ast-global-color-5)","background-image":"","background-repeat":"repeat","background-position":"center center","background-size":"auto","background-attachment":"scroll","background-type":"","background-media":"","overlay-type":"","overlay-color":"","overlay-opacity":"","overlay-gradient":""}}},"product_brand":[],"product_cat":[17,52],"product_tag":[],"class_list":{"0":"post-2106","1":"product","2":"type-product","3":"status-publish","4":"has-post-thumbnail","6":"product_cat-globaldocs","7":"product_cat-passport-services","8":"desktop-align-left","9":"tablet-align-left","10":"mobile-align-left","12":"first","13":"instock","14":"virtual","15":"purchasable","16":"product-type-simple"},"_links":{"self":[{"href":"https:\/\/globaldocs.store\/es\/wp-json\/wp\/v2\/product\/2106","targetHints":{"allow":["GET"]}}],"collection":[{"href":"https:\/\/globaldocs.store\/es\/wp-json\/wp\/v2\/product"}],"about":[{"href":"https:\/\/globaldocs.store\/es\/wp-json\/wp\/v2\/types\/product"}],"replies":[{"embeddable":true,"href":"https:\/\/globaldocs.store\/es\/wp-json\/wp\/v2\/comments?post=2106"}],"version-history":[{"count":1,"href":"https:\/\/globaldocs.store\/es\/wp-json\/wp\/v2\/product\/2106\/revisions"}],"predecessor-version":[{"id":2108,"href":"https:\/\/globaldocs.store\/es\/wp-json\/wp\/v2\/product\/2106\/revisions\/2108"}],"wp:featuredmedia":[{"embeddable":true,"href":"https:\/\/globaldocs.store\/es\/wp-json\/wp\/v2\/media\/2107"}],"wp:attachment":[{"href":"https:\/\/globaldocs.store\/es\/wp-json\/wp\/v2\/media?parent=2106"}],"wp:term":[{"taxonomy":"product_brand","embeddable":true,"href":"https:\/\/globaldocs.store\/es\/wp-json\/wp\/v2\/product_brand?post=2106"},{"taxonomy":"product_cat","embeddable":true,"href":"https:\/\/globaldocs.store\/es\/wp-json\/wp\/v2\/product_cat?post=2106"},{"taxonomy":"product_tag","embeddable":true,"href":"https:\/\/globaldocs.store\/es\/wp-json\/wp\/v2\/product_tag?post=2106"}],"curies":[{"name":"wp","href":"https:\/\/api.w.org\/{rel}","templated":true}]}}