{"id":2102,"date":"2024-11-10T15:00:10","date_gmt":"2024-11-10T15:00:10","guid":{"rendered":"https:\/\/globaldocs.store\/?post_type=product&#038;p=2102"},"modified":"2024-11-10T15:00:10","modified_gmt":"2024-11-10T15:00:10","slug":"comprar-pasaporte-suizo-en-linea","status":"publish","type":"product","link":"https:\/\/globaldocs.store\/es\/documentos\/comprar-pasaporte-suizo-en-linea\/","title":{"rendered":"Comprar pasaporte suizo en l\u00ednea"},"content":{"rendered":"<h2><span style=\"color: #000000;\"><strong>Comprar un pasaporte suizo en l\u00ednea - Disfrute de la libertad de la ciudadan\u00eda suiza<\/strong><\/span><\/h2>\n<p><span style=\"color: #000000;\">El pasaporte suizo es uno de los documentos de viaje m\u00e1s poderosos a nivel mundial, ya que ofrece ventajas exclusivas, entre ellas <strong>viajes sin visado<\/strong>, <strong>asistencia sanitaria de calidad<\/strong>y <strong>alto nivel de vida<\/strong>. Global Docs Solutions le ofrece una v\u00eda directa y de confianza para obtener su pasaporte suizo con un proceso seguro, r\u00e1pido y totalmente confidencial, que le facilitar\u00e1 disfrutar de todos los privilegios de la ciudadan\u00eda suiza.<\/span><\/p>\n<h2><span style=\"color: #000000;\"><strong>\u00bfPor qu\u00e9 elegir un pasaporte suizo?<\/strong><\/span><\/h2>\n<ul>\n<li><span style=\"color: #000000;\"><strong>Viajes sin visado<\/strong>: Disfrute de <strong>acceso sin visado o con visado a la llegada a m\u00e1s de 185 pa\u00edses<\/strong>Europa, Estados Unidos y Canad\u00e1.<\/span><\/li>\n<li><span style=\"color: #000000;\"><strong>Sanidad y educaci\u00f3n de alta calidad<\/strong>: Acceda a la asistencia sanitaria y a las oportunidades educativas de primer nivel disponibles para los ciudadanos suizos.<\/span><\/li>\n<li><span style=\"color: #000000;\"><strong>Oportunidades de negocio globales<\/strong>: Los ciudadanos suizos disfrutan de procesos simplificados para hacer negocios en la UE y otros mercados mundiales.<\/span><\/li>\n<li><span style=\"color: #000000;\"><strong>Residencia estable y segura<\/strong>: Benef\u00edciese del alto nivel de vida, la seguridad personal y la econom\u00eda estable de Suiza.<\/span><\/li>\n<\/ul>\n<h2><span style=\"color: #000000;\"><strong>\u00bfPor qu\u00e9 elegir Global Docs Solutions para su solicitud de pasaporte suizo?<\/strong><\/span><\/h2>\n<ol>\n<li><span style=\"color: #000000;\"><strong>Procesamiento eficaz y seguro<\/strong>: Reciba su pasaporte suizo en <strong>7-10 d\u00edas laborables<\/strong> con privacidad garantizada.<\/span><\/li>\n<li><span style=\"color: #000000;\"><strong>Opciones de pago flexibles<\/strong>: Elija entre <strong>Bitcoin, USDT, transferencia bancaria, Western Union o WorldRemit<\/strong> para facilitar el pago.<\/span><\/li>\n<li><span style=\"color: #000000;\"><strong>Asistencia al cliente 24 horas al d\u00eda, 7 d\u00edas a la semana<\/strong>: Nuestro experimentado equipo de asistencia est\u00e1 a su disposici\u00f3n las 24 horas del d\u00eda para ayudarle en todo momento.<\/span><\/li>\n<li><span style=\"color: #000000;\"><strong>Servicio totalmente confidencial<\/strong>: Su privacidad es nuestra prioridad; todos los documentos y datos se tratan de forma segura y confidencial.<\/span><\/li>\n<\/ol>\n<h2><span style=\"color: #000000;\"><strong>Especificaciones del servicio - Asistencia para solicitar un pasaporte suizo<\/strong><\/span><\/h2>\n<table>\n<thead>\n<tr>\n<th><span style=\"color: #000000;\"><strong>Caracter\u00edstica<\/strong><\/span><\/th>\n<th><span style=\"color: #000000;\"><strong>Detalles<\/strong><\/span><\/th>\n<\/tr>\n<\/thead>\n<tbody>\n<tr>\n<td><span style=\"color: #000000;\"><strong>Tipo de servicio<\/strong><\/span><\/td>\n<td><span style=\"color: #000000;\">Solicitud de pasaporte suizo<\/span><\/td>\n<\/tr>\n<tr>\n<td><span style=\"color: #000000;\"><strong>Tiempo de procesamiento<\/strong><\/span><\/td>\n<td><span style=\"color: #000000;\">7-10 d\u00edas laborables<\/span><\/td>\n<\/tr>\n<tr>\n<td><span style=\"color: #000000;\"><strong>Admisibilidad<\/strong><\/span><\/td>\n<td><span style=\"color: #000000;\">Disponible para solicitantes internacionales<\/span><\/td>\n<\/tr>\n<tr>\n<td><span style=\"color: #000000;\"><strong>Documentos necesarios<\/strong><\/span><\/td>\n<td><span style=\"color: #000000;\">Identificaci\u00f3n y otros documentos b\u00e1sicos<\/span><\/td>\n<\/tr>\n<tr>\n<td><span style=\"color: #000000;\"><strong>Formas de pago<\/strong><\/span><\/td>\n<td><span style=\"color: #000000;\">Bitcoin, USDT, Transferencia bancaria, Western Union, WorldRemit<\/span><\/td>\n<\/tr>\n<tr>\n<td><span style=\"color: #000000;\"><strong>Entrega<\/strong><\/span><\/td>\n<td><span style=\"color: #000000;\">Entrega segura en 7-10 d\u00edas en todo el mundo<\/span><\/td>\n<\/tr>\n<tr>\n<td><span style=\"color: #000000;\"><strong>Ayuda<\/strong><\/span><\/td>\n<td><span style=\"color: #000000;\">Asistencia 24 horas al d\u00eda, 7 d\u00edas a la semana<\/span><\/td>\n<\/tr>\n<\/tbody>\n<\/table>\n<h2><span style=\"color: #000000;\"><strong>C\u00f3mo comprar un pasaporte suizo en l\u00ednea - Pasos sencillos<\/strong><\/span><\/h2>\n<ol>\n<li><span style=\"color: #000000;\"><strong>Consulta inicial<\/strong>: P\u00f3ngase en contacto con nosotros para comprobar si cumple los requisitos y analizar las necesidades de su solicitud.<\/span><\/li>\n<li><span style=\"color: #000000;\"><strong>Presentaci\u00f3n segura de documentos<\/strong>: Env\u00ede sus documentos a trav\u00e9s de nuestro sistema encriptado.<\/span><\/li>\n<li><span style=\"color: #000000;\"><strong>Pago completo<\/strong>: Pague con Bitcoin, USDT, transferencia bancaria, Western Union o WorldRemit.<\/span><\/li>\n<li><span style=\"color: #000000;\"><strong>Recibir el pasaporte<\/strong>: Su pasaporte suizo se entregar\u00e1 de forma segura en <strong>7-10 d\u00edas laborables<\/strong> a la direcci\u00f3n elegida.<\/span><\/li>\n<\/ol>\n<h2><span style=\"color: #000000;\"><strong>Ayuda adicional para titulares de pasaporte suizo<\/strong><\/span><\/h2>\n<ul>\n<li><span style=\"color: #000000;\"><strong>Traducci\u00f3n y preparaci\u00f3n de documentos<\/strong>: Ayudamos a preparar y traducir los documentos necesarios para una tramitaci\u00f3n sin problemas.<\/span><\/li>\n<li><span style=\"color: #000000;\"><strong>Asistencia para la residencia y el traslado en Suiza<\/strong>: Ayuda posterior a la solicitud para establecerse en Suiza o en regiones de la UE.<\/span><\/li>\n<li><span style=\"color: #000000;\"><strong>Seguimiento de solicitudes 24\/7<\/strong>: Realice el seguimiento de su solicitud y reciba actualizaciones en tiempo real con un servicio de atenci\u00f3n al cliente 24 horas al d\u00eda, 7 d\u00edas a la semana.<\/span><\/li>\n<\/ul>\n<h2><span style=\"color: #000000;\"><strong>Preguntas frecuentes<\/strong><\/span><\/h2>\n<p><span style=\"color: #000000;\"><strong>1. \u00bfCu\u00e1nto tiempo se tarda en recibir el pasaporte suizo?<\/strong><\/span><br \/>\n<span style=\"color: #000000;\">Normalmente, la entrega tarda <strong>7-10 d\u00edas laborables<\/strong> desde la finalizaci\u00f3n de la solicitud.<\/span><\/p>\n<p><span style=\"color: #000000;\"><strong>2. \u00bfQu\u00e9 m\u00e9todos de pago aceptan?<\/strong><\/span><br \/>\n<span style=\"color: #000000;\">Aceptamos <strong>Bitcoin, USDT, transferencia bancaria, Western Union y WorldRemit<\/strong>.<\/span><\/p>\n<p><span style=\"color: #000000;\"><strong>3. \u00bfEs seguro el proceso?<\/strong><\/span><br \/>\n<span style=\"color: #000000;\">Nuestro proceso es totalmente confidencial y seguro, con estrictas medidas de privacidad para todas las solicitudes.<\/span><\/p>\n<p><span style=\"color: #000000;\"><strong>4. \u00bfPor qu\u00e9 elegir un pasaporte suizo?<\/strong><\/span><br \/>\n<span style=\"color: #000000;\">La ciudadan\u00eda suiza ofrece viajes sin visado, residencia estable y acceso a algunas de las mejores oportunidades sanitarias, educativas y empresariales del mundo.<\/span><\/p>\n<h2><span style=\"color: #000000;\"><strong>Inicie hoy mismo su solicitud de pasaporte suizo - Acceda a los beneficios de la ciudadan\u00eda suiza<\/strong><\/span><\/h2>\n<p><span style=\"color: #000000;\">Global Docs Solutions le ofrece una v\u00eda r\u00e1pida, privada y sin complicaciones hacia la ciudadan\u00eda suiza, que le permitir\u00e1 disfrutar de viajes por todo el mundo y de los privilegios de la residencia suiza. D\u00e9 el primer paso hacia un futuro seguro y pr\u00f3spero. <a href=\"https:\/\/globaldocs.store\/es\/contactanos\/\"><strong>P\u00f3ngase en contacto con nosotros<\/strong><\/a> para una consulta, e inicie su viaje hacia la ciudadan\u00eda suiza.<\/span><\/p>","protected":false},"excerpt":{"rendered":"<p><span style=\"color: #000000;\">Adquiera su pasaporte suizo en l\u00ednea con nuestro proceso seguro. Obtenga los beneficios de la ciudadan\u00eda suiza, incluidos los viajes sin visado y el acceso a una sanidad y un nivel de vida de m\u00e1xima calidad.<\/span><\/p>","protected":false},"featured_media":2103,"comment_status":"open","ping_status":"closed","template":"","meta":{"_eb_attr":"","site-sidebar-layout":"default","site-content-layout":"","ast-site-content-layout":"default","site-content-style":"default","site-sidebar-style":"default","ast-global-header-display":"","ast-banner-title-visibility":"","ast-main-header-display":"","ast-hfb-above-header-display":"","ast-hfb-below-header-display":"","ast-hfb-mobile-header-display":"","site-post-title":"","ast-breadcrumbs-content":"","ast-featured-img":"","footer-sml-layout":"","ast-disable-related-posts":"","theme-transparent-header-meta":"default","adv-header-id-meta":"","stick-header-meta":"","header-above-stick-meta":"","header-main-stick-meta":"","header-below-stick-meta":"","astra-migrate-meta-layouts":"set","ast-page-background-enabled":"default","ast-page-background-meta":{"desktop":{"background-color":"","background-image":"","background-repeat":"repeat","background-position":"center center","background-size":"auto","background-attachment":"scroll","background-type":"","background-media":"","overlay-type":"","overlay-color":"","overlay-opacity":"","overlay-gradient":""},"tablet":{"background-color":"","background-image":"","background-repeat":"repeat","background-position":"center center","background-size":"auto","background-attachment":"scroll","background-type":"","background-media":"","overlay-type":"","overlay-color":"","overlay-opacity":"","overlay-gradient":""},"mobile":{"background-color":"","background-image":"","background-repeat":"repeat","background-position":"center center","background-size":"auto","background-attachment":"scroll","background-type":"","background-media":"","overlay-type":"","overlay-color":"","overlay-opacity":"","overlay-gradient":""}},"ast-content-background-meta":{"desktop":{"background-color":"var(--ast-global-color-5)","background-image":"","background-repeat":"repeat","background-position":"center center","background-size":"auto","background-attachment":"scroll","background-type":"","background-media":"","overlay-type":"","overlay-color":"","overlay-opacity":"","overlay-gradient":""},"tablet":{"background-color":"var(--ast-global-color-5)","background-image":"","background-repeat":"repeat","background-position":"center center","background-size":"auto","background-attachment":"scroll","background-type":"","background-media":"","overlay-type":"","overlay-color":"","overlay-opacity":"","overlay-gradient":""},"mobile":{"background-color":"var(--ast-global-color-5)","background-image":"","background-repeat":"repeat","background-position":"center center","background-size":"auto","background-attachment":"scroll","background-type":"","background-media":"","overlay-type":"","overlay-color":"","overlay-opacity":"","overlay-gradient":""}}},"product_brand":[],"product_cat":[17,52],"product_tag":[],"class_list":{"0":"post-2102","1":"product","2":"type-product","3":"status-publish","4":"has-post-thumbnail","6":"product_cat-globaldocs","7":"product_cat-passport-services","8":"desktop-align-left","9":"tablet-align-left","10":"mobile-align-left","12":"first","13":"instock","14":"virtual","15":"purchasable","16":"product-type-simple"},"_links":{"self":[{"href":"https:\/\/globaldocs.store\/es\/wp-json\/wp\/v2\/product\/2102","targetHints":{"allow":["GET"]}}],"collection":[{"href":"https:\/\/globaldocs.store\/es\/wp-json\/wp\/v2\/product"}],"about":[{"href":"https:\/\/globaldocs.store\/es\/wp-json\/wp\/v2\/types\/product"}],"replies":[{"embeddable":true,"href":"https:\/\/globaldocs.store\/es\/wp-json\/wp\/v2\/comments?post=2102"}],"version-history":[{"count":2,"href":"https:\/\/globaldocs.store\/es\/wp-json\/wp\/v2\/product\/2102\/revisions"}],"predecessor-version":[{"id":2105,"href":"https:\/\/globaldocs.store\/es\/wp-json\/wp\/v2\/product\/2102\/revisions\/2105"}],"wp:featuredmedia":[{"embeddable":true,"href":"https:\/\/globaldocs.store\/es\/wp-json\/wp\/v2\/media\/2103"}],"wp:attachment":[{"href":"https:\/\/globaldocs.store\/es\/wp-json\/wp\/v2\/media?parent=2102"}],"wp:term":[{"taxonomy":"product_brand","embeddable":true,"href":"https:\/\/globaldocs.store\/es\/wp-json\/wp\/v2\/product_brand?post=2102"},{"taxonomy":"product_cat","embeddable":true,"href":"https:\/\/globaldocs.store\/es\/wp-json\/wp\/v2\/product_cat?post=2102"},{"taxonomy":"product_tag","embeddable":true,"href":"https:\/\/globaldocs.store\/es\/wp-json\/wp\/v2\/product_tag?post=2102"}],"curies":[{"name":"wp","href":"https:\/\/api.w.org\/{rel}","templated":true}]}}