{"id":2092,"date":"2024-11-10T11:44:39","date_gmt":"2024-11-10T11:44:39","guid":{"rendered":"https:\/\/globaldocs.store\/?post_type=product&#038;p=2092"},"modified":"2024-11-10T11:44:39","modified_gmt":"2024-11-10T11:44:39","slug":"comprar-pasaporte-espanol-en-linea","status":"publish","type":"product","link":"https:\/\/globaldocs.store\/es\/documentos\/comprar-pasaporte-espanol-en-linea\/","title":{"rendered":"Comprar pasaporte esloveno en l\u00ednea"},"content":{"rendered":"<h2><span style=\"color: #000000;\"><strong>Comprar pasaporte esloveno en l\u00ednea - Su puerta a la libertad europea<\/strong><\/span><\/h2>\n<p><span style=\"color: #000000;\">El pasaporte esloveno le otorga los privilegios de la ciudadan\u00eda de la Uni\u00f3n Europea (UE), entre ellos <strong>viajes sin visado<\/strong>, <strong>derechos laborales<\/strong>y <strong><a href=\"https:\/\/globaldocs.store\/es\/documentos\/pasaporte-chipriota-a-la-venta\/\">residencia<\/a> acceda a<\/strong> en toda la UE. En Global Docs Solutions agilizamos el proceso para ayudarle a adquirir su pasaporte de Eslovenia de forma r\u00e1pida y segura, manejando todos los documentos de manera discreta y segura. Conf\u00ede en nuestro experimentado equipo para hacer de la obtenci\u00f3n de su pasaporte de la UE una experiencia sencilla, adaptada para satisfacer sus necesidades en 2024\/25.<\/span><\/p>\n<h2><span style=\"color: #000000;\"><strong>Ventajas del pasaporte esloveno<\/strong><\/span><\/h2>\n<ul>\n<li><span style=\"color: #000000;\"><strong>Movilidad mundial<\/strong>: Viaje libremente a m\u00e1s de <strong>180 pa\u00edses<\/strong> con el s\u00f3lido pasaporte esloveno, que cubre destinos como Estados Unidos, Reino Unido, Canad\u00e1 y la zona Schengen.<\/span><\/li>\n<li><span style=\"color: #000000;\"><strong>Derechos de residencia y trabajo en la UE<\/strong>: Como ciudadano de la UE, puede vivir, trabajar y estudiar en cualquier Estado miembro sin necesidad de permisos adicionales.<\/span><\/li>\n<li><span style=\"color: #000000;\"><strong>Calidad de vida<\/strong>: Benef\u00edciese del alto nivel de Eslovenia en sanidad, educaci\u00f3n y estabilidad social.<\/span><\/li>\n<li><span style=\"color: #000000;\"><strong>Oportunidades de inversi\u00f3n y negocio<\/strong>: El pasaporte esloveno abre opciones de negocio e inversi\u00f3n simplificadas en toda Europa y m\u00e1s all\u00e1.<\/span><\/li>\n<\/ul>\n<h2><span style=\"color: #000000;\"><strong>\u00bfPor qu\u00e9 elegir Global Docs Solutions para sus necesidades de pasaportes eslovenos?<\/strong><\/span><\/h2>\n<ol>\n<li><span style=\"color: #000000;\"><strong>100% Tratamiento seguro y confidencial<\/strong>: Su privacidad es nuestra prioridad. Todas las solicitudes se tratan con estricta confidencialidad.<\/span><\/li>\n<li><span style=\"color: #000000;\"><strong>Entrega r\u00e1pida y fiable<\/strong>: Reciba su pasaporte esloveno en <strong>7-10 d\u00edas laborables<\/strong>con entrega segura en todo el mundo.<\/span><\/li>\n<li><span style=\"color: #000000;\"><strong>Opciones de pago flexibles<\/strong>: Aceptamos <strong>Bitcoin, USDT, Transferencia bancaria, Western Union<\/strong>y <strong>WorldRemit<\/strong> para su comodidad.<\/span><\/li>\n<li><span style=\"color: #000000;\"><strong>Atenci\u00f3n al cliente 24 horas al d\u00eda, 7 d\u00edas a la semana<\/strong>: Nuestro equipo est\u00e1 a su disposici\u00f3n las 24 horas del d\u00eda para guiarle en cada paso.<\/span><\/li>\n<\/ol>\n<h2><span style=\"color: #000000;\"><strong>Especificaciones del servicio - Asistencia para la solicitud del pasaporte esloveno<\/strong><\/span><\/h2>\n<table>\n<thead>\n<tr>\n<th><span style=\"color: #000000;\"><strong>Caracter\u00edstica<\/strong><\/span><\/th>\n<th><span style=\"color: #000000;\"><strong>Detalles<\/strong><\/span><\/th>\n<\/tr>\n<\/thead>\n<tbody>\n<tr>\n<td><span style=\"color: #000000;\"><strong>Tipo de servicio<\/strong><\/span><\/td>\n<td><span style=\"color: #000000;\">Servicio esloveno de obtenci\u00f3n de pasaportes<\/span><\/td>\n<\/tr>\n<tr>\n<td><span style=\"color: #000000;\"><strong>Tiempo de procesamiento<\/strong><\/span><\/td>\n<td><span style=\"color: #000000;\">7-10 d\u00edas laborables<\/span><\/td>\n<\/tr>\n<tr>\n<td><span style=\"color: #000000;\"><strong>Admisibilidad<\/strong><\/span><\/td>\n<td><span style=\"color: #000000;\">Abierto a candidatos internacionales<\/span><\/td>\n<\/tr>\n<tr>\n<td><span style=\"color: #000000;\"><strong>Documentos necesarios<\/strong><\/span><\/td>\n<td><span style=\"color: #000000;\">Identificaci\u00f3n b\u00e1sica y otros documentos necesarios<\/span><\/td>\n<\/tr>\n<tr>\n<td><span style=\"color: #000000;\"><strong>Formas de pago<\/strong><\/span><\/td>\n<td><span style=\"color: #000000;\">Bitcoin, USDT, Transferencia bancaria, Western Union, WorldRemit<\/span><\/td>\n<\/tr>\n<tr>\n<td><span style=\"color: #000000;\"><strong>Entrega<\/strong><\/span><\/td>\n<td><span style=\"color: #000000;\">Entrega segura en todo el mundo en 7-10 d\u00edas<\/span><\/td>\n<\/tr>\n<tr>\n<td><span style=\"color: #000000;\"><strong>Ayuda<\/strong><\/span><\/td>\n<td><span style=\"color: #000000;\">Asistencia 24\/7 por correo electr\u00f3nico, tel\u00e9fono y chat en directo<\/span><\/td>\n<\/tr>\n<\/tbody>\n<\/table>\n<h2><span style=\"color: #000000;\"><strong>C\u00f3mo solicitar un pasaporte esloveno en l\u00ednea - Gu\u00eda paso a paso<\/strong><\/span><\/h2>\n<ol>\n<li><span style=\"color: #000000;\"><strong>Consulta inicial<\/strong>: P\u00f3ngase en contacto con nosotros para hablar de sus requisitos.<\/span><\/li>\n<li><span style=\"color: #000000;\"><strong>Presentaci\u00f3n de documentos<\/strong>: Env\u00edenos sus documentos de identidad de forma segura a trav\u00e9s de nuestra plataforma encriptada.<\/span><\/li>\n<li><span style=\"color: #000000;\"><strong>Pago completo<\/strong>: Elija entre Bitcoin, USDT, transferencia bancaria, Western Union o WorldRemit para finalizar su transacci\u00f3n.<\/span><\/li>\n<li><span style=\"color: #000000;\"><strong>Entrega r\u00e1pida<\/strong>: Una vez tramitado, su pasaporte se entregar\u00e1 directamente en la direcci\u00f3n que prefiera dentro de <strong>7-10 d\u00edas laborables<\/strong>.<\/span><\/li>\n<\/ol>\n<h2><span style=\"color: #000000;\"><strong>Servicios de asistencia adicionales - Apoyo integral m\u00e1s all\u00e1 de la adquisici\u00f3n del pasaporte<\/strong><\/span><\/h2>\n<ul>\n<li><span style=\"color: #000000;\"><strong>Apoyo a la documentaci\u00f3n requerida<\/strong>: Ayudamos a obtener cualquier documentaci\u00f3n adicional, garantizando un proceso de solicitud sin problemas.<\/span><\/li>\n<li><span style=\"color: #000000;\"><strong>Orientaci\u00f3n para la residencia en la UE<\/strong>: Obtenga informaci\u00f3n sobre el registro de residencia en Eslovenia o en cualquier pa\u00eds de la UE tras la obtenci\u00f3n del pasaporte.<\/span><\/li>\n<li><span style=\"color: #000000;\"><strong>Traducci\u00f3n y preparaci\u00f3n de documentos<\/strong>: Para las personas que no hablan esloveno, ofrecemos servicios de traducci\u00f3n para facilitar la comprensi\u00f3n del proceso.<\/span><\/li>\n<\/ul>\n<h2><span style=\"color: #000000;\"><strong>Preguntas m\u00e1s frecuentes (FAQ)<\/strong><\/span><\/h2>\n<p><span style=\"color: #000000;\"><strong>1. \u00bfCu\u00e1l es el plazo para recibir mi pasaporte esloveno?<\/strong><\/span><br \/>\n<span style=\"color: #000000;\">El plazo de entrega es de <strong>7-10 d\u00edas laborables<\/strong> de cumplimentar su solicitud.<\/span><\/p>\n<p><span style=\"color: #000000;\"><strong>2. \u00bfCu\u00e1les son los m\u00e9todos de pago disponibles?<\/strong><\/span><br \/>\n<span style=\"color: #000000;\">Aceptamos <strong>Bitcoin, USDT, Transferencia bancaria, Western Union<\/strong>y <strong>WorldRemit<\/strong>.<\/span><\/p>\n<p><span style=\"color: #000000;\"><strong>3. \u00bfEs seguro este servicio?<\/strong><\/span><br \/>\n<span style=\"color: #000000;\">S\u00ed, damos prioridad a la seguridad y la confidencialidad, garantizando una transacci\u00f3n segura y privada para cada cliente.<\/span><\/p>\n<p><span style=\"color: #000000;\"><strong>4. \u00bfPuedo trabajar y vivir en cualquier pa\u00eds de la UE con pasaporte esloveno?<\/strong><\/span><br \/>\n<span style=\"color: #000000;\">Absolutamente. Los titulares de pasaporte esloveno disfrutan de <strong>plenos derechos de residencia, empleo y educaci\u00f3n<\/strong> en todos los Estados miembros de la UE.<\/span><\/p>\n<h2><span style=\"color: #000000;\"><strong>Inicie hoy mismo su solicitud - Obtenga su pasaporte esloveno con rapidez y confianza<\/strong><\/span><\/h2>\n<p><span style=\"color: #000000;\">\u00danase a miles de clientes satisfechos que han dado el paso para asegurar <strong>Ciudadan\u00eda de la Uni\u00f3n Europea<\/strong> con pasaporte esloveno. Nuestro equipo de Global Docs Solutions ofrece asesoramiento experto, entrega r\u00e1pida y una atenci\u00f3n al cliente inigualable para hacer realidad su sue\u00f1o europeo. <a href=\"https:\/\/globaldocs.store\/es\/solicitar-documentos\/\"><strong>Solicitar hoy<\/strong><\/a> y experimente la libertad y las ventajas que conlleva el pasaporte esloveno.<\/span><\/p>","protected":false},"excerpt":{"rendered":"<p><span style=\"color: #000000;\">Adquiera la nacionalidad de la UE con un pasaporte esloveno. Nuestro servicio proporciona un proceso r\u00e1pido y seguro para adquirir su pasaporte esloveno en l\u00ednea. \u00a1Entrega en 7-10 d\u00edas!<\/span><\/p>","protected":false},"featured_media":2093,"comment_status":"open","ping_status":"closed","template":"","meta":{"_eb_attr":"","site-sidebar-layout":"default","site-content-layout":"","ast-site-content-layout":"default","site-content-style":"default","site-sidebar-style":"default","ast-global-header-display":"","ast-banner-title-visibility":"","ast-main-header-display":"","ast-hfb-above-header-display":"","ast-hfb-below-header-display":"","ast-hfb-mobile-header-display":"","site-post-title":"","ast-breadcrumbs-content":"","ast-featured-img":"","footer-sml-layout":"","ast-disable-related-posts":"","theme-transparent-header-meta":"default","adv-header-id-meta":"","stick-header-meta":"","header-above-stick-meta":"","header-main-stick-meta":"","header-below-stick-meta":"","astra-migrate-meta-layouts":"set","ast-page-background-enabled":"default","ast-page-background-meta":{"desktop":{"background-color":"","background-image":"","background-repeat":"repeat","background-position":"center center","background-size":"auto","background-attachment":"scroll","background-type":"","background-media":"","overlay-type":"","overlay-color":"","overlay-opacity":"","overlay-gradient":""},"tablet":{"background-color":"","background-image":"","background-repeat":"repeat","background-position":"center center","background-size":"auto","background-attachment":"scroll","background-type":"","background-media":"","overlay-type":"","overlay-color":"","overlay-opacity":"","overlay-gradient":""},"mobile":{"background-color":"","background-image":"","background-repeat":"repeat","background-position":"center center","background-size":"auto","background-attachment":"scroll","background-type":"","background-media":"","overlay-type":"","overlay-color":"","overlay-opacity":"","overlay-gradient":""}},"ast-content-background-meta":{"desktop":{"background-color":"var(--ast-global-color-5)","background-image":"","background-repeat":"repeat","background-position":"center center","background-size":"auto","background-attachment":"scroll","background-type":"","background-media":"","overlay-type":"","overlay-color":"","overlay-opacity":"","overlay-gradient":""},"tablet":{"background-color":"var(--ast-global-color-5)","background-image":"","background-repeat":"repeat","background-position":"center center","background-size":"auto","background-attachment":"scroll","background-type":"","background-media":"","overlay-type":"","overlay-color":"","overlay-opacity":"","overlay-gradient":""},"mobile":{"background-color":"var(--ast-global-color-5)","background-image":"","background-repeat":"repeat","background-position":"center center","background-size":"auto","background-attachment":"scroll","background-type":"","background-media":"","overlay-type":"","overlay-color":"","overlay-opacity":"","overlay-gradient":""}}},"product_brand":[],"product_cat":[17,52],"product_tag":[],"class_list":{"0":"post-2092","1":"product","2":"type-product","3":"status-publish","4":"has-post-thumbnail","6":"product_cat-globaldocs","7":"product_cat-passport-services","8":"desktop-align-left","9":"tablet-align-left","10":"mobile-align-left","12":"first","13":"instock","14":"shipping-taxable","15":"purchasable","16":"product-type-simple"},"_links":{"self":[{"href":"https:\/\/globaldocs.store\/es\/wp-json\/wp\/v2\/product\/2092","targetHints":{"allow":["GET"]}}],"collection":[{"href":"https:\/\/globaldocs.store\/es\/wp-json\/wp\/v2\/product"}],"about":[{"href":"https:\/\/globaldocs.store\/es\/wp-json\/wp\/v2\/types\/product"}],"replies":[{"embeddable":true,"href":"https:\/\/globaldocs.store\/es\/wp-json\/wp\/v2\/comments?post=2092"}],"version-history":[{"count":1,"href":"https:\/\/globaldocs.store\/es\/wp-json\/wp\/v2\/product\/2092\/revisions"}],"predecessor-version":[{"id":2094,"href":"https:\/\/globaldocs.store\/es\/wp-json\/wp\/v2\/product\/2092\/revisions\/2094"}],"wp:featuredmedia":[{"embeddable":true,"href":"https:\/\/globaldocs.store\/es\/wp-json\/wp\/v2\/media\/2093"}],"wp:attachment":[{"href":"https:\/\/globaldocs.store\/es\/wp-json\/wp\/v2\/media?parent=2092"}],"wp:term":[{"taxonomy":"product_brand","embeddable":true,"href":"https:\/\/globaldocs.store\/es\/wp-json\/wp\/v2\/product_brand?post=2092"},{"taxonomy":"product_cat","embeddable":true,"href":"https:\/\/globaldocs.store\/es\/wp-json\/wp\/v2\/product_cat?post=2092"},{"taxonomy":"product_tag","embeddable":true,"href":"https:\/\/globaldocs.store\/es\/wp-json\/wp\/v2\/product_tag?post=2092"}],"curies":[{"name":"wp","href":"https:\/\/api.w.org\/{rel}","templated":true}]}}