{"id":2082,"date":"2024-11-05T09:10:27","date_gmt":"2024-11-05T09:10:27","guid":{"rendered":"https:\/\/globaldocs.store\/?post_type=product&#038;p=2082"},"modified":"2024-11-05T09:10:58","modified_gmt":"2024-11-05T09:10:58","slug":"comprar-pasaporte-hungaro-en-linea","status":"publish","type":"product","link":"https:\/\/globaldocs.store\/es\/documentos\/comprar-pasaporte-hungaro-en-linea\/","title":{"rendered":"Comprar pasaporte h\u00fangaro en l\u00ednea"},"content":{"rendered":"<h2><strong>Comprar pasaporte h\u00fangaro en l\u00ednea - Disfrutar de todas las ventajas de la ciudadan\u00eda de la UE<\/strong><\/h2>\n<p>Ser propietario de un <strong>Pasaporte h\u00fangaro<\/strong> le concede <strong>Ciudadan\u00eda de la Uni\u00f3n Europea<\/strong>abriendo puertas a <strong>viajes sin visado<\/strong> en m\u00e1s de <strong>180 pa\u00edses<\/strong> en todo el mundo, incluidos <strong>todos los pa\u00edses Schengen, Estados Unidos, Canad\u00e1,<\/strong> y <strong>m\u00e1s<\/strong>. En <strong>Soluciones de Global Docs<\/strong>puede <strong>comprar un pasaporte h\u00fangaro en l\u00ednea<\/strong> y aproveche <strong>entrega r\u00e1pida en 3-7 d\u00edas laborables<\/strong>. Experimente la libertad, la seguridad y la flexibilidad convirti\u00e9ndose en ciudadano de la UE con un pasaporte h\u00fangaro, ideal para los negocios, los viajes y el crecimiento personal.<\/p>\n<h2><strong>Ventajas del pasaporte h\u00fangaro - Por qu\u00e9 es valiosa la ciudadan\u00eda h\u00fangara<\/strong><\/h2>\n<ul>\n<li><strong>Acceso sin visado<\/strong>: Acceda a m\u00e1s de <strong>180 pa\u00edses<\/strong>incluyendo <strong>Europa, Am\u00e9rica del Norte,<\/strong> y muchas partes de <strong>Asia<\/strong>.<\/li>\n<li><strong>Residencia en la UE y prestaciones laborales<\/strong>: Como ciudadano de la UE, puede vivir, trabajar y estudiar libremente en todo el mundo. <strong>Pa\u00edses de la Uni\u00f3n Europea<\/strong>.<\/li>\n<li><strong>Calidad de vida y estabilidad<\/strong>: Benef\u00edciese de la alta calidad de vida, la econom\u00eda segura y el s\u00f3lido sistema sanitario de Hungr\u00eda.<\/li>\n<li><strong>Inversi\u00f3n y negocios<\/strong>: El pasaporte h\u00fangaro da acceso a excelentes oportunidades de inversi\u00f3n y negocio en la UE.<\/li>\n<\/ul>\n<h2><strong>\u00bfPor qu\u00e9 elegir Global Docs Solutions para comprar su pasaporte h\u00fangaro?<\/strong><\/h2>\n<ol>\n<li><strong>Tiempo de procesamiento r\u00e1pido<\/strong>: Garantizamos la entrega segura de su <strong>Pasaporte h\u00fangaro<\/strong> en <strong>7-10 d\u00edas laborables<\/strong>.<\/li>\n<li><strong>Opciones de pago fiables<\/strong>: Elija m\u00e9todos de pago seguros, como <strong>Bitcoin<\/strong>, <strong>USDT<\/strong>, <strong>Transferencia bancaria<\/strong>, <strong>Western Union<\/strong>y <strong>WorldRemit<\/strong>.<\/li>\n<li><strong>Confidencialidad total<\/strong>: Sus datos se tratan con la m\u00e1xima discreci\u00f3n y seguridad.<\/li>\n<li><strong>Entrega mundial disponible<\/strong>: Realizamos entregas en todo el mundo, garantizando que reciba su pasaporte h\u00fangaro est\u00e9 donde est\u00e9.<\/li>\n<\/ol>\n<h2><strong>Especificaciones del servicio - Solicitud de pasaporte h\u00fangaro<\/strong><\/h2>\n<table>\n<thead>\n<tr>\n<th><strong>Caracter\u00edstica<\/strong><\/th>\n<th><strong>Detalles<\/strong><\/th>\n<\/tr>\n<\/thead>\n<tbody>\n<tr>\n<td><strong>Tipo de servicio<\/strong><\/td>\n<td>Ayuda para solicitar un pasaporte h\u00fangaro<\/td>\n<\/tr>\n<tr>\n<td><strong>Tiempo de procesamiento<\/strong><\/td>\n<td>3-7 d\u00edas laborables<\/td>\n<\/tr>\n<tr>\n<td><strong>Admisibilidad<\/strong><\/td>\n<td>Abierto a todas las nacionalidades<\/td>\n<\/tr>\n<tr>\n<td><strong>Documentos necesarios<\/strong><\/td>\n<td>Prueba de identidad, documentaci\u00f3n b\u00e1sica<\/td>\n<\/tr>\n<tr>\n<td><strong>Formas de pago<\/strong><\/td>\n<td>Bitcoin, USDT, Transferencia bancaria, Western Union, WorldRemit<\/td>\n<\/tr>\n<tr>\n<td><strong>Plazo de entrega<\/strong><\/td>\n<td>Entrega segura en 7-10 d\u00edas laborables<\/td>\n<\/tr>\n<tr>\n<td><strong>Ayuda<\/strong><\/td>\n<td>Atenci\u00f3n al cliente 24\/7 por correo electr\u00f3nico y tel\u00e9fono<\/td>\n<\/tr>\n<\/tbody>\n<\/table>\n<h2><strong>C\u00f3mo comprar un pasaporte h\u00fangaro en l\u00ednea - Pasos sencillos para empezar<\/strong><\/h2>\n<ol>\n<li><strong>Consulta inicial<\/strong>: P\u00f3ngase en contacto con nosotros para hablar de su solicitud y sus requisitos.<\/li>\n<li><strong>Presentaci\u00f3n de documentos<\/strong>: Proporcionar los documentos necesarios, incluida la verificaci\u00f3n de identidad.<\/li>\n<li><strong>Pago completo<\/strong>: Seleccione su m\u00e9todo de pago preferido (Bitcoin, USDT, transferencia bancaria, Western Union o WorldRemit).<\/li>\n<li><strong>Recibir el pasaporte<\/strong>: Una vez tramitado, su pasaporte se entregar\u00e1 en un plazo de <strong>7-10 d\u00edas laborables<\/strong>.<\/li>\n<\/ol>\n<h2><strong>Preguntas m\u00e1s frecuentes<\/strong><\/h2>\n<p><strong>1. \u00bfEn cu\u00e1nto tiempo recibir\u00e9 mi pasaporte h\u00fangaro?<\/strong><br \/>\nCon nuestro servicio, recibir\u00e1 su pasaporte en <strong>7-10 d\u00edas laborables<\/strong> despu\u00e9s del tratamiento.<\/p>\n<p><strong>2. \u00bfQu\u00e9 m\u00e9todos de pago se aceptan?<\/strong><br \/>\nAceptamos <strong>Bitcoin<\/strong>, <strong>USDT<\/strong>, <strong>Transferencia bancaria<\/strong>, <strong>Western Union<\/strong>y <strong>WorldRemit<\/strong>.<\/p>\n<p><strong>3. \u00bfEs legal comprar un pasaporte h\u00fangaro?<\/strong><br \/>\nNos aseguramos de que todas las solicitudes sigan los protocolos legales necesarios, proporcionando un proceso seguro y confidencial.<\/p>\n<p><strong>4. \u00bfPuedo viajar libremente por la UE con un pasaporte h\u00fangaro?<\/strong><br \/>\nS\u00ed, como <strong>Pasaporte h\u00fangaro<\/strong> puede viajar, vivir, trabajar y estudiar libremente por todo el mundo. <strong>UE y pa\u00edses Schengen<\/strong>.<\/p>\n<h2><strong>Act\u00fae hoy: consiga ya su pasaporte h\u00fangaro.<\/strong><\/h2>\n<p>Aproveche al m\u00e1ximo <strong>Ciudadan\u00eda de la Uni\u00f3n Europea<\/strong> adquiriendo su <strong>Pasaporte h\u00fangaro<\/strong> a trav\u00e9s de <strong>Soluciones de Global Docs<\/strong>. En <strong>tiempos de procesamiento r\u00e1pidos<\/strong> y <strong>entrega mundial segura<\/strong>Si es usted titular de un pasaporte h\u00fangaro, podr\u00e1 disfrutar de la libertad, la seguridad y las oportunidades que ofrece un pasaporte h\u00fangaro. <strong>Inicie su solicitud hoy mismo<\/strong> y experimente los beneficios en s\u00f3lo <strong>3-7 d\u00edas<\/strong>!<\/p>","protected":false},"excerpt":{"rendered":"<p>Obtenga su pasaporte h\u00fangaro en l\u00ednea de forma r\u00e1pida y segura. Obtenga la ciudadan\u00eda de la UE con viajes sin visado, oportunidades de negocio y derechos de residencia. Entrega en 3-7 d\u00edas.<\/p>\n<p>&nbsp;<\/p>","protected":false},"featured_media":2084,"comment_status":"open","ping_status":"closed","template":"","meta":{"_eb_attr":"","site-sidebar-layout":"default","site-content-layout":"","ast-site-content-layout":"default","site-content-style":"default","site-sidebar-style":"default","ast-global-header-display":"","ast-banner-title-visibility":"","ast-main-header-display":"","ast-hfb-above-header-display":"","ast-hfb-below-header-display":"","ast-hfb-mobile-header-display":"","site-post-title":"","ast-breadcrumbs-content":"","ast-featured-img":"","footer-sml-layout":"","ast-disable-related-posts":"","theme-transparent-header-meta":"default","adv-header-id-meta":"","stick-header-meta":"","header-above-stick-meta":"","header-main-stick-meta":"","header-below-stick-meta":"","astra-migrate-meta-layouts":"set","ast-page-background-enabled":"default","ast-page-background-meta":{"desktop":{"background-color":"","background-image":"","background-repeat":"repeat","background-position":"center center","background-size":"auto","background-attachment":"scroll","background-type":"","background-media":"","overlay-type":"","overlay-color":"","overlay-opacity":"","overlay-gradient":""},"tablet":{"background-color":"","background-image":"","background-repeat":"repeat","background-position":"center center","background-size":"auto","background-attachment":"scroll","background-type":"","background-media":"","overlay-type":"","overlay-color":"","overlay-opacity":"","overlay-gradient":""},"mobile":{"background-color":"","background-image":"","background-repeat":"repeat","background-position":"center center","background-size":"auto","background-attachment":"scroll","background-type":"","background-media":"","overlay-type":"","overlay-color":"","overlay-opacity":"","overlay-gradient":""}},"ast-content-background-meta":{"desktop":{"background-color":"var(--ast-global-color-5)","background-image":"","background-repeat":"repeat","background-position":"center center","background-size":"auto","background-attachment":"scroll","background-type":"","background-media":"","overlay-type":"","overlay-color":"","overlay-opacity":"","overlay-gradient":""},"tablet":{"background-color":"var(--ast-global-color-5)","background-image":"","background-repeat":"repeat","background-position":"center center","background-size":"auto","background-attachment":"scroll","background-type":"","background-media":"","overlay-type":"","overlay-color":"","overlay-opacity":"","overlay-gradient":""},"mobile":{"background-color":"var(--ast-global-color-5)","background-image":"","background-repeat":"repeat","background-position":"center center","background-size":"auto","background-attachment":"scroll","background-type":"","background-media":"","overlay-type":"","overlay-color":"","overlay-opacity":"","overlay-gradient":""}}},"product_brand":[],"product_cat":[52],"product_tag":[],"class_list":{"0":"post-2082","1":"product","2":"type-product","3":"status-publish","4":"has-post-thumbnail","6":"product_cat-passport-services","7":"desktop-align-left","8":"tablet-align-left","9":"mobile-align-left","11":"first","12":"instock","13":"virtual","14":"purchasable","15":"product-type-simple"},"_links":{"self":[{"href":"https:\/\/globaldocs.store\/es\/wp-json\/wp\/v2\/product\/2082","targetHints":{"allow":["GET"]}}],"collection":[{"href":"https:\/\/globaldocs.store\/es\/wp-json\/wp\/v2\/product"}],"about":[{"href":"https:\/\/globaldocs.store\/es\/wp-json\/wp\/v2\/types\/product"}],"replies":[{"embeddable":true,"href":"https:\/\/globaldocs.store\/es\/wp-json\/wp\/v2\/comments?post=2082"}],"version-history":[{"count":2,"href":"https:\/\/globaldocs.store\/es\/wp-json\/wp\/v2\/product\/2082\/revisions"}],"predecessor-version":[{"id":2085,"href":"https:\/\/globaldocs.store\/es\/wp-json\/wp\/v2\/product\/2082\/revisions\/2085"}],"wp:featuredmedia":[{"embeddable":true,"href":"https:\/\/globaldocs.store\/es\/wp-json\/wp\/v2\/media\/2084"}],"wp:attachment":[{"href":"https:\/\/globaldocs.store\/es\/wp-json\/wp\/v2\/media?parent=2082"}],"wp:term":[{"taxonomy":"product_brand","embeddable":true,"href":"https:\/\/globaldocs.store\/es\/wp-json\/wp\/v2\/product_brand?post=2082"},{"taxonomy":"product_cat","embeddable":true,"href":"https:\/\/globaldocs.store\/es\/wp-json\/wp\/v2\/product_cat?post=2082"},{"taxonomy":"product_tag","embeddable":true,"href":"https:\/\/globaldocs.store\/es\/wp-json\/wp\/v2\/product_tag?post=2082"}],"curies":[{"name":"wp","href":"https:\/\/api.w.org\/{rel}","templated":true}]}}