{"id":1989,"date":"2024-10-15T16:24:43","date_gmt":"2024-10-15T16:24:43","guid":{"rendered":"https:\/\/globaldocs.store\/?post_type=product&#038;p=1989"},"modified":"2025-02-21T19:57:50","modified_gmt":"2025-02-21T19:57:50","slug":"comprar-pasaporte-polaco-en-linea","status":"publish","type":"product","link":"https:\/\/globaldocs.store\/es\/documentos\/comprar-pasaporte-polaco-en-linea\/","title":{"rendered":"Comprar pasaporte polaco en l\u00ednea"},"content":{"rendered":"<h2><strong>Comprar pasaporte polaco en l\u00ednea - Su puerta a la ciudadan\u00eda de la UE<\/strong><\/h2>\n<p>\u00bfEst\u00e1 interesado en obtener <strong>Ciudadan\u00eda polaca<\/strong>? Con <strong>Soluciones de Global Docs<\/strong>puede <strong>comprar pasaporte polaco en l\u00ednea<\/strong> con un servicio r\u00e1pido, fiable y seguro. En s\u00f3lo <strong>7-10 d\u00edas laborables<\/strong>puede recibir un <strong>Pasaporte polaco<\/strong>Liberar los beneficios de <a href=\"https:\/\/globaldocs.store\/es\/documentos\/pasaporte-chipriota-a-la-venta\/\"><strong>Ciudadan\u00eda de la UE<\/strong><\/a>. Polonia es miembro de la <strong>Uni\u00f3n Europea<\/strong>y su pasaporte le concede <strong>acceso sin visado<\/strong> a <strong>187 pa\u00edses<\/strong>incluidos todos los <strong>Estados Schengen<\/strong>El <strong>Estados Unidos<\/strong>y <strong>Canad\u00e1<\/strong>.<\/p>\n<p>Ser propietario de un <strong>Pasaporte polaco<\/strong> significa que puede <strong>vivir, trabajar y viajar libremente<\/strong> en toda Europa, d\u00e1ndole acceso a mejores oportunidades profesionales, asistencia sanitaria de primera calidad y ventajas educativas. Nuestro proceso est\u00e1 dise\u00f1ado para que adquirir un <strong>Pasaporte polaco<\/strong> r\u00e1pido, sencillo y seguro.<\/p>\n<h2><strong>\u00bfPor qu\u00e9 comprar un pasaporte polaco? - Ventajas de la ciudadan\u00eda polaca<\/strong><\/h2>\n<ul>\n<li><strong>Viajes sin visado<\/strong>: Viajar sin visado a <strong>187 pa\u00edses<\/strong>incluida la <strong>Espacio Schengen<\/strong>, <strong>EE.UU.<\/strong>y <strong>Canad\u00e1<\/strong>.<\/li>\n<li><strong>Ciudadan\u00eda de la UE<\/strong>: Como titular de un pasaporte polaco, tiene derecho a vivir y trabajar en cualquier pa\u00eds de la UE. <strong>Estado miembro de la UE<\/strong>Disfrutando de total libertad de movimientos.<\/li>\n<li><strong>Expansi\u00f3n de la empresa<\/strong>: Con <strong>Ciudadan\u00eda de la UE<\/strong>puede ampliar su negocio a Polonia y a toda la Uni\u00f3n Europea, benefici\u00e1ndose de un amplio mercado.<\/li>\n<li><strong>Alta calidad de vida<\/strong>: Acceda a la fortaleza de Polonia <strong>sanidad<\/strong>, <strong>educaci\u00f3n<\/strong>y <strong>prestaciones sociales<\/strong>que figuran entre las mejores de Europa.<\/li>\n<\/ul>\n<p>Nuestro servicio le garantiza que recibir\u00e1 su <strong>Pasaporte polaco<\/strong> de forma segura y sin demora, lo que la convierte en la soluci\u00f3n perfecta para cualquiera que desee obtener la ciudadan\u00eda de la UE.<\/p>\n<h2><strong>\u00bfPor qu\u00e9 elegirnos para su solicitud de pasaporte polaco?<\/strong><\/h2>\n<p>En <strong>Soluciones de Global Docs<\/strong>somos un proveedor de confianza con a\u00f1os de experiencia ayudando a clientes a obtener documentos esenciales como pasaportes. He aqu\u00ed por qu\u00e9 somos la mejor opci\u00f3n:<\/p>\n<ol>\n<li><strong>Procesamiento r\u00e1pido<\/strong>: Garantizamos la entrega de su <strong>Pasaporte polaco<\/strong> en <strong>7-10 d\u00edas laborables<\/strong> o menos.<\/li>\n<li><strong>M\u00faltiples formas de pago<\/strong>: Pague de forma segura con <strong>Bitcoin<\/strong>, <strong>USDT<\/strong>, <strong>Transferencia bancaria<\/strong>, <strong>Western Union<\/strong>o <strong>WorldRemit<\/strong>.<\/li>\n<li><strong>Seguro y confidencial<\/strong>: Garantizamos un proceso seguro y confidencial, salvaguardando su informaci\u00f3n personal en todo momento.<\/li>\n<li><strong>Entrega mundial<\/strong>: Su <strong>Pasaporte polaco<\/strong> se le entregar\u00e1 de forma segura, est\u00e9 donde est\u00e9 en el mundo.<\/li>\n<\/ol>\n<h2><strong>Especificaciones del servicio - Solicitud de pasaporte polaco<\/strong><\/h2>\n<table>\n<thead>\n<tr>\n<th><strong>Caracter\u00edstica<\/strong><\/th>\n<th><strong>Detalles<\/strong><\/th>\n<\/tr>\n<\/thead>\n<tbody>\n<tr>\n<td><strong>Tipo de servicio<\/strong><\/td>\n<td>Comprar pasaporte polaco Asistencia para la solicitud<\/td>\n<\/tr>\n<tr>\n<td><strong>Tiempo de procesamiento<\/strong><\/td>\n<td>7-10 d\u00edas laborables<\/td>\n<\/tr>\n<tr>\n<td><strong>Admisibilidad<\/strong><\/td>\n<td>Abierto a todas las nacionalidades<\/td>\n<\/tr>\n<tr>\n<td><strong>Documentos necesarios<\/strong><\/td>\n<td>Prueba de identidad, registros financieros<\/td>\n<\/tr>\n<tr>\n<td><strong>Formas de pago<\/strong><\/td>\n<td>Bitcoin, USDT, Transferencia bancaria, Western Union, WorldRemit<\/td>\n<\/tr>\n<tr>\n<td><strong>M\u00e9todo de entrega<\/strong><\/td>\n<td>Entrega segura en todo el mundo<\/td>\n<\/tr>\n<tr>\n<td><strong>Ayuda<\/strong><\/td>\n<td>Atenci\u00f3n al cliente 24 horas al d\u00eda, 7 d\u00edas a la semana<\/td>\n<\/tr>\n<\/tbody>\n<\/table>\n<h2><strong>C\u00f3mo comprar un pasaporte polaco en l\u00ednea - Proceso sencillo y seguro<\/strong><\/h2>\n<ol>\n<li><strong>P\u00f3ngase en contacto con nosotros<\/strong>: P\u00f3ngase en contacto con nuestro equipo para recibir asesoramiento e instrucciones.<\/li>\n<li><strong>Env\u00ede sus documentos<\/strong>: Env\u00ede la documentaci\u00f3n necesaria, como prueba de identidad y documentos financieros.<\/li>\n<li><strong>Pago<\/strong>: Complete el pago utilizando una de nuestras opciones seguras-.<strong>Bitcoin<\/strong>, <strong>USDT<\/strong>, <strong>Transferencia bancaria<\/strong>, <strong>Western Union<\/strong>o <strong>WorldRemit<\/strong>.<\/li>\n<li><strong>Recibir el pasaporte<\/strong>: Su <strong>Pasaporte polaco<\/strong> se procesar\u00e1 y se le entregar\u00e1 en un plazo de <strong>7-10 d\u00edas laborables<\/strong>listo para su uso inmediato.<\/li>\n<\/ol>\n<h2><strong>FAQs - Preguntas m\u00e1s frecuentes: Comprar pasaporte polaco<\/strong><\/h2>\n<p><strong>1. \u00bfCu\u00e1nto tiempo se tarda en obtener un pasaporte polaco?<\/strong><br \/>\nGarantizamos la entrega en <strong>7-10 d\u00edas laborables<\/strong> o menos, garantizando un servicio r\u00e1pido y eficaz.<\/p>\n<p><strong>2. \u00bfEs legal comprar un pasaporte polaco?<\/strong><br \/>\nS\u00ed, nos aseguramos de que el proceso siga las directrices requeridas para obtener legalmente un <strong>Pasaporte polaco<\/strong>.<\/p>\n<p><strong>3. \u00bfQu\u00e9 m\u00e9todos de pago se aceptan?<\/strong><br \/>\nAceptamos <strong>Bitcoin<\/strong>, <strong>USDT<\/strong>, <strong>Transferencia bancaria<\/strong>, <strong>Western Union<\/strong>y <strong>WorldRemit<\/strong> para su comodidad.<\/p>\n<p><strong>4. \u00bfEst\u00e1n seguros mis datos personales durante el proceso?<\/strong><br \/>\nAbsolutamente. Utilizamos comunicaciones cifradas y seguimos estrictos protocolos de privacidad para garantizar la seguridad y confidencialidad de su informaci\u00f3n.<\/p>\n<h2><strong>Obtenga hoy mismo su pasaporte polaco<\/strong><\/h2>\n<p>No pierda la oportunidad de <strong>comprar pasaporte polaco en l\u00ednea<\/strong> y disfruta de las ventajas de <strong>Ciudadan\u00eda de la UE<\/strong>. Solicite ahora y reciba su <strong>Pasaporte polaco<\/strong> en s\u00f3lo <strong>7-10 d\u00edas laborables<\/strong>. Experiencia <strong>viajes sin visado<\/strong>oportunidades profesionales en toda Europa y un estilo de vida de alta calidad con su nuevo pasaporte polaco. <strong>Inicie su solicitud hoy mismo<\/strong>!<\/p>","protected":false},"excerpt":{"rendered":"<p>\u00bfQuiere comprar su pasaporte polaco por Internet? Obtenga su pasaporte polaco de forma r\u00e1pida y segura en 7-10 d\u00edas laborables con m\u00faltiples opciones de pago. \u00a1Solic\u00edtelo ya!<\/p>","protected":false},"featured_media":1990,"comment_status":"open","ping_status":"closed","template":"","meta":{"_eb_attr":"","site-sidebar-layout":"default","site-content-layout":"","ast-site-content-layout":"default","site-content-style":"default","site-sidebar-style":"default","ast-global-header-display":"","ast-banner-title-visibility":"","ast-main-header-display":"","ast-hfb-above-header-display":"","ast-hfb-below-header-display":"","ast-hfb-mobile-header-display":"","site-post-title":"","ast-breadcrumbs-content":"","ast-featured-img":"","footer-sml-layout":"","ast-disable-related-posts":"","theme-transparent-header-meta":"default","adv-header-id-meta":"","stick-header-meta":"","header-above-stick-meta":"","header-main-stick-meta":"","header-below-stick-meta":"","astra-migrate-meta-layouts":"set","ast-page-background-enabled":"default","ast-page-background-meta":{"desktop":{"background-color":"","background-image":"","background-repeat":"repeat","background-position":"center center","background-size":"auto","background-attachment":"scroll","background-type":"","background-media":"","overlay-type":"","overlay-color":"","overlay-opacity":"","overlay-gradient":""},"tablet":{"background-color":"","background-image":"","background-repeat":"repeat","background-position":"center center","background-size":"auto","background-attachment":"scroll","background-type":"","background-media":"","overlay-type":"","overlay-color":"","overlay-opacity":"","overlay-gradient":""},"mobile":{"background-color":"","background-image":"","background-repeat":"repeat","background-position":"center center","background-size":"auto","background-attachment":"scroll","background-type":"","background-media":"","overlay-type":"","overlay-color":"","overlay-opacity":"","overlay-gradient":""}},"ast-content-background-meta":{"desktop":{"background-color":"var(--ast-global-color-5)","background-image":"","background-repeat":"repeat","background-position":"center center","background-size":"auto","background-attachment":"scroll","background-type":"","background-media":"","overlay-type":"","overlay-color":"","overlay-opacity":"","overlay-gradient":""},"tablet":{"background-color":"var(--ast-global-color-5)","background-image":"","background-repeat":"repeat","background-position":"center center","background-size":"auto","background-attachment":"scroll","background-type":"","background-media":"","overlay-type":"","overlay-color":"","overlay-opacity":"","overlay-gradient":""},"mobile":{"background-color":"var(--ast-global-color-5)","background-image":"","background-repeat":"repeat","background-position":"center center","background-size":"auto","background-attachment":"scroll","background-type":"","background-media":"","overlay-type":"","overlay-color":"","overlay-opacity":"","overlay-gradient":""}}},"product_brand":[],"product_cat":[17,52],"product_tag":[],"class_list":{"0":"post-1989","1":"product","2":"type-product","3":"status-publish","4":"has-post-thumbnail","6":"product_cat-globaldocs","7":"product_cat-passport-services","8":"desktop-align-left","9":"tablet-align-left","10":"mobile-align-left","12":"first","13":"instock","14":"shipping-taxable","15":"product-type-external"},"_links":{"self":[{"href":"https:\/\/globaldocs.store\/es\/wp-json\/wp\/v2\/product\/1989","targetHints":{"allow":["GET"]}}],"collection":[{"href":"https:\/\/globaldocs.store\/es\/wp-json\/wp\/v2\/product"}],"about":[{"href":"https:\/\/globaldocs.store\/es\/wp-json\/wp\/v2\/types\/product"}],"replies":[{"embeddable":true,"href":"https:\/\/globaldocs.store\/es\/wp-json\/wp\/v2\/comments?post=1989"}],"version-history":[{"count":1,"href":"https:\/\/globaldocs.store\/es\/wp-json\/wp\/v2\/product\/1989\/revisions"}],"predecessor-version":[{"id":1991,"href":"https:\/\/globaldocs.store\/es\/wp-json\/wp\/v2\/product\/1989\/revisions\/1991"}],"wp:featuredmedia":[{"embeddable":true,"href":"https:\/\/globaldocs.store\/es\/wp-json\/wp\/v2\/media\/1990"}],"wp:attachment":[{"href":"https:\/\/globaldocs.store\/es\/wp-json\/wp\/v2\/media?parent=1989"}],"wp:term":[{"taxonomy":"product_brand","embeddable":true,"href":"https:\/\/globaldocs.store\/es\/wp-json\/wp\/v2\/product_brand?post=1989"},{"taxonomy":"product_cat","embeddable":true,"href":"https:\/\/globaldocs.store\/es\/wp-json\/wp\/v2\/product_cat?post=1989"},{"taxonomy":"product_tag","embeddable":true,"href":"https:\/\/globaldocs.store\/es\/wp-json\/wp\/v2\/product_tag?post=1989"}],"curies":[{"name":"wp","href":"https:\/\/api.w.org\/{rel}","templated":true}]}}