{"id":1981,"date":"2024-10-15T15:44:17","date_gmt":"2024-10-15T15:44:17","guid":{"rendered":"https:\/\/globaldocs.store\/?post_type=product&#038;p=1981"},"modified":"2025-02-04T15:06:49","modified_gmt":"2025-02-04T15:06:49","slug":"comprar-pasaporte-neerlandes-en-linea","status":"publish","type":"product","link":"https:\/\/globaldocs.store\/es\/documentos\/comprar-pasaporte-neerlandes-en-linea\/","title":{"rendered":"Pasaporte neerland\u00e9s en l\u00ednea"},"content":{"rendered":"<h2><strong>Comprar un pasaporte holand\u00e9s en l\u00ednea - Servicio r\u00e1pido, seguro y de confianza<\/strong><\/h2>\n<p>\u00bfBusca una forma fiable de <strong>comprar un pasaporte neerland\u00e9s en l\u00ednea<\/strong>? En <strong>Soluciones de Global Docs<\/strong>ofrecemos un <strong>r\u00e1pido y seguro<\/strong> que le garantiza que recibir\u00e1 su <strong>Pasaporte neerland\u00e9s<\/strong> en <strong>7-10 d\u00edas laborables<\/strong>. Tanto si desea obtener la nacionalidad para <strong>viajes sin visado<\/strong>Ya se trate de la expansi\u00f3n de su empresa en Europa o de su seguridad personal, nuestro servicio se adapta a sus necesidades.<\/p>\n<p>En <strong>Pasaporte neerland\u00e9s<\/strong> es uno de los documentos de viaje m\u00e1s potentes del mundo, ya que ofrece <strong>acceso sin visado<\/strong> a <strong>186 pa\u00edses<\/strong>. Al convertirse en <strong>Ciudadano neerland\u00e9s<\/strong>acceder\u00e1 a la <strong>Uni\u00f3n Europea<\/strong> y las ventajas que conlleva, como la posibilidad de vivir, trabajar y viajar libremente por todo el mundo. <strong>Europa<\/strong>.<\/p>\n<h2><strong>\u00bfPor qu\u00e9 comprar un pasaporte neerland\u00e9s? - Ventajas de la nacionalidad neerlandesa<\/strong><\/h2>\n<p>Adquisici\u00f3n de un <strong>Pasaporte neerland\u00e9s<\/strong> abre un mundo de posibilidades. He aqu\u00ed por qu\u00e9 la nacionalidad holandesa es tan codiciada:<\/p>\n<ul>\n<li><strong>Viajes sin visado<\/strong>: Viaje sin problemas a <strong>186 pa\u00edses<\/strong> incluida la <strong>Estados Unidos<\/strong>, <strong>Canad\u00e1<\/strong>y el <strong>REINO UNIDO<\/strong>.<\/li>\n<li><strong>Ciudadan\u00eda de la UE<\/strong>: Como ciudadano neerland\u00e9s, tiene derecho a <strong>vivir y trabajar<\/strong> en cualquier <strong>Estado miembro de la UE<\/strong>.<\/li>\n<li><strong>Oportunidades de negocio<\/strong>: Expanda su negocio por Europa con facilidad como empresa reconocida <strong>Ciudadano de la UE<\/strong>.<\/li>\n<li><strong>Alto nivel de vida<\/strong>: Benef\u00edciese de la excepcionalidad de los Pa\u00edses Bajos <strong>sanidad<\/strong>, <strong>educaci\u00f3n<\/strong>y <strong>sistemas de bienestar social<\/strong>.<\/li>\n<\/ul>\n<p>Nuestra <strong>Pasaporte neerland\u00e9s<\/strong> le garantiza que podr\u00e1 obtener su documento de forma r\u00e1pida y segura, sin retrasos ni complicaciones innecesarias.<\/p>\n<h2><strong>\u00bfPor qu\u00e9 elegirnos para solicitar el pasaporte neerland\u00e9s?<\/strong><\/h2>\n<p>En <strong>Soluciones de Global Docs<\/strong>Estamos especializados en <strong>r\u00e1pido<\/strong>, <strong>legal<\/strong>y <strong>confidencial<\/strong> a clientes de todo el mundo. Esto es lo que nos diferencia:<\/p>\n<ol>\n<li><strong>Entrega r\u00e1pida<\/strong>: Reciba su <strong>Pasaporte neerland\u00e9s<\/strong> en <strong>7-10 d\u00edas laborables<\/strong>.<\/li>\n<li><strong>M\u00faltiples formas de pago<\/strong>: Elija entre <strong>Bitcoin<\/strong>, <strong>USDT<\/strong>, <strong>Transferencia bancaria<\/strong>, <strong>Western Union<\/strong>o <strong>WorldRemit<\/strong> para una transacci\u00f3n segura.<\/li>\n<li><strong>Legal y fiable<\/strong>: Nuestros servicios se ajustan a la legislaci\u00f3n neerlandesa, garantiz\u00e1ndole la obtenci\u00f3n de su pasaporte <strong>legalmente<\/strong> y sin ning\u00fan problema.<\/li>\n<li><strong>Asistencia 24\/7<\/strong>: Le ofrecemos un servicio de atenci\u00f3n al cliente las 24 horas del d\u00eda para ayudarle durante todo el proceso.<\/li>\n<\/ol>\n<h2><strong>Especificaciones del servicio - Detalles de la solicitud de pasaporte neerland\u00e9s<\/strong><\/h2>\n<table>\n<thead>\n<tr>\n<th><strong>Caracter\u00edstica<\/strong><\/th>\n<th><strong>Detalles<\/strong><\/th>\n<\/tr>\n<\/thead>\n<tbody>\n<tr>\n<td><strong>Tipo de servicio<\/strong><\/td>\n<td>Asistencia para solicitar un pasaporte holand\u00e9s<\/td>\n<\/tr>\n<tr>\n<td><strong>Tiempo de procesamiento<\/strong><\/td>\n<td>7-10 d\u00edas laborables o menos<\/td>\n<\/tr>\n<tr>\n<td><strong>Admisibilidad<\/strong><\/td>\n<td>Abierto a todas las nacionalidades<\/td>\n<\/tr>\n<tr>\n<td><strong>Documentos necesarios<\/strong><\/td>\n<td>Prueba de identidad, registros financieros<\/td>\n<\/tr>\n<tr>\n<td><strong>Formas de pago<\/strong><\/td>\n<td>Bitcoin, USDT, Transferencia bancaria, Western Union, WorldRemit<\/td>\n<\/tr>\n<tr>\n<td><strong>M\u00e9todo de entrega<\/strong><\/td>\n<td>Entrega segura en todo el mundo<\/td>\n<\/tr>\n<tr>\n<td><strong>Atenci\u00f3n al cliente<\/strong><\/td>\n<td>Asistencia 24\/7 por correo electr\u00f3nico y tel\u00e9fono<\/td>\n<\/tr>\n<\/tbody>\n<\/table>\n<h2><strong>C\u00f3mo comprar un pasaporte neerland\u00e9s en l\u00ednea - Proceso paso a paso<\/strong><\/h2>\n<ol>\n<li><strong>Consulta inicial<\/strong>: P\u00f3ngase en contacto con nuestro equipo para hablar de su admisibilidad e iniciar el proceso de solicitud.<\/li>\n<li><strong>Presentar los documentos requeridos<\/strong>: Proporcione los documentos necesarios, como la prueba de identidad, sobre la que le guiaremos.<\/li>\n<li><strong>Pago<\/strong>: Realice el pago a trav\u00e9s del m\u00e9todo que prefiera.<strong>Bitcoin<\/strong>, <strong>USDT<\/strong>, <strong>Transferencia bancaria<\/strong>, <strong>Western Union<\/strong>o <strong>WorldRemit<\/strong>.<\/li>\n<li><strong>Tramitaci\u00f3n y entrega<\/strong>: Su solicitud ser\u00e1 tramitada y recibir\u00e1 su <strong>Pasaporte neerland\u00e9s<\/strong> en <strong>7-10 d\u00edas laborables<\/strong>entregados de forma segura en su domicilio.<\/li>\n<\/ol>\n<h2><strong>FAQs - Preguntas m\u00e1s frecuentes<\/strong><\/h2>\n<p><strong>1. \u00bfCu\u00e1nto tiempo se tarda en obtener un pasaporte neerland\u00e9s?<\/strong><br \/>\nLe entregamos su <strong>Pasaporte neerland\u00e9s<\/strong> en <strong>7-10 d\u00edas laborables<\/strong> o menos, lo que garantiza un proceso r\u00e1pido y eficaz.<\/p>\n<p><strong>2. \u00bfEs legal el proceso?<\/strong><br \/>\nS\u00ed, nuestro servicio sigue todos los requisitos legales para obtener un <strong>Pasaporte neerland\u00e9s<\/strong> de forma segura y legal.<\/p>\n<p><strong>3. \u00bfQu\u00e9 m\u00e9todos de pago aceptan?<\/strong><br \/>\nAceptamos <strong>Bitcoin<\/strong>, <strong>USDT<\/strong>, <strong>Transferencia bancaria<\/strong>, <strong>Western Union<\/strong>y <strong>WorldRemit<\/strong>.<\/p>\n<p><strong>4. \u00bfC\u00f3mo s\u00e9 que mi informaci\u00f3n est\u00e1 segura?<\/strong><br \/>\nUtilizamos <strong>canales codificados<\/strong> y le garantizamos total confidencialidad durante todo el proceso para proteger su intimidad.<\/p>\n<h2><strong>Llamamiento a la acci\u00f3n: \u00a1obtenga hoy mismo su pasaporte neerland\u00e9s!<\/strong><\/h2>\n<p>Aproveche nuestras <strong>Comprar un holand\u00e9s <a href=\"https:\/\/globaldocs.store\/es\/documentos\/comprar-pasaporte-turco-en-linea\/\">Pasaporte<\/a> En l\u00ednea<\/strong> servicio y desbloquear los beneficios de <strong>viajes sin visado<\/strong> y <strong>Ciudadan\u00eda de la UE<\/strong>. No pierda esta oportunidad.<strong>solicitar hoy<\/strong> para obtener su pasaporte holand\u00e9s en s\u00f3lo <strong>7-10 d\u00edas laborables<\/strong>!<\/p>","protected":false},"excerpt":{"rendered":"<p>\u00bfDesea comprar un pasaporte holand\u00e9s en l\u00ednea? Obtenga su pasaporte holand\u00e9s en s\u00f3lo 7-10 d\u00edas laborables. Ofrecemos una entrega segura y r\u00e1pida con m\u00faltiples m\u00e9todos de pago. \u00a1Solic\u00edtelo ya!<\/p>","protected":false},"featured_media":1982,"comment_status":"open","ping_status":"closed","template":"","meta":{"_eb_attr":"","site-sidebar-layout":"default","site-content-layout":"","ast-site-content-layout":"default","site-content-style":"default","site-sidebar-style":"default","ast-global-header-display":"","ast-banner-title-visibility":"","ast-main-header-display":"","ast-hfb-above-header-display":"","ast-hfb-below-header-display":"","ast-hfb-mobile-header-display":"","site-post-title":"","ast-breadcrumbs-content":"","ast-featured-img":"","footer-sml-layout":"","ast-disable-related-posts":"","theme-transparent-header-meta":"default","adv-header-id-meta":"","stick-header-meta":"","header-above-stick-meta":"","header-main-stick-meta":"","header-below-stick-meta":"","astra-migrate-meta-layouts":"set","ast-page-background-enabled":"default","ast-page-background-meta":{"desktop":{"background-color":"","background-image":"","background-repeat":"repeat","background-position":"center center","background-size":"auto","background-attachment":"scroll","background-type":"","background-media":"","overlay-type":"","overlay-color":"","overlay-opacity":"","overlay-gradient":""},"tablet":{"background-color":"","background-image":"","background-repeat":"repeat","background-position":"center center","background-size":"auto","background-attachment":"scroll","background-type":"","background-media":"","overlay-type":"","overlay-color":"","overlay-opacity":"","overlay-gradient":""},"mobile":{"background-color":"","background-image":"","background-repeat":"repeat","background-position":"center center","background-size":"auto","background-attachment":"scroll","background-type":"","background-media":"","overlay-type":"","overlay-color":"","overlay-opacity":"","overlay-gradient":""}},"ast-content-background-meta":{"desktop":{"background-color":"var(--ast-global-color-5)","background-image":"","background-repeat":"repeat","background-position":"center center","background-size":"auto","background-attachment":"scroll","background-type":"","background-media":"","overlay-type":"","overlay-color":"","overlay-opacity":"","overlay-gradient":""},"tablet":{"background-color":"var(--ast-global-color-5)","background-image":"","background-repeat":"repeat","background-position":"center center","background-size":"auto","background-attachment":"scroll","background-type":"","background-media":"","overlay-type":"","overlay-color":"","overlay-opacity":"","overlay-gradient":""},"mobile":{"background-color":"var(--ast-global-color-5)","background-image":"","background-repeat":"repeat","background-position":"center center","background-size":"auto","background-attachment":"scroll","background-type":"","background-media":"","overlay-type":"","overlay-color":"","overlay-opacity":"","overlay-gradient":""}}},"product_brand":[],"product_cat":[17,54,52],"product_tag":[],"class_list":{"0":"post-1981","1":"product","2":"type-product","3":"status-publish","4":"has-post-thumbnail","6":"product_cat-globaldocs","7":"product_cat-new-passport-applications","8":"product_cat-passport-services","9":"desktop-align-left","10":"tablet-align-left","11":"mobile-align-left","13":"first","14":"instock","15":"shipping-taxable","16":"product-type-external"},"_links":{"self":[{"href":"https:\/\/globaldocs.store\/es\/wp-json\/wp\/v2\/product\/1981","targetHints":{"allow":["GET"]}}],"collection":[{"href":"https:\/\/globaldocs.store\/es\/wp-json\/wp\/v2\/product"}],"about":[{"href":"https:\/\/globaldocs.store\/es\/wp-json\/wp\/v2\/types\/product"}],"replies":[{"embeddable":true,"href":"https:\/\/globaldocs.store\/es\/wp-json\/wp\/v2\/comments?post=1981"}],"version-history":[{"count":2,"href":"https:\/\/globaldocs.store\/es\/wp-json\/wp\/v2\/product\/1981\/revisions"}],"predecessor-version":[{"id":1984,"href":"https:\/\/globaldocs.store\/es\/wp-json\/wp\/v2\/product\/1981\/revisions\/1984"}],"wp:featuredmedia":[{"embeddable":true,"href":"https:\/\/globaldocs.store\/es\/wp-json\/wp\/v2\/media\/1982"}],"wp:attachment":[{"href":"https:\/\/globaldocs.store\/es\/wp-json\/wp\/v2\/media?parent=1981"}],"wp:term":[{"taxonomy":"product_brand","embeddable":true,"href":"https:\/\/globaldocs.store\/es\/wp-json\/wp\/v2\/product_brand?post=1981"},{"taxonomy":"product_cat","embeddable":true,"href":"https:\/\/globaldocs.store\/es\/wp-json\/wp\/v2\/product_cat?post=1981"},{"taxonomy":"product_tag","embeddable":true,"href":"https:\/\/globaldocs.store\/es\/wp-json\/wp\/v2\/product_tag?post=1981"}],"curies":[{"name":"wp","href":"https:\/\/api.w.org\/{rel}","templated":true}]}}