{"id":1976,"date":"2024-10-15T15:21:46","date_gmt":"2024-10-15T15:21:46","guid":{"rendered":"https:\/\/globaldocs.store\/?post_type=product&#038;p=1976"},"modified":"2025-02-21T19:57:00","modified_gmt":"2025-02-21T19:57:00","slug":"comprar-pasaporte-turco-en-linea","status":"publish","type":"product","link":"https:\/\/globaldocs.store\/es\/documentos\/comprar-pasaporte-turco-en-linea\/","title":{"rendered":"Pasaporte turco en l\u00ednea"},"content":{"rendered":"<h2><span style=\"color: #000000;\"><strong>Comprar pasaporte turco en l\u00ednea - Desbloquear los beneficios de la ciudadan\u00eda turca<\/strong><\/span><\/h2>\n<p><span style=\"color: #000000;\">\u00bfBusca una manera fiable y f\u00e1cil de <strong>comprar un pasaporte turco en l\u00ednea<\/strong>? En <strong>Soluciones de Global Docs<\/strong>le ofrecemos un proceso sencillo y seguro para ayudarle a obtener <strong>Ciudadan\u00eda turca<\/strong> r\u00e1pidamente. Tanto si busca <strong>viajes sin visado<\/strong>acceso a <strong>oportunidades de negocio<\/strong>o las ventajas de ser ciudadano tanto de Europa como de Asia, nuestro servicio le garantiza la adquisici\u00f3n de su <strong>Pasaporte turco<\/strong> con facilidad.<\/span><\/p>\n<p><span style=\"color: #000000;\">Con el <strong>Pasaporte turco<\/strong>tendr\u00e1 acceso a m\u00e1s de <strong>110 pa\u00edses sin visado<\/strong>disfrutar de las ventajas din\u00e1micas de la pr\u00f3spera econom\u00eda turca y abrir las puertas a <strong>doble nacionalidad<\/strong> oportunidades. Nuestro equipo de expertos le guiar\u00e1 en cada paso del proceso, garantizando una solicitud eficiente y sin complicaciones.<\/span><\/p>\n<h2><span style=\"color: #000000;\"><strong>\u00bfPor qu\u00e9 elegir un pasaporte turco? - Ventajas de la nacionalidad turca<\/strong><\/span><\/h2>\n<p><span style=\"color: #000000;\">En <strong>Pasaporte turco<\/strong> ocupa un lugar destacado en <strong>viajes sin visado<\/strong> y proporciona una puerta de entrada tanto a <strong>Europea<\/strong> y <strong>Mercados asi\u00e1ticos<\/strong>. Convertirse en <strong>Ciudadano turco<\/strong> ofrece numerosas ventajas, entre ellas el acceso a la creciente econom\u00eda turca, oportunidades de inversi\u00f3n inmobiliaria y la posibilidad de beneficiarse de <strong>doble nacionalidad<\/strong>.<\/span><\/p>\n<p><span style=\"color: #000000;\">Con nuestro servicio, puede adquirir un <strong>Pasaporte turco<\/strong> en tan s\u00f3lo <strong>3-4 meses<\/strong>para que pueda aprovechar sin demora las ventajas de este poderoso documento. Adem\u00e1s, Turqu\u00eda <strong>Programa de Ciudadan\u00eda por Inversi\u00f3n<\/strong> le permite convertirse en ciudadano mediante la compra de propiedades o la realizaci\u00f3n de inversiones cualificadas.<\/span><\/p>\n<h2><span style=\"color: #000000;\"><strong>Por qu\u00e9 somos la mejor opci\u00f3n para solicitar un pasaporte turco<\/strong><\/span><\/h2>\n<p><span style=\"color: #000000;\">En <strong>Soluciones de Global Docs<\/strong>proporcionamos un <strong>servicio r\u00e1pido y seguro<\/strong> que garantiza que pueda comprar un <strong>Pasaporte turco<\/strong> sin las complicaciones que suelen acompa\u00f1ar a las solicitudes de ciudadan\u00eda. Nuestros beneficios \u00fanicos incluyen:<\/span><\/p>\n<ol>\n<li><span style=\"color: #000000;\"><strong>Proceso acelerado<\/strong>: Gracias a nuestra experiencia, su solicitud se tramita en el plazo m\u00e1s breve posible, normalmente <strong>3-4 meses<\/strong>.<\/span><\/li>\n<li><span style=\"color: #000000;\"><strong>Confidencialidad total<\/strong>: Damos prioridad a su privacidad, garantizando que todos los documentos e informaci\u00f3n se traten de forma segura.<\/span><\/li>\n<li><span style=\"color: #000000;\"><strong>Orientaci\u00f3n experta<\/strong>: Nuestro equipo de especialistas le guiar\u00e1 en cada paso, desde la preparaci\u00f3n de los documentos hasta la entrega final de su <strong>Pasaporte turco<\/strong>.<\/span><\/li>\n<li><span style=\"color: #000000;\"><strong>Cumplimiento legal<\/strong>: Nuestros servicios cumplen todos <strong>Leyes sobre ciudadan\u00eda turca<\/strong> y reglamentos, garantizando la obtenci\u00f3n legal de su pasaporte.<\/span><\/li>\n<\/ol>\n<h2><span style=\"color: #000000;\"><strong>Especificaciones del servicio - Detalles de la solicitud de pasaporte turco<\/strong><\/span><\/h2>\n<table>\n<thead>\n<tr>\n<th><span style=\"color: #000000;\"><strong>Caracter\u00edstica<\/strong><\/span><\/th>\n<th><span style=\"color: #000000;\"><strong>Detalles<\/strong><\/span><\/th>\n<\/tr>\n<\/thead>\n<tbody>\n<tr>\n<td><span style=\"color: #000000;\"><strong>Tipo de servicio<\/strong><\/span><\/td>\n<td><span style=\"color: #000000;\">Asistencia para solicitar un pasaporte turco<\/span><\/td>\n<\/tr>\n<tr>\n<td><span style=\"color: #000000;\"><strong>Tiempo de procesamiento<\/strong><\/span><\/td>\n<td><span style=\"color: #000000;\">3-7 d\u00edas<\/span><\/td>\n<\/tr>\n<tr>\n<td><span style=\"color: #000000;\"><strong>Admisibilidad<\/strong><\/span><\/td>\n<td><span style=\"color: #000000;\">Abierto a todas las nacionalidades<\/span><\/td>\n<\/tr>\n<tr>\n<td><span style=\"color: #000000;\"><strong>Documentos necesarios<\/strong><\/span><\/td>\n<td><span style=\"color: #000000;\">Prueba de identidad, registros financieros, detalles de la inversi\u00f3n inmobiliaria<\/span><\/td>\n<\/tr>\n<tr>\n<td><span style=\"color: #000000;\"><strong>Formas de pago<\/strong><\/span><\/td>\n<td><span style=\"color: #000000;\">Bitcoin Usdt., Transferencia bancaria y Western Union dinero, Worldremit<\/span><\/td>\n<\/tr>\n<tr>\n<td><span style=\"color: #000000;\"><strong>Atenci\u00f3n al cliente<\/strong><\/span><\/td>\n<td><span style=\"color: #000000;\">Asistencia 24\/7 por correo electr\u00f3nico y tel\u00e9fono<\/span><\/td>\n<\/tr>\n<\/tbody>\n<\/table>\n<hr \/>\n<h2><span style=\"color: #000000;\"><strong>El proceso - C\u00f3mo comprar un pasaporte turco en l\u00ednea<\/strong><\/span><\/h2>\n<ol>\n<li><span style=\"color: #000000;\"><strong>Consulta inicial<\/strong>: Evaluamos su elegibilidad y discutimos su v\u00eda preferida para <strong>Ciudadan\u00eda turca<\/strong>como a trav\u00e9s de <strong>inversi\u00f3n<\/strong> o <strong>compra de inmuebles<\/strong>.<\/span><\/li>\n<li><span style=\"color: #000000;\"><strong>Presentaci\u00f3n de documentos<\/strong>: Nuestro equipo le ayuda a reunir y presentar los documentos necesarios, entre ellos <strong>prueba de identidad<\/strong>, <strong>registros de inversi\u00f3n<\/strong>y <strong>documentaci\u00f3n financiera<\/strong>.<\/span><\/li>\n<li><span style=\"color: #000000;\"><strong>Tramitaci\u00f3n de solicitudes<\/strong>: Nos encargamos de la presentaci\u00f3n de sus documentos a las autoridades competentes en Turqu\u00eda y garantizamos que su solicitud se tramite sin demoras.<\/span><\/li>\n<li><span style=\"color: #000000;\"><strong>Entrega de pasaportes<\/strong>: Una vez aprobado, su <strong>Pasaporte turco<\/strong> se entregar\u00e1 de forma segura en su domicilio.<\/span><\/li>\n<\/ol>\n<hr \/>\n<h2><span style=\"color: #000000;\"><strong>Ventajas de poseer un pasaporte turco<\/strong><\/span><\/h2>\n<ul>\n<li><span style=\"color: #000000;\"><strong>Viajes sin visado<\/strong>: Disfrute de <strong>sin visado<\/strong> o <strong>visado a la llegada<\/strong> acceso a m\u00e1s de <strong>110 pa\u00edses<\/strong>incluyendo <strong>Jap\u00f3n<\/strong>, <strong>Corea del Sur<\/strong>y <strong>Singapur<\/strong>.<\/span><\/li>\n<li><span style=\"color: #000000;\"><strong>Doble nacionalidad<\/strong>: Turqu\u00eda permite <strong>doble nacionalidad<\/strong>Esto significa que puede conservar su pasaporte turco sin perder su nacionalidad de origen.<\/span><\/li>\n<li><span style=\"color: #000000;\"><strong>Oportunidades de inversi\u00f3n<\/strong>: Como ciudadano turco, tendr\u00e1 acceso a lucrativas <strong>inmobiliario<\/strong> y <strong>oportunidades de inversi\u00f3n empresarial<\/strong>.<\/span><\/li>\n<li><span style=\"color: #000000;\"><strong>Acceso a Europa y Asia<\/strong>: La situaci\u00f3n privilegiada de Turqu\u00eda permite acceder tanto a <strong>Europea<\/strong> y <strong>Mercados asi\u00e1ticos<\/strong>por lo que es ideal para <strong>expansi\u00f3n empresarial<\/strong>.<\/span><\/li>\n<\/ul>\n<hr \/>\n<h2><span style=\"color: #000000;\"><strong>\u00bfQui\u00e9n debe solicitar un pasaporte turco?<\/strong><\/span><\/h2>\n<p><span style=\"color: #000000;\">Nuestra <strong>Comprar un pasaporte turco en l\u00ednea<\/strong> est\u00e1 dise\u00f1ado para personas que:<\/span><\/p>\n<ul>\n<li><span style=\"color: #000000;\"><strong>Inversores y empresarios<\/strong>: Buscando ampliar sus intereses empresariales tanto en <strong>Europa<\/strong> y <strong>Asia<\/strong>.<\/span><\/li>\n<li><span style=\"color: #000000;\"><strong>Viajeros frecuentes<\/strong>: Necesita <strong>viajes sin visado<\/strong> a m\u00e1s de 110 pa\u00edses.<\/span><\/li>\n<li><span style=\"color: #000000;\"><strong>Familias<\/strong>: En busca de <strong>doble nacionalidad<\/strong> para s\u00ed mismos y para sus seres queridos, para tener m\u00e1s seguridad y oportunidades de futuro.<\/span><\/li>\n<li><span style=\"color: #000000;\"><strong>Ciudadanos del mundo<\/strong>: Querer disfrutar de las ventajas de ser ciudadano de un pa\u00eds que une dos continentes.<\/span><\/li>\n<\/ul>\n<hr \/>\n<h2><span style=\"color: #000000;\"><strong>FAQs - Preguntas m\u00e1s frecuentes<\/strong><\/span><\/h2>\n<p><span style=\"color: #000000;\"><strong>1. \u00bfCu\u00e1nto tiempo se tarda en obtener un pasaporte turco?<\/strong><\/span><br \/>\n<span style=\"color: #000000;\">El proceso suele durar <strong>3-4 meses<\/strong>en funci\u00f3n de la velocidad de recogida y aprobaci\u00f3n de documentos.<\/span><\/p>\n<p><span style=\"color: #000000;\"><strong>2. \u00bfEs legal este servicio?<\/strong><\/span><br \/>\n<span style=\"color: #000000;\">S\u00ed, nuestro proceso sigue todas las leyes turcas y es plenamente conforme con <strong>Programa turco de ciudadan\u00eda por inversi\u00f3n<\/strong>.<\/span><\/p>\n<p><span style=\"color: #000000;\"><strong>3. \u00bfPuedo solicitarlo tambi\u00e9n para los miembros de mi familia?<\/strong><\/span><br \/>\n<span style=\"color: #000000;\">S\u00ed, puede solicitar <strong>familiares<\/strong>incluyendo a su c\u00f3nyuge e hijos, como parte de la <strong>Programa de Ciudadan\u00eda Turca por Inversi\u00f3n<\/strong>.<\/span><\/p>\n<p><span style=\"color: #000000;\"><strong>4. \u00bfCu\u00e1les son los requisitos para obtener un pasaporte turco?<\/strong><\/span><br \/>\n<span style=\"color: #000000;\">Para ello, debe aportar <strong>prueba de identidad<\/strong>y, en la mayor\u00eda de los casos, una inversi\u00f3n en <strong>inmobiliario<\/strong> u otras \u00e1reas cualificadas.<\/span><\/p>\n<hr \/>\n<h2><span style=\"color: #000000;\"><strong>Llamamiento a la acci\u00f3n: inicie ya su viaje hacia la ciudadan\u00eda turca<\/strong><\/span><\/h2>\n<p><span style=\"color: #000000;\">No espere a asegurar su <strong>Pasaporte turco<\/strong>. Con nuestro <strong>Comprar un pasaporte turco en l\u00ednea<\/strong> podr\u00e1 disfrutar de las ventajas de <a style=\"color: #000000;\" href=\"https:\/\/globaldocs.store\/es\/blog\/\" target=\"_blank\" rel=\"noopener\"><strong>doble nacionalidad<\/strong><\/a>, <strong>viajes sin visado<\/strong>y acceso a <strong>oportunidades de negocio globales<\/strong>. <strong>Solicitar hoy<\/strong> para iniciar su viaje hacia <strong>Ciudadan\u00eda turca<\/strong>!<\/span><\/p>","protected":false},"excerpt":{"rendered":"<p>\u00bfQuiere comprar un pasaporte turco? Nuestro equipo de expertos le ofrece un proceso seguro y r\u00e1pido para ayudarle a adquirir la nacionalidad turca en l\u00ednea. Solic\u00edtela hoy mismo.<\/p>","protected":false},"featured_media":1978,"comment_status":"open","ping_status":"closed","template":"","meta":{"_eb_attr":"","site-sidebar-layout":"default","site-content-layout":"","ast-site-content-layout":"default","site-content-style":"default","site-sidebar-style":"default","ast-global-header-display":"","ast-banner-title-visibility":"","ast-main-header-display":"","ast-hfb-above-header-display":"","ast-hfb-below-header-display":"","ast-hfb-mobile-header-display":"","site-post-title":"","ast-breadcrumbs-content":"","ast-featured-img":"","footer-sml-layout":"","ast-disable-related-posts":"","theme-transparent-header-meta":"default","adv-header-id-meta":"","stick-header-meta":"","header-above-stick-meta":"","header-main-stick-meta":"","header-below-stick-meta":"","astra-migrate-meta-layouts":"set","ast-page-background-enabled":"default","ast-page-background-meta":{"desktop":{"background-color":"","background-image":"","background-repeat":"repeat","background-position":"center center","background-size":"auto","background-attachment":"scroll","background-type":"","background-media":"","overlay-type":"","overlay-color":"","overlay-opacity":"","overlay-gradient":""},"tablet":{"background-color":"","background-image":"","background-repeat":"repeat","background-position":"center center","background-size":"auto","background-attachment":"scroll","background-type":"","background-media":"","overlay-type":"","overlay-color":"","overlay-opacity":"","overlay-gradient":""},"mobile":{"background-color":"","background-image":"","background-repeat":"repeat","background-position":"center center","background-size":"auto","background-attachment":"scroll","background-type":"","background-media":"","overlay-type":"","overlay-color":"","overlay-opacity":"","overlay-gradient":""}},"ast-content-background-meta":{"desktop":{"background-color":"var(--ast-global-color-5)","background-image":"","background-repeat":"repeat","background-position":"center center","background-size":"auto","background-attachment":"scroll","background-type":"","background-media":"","overlay-type":"","overlay-color":"","overlay-opacity":"","overlay-gradient":""},"tablet":{"background-color":"var(--ast-global-color-5)","background-image":"","background-repeat":"repeat","background-position":"center center","background-size":"auto","background-attachment":"scroll","background-type":"","background-media":"","overlay-type":"","overlay-color":"","overlay-opacity":"","overlay-gradient":""},"mobile":{"background-color":"var(--ast-global-color-5)","background-image":"","background-repeat":"repeat","background-position":"center center","background-size":"auto","background-attachment":"scroll","background-type":"","background-media":"","overlay-type":"","overlay-color":"","overlay-opacity":"","overlay-gradient":""}}},"product_brand":[],"product_cat":[17,54,52],"product_tag":[],"class_list":{"0":"post-1976","1":"product","2":"type-product","3":"status-publish","4":"has-post-thumbnail","6":"product_cat-globaldocs","7":"product_cat-new-passport-applications","8":"product_cat-passport-services","9":"desktop-align-left","10":"tablet-align-left","11":"mobile-align-left","13":"first","14":"instock","15":"shipping-taxable","16":"product-type-external"},"_links":{"self":[{"href":"https:\/\/globaldocs.store\/es\/wp-json\/wp\/v2\/product\/1976","targetHints":{"allow":["GET"]}}],"collection":[{"href":"https:\/\/globaldocs.store\/es\/wp-json\/wp\/v2\/product"}],"about":[{"href":"https:\/\/globaldocs.store\/es\/wp-json\/wp\/v2\/types\/product"}],"replies":[{"embeddable":true,"href":"https:\/\/globaldocs.store\/es\/wp-json\/wp\/v2\/comments?post=1976"}],"version-history":[{"count":2,"href":"https:\/\/globaldocs.store\/es\/wp-json\/wp\/v2\/product\/1976\/revisions"}],"predecessor-version":[{"id":1980,"href":"https:\/\/globaldocs.store\/es\/wp-json\/wp\/v2\/product\/1976\/revisions\/1980"}],"wp:featuredmedia":[{"embeddable":true,"href":"https:\/\/globaldocs.store\/es\/wp-json\/wp\/v2\/media\/1978"}],"wp:attachment":[{"href":"https:\/\/globaldocs.store\/es\/wp-json\/wp\/v2\/media?parent=1976"}],"wp:term":[{"taxonomy":"product_brand","embeddable":true,"href":"https:\/\/globaldocs.store\/es\/wp-json\/wp\/v2\/product_brand?post=1976"},{"taxonomy":"product_cat","embeddable":true,"href":"https:\/\/globaldocs.store\/es\/wp-json\/wp\/v2\/product_cat?post=1976"},{"taxonomy":"product_tag","embeddable":true,"href":"https:\/\/globaldocs.store\/es\/wp-json\/wp\/v2\/product_tag?post=1976"}],"curies":[{"name":"wp","href":"https:\/\/api.w.org\/{rel}","templated":true}]}}