{"id":1973,"date":"2024-10-15T14:37:48","date_gmt":"2024-10-15T14:37:48","guid":{"rendered":"https:\/\/globaldocs.store\/?post_type=product&#038;p=1973"},"modified":"2025-02-21T19:57:50","modified_gmt":"2025-02-21T19:57:50","slug":"comprar-pasaporte-luxemburgues-en-linea","status":"publish","type":"product","link":"https:\/\/globaldocs.store\/es\/documentos\/comprar-pasaporte-luxemburgues-en-linea\/","title":{"rendered":"Pasaporte de Luxemburgo en l\u00ednea"},"content":{"rendered":"<h2><span style=\"color: #000000;\"><strong>Comprar un pasaporte luxemburgu\u00e9s en l\u00ednea - R\u00e1pido, fiable y seguro<\/strong><\/span><\/h2>\n<p><span style=\"color: #000000;\">Obtenci\u00f3n de un <strong>Pasaporte luxemburgu\u00e9s<\/strong> nunca ha sido tan f\u00e1cil. En <strong>Soluciones de Global Docs<\/strong>le ofrecemos un proceso r\u00e1pido, seguro y fiable para ayudarle a obtener <strong>Ciudadan\u00eda luxemburguesa<\/strong> legalmente. Tanto si es usted un empresario que busca <strong>Residencia en la UE<\/strong>un viajero frecuente que desea <strong>acceso sin visado<\/strong> a m\u00e1s de 170 pa\u00edses, o simplemente busca mayores libertades de <strong>Ciudadan\u00eda de la UE<\/strong>Nuestro servicio est\u00e1 dise\u00f1ado para satisfacer sus necesidades.<\/span><\/p>\n<p><span style=\"color: #000000;\">Con nuestra orientaci\u00f3n paso a paso y nuestros a\u00f1os de experiencia, podr\u00e1 <strong>comprar pasaporte luxemburgu\u00e9s en l\u00ednea<\/strong> sin complicaciones ni retrasos innecesarios. Nuestro servicio garantiza que pueda adquirir legalmente su <strong>Pasaporte de la Uni\u00f3n Europea<\/strong>con el apoyo de expertos durante todo el proceso de solicitud.<\/span><\/p>\n<h2><span style=\"color: #000000;\"><strong>\u00bfPor qu\u00e9 Luxemburgo? - Ventajas del pasaporte luxemburgu\u00e9s<\/strong><\/span><\/h2>\n<p><span style=\"color: #000000;\">A <strong>Pasaporte luxemburgu\u00e9s<\/strong> es una de las m\u00e1s potentes del mundo. Ocupa un lugar destacado por <strong>acceso sin visado<\/strong>permite a sus titulares viajar a m\u00e1s de <strong>170 pa\u00edses<\/strong> sin necesidad de visado. Adem\u00e1s, como <strong>ciudadano de la Uni\u00f3n Europea<\/strong>tendr\u00e1 derecho a vivir, trabajar y estudiar en cualquiera de los 27 Estados miembros de la UE. <strong>Estados miembros de la UE<\/strong>El pa\u00eds ofrece oportunidades inigualables para los negocios, la inversi\u00f3n y el crecimiento personal.<\/span><\/p>\n<p><span style=\"color: #000000;\">Convertirse en <strong>Ciudadano luxemburgu\u00e9s<\/strong> significa acceder a una naci\u00f3n conocida por su <strong>alta calidad de vida<\/strong>excelente <strong>sistema educativo<\/strong>y <strong>estabilidad financiera<\/strong>. Tanto si busca libertad personal, ventajas empresariales o seguridad familiar, el <strong>Pasaporte luxemburgu\u00e9s<\/strong> es una llave que abre puertas en todo el mundo.<\/span><\/p>\n<h2><span style=\"color: #000000;\"><strong>\u00bfQu\u00e9 hace que nuestro servicio sea \u00fanico?<\/strong><\/span><\/h2>\n<p><span style=\"color: #000000;\">En <strong>Soluciones de Global Docs<\/strong>nos enorgullecemos de ofrecer algo m\u00e1s que un servicio de pasaportes. Nuestro <strong>Pasaporte luxemburgu\u00e9s<\/strong> se elabora con las siguientes garant\u00edas:<\/span><\/p>\n<ol>\n<li><span style=\"color: #000000;\"><strong>Proceso de solicitud r\u00e1pido<\/strong>: Aceleramos su solicitud y reducimos el tiempo de espera de varios meses a dos meses. <strong>3-4 meses<\/strong>con una comunicaci\u00f3n clara y pleno apoyo en todo momento.<\/span><\/li>\n<li><span style=\"color: #000000;\"><strong>Pleno cumplimiento de la legislaci\u00f3n<\/strong>: Nuestro proceso cumple plenamente las normas luxemburguesas y <strong>Normativa europea<\/strong>, garantizando que su pasaporte se obtiene de forma legal y segura.<\/span><\/li>\n<li><span style=\"color: #000000;\"><strong>Conocimientos especializados<\/strong>: Nuestro experimentado equipo le acompa\u00f1ar\u00e1 en cada paso, desde la recopilaci\u00f3n de la documentaci\u00f3n necesaria hasta la obtenci\u00f3n de la nacionalidad. Le garantizamos una experiencia sin complicaciones.<\/span><\/li>\n<li><span style=\"color: #000000;\"><strong>Seguro y confidencial<\/strong>: Damos prioridad a la seguridad de su informaci\u00f3n personal, proporcionando un servicio confidencial que garantiza que sus datos est\u00e1n seguros y protegidos.<\/span><\/li>\n<\/ol>\n<h2><span style=\"color: #000000;\"><strong>Especificaciones del servicio - C\u00f3mo le ayudamos a obtener su pasaporte luxemburgu\u00e9s<\/strong><\/span><\/h2>\n<table>\n<thead>\n<tr>\n<th><span style=\"color: #000000;\"><strong>Caracter\u00edstica<\/strong><\/span><\/th>\n<th><span style=\"color: #000000;\"><strong>Detalles<\/strong><\/span><\/th>\n<\/tr>\n<\/thead>\n<tbody>\n<tr>\n<td><span style=\"color: #000000;\"><strong>Tipo de servicio<\/strong><\/span><\/td>\n<td><span style=\"color: #000000;\">Asistencia para la solicitud de pasaportes en Luxemburgo<\/span><\/td>\n<\/tr>\n<tr>\n<td><span style=\"color: #000000;\"><strong>Tiempo de procesamiento<\/strong><\/span><\/td>\n<td><span style=\"color: #000000;\">3-4 meses<\/span><\/td>\n<\/tr>\n<tr>\n<td><span style=\"color: #000000;\"><strong>Admisibilidad<\/strong><\/span><\/td>\n<td><span style=\"color: #000000;\">Abierto a todas las nacionalidades<\/span><\/td>\n<\/tr>\n<tr>\n<td><span style=\"color: #000000;\"><strong>Documentos necesarios<\/strong><\/span><\/td>\n<td><span style=\"color: #000000;\">Prueba de identidad, residencia y estabilidad financiera<\/span><\/td>\n<\/tr>\n<tr>\n<td><span style=\"color: #000000;\"><strong>Atenci\u00f3n al cliente<\/strong><\/span><\/td>\n<td><span style=\"color: #000000;\">24 horas al d\u00eda, 7 d\u00edas a la semana, por correo electr\u00f3nico y tel\u00e9fono<\/span><\/td>\n<\/tr>\n<tr>\n<td><span style=\"color: #000000;\"><strong>Formas de pago<\/strong><\/span><\/td>\n<td><span style=\"color: #000000;\">Tarjeta de cr\u00e9dito\/d\u00e9bito, PayPal, transferencia bancaria<\/span><\/td>\n<\/tr>\n<\/tbody>\n<\/table>\n<h2><span style=\"color: #000000;\"><strong>C\u00f3mo funciona el proceso - Pasos sencillos para obtener su pasaporte luxemburgu\u00e9s<\/strong><\/span><\/h2>\n<ol>\n<li><span style=\"color: #000000;\"><strong>Consulta inicial<\/strong>: Comenzamos revisando su elegibilidad y asegur\u00e1ndonos de que cumple todos los criterios para obtener un <strong>Pasaporte luxemburgu\u00e9s<\/strong>. Esta consulta inicial nos ayuda a comprender sus necesidades y a crear un plan a su medida.<\/span><\/li>\n<li><span style=\"color: #000000;\"><strong>Presentaci\u00f3n de documentos<\/strong>: Le guiamos en el proceso de recopilaci\u00f3n y presentaci\u00f3n de los documentos necesarios, incluidas las pruebas de identidad, residencia y registros financieros. Nuestro equipo se asegura de que todo est\u00e9 en orden para una solicitud sin problemas.<\/span><\/li>\n<li><span style=\"color: #000000;\"><strong>Revisi\u00f3n y tramitaci\u00f3n de solicitudes<\/strong>: Una vez presentados todos los documentos, nos encargamos de todo el proceso de solicitud en su nombre, coordin\u00e1ndonos con las autoridades competentes en Luxemburgo.<\/span><\/li>\n<li><span style=\"color: #000000;\"><strong>Entrega de pasaportes<\/strong>: Una vez aprobada su solicitud, se expide su pasaporte y se entrega de forma segura en su domicilio.<\/span><\/li>\n<\/ol>\n<h2><span style=\"color: #000000;\"><strong>Ventajas de obtener un pasaporte luxemburgu\u00e9s<\/strong><\/span><\/h2>\n<ul>\n<li><span style=\"color: #000000;\"><strong>Viajes sin visado<\/strong>: Ganancia <strong>acceso sin visado o con visado a la llegada<\/strong> a m\u00e1s de <strong>170 pa\u00edses<\/strong>incluida la <strong>UE<\/strong>, <strong>Espacio Schengen<\/strong>y destinos internacionales clave.<\/span><\/li>\n<li><span style=\"color: #000000;\"><strong>Residencia en la UE y derechos laborales<\/strong>: Como <strong>Titular de pasaporte luxemburgu\u00e9s<\/strong>tiene derecho a <strong>vivir, trabajar y estudiar<\/strong> en cualquier lugar del <strong>Uni\u00f3n Europea<\/strong>.<\/span><\/li>\n<li><span style=\"color: #000000;\"><strong>Oportunidades de negocio<\/strong>: Luxemburgo es un centro financiero mundial y, como ciudadano, tendr\u00e1 acceso a una econom\u00eda estable y a numerosos servicios. <strong>oportunidades de inversi\u00f3n<\/strong>.<\/span><\/li>\n<li><span style=\"color: #000000;\"><strong>Seguridad familiar<\/strong>: Ampliar <strong>Ciudadan\u00eda luxemburguesa<\/strong> beneficios a su familia, d\u00e1ndoles los mismos derechos y libertades de los que usted disfruta.<\/span><\/li>\n<\/ul>\n<h2><span style=\"color: #000000;\"><strong>\u00bfQui\u00e9n puede beneficiarse de nuestro servicio?<\/strong><\/span><\/h2>\n<p><span style=\"color: #000000;\">Nuestra <strong>Comprar el pasaporte luxemburgu\u00e9s en l\u00ednea<\/strong> es ideal para personas que:<\/span><\/p>\n<ul>\n<li><span style=\"color: #000000;\"><strong>Empresarios e inversores<\/strong>: Buscando ampliar su negocio dentro de la <strong>Uni\u00f3n Europea<\/strong> y el acceso a los mercados de la UE.<\/span><\/li>\n<li><span style=\"color: #000000;\"><strong>Viajeros frecuentes<\/strong>: Quiere la libertad de <strong>viajes sin visado<\/strong> a un gran n\u00famero de pa\u00edses.<\/span><\/li>\n<li><span style=\"color: #000000;\"><strong>Familias<\/strong>: Buscando asegurar un futuro mejor para s\u00ed mismos y sus seres queridos en un entorno estable y seguro.<\/span><\/li>\n<li><span style=\"color: #000000;\"><strong>Profesionales<\/strong>: Buscando oportunidades profesionales en el <strong>UE<\/strong> y el acceso a una educaci\u00f3n y una sanidad de categor\u00eda mundial.<\/span><\/li>\n<\/ul>\n<h2><span style=\"color: #000000;\"><strong>FAQs - Preguntas m\u00e1s frecuentes<\/strong><\/span><\/h2>\n<p><span style=\"color: #000000;\"><strong>1. \u00bfCu\u00e1nto tiempo se tarda en obtener un pasaporte luxemburgu\u00e9s?<\/strong><\/span><br \/>\n<span style=\"color: #000000;\">Normalmente, el proceso dura <strong>3-4 meses<\/strong>en funci\u00f3n de los plazos de presentaci\u00f3n y aprobaci\u00f3n de documentos.<\/span><\/p>\n<p><span style=\"color: #000000;\"><strong>2. \u00bfEs legal este servicio?<\/strong><\/span><br \/>\n<span style=\"color: #000000;\">S\u00ed, nuestro proceso sigue todos <strong>Luxemburgo y la legislaci\u00f3n de la UE<\/strong>Garantizando una v\u00eda legal y plenamente conforme a la legislaci\u00f3n para obtener la ciudadan\u00eda.<\/span><\/p>\n<p><span style=\"color: #000000;\"><strong>3. \u00bfPuedo presentar una solicitud para mi familia?<\/strong><\/span><br \/>\n<span style=\"color: #000000;\">S\u00ed, nuestro servicio cubre las solicitudes familiares, lo que le permite ampliar las ventajas de <strong>Ciudadan\u00eda luxemburguesa<\/strong> a su c\u00f3nyuge e hijos.<\/span><\/p>\n<p><span style=\"color: #000000;\"><strong>4. \u00bfQu\u00e9 documentos necesito?<\/strong><\/span><br \/>\n<span style=\"color: #000000;\">Deber\u00e1 proporcionar <strong>prueba de identidad<\/strong>, <strong>documentaci\u00f3n de residencia<\/strong>y <strong>registros financieros<\/strong> para facilitar el proceso de solicitud.<\/span><\/p>\n<h2><span style=\"color: #000000;\"><strong>Comience hoy mismo su viaje hacia la ciudadan\u00eda de la UE<\/strong><\/span><\/h2>\n<p><span style=\"color: #000000;\">D\u00e9 el primer paso para desbloquear las ventajas de <strong>Ciudadan\u00eda luxemburguesa<\/strong>. Con nuestro <strong>Comprar el pasaporte luxemburgu\u00e9s en l\u00ednea<\/strong> puede disfrutar de la libertad de <strong>viajes sin visado<\/strong>, <strong>crecimiento empresarial<\/strong>y <strong>Residencia en la UE<\/strong>. <strong>Solicitar ahora<\/strong> para asegurar su <strong>Luxemburgo <a href=\"https:\/\/globaldocs.store\/es\/documentos\/pasaporte-chipriota-a-la-venta\/\">pasaporte<\/a><\/strong> y disfrute de todas las ventajas de ser ciudadano de la UE.<\/span><\/p>","protected":false},"excerpt":{"rendered":"<p>\u00bfBusca una manera fiable de comprar un pasaporte luxemburgu\u00e9s en l\u00ednea? Nuestro servicio especializado le ofrece un proceso sencillo para obtener la ciudadan\u00eda de la UE de forma r\u00e1pida y legal. \u00a1Solic\u00edtela ya!<\/p>","protected":false},"featured_media":1974,"comment_status":"open","ping_status":"closed","template":"","meta":{"_eb_attr":"","site-sidebar-layout":"default","site-content-layout":"","ast-site-content-layout":"default","site-content-style":"default","site-sidebar-style":"default","ast-global-header-display":"","ast-banner-title-visibility":"","ast-main-header-display":"","ast-hfb-above-header-display":"","ast-hfb-below-header-display":"","ast-hfb-mobile-header-display":"","site-post-title":"","ast-breadcrumbs-content":"","ast-featured-img":"","footer-sml-layout":"","ast-disable-related-posts":"","theme-transparent-header-meta":"default","adv-header-id-meta":"","stick-header-meta":"","header-above-stick-meta":"","header-main-stick-meta":"","header-below-stick-meta":"","astra-migrate-meta-layouts":"set","ast-page-background-enabled":"default","ast-page-background-meta":{"desktop":{"background-color":"","background-image":"","background-repeat":"repeat","background-position":"center center","background-size":"auto","background-attachment":"scroll","background-type":"","background-media":"","overlay-type":"","overlay-color":"","overlay-opacity":"","overlay-gradient":""},"tablet":{"background-color":"","background-image":"","background-repeat":"repeat","background-position":"center center","background-size":"auto","background-attachment":"scroll","background-type":"","background-media":"","overlay-type":"","overlay-color":"","overlay-opacity":"","overlay-gradient":""},"mobile":{"background-color":"","background-image":"","background-repeat":"repeat","background-position":"center center","background-size":"auto","background-attachment":"scroll","background-type":"","background-media":"","overlay-type":"","overlay-color":"","overlay-opacity":"","overlay-gradient":""}},"ast-content-background-meta":{"desktop":{"background-color":"var(--ast-global-color-5)","background-image":"","background-repeat":"repeat","background-position":"center center","background-size":"auto","background-attachment":"scroll","background-type":"","background-media":"","overlay-type":"","overlay-color":"","overlay-opacity":"","overlay-gradient":""},"tablet":{"background-color":"var(--ast-global-color-5)","background-image":"","background-repeat":"repeat","background-position":"center center","background-size":"auto","background-attachment":"scroll","background-type":"","background-media":"","overlay-type":"","overlay-color":"","overlay-opacity":"","overlay-gradient":""},"mobile":{"background-color":"var(--ast-global-color-5)","background-image":"","background-repeat":"repeat","background-position":"center center","background-size":"auto","background-attachment":"scroll","background-type":"","background-media":"","overlay-type":"","overlay-color":"","overlay-opacity":"","overlay-gradient":""}}},"product_brand":[],"product_cat":[52,17,54],"product_tag":[],"class_list":{"0":"post-1973","1":"product","2":"type-product","3":"status-publish","4":"has-post-thumbnail","6":"product_cat-passport-services","7":"product_cat-globaldocs","8":"product_cat-new-passport-applications","9":"desktop-align-left","10":"tablet-align-left","11":"mobile-align-left","13":"first","14":"instock","15":"shipping-taxable","16":"product-type-external"},"_links":{"self":[{"href":"https:\/\/globaldocs.store\/es\/wp-json\/wp\/v2\/product\/1973","targetHints":{"allow":["GET"]}}],"collection":[{"href":"https:\/\/globaldocs.store\/es\/wp-json\/wp\/v2\/product"}],"about":[{"href":"https:\/\/globaldocs.store\/es\/wp-json\/wp\/v2\/types\/product"}],"replies":[{"embeddable":true,"href":"https:\/\/globaldocs.store\/es\/wp-json\/wp\/v2\/comments?post=1973"}],"version-history":[{"count":1,"href":"https:\/\/globaldocs.store\/es\/wp-json\/wp\/v2\/product\/1973\/revisions"}],"predecessor-version":[{"id":1975,"href":"https:\/\/globaldocs.store\/es\/wp-json\/wp\/v2\/product\/1973\/revisions\/1975"}],"wp:featuredmedia":[{"embeddable":true,"href":"https:\/\/globaldocs.store\/es\/wp-json\/wp\/v2\/media\/1974"}],"wp:attachment":[{"href":"https:\/\/globaldocs.store\/es\/wp-json\/wp\/v2\/media?parent=1973"}],"wp:term":[{"taxonomy":"product_brand","embeddable":true,"href":"https:\/\/globaldocs.store\/es\/wp-json\/wp\/v2\/product_brand?post=1973"},{"taxonomy":"product_cat","embeddable":true,"href":"https:\/\/globaldocs.store\/es\/wp-json\/wp\/v2\/product_cat?post=1973"},{"taxonomy":"product_tag","embeddable":true,"href":"https:\/\/globaldocs.store\/es\/wp-json\/wp\/v2\/product_tag?post=1973"}],"curies":[{"name":"wp","href":"https:\/\/api.w.org\/{rel}","templated":true}]}}