{"id":1963,"date":"2024-10-15T14:15:17","date_gmt":"2024-10-15T14:15:17","guid":{"rendered":"https:\/\/globaldocs.store\/?post_type=product&#038;p=1963"},"modified":"2025-02-21T19:57:50","modified_gmt":"2025-02-21T19:57:50","slug":"pasaporte-chipriota-a-la-venta","status":"publish","type":"product","link":"https:\/\/globaldocs.store\/es\/documentos\/pasaporte-chipriota-a-la-venta\/","title":{"rendered":"Se vende pasaporte chipriota"},"content":{"rendered":"<h3 style=\"text-align: center;\">Se vende pasaporte chipriota<\/h3>\n<hr \/>\n<p>Adquisici\u00f3n de un <strong>Pasaporte chipriota<\/strong> nunca ha sido tan f\u00e1cil. Nuestro <strong>Se vende pasaporte chipriota<\/strong> le ayuda a obtener la nacionalidad chipriota de forma sencilla y fiable. Nuestro equipo de expertos le garantiza un proceso de solicitud r\u00e1pido y seguro, tanto si busca ventajas para viajar, la residencia europea o ventajas para sus negocios.<\/p>\n<p>Con <strong>Ciudadan\u00eda chipriota<\/strong>podr\u00e1 viajar sin visado a <strong>Europa<\/strong> y muchos otros pa\u00edses, junto con una serie de ventajas que conlleva ser un <strong>Ciudadano de la Uni\u00f3n Europea<\/strong>. Nuestro servicio racionalizado est\u00e1 dise\u00f1ado para que el proceso sea lo m\u00e1s sencillo posible, proporcion\u00e1ndole toda la orientaci\u00f3n que necesita de principio a fin.<\/p>\n<h3><strong>Especificaciones del servicio :<\/strong><\/h3>\n<table>\n<thead>\n<tr>\n<th><strong>Caracter\u00edstica<\/strong><\/th>\n<th><strong>Detalles<\/strong><\/th>\n<\/tr>\n<\/thead>\n<tbody>\n<tr>\n<td><strong>Tipo de servicio<\/strong><\/td>\n<td>Asistencia para la solicitud de pasaportes en Chipre<\/td>\n<\/tr>\n<tr>\n<td><strong>Tiempo de procesamiento<\/strong><\/td>\n<td>2-3 meses (en funci\u00f3n de las necesidades)<\/td>\n<\/tr>\n<tr>\n<td><strong>Admisibilidad<\/strong><\/td>\n<td>Abierto a personas de todas las nacionalidades<\/td>\n<\/tr>\n<tr>\n<td><strong>Requisitos de los documentos<\/strong><\/td>\n<td>Prueba de identidad, residencia, documentaci\u00f3n financiera<\/td>\n<\/tr>\n<tr>\n<td><strong>Ayuda<\/strong><\/td>\n<td>Atenci\u00f3n al cliente 24 horas al d\u00eda, 7 d\u00edas a la semana<\/td>\n<\/tr>\n<tr>\n<td><strong>Formas de pago<\/strong><\/td>\n<td>Tarjeta de cr\u00e9dito\/d\u00e9bito, PayPal, transferencia bancaria ,BTC, USDT<\/td>\n<\/tr>\n<\/tbody>\n<\/table>\n<h3><strong>\u00bfPor qu\u00e9 elegirnos?<\/strong><\/h3>\n<ol>\n<li><strong>Proceso r\u00e1pido y seguro<\/strong>: Agilizamos su solicitud de pasaporte en Chipre con m\u00ednimas demoras, garantizando un proceso fiable en cada paso del camino.<\/li>\n<li><strong>Fuente de confianza<\/strong>: Hemos ayudado a numerosos clientes a conseguir la nacionalidad chipriota a trav\u00e9s de nuestro servicio seguro y totalmente legal.<\/li>\n<li><strong>Apoyo integral<\/strong>: Desde la recogida de documentos hasta su presentaci\u00f3n, nuestro equipo le guiar\u00e1 a lo largo de todo el proceso para garantizarle una experiencia sin contratiempos.<\/li>\n<\/ol>\n<h3><strong>Ventajas de obtener un pasaporte chipriota<\/strong><\/h3>\n<ul>\n<li><strong>Viajes sin visado<\/strong>: Viaje sin visado a m\u00e1s de <strong>170 pa\u00edses<\/strong>incluida la UE y el espacio Schengen.<\/li>\n<li><strong>Ciudadan\u00eda de la UE<\/strong>: Obtenga los privilegios de un <strong>Ciudadano de la UE<\/strong>oportunidades de residencia y trabajo en toda Europa.<\/li>\n<li><strong>Oportunidades de negocio e inversi\u00f3n<\/strong>: Aprovechar el pasaporte chipriota para <strong>ventajas comerciales<\/strong> y el acceso a los mercados de la UE.<\/li>\n<li><strong>Prestaciones familiares<\/strong>: Extienda los beneficios de la ciudadan\u00eda chipriota a su familia, garantizando su seguridad y libertad futuras.<\/li>\n<\/ul>\n<h3><strong>Nuestra propuesta \u00fanica de venta (USP):<\/strong><\/h3>\n<p>En <strong>Soluciones de Global Docs<\/strong>Estamos especializados en <strong>acceso r\u00e1pido y seguro a los pasaportes chipriotas<\/strong>. Tanto si lo necesita para viajar, residir o por motivos profesionales, nuestro fiable servicio le garantiza que obtendr\u00e1 su pasaporte de forma r\u00e1pida y legal, sin complicaciones.<\/p>\n<p>&nbsp;<\/p>\n<h3><strong>Nuestro p\u00fablico:<\/strong><\/h3>\n<ul>\n<li><strong>Particulares con grandes patrimonios<\/strong>: Inversores y empresarios que buscan la ciudadan\u00eda de la UE para viajar con facilidad y ampliar sus negocios.<\/li>\n<li><strong>Viajeros frecuentes<\/strong>: Personas que buscan disfrutar <strong>viajes sin visado<\/strong> a Europa y m\u00e1s all\u00e1.<\/li>\n<li><strong>Familias<\/strong>: Aquellos que buscan asegurar un futuro mejor para s\u00ed mismos y sus familias mediante <strong>Ciudadan\u00eda europea<\/strong>.<\/li>\n<\/ul>\n<h3><strong>FAQs - Preguntas m\u00e1s frecuentes<\/strong><\/h3>\n<ol>\n<li><strong>\u00bfCu\u00e1nto tiempo se tarda en obtener un pasaporte chipriota?<\/strong><br \/>\nEl proceso suele durar <strong>2-3 meses<\/strong>en funci\u00f3n de la exactitud y exhaustividad de los documentos aportados.<\/li>\n<li><strong>\u00bfEs legal este servicio?<\/strong><br \/>\nS\u00ed, nuestro servicio sigue los procesos legales para ayudarle a adquirir un <strong>Chipre-pasaporte<\/strong> en virtud de las leyes y reglamentos vigentes.<\/li>\n<li><strong>\u00bfPuedo obtener tambi\u00e9n la nacionalidad chipriota para mi familia?<\/strong><br \/>\nS\u00ed, nuestro servicio le permite ampliar los beneficios de la nacionalidad a los miembros de su familia.<\/li>\n<li><strong>\u00bfCu\u00e1les son las principales ventajas de tener un pasaporte chipriota?<\/strong><br \/>\nUn pasaporte chipriota ofrece <strong>viajes sin visado<\/strong>, <strong>Residencia en la UE<\/strong>y <strong>oportunidades de negocio<\/strong> dentro de la UE.<\/li>\n<li><strong>\u00bfQu\u00e9 documentos debo presentar?<\/strong><br \/>\nTendr\u00e1 que presentar pruebas de identidad, residencia y documentaci\u00f3n financiera para tramitar su solicitud de pasaporte chipriota.<a href=\"http:\/\/facebook.com\" target=\"_blank\" rel=\"noopener\">.<\/a><\/li>\n<\/ol>\n<p>Aproveche las ventajas de <strong>Ciudadan\u00eda chipriota<\/strong> hoy. Con nuestro <strong>Se vende pasaporte chipriota<\/strong> podr\u00e1 disfrutar de viajes sin visado, oportunidades de negocio y la seguridad de la ciudadan\u00eda de la UE. <a href=\"https:\/\/globaldocs.store\/es\/solicitar-documentos\/\"><strong>Solicitar ahora<\/strong><\/a> \u00a1e inicia el viaje hacia tu nueva vida!<\/p>","protected":false},"excerpt":{"rendered":"<p>\u00bfDesea tramitar su pasaporte chipriota? Nuestro servicio le ofrece un proceso r\u00e1pido y fiable para ayudarle a adquirir la nacionalidad chipriota de forma r\u00e1pida y segura. Solic\u00edtela hoy mismo.<\/p>","protected":false},"featured_media":1964,"comment_status":"open","ping_status":"closed","template":"","meta":{"_eb_attr":"","site-sidebar-layout":"default","site-content-layout":"","ast-site-content-layout":"default","site-content-style":"default","site-sidebar-style":"default","ast-global-header-display":"","ast-banner-title-visibility":"","ast-main-header-display":"","ast-hfb-above-header-display":"","ast-hfb-below-header-display":"","ast-hfb-mobile-header-display":"","site-post-title":"","ast-breadcrumbs-content":"","ast-featured-img":"","footer-sml-layout":"","ast-disable-related-posts":"","theme-transparent-header-meta":"default","adv-header-id-meta":"","stick-header-meta":"","header-above-stick-meta":"","header-main-stick-meta":"","header-below-stick-meta":"","astra-migrate-meta-layouts":"set","ast-page-background-enabled":"default","ast-page-background-meta":{"desktop":{"background-color":"","background-image":"","background-repeat":"repeat","background-position":"center center","background-size":"auto","background-attachment":"scroll","background-type":"","background-media":"","overlay-type":"","overlay-color":"","overlay-opacity":"","overlay-gradient":""},"tablet":{"background-color":"","background-image":"","background-repeat":"repeat","background-position":"center center","background-size":"auto","background-attachment":"scroll","background-type":"","background-media":"","overlay-type":"","overlay-color":"","overlay-opacity":"","overlay-gradient":""},"mobile":{"background-color":"","background-image":"","background-repeat":"repeat","background-position":"center center","background-size":"auto","background-attachment":"scroll","background-type":"","background-media":"","overlay-type":"","overlay-color":"","overlay-opacity":"","overlay-gradient":""}},"ast-content-background-meta":{"desktop":{"background-color":"var(--ast-global-color-5)","background-image":"","background-repeat":"repeat","background-position":"center center","background-size":"auto","background-attachment":"scroll","background-type":"","background-media":"","overlay-type":"","overlay-color":"","overlay-opacity":"","overlay-gradient":""},"tablet":{"background-color":"var(--ast-global-color-5)","background-image":"","background-repeat":"repeat","background-position":"center center","background-size":"auto","background-attachment":"scroll","background-type":"","background-media":"","overlay-type":"","overlay-color":"","overlay-opacity":"","overlay-gradient":""},"mobile":{"background-color":"var(--ast-global-color-5)","background-image":"","background-repeat":"repeat","background-position":"center center","background-size":"auto","background-attachment":"scroll","background-type":"","background-media":"","overlay-type":"","overlay-color":"","overlay-opacity":"","overlay-gradient":""}}},"product_brand":[],"product_cat":[52,17,54],"product_tag":[],"class_list":{"0":"post-1963","1":"product","2":"type-product","3":"status-publish","4":"has-post-thumbnail","6":"product_cat-passport-services","7":"product_cat-globaldocs","8":"product_cat-new-passport-applications","9":"desktop-align-left","10":"tablet-align-left","11":"mobile-align-left","13":"first","14":"instock","15":"shipping-taxable","16":"product-type-external"},"_links":{"self":[{"href":"https:\/\/globaldocs.store\/es\/wp-json\/wp\/v2\/product\/1963","targetHints":{"allow":["GET"]}}],"collection":[{"href":"https:\/\/globaldocs.store\/es\/wp-json\/wp\/v2\/product"}],"about":[{"href":"https:\/\/globaldocs.store\/es\/wp-json\/wp\/v2\/types\/product"}],"replies":[{"embeddable":true,"href":"https:\/\/globaldocs.store\/es\/wp-json\/wp\/v2\/comments?post=1963"}],"version-history":[{"count":3,"href":"https:\/\/globaldocs.store\/es\/wp-json\/wp\/v2\/product\/1963\/revisions"}],"predecessor-version":[{"id":1972,"href":"https:\/\/globaldocs.store\/es\/wp-json\/wp\/v2\/product\/1963\/revisions\/1972"}],"wp:featuredmedia":[{"embeddable":true,"href":"https:\/\/globaldocs.store\/es\/wp-json\/wp\/v2\/media\/1964"}],"wp:attachment":[{"href":"https:\/\/globaldocs.store\/es\/wp-json\/wp\/v2\/media?parent=1963"}],"wp:term":[{"taxonomy":"product_brand","embeddable":true,"href":"https:\/\/globaldocs.store\/es\/wp-json\/wp\/v2\/product_brand?post=1963"},{"taxonomy":"product_cat","embeddable":true,"href":"https:\/\/globaldocs.store\/es\/wp-json\/wp\/v2\/product_cat?post=1963"},{"taxonomy":"product_tag","embeddable":true,"href":"https:\/\/globaldocs.store\/es\/wp-json\/wp\/v2\/product_tag?post=1963"}],"curies":[{"name":"wp","href":"https:\/\/api.w.org\/{rel}","templated":true}]}}