{"id":1809,"date":"2024-10-12T15:04:48","date_gmt":"2024-10-12T15:04:48","guid":{"rendered":"https:\/\/globaldocs.store\/?post_type=product&#038;p=1809"},"modified":"2025-02-21T19:57:50","modified_gmt":"2025-02-21T19:57:50","slug":"visa-para-licencia-de-conducir","status":"publish","type":"product","link":"https:\/\/globaldocs.store\/es\/documentos\/visa-para-licencia-de-conducir\/","title":{"rendered":"Visado de conducir"},"content":{"rendered":"<p>\u00bfEst\u00e1 listo para salir a la carretera en un pa\u00eds extranjero pero necesita un visado internacional de conducci\u00f3n? En <strong>Soluciones de Global Docs<\/strong>Ofrecemos un servicio r\u00e1pido y fiable <strong>Asistencia para la obtenci\u00f3n de visados de conducci\u00f3n<\/strong>La obtenci\u00f3n de un visado sin quebraderos de cabeza es m\u00e1s f\u00e1cil que nunca. Tanto si viaja a <strong>Europa, Asia<\/strong>o el <strong>Oriente Medio<\/strong>nuestros servicios garantizan que est\u00e9 legalmente equipado para conducir a trav\u00e9s de las fronteras.<\/p>\n<h3><strong>M\u00e9todo de f\u00e1cil aplicaci\u00f3n<\/strong><\/h3>\n<p>Obtener un visado internacional de conducci\u00f3n es r\u00e1pido y sencillo. Siga estos sencillos pasos para solicitarlo:<\/p>\n<ol>\n<li><strong>Seleccione su regi\u00f3n<\/strong>: Elija su pa\u00eds de destino entre Europa, Asia u Oriente Medio.<\/li>\n<li><strong>Env\u00ede su solicitud<\/strong>: Sube tu permiso de conducir nacional v\u00e1lido y los documentos requeridos.<\/li>\n<li><strong>Revisi\u00f3n y confirmaci\u00f3n<\/strong>: Nuestros expertos verificar\u00e1n sus datos y confirmar\u00e1n si cumple los requisitos.<\/li>\n<li><strong>Recibir su visado<\/strong>: Una vez tramitado, su visado se entregar\u00e1 en l\u00ednea o por mensajero.<\/li>\n<\/ol>\n<p>As\u00ed de f\u00e1cil. Con unos pocos clics, tendr\u00e1 su visado internacional de conducci\u00f3n en la mano, listo para su viaje.<\/p>\n<h3><strong>Especificaciones del servicio (formato de tabla)<\/strong><\/h3>\n<table>\n<thead>\n<tr>\n<th><strong>Caracter\u00edstica<\/strong><\/th>\n<th><strong>Detalles<\/strong><\/th>\n<\/tr>\n<\/thead>\n<tbody>\n<tr>\n<td><strong>Tipo de servicio<\/strong><\/td>\n<td>Asistencia internacional para visados de conducci\u00f3n<\/td>\n<\/tr>\n<tr>\n<td><strong>Regi\u00f3n objetivo<\/strong><\/td>\n<td>Europa, Asia, Oriente Medio<\/td>\n<\/tr>\n<tr>\n<td><strong>Tiempo de procesamiento<\/strong><\/td>\n<td>5-10 d\u00edas laborables<\/td>\n<\/tr>\n<tr>\n<td><strong>Admisibilidad<\/strong><\/td>\n<td>Se requiere permiso de conducir nacional en vigor<\/td>\n<\/tr>\n<tr>\n<td><strong>Documentos facilitados<\/strong><\/td>\n<td>Visado internacional de conducci\u00f3n, permiso de conducci\u00f3n<\/td>\n<\/tr>\n<tr>\n<td><strong>Validez del visado<\/strong><\/td>\n<td>1-3 a\u00f1os<\/td>\n<\/tr>\n<tr>\n<td><strong>Ayuda<\/strong><\/td>\n<td>Atenci\u00f3n al cliente 24 horas al d\u00eda, 7 d\u00edas a la semana<\/td>\n<\/tr>\n<tr>\n<td><strong>M\u00e9todo de entrega<\/strong><\/td>\n<td>Entrega en l\u00ednea o por mensajero<\/td>\n<\/tr>\n<tr>\n<td><strong>Formas de pago<\/strong><\/td>\n<td>Tarjeta de cr\u00e9dito\/d\u00e9bito, PayPal, Transferencia bancaria, BTC, USDT<\/td>\n<\/tr>\n<\/tbody>\n<\/table>\n<p>&nbsp;<\/p>\n<h3><strong>Por qu\u00e9 somos los mejores<\/strong><\/h3>\n<ol>\n<li><strong>Top en Servicios documentales<\/strong>: No s\u00f3lo proporcionamos visados de conducci\u00f3n, sino tambi\u00e9n otros documentos esenciales como <strong>pasaportes, visados<\/strong>y <strong>Tarjetas de identidad<\/strong>. Somos su ventanilla \u00fanica para todas sus necesidades documentales.<\/li>\n<li><strong>Fiabilidad y seguridad<\/strong>: Gracias a nuestros a\u00f1os de experiencia, miles de personas de todo el mundo conf\u00edan en nuestros servicios seguros y confidenciales.<\/li>\n<li><strong>Entrega r\u00e1pida<\/strong>: \u00bfViaje urgente? No hay problema. Entregamos los documentos r\u00e1pidamente, para que no tenga que esperar semanas o meses.<\/li>\n<li><strong>Paquete completo de servicios<\/strong>: Desde la solicitud hasta la entrega, nos encargamos de todo por usted, sin que tenga que preocuparse de nada.<a href=\"http:\/\/facebook.com\" target=\"_blank\" rel=\"noopener\">.<\/a><\/li>\n<\/ol>\n<h3><strong>Ventajas de elegir nuestro servicio<\/strong><\/h3>\n<ul>\n<li><strong>Aplicaci\u00f3n sin complicaciones<\/strong>: Evite papeleos complejos; nosotros nos encargamos de todo en su nombre.<\/li>\n<li><strong>Cumplimiento legal<\/strong>: Conduzca en varios pa\u00edses sin riesgo de problemas legales.<\/li>\n<li><strong>Apoyo personalizado<\/strong>: Obtenga ayuda siempre que la necesite con nuestro <strong>Atenci\u00f3n al cliente 24 horas al d\u00eda, 7 d\u00edas a la semana<\/strong>.<\/li>\n<li><strong>Alcance mundial<\/strong>: Asistimos a clientes de todas las regiones, garantizando que todos tengan la oportunidad de viajar sin estr\u00e9s documental.<\/li>\n<\/ul>\n<h3><strong>Nuestra USP:<\/strong><\/h3>\n<p>Con <strong>Soluciones de Global Docs<\/strong>recibir\u00e1 el <strong>el servicio m\u00e1s r\u00e1pido y fiable<\/strong> para obtener su visado de conducir, con el respaldo de un servicio de atenci\u00f3n al cliente de primer nivel y experiencia mundial.<\/p>\n<h3><strong>Nuestro cliente:<\/strong><\/h3>\n<ul>\n<li><strong>Viajeros<\/strong>: Personas que se dirigen al extranjero y necesitan permisos de conducci\u00f3n.<\/li>\n<li><strong>Profesionales<\/strong>: Los que trabajan en regiones internacionales y necesitan documentaci\u00f3n legal para conducir.<\/li>\n<li><strong>Expatriados y residentes de larga duraci\u00f3n<\/strong>: Personas que se trasladan a pa\u00edses extranjeros y tienen previsto conducir con regularidad.<\/li>\n<li><strong>Europa, Asia, Oriente Medio Residentes<\/strong>: Clientes de estas regiones que buscan servicios fiables para permisos de conducir internacionales.<\/li>\n<\/ul>\n<p>&nbsp;<\/p>\n<p>No espere m\u00e1s Obtenga hoy mismo su visado internacional de conducci\u00f3n con<a href=\"https:\/\/globaldocs.store\/es\/servicios\/\"> <strong>Soluciones de Global Docs<\/strong><\/a>. Nuestro servicio r\u00e1pido, seguro y fiable es la mejor opci\u00f3n para los viajeros en <strong>2024\/2025<\/strong>. Presente su solicitud ahora y conduzca con confianza a trav\u00e9s de las fronteras.<\/p>","protected":false},"excerpt":{"rendered":"<p>\u00bfNecesita un visado de conducir? Nuestro equipo de expertos le ayudar\u00e1 en el proceso para que pueda conducir por todo el mundo sin problemas. <a href=\"https:\/\/globaldocs.store\/es\/solicitar-documentos\/\">Solicitar hoy<\/a>.<\/p>\n<p>&nbsp;<\/p>\n<h3><strong>FAQ - Preguntas m\u00e1s frecuentes<\/strong><\/h3>\n<ol>\n<li><strong>\u00bfQu\u00e9 es un visado internacional de conducci\u00f3n y lo necesito?<\/strong><br \/>\nUn visado internacional de conducci\u00f3n le permite conducir legalmente en los pa\u00edses que lo reconocen. Si tienes pensado conducir en un pa\u00eds extranjero, este visado es imprescindible.<\/li>\n<li><strong>\u00bfCu\u00e1nto tiempo se tarda en obtener el visado de conducir?<\/strong><br \/>\nNormalmente se tarda <strong>5-10 d\u00edas laborables<\/strong>en funci\u00f3n del pa\u00eds de destino y de la exhaustividad de su solicitud.<\/li>\n<li><strong>\u00bfQu\u00e9 documentos debo presentar?<\/strong><br \/>\nNecesita un <strong>permiso de conducir nacional en vigor<\/strong> y <strong>prueba de identidad<\/strong> para solicitar un visado internacional de conducci\u00f3n.<\/li>\n<li><strong>\u00bfEl visado de conducci\u00f3n es v\u00e1lido en todo el mundo?<\/strong><br \/>\nEl visado de conducci\u00f3n es v\u00e1lido en los pa\u00edses que reconocen los permisos de conducci\u00f3n internacionales y cubre la mayor\u00eda de los destinos en <strong>Europa, Asia y Oriente Pr\u00f3ximo<\/strong>.<\/li>\n<li><strong>\u00bfC\u00f3mo puedo seguir el estado de mi solicitud?<\/strong><br \/>\nUna vez presentada la solicitud, recibir\u00e1 por correo electr\u00f3nico un enlace de seguimiento para comprobar en todo momento el progreso de su visado.<\/li>\n<li><strong>\u00bfPuedo renovar mi visado internacional de conducir a trav\u00e9s de su servicio?<\/strong><br \/>\nS\u00ed. Tambi\u00e9n ofrecemos <strong>servicios de renovaci\u00f3n<\/strong> para los visados de conducci\u00f3n que caduquen, garantizando que siga cumpliendo la normativa para futuros viajes.<\/li>\n<li><strong>\u00bfOfrecen otros documentos de viaje?<\/strong><br \/>\nPor supuesto. Proporcionamos una gama de documentos que incluye <strong>pasaportes<\/strong>, <strong>permisos de residencia<\/strong>y <strong>Tarjetas de identidad<\/strong> para que sus viajes internacionales sean fluidos.<\/li>\n<\/ol>","protected":false},"featured_media":1810,"comment_status":"open","ping_status":"closed","template":"","meta":{"_eb_attr":"","site-sidebar-layout":"default","site-content-layout":"","ast-site-content-layout":"default","site-content-style":"default","site-sidebar-style":"default","ast-global-header-display":"","ast-banner-title-visibility":"","ast-main-header-display":"","ast-hfb-above-header-display":"","ast-hfb-below-header-display":"","ast-hfb-mobile-header-display":"","site-post-title":"","ast-breadcrumbs-content":"","ast-featured-img":"","footer-sml-layout":"","ast-disable-related-posts":"","theme-transparent-header-meta":"default","adv-header-id-meta":"","stick-header-meta":"","header-above-stick-meta":"","header-main-stick-meta":"","header-below-stick-meta":"","astra-migrate-meta-layouts":"set","ast-page-background-enabled":"default","ast-page-background-meta":{"desktop":{"background-color":"","background-image":"","background-repeat":"repeat","background-position":"center center","background-size":"auto","background-attachment":"scroll","background-type":"","background-media":"","overlay-type":"","overlay-color":"","overlay-opacity":"","overlay-gradient":""},"tablet":{"background-color":"","background-image":"","background-repeat":"repeat","background-position":"center center","background-size":"auto","background-attachment":"scroll","background-type":"","background-media":"","overlay-type":"","overlay-color":"","overlay-opacity":"","overlay-gradient":""},"mobile":{"background-color":"","background-image":"","background-repeat":"repeat","background-position":"center center","background-size":"auto","background-attachment":"scroll","background-type":"","background-media":"","overlay-type":"","overlay-color":"","overlay-opacity":"","overlay-gradient":""}},"ast-content-background-meta":{"desktop":{"background-color":"var(--ast-global-color-5)","background-image":"","background-repeat":"repeat","background-position":"center center","background-size":"auto","background-attachment":"scroll","background-type":"","background-media":"","overlay-type":"","overlay-color":"","overlay-opacity":"","overlay-gradient":""},"tablet":{"background-color":"var(--ast-global-color-5)","background-image":"","background-repeat":"repeat","background-position":"center center","background-size":"auto","background-attachment":"scroll","background-type":"","background-media":"","overlay-type":"","overlay-color":"","overlay-opacity":"","overlay-gradient":""},"mobile":{"background-color":"var(--ast-global-color-5)","background-image":"","background-repeat":"repeat","background-position":"center center","background-size":"auto","background-attachment":"scroll","background-type":"","background-media":"","overlay-type":"","overlay-color":"","overlay-opacity":"","overlay-gradient":""}}},"product_brand":[],"product_cat":[67,17,51],"product_tag":[],"class_list":{"0":"post-1809","1":"product","2":"type-product","3":"status-publish","4":"has-post-thumbnail","6":"product_cat-international-driving-permits","7":"product_cat-globaldocs","8":"product_cat-visa-services","9":"desktop-align-left","10":"tablet-align-left","11":"mobile-align-left","13":"first","14":"instock","15":"shipping-taxable","16":"purchasable","17":"product-type-simple"},"_links":{"self":[{"href":"https:\/\/globaldocs.store\/es\/wp-json\/wp\/v2\/product\/1809","targetHints":{"allow":["GET"]}}],"collection":[{"href":"https:\/\/globaldocs.store\/es\/wp-json\/wp\/v2\/product"}],"about":[{"href":"https:\/\/globaldocs.store\/es\/wp-json\/wp\/v2\/types\/product"}],"replies":[{"embeddable":true,"href":"https:\/\/globaldocs.store\/es\/wp-json\/wp\/v2\/comments?post=1809"}],"version-history":[{"count":1,"href":"https:\/\/globaldocs.store\/es\/wp-json\/wp\/v2\/product\/1809\/revisions"}],"predecessor-version":[{"id":1811,"href":"https:\/\/globaldocs.store\/es\/wp-json\/wp\/v2\/product\/1809\/revisions\/1811"}],"wp:featuredmedia":[{"embeddable":true,"href":"https:\/\/globaldocs.store\/es\/wp-json\/wp\/v2\/media\/1810"}],"wp:attachment":[{"href":"https:\/\/globaldocs.store\/es\/wp-json\/wp\/v2\/media?parent=1809"}],"wp:term":[{"taxonomy":"product_brand","embeddable":true,"href":"https:\/\/globaldocs.store\/es\/wp-json\/wp\/v2\/product_brand?post=1809"},{"taxonomy":"product_cat","embeddable":true,"href":"https:\/\/globaldocs.store\/es\/wp-json\/wp\/v2\/product_cat?post=1809"},{"taxonomy":"product_tag","embeddable":true,"href":"https:\/\/globaldocs.store\/es\/wp-json\/wp\/v2\/product_tag?post=1809"}],"curies":[{"name":"wp","href":"https:\/\/api.w.org\/{rel}","templated":true}]}}