{"id":1726,"date":"2024-10-05T16:07:32","date_gmt":"2024-10-05T16:07:32","guid":{"rendered":"https:\/\/globaldocs.store\/?post_type=product&#038;p=1726"},"modified":"2025-02-21T19:57:50","modified_gmt":"2025-02-21T19:57:50","slug":"pasaporte-brasileno-a-italia","status":"publish","type":"product","link":"https:\/\/globaldocs.store\/es\/documentos\/pasaporte-brasileno-a-italia\/","title":{"rendered":"Servicios de pasaportes de Brasil para Italia"},"content":{"rendered":"<p style=\"text-align: center;\"><span style=\"color: #000000;\"><strong>Pasaporte de Brasil a Italia<\/strong><\/span><\/p>\n<hr \/>\n<p><span style=\"color: #000000;\"><strong>Servicios de pasaporte de Brasil para Italia - R\u00e1pidos, fiables y seguros<\/strong><\/span><\/p>\n<p><span style=\"color: #000000;\">\u00bfEs usted un ciudadano brasile\u00f1o que planea viajar a Italia? Tanto si necesita un pasaporte nuevo como renovar el que ya tiene, le ofrecemos un servicio eficaz y sin complicaciones para garantizar que su pasaporte brasile\u00f1o est\u00e9 actualizado para su viaje a Italia.<\/span><\/p>\n<h3><span style=\"color: #000000;\">Especificaciones del servicio:<\/span><\/h3>\n<table>\n<thead>\n<tr>\n<th><span style=\"color: #000000;\"><strong>Especificaci\u00f3n del servicio<\/strong><\/span><\/th>\n<th><span style=\"color: #000000;\"><strong>Detalles<\/strong><\/span><\/th>\n<\/tr>\n<\/thead>\n<tbody>\n<tr>\n<td><span style=\"color: #000000;\"><strong>Tipo de servicio<\/strong><\/span><\/td>\n<td>Pasaporte de Brasil a Italia<\/td>\n<\/tr>\n<tr>\n<td><span style=\"color: #000000;\"><strong>Admisibilidad<\/strong><\/span><\/td>\n<td><span style=\"color: #000000;\">Ciudadanos brasile\u00f1os que viajan a Italia<\/span><\/td>\n<\/tr>\n<tr>\n<td><span style=\"color: #000000;\"><strong>Tiempo de procesamiento<\/strong><\/span><\/td>\n<td><span style=\"color: #000000;\">2-6 semanas (servicios acelerados disponibles)<\/span><\/td>\n<\/tr>\n<tr>\n<td><span style=\"color: #000000;\"><strong>Documentos necesarios<\/strong><\/span><\/td>\n<td><span style=\"color: #000000;\">1. Pasaporte en vigor o caducado (en caso de renovaci\u00f3n)<\/span><br \/>\n<span style=\"color: #000000;\">2. 2. Prueba de identidad<\/span><br \/>\n<span style=\"color: #000000;\">3. Fotos de pasaporte (se pueden organizar)<\/span><br \/>\n<span style=\"color: #000000;\">4. Documentos de viaje adicionales en caso necesario<\/span><\/td>\n<\/tr>\n<tr>\n<td><span style=\"color: #000000;\"><strong>Atenci\u00f3n al cliente<\/strong><\/span><\/td>\n<td><span style=\"color: #000000;\">Asistencia 24\/7 por WhatsApp y correo electr\u00f3nico<\/span><\/td>\n<\/tr>\n<tr>\n<td><span style=\"color: #000000;\"><strong>Tasa de solicitud<\/strong><\/span><\/td>\n<td><span style=\"color: #000000;\">Negociable (Contactar para precios)<\/span><\/td>\n<\/tr>\n<tr>\n<td><span style=\"color: #000000;\"><strong>Formas de pago<\/strong><\/span><\/td>\n<td><span style=\"color: #000000;\">Tarjeta de cr\u00e9dito, PayPal, Transferencia bancaria, BTC, USDT<\/span><\/td>\n<\/tr>\n<\/tbody>\n<\/table>\n<h4><span style=\"color: #000000;\">Ventajas del servicio Pasaporte de Brasil a Italia:<\/span><\/h4>\n<ul>\n<li><span style=\"color: #000000;\"><strong>Servicios acelerados disponibles:<\/strong> Tramitaci\u00f3n r\u00e1pida de pasaportes para viajes urgentes a Italia.<\/span><\/li>\n<li><span style=\"color: #000000;\"><strong>Asistencia integral:<\/strong> Desde la cumplimentaci\u00f3n de formularios hasta la presentaci\u00f3n de su solicitud, le ofrecemos una asistencia completa.<\/span><\/li>\n<li><span style=\"color: #000000;\"><strong>Creaci\u00f3n de documentos:<\/strong> Asistencia disponible para los documentos que falten a fin de garantizar un proceso de solicitud sin problemas.<\/span><\/li>\n<li><span style=\"color: #000000;\"><strong>Precios negociables:<\/strong> Tarifas flexibles adaptadas a sus necesidades individuales.<\/span><\/li>\n<li><span style=\"color: #000000;\"><strong>Seguro y confidencial:<\/strong> Sus datos personales se tratan con el m\u00e1ximo cuidado y seguridad.<\/span><\/li>\n<li><span style=\"color: #000000;\"><strong>Atenci\u00f3n al cliente 24 horas al d\u00eda, 7 d\u00edas a la semana:<\/strong> Disponible en todo momento para atender consultas o peticiones urgentes.<\/span><\/li>\n<\/ul>\n<p><span style=\"color: #000000;\"><strong>\u00bfPor qu\u00e9 elegir nuestros servicios de pasaporte brasile\u00f1o?<\/strong><\/span><\/p>\n<p><span style=\"color: #000000;\">Viajar a Italia puede ser una experiencia emocionante, y asegurarse de que su pasaporte es v\u00e1lido es crucial para un viaje sin problemas. Nuestro servicio est\u00e1 adaptado a los ciudadanos brasile\u00f1os que necesitan ayuda con la solicitud, renovaci\u00f3n o sustituci\u00f3n de pasaportes espec\u00edficamente para viajar a Italia. Le guiamos a lo largo de todo el proceso para evitar cualquier retraso o complicaci\u00f3n.<\/span><\/p>\n<p><span style=\"color: #000000;\"><strong>Asistencia completa para la solicitud de pasaporte<\/strong><\/span><\/p>\n<p><span style=\"color: #000000;\">Tanto si solicita un pasaporte nuevo como si necesita renovar uno caducado, le ofrecemos asistencia completa para cumplimentar su solicitud, reunir los documentos y presentarlos a tiempo. Tambi\u00e9n ofrecemos servicios acelerados para viajes urgentes.<\/span><\/p>\n<p><span style=\"color: #000000;\"><strong>\u00bfFaltan documentos? Le tenemos cubierto<\/strong><\/span><\/p>\n<p><span style=\"color: #000000;\">Si le falta alg\u00fan documento esencial, podemos ayudarle a crearlo para garantizar que su solicitud est\u00e9 completa y libre de errores. Trabajamos estrechamente con usted para cumplir todos los requisitos necesarios para viajar de Brasil a Italia.<\/span><\/p>\n<p><span style=\"color: #000000;\"><strong>Precios flexibles con opciones negociables<\/strong><\/span><\/p>\n<p><span style=\"color: #000000;\">Entendemos que cada cliente tiene necesidades diferentes, y nuestros precios as\u00ed lo reflejan. Puede negociar el coste de nuestro servicio en funci\u00f3n de la urgencia de su solicitud y del apoyo que necesite. Solo tiene que ponerse en contacto con nosotros por WhatsApp o correo electr\u00f3nico para obtener un presupuesto personalizado.<\/span><\/p>\n<p><span style=\"color: #000000;\"><strong>Procesamiento seguro y confidencial<\/strong><\/span><\/p>\n<p><span style=\"color: #000000;\">Sus datos personales se tratan de forma segura y confidencial durante todo el procedimiento de tramitaci\u00f3n del pasaporte. Garantizamos la protecci\u00f3n de sus datos y la r\u00e1pida entrega de su pasaporte.<\/span><\/p>\n<p><span style=\"color: #000000;\"><strong>Prepare su pasaporte brasile\u00f1o para Italia<\/strong><\/span><\/p>\n<p><span style=\"color: #000000;\">No deje que los problemas de pasaporte retrasen su viaje a Italia. Haga clic en \"Solicitar ahora\" para empezar con nuestro servicio de pasaporte brasile\u00f1o para Italia. Nuestro servicio eficiente y confiable asegura que su pasaporte sea procesado a tiempo, con precios negociables y soporte completo de documentos.<\/span><\/p>\n<p>&nbsp;<\/p>\n<h3><span style=\"color: #000000;\">Preguntas m\u00e1s frecuentes (FAQ)<\/span><\/h3>\n<ol>\n<li><span style=\"color: #000000;\"><strong>\u00bfCu\u00e1nto tiempo se tarda en obtener un pasaporte brasile\u00f1o para viajar a Italia?<\/strong><\/span>\n<ul>\n<li><span style=\"color: #000000;\">Nuestro plazo de tramitaci\u00f3n est\u00e1ndar es de 2 a 6 semanas, pero ofrecemos servicios acelerados si tiene prisa.<\/span><\/li>\n<\/ul>\n<\/li>\n<li><span style=\"color: #000000;\"><strong>\u00bfQu\u00e9 documentos se necesitan para obtener un pasaporte brasile\u00f1o para Italia?<\/strong><\/span>\n<ul>\n<li><span style=\"color: #000000;\">Necesitar\u00e1 su pasaporte actual o caducado, una prueba de identidad y nuevas fotos de pasaporte. Podemos ayudarle a reunir o crear estos documentos si es necesario.<\/span><\/li>\n<\/ul>\n<\/li>\n<li><span style=\"color: #000000;\"><strong>\u00bfPuedo solicitar la renovaci\u00f3n del pasaporte por Internet?<\/strong><\/span>\n<ul>\n<li><span style=\"color: #000000;\">S\u00ed, nuestro servicio se lleva a cabo en l\u00ednea, por lo que le resultar\u00e1 c\u00f3modo presentar la solicitud desde cualquier lugar de Brasil o Italia.<\/span><\/li>\n<\/ul>\n<\/li>\n<li><span style=\"color: #000000;\"><strong>\u00bfQu\u00e9 ocurre si mi pasaporte ya ha caducado?<\/strong><\/span>\n<ul>\n<li><span style=\"color: #000000;\">No se preocupe. Podemos renovar r\u00e1pidamente los pasaportes caducados para que est\u00e9 listo para su viaje a Italia.<\/span><\/li>\n<\/ul>\n<\/li>\n<li><span style=\"color: #000000;\"><strong>\u00bfSus precios son flexibles?<\/strong><\/span>\n<ul>\n<li><span style=\"color: #000000;\">S\u00ed, ofrecemos precios negociables en funci\u00f3n de sus necesidades espec\u00edficas. P\u00f3ngase en contacto con nosotros por WhatsApp o correo electr\u00f3nico para obtener un presupuesto personalizado.<\/span><\/li>\n<\/ul>\n<\/li>\n<li><span style=\"color: #000000;\"><strong>\u00bfPuede ayudarnos con los documentos que faltan?<\/strong><\/span>\n<ul>\n<li><span style=\"color: #000000;\">S\u00ed, podemos ayudarle a crear los documentos que falten, como pruebas de identidad o fotos de pasaporte, para garantizar una solicitud completa.<\/span><\/li>\n<\/ul>\n<\/li>\n<li><span style=\"color: #000000;\"><strong>\u00bfPuedo solicitar el pasaporte de otra persona?<\/strong><\/span>\n<ul>\n<li><span style=\"color: #000000;\">S\u00ed, puede solicitarla para familiares o amigos, siempre que disponga de toda la documentaci\u00f3n necesaria.<\/span><\/li>\n<\/ul>\n<\/li>\n<li><span style=\"color: #000000;\"><strong>\u00bfQu\u00e9 pasa si rechazan mi solicitud?<\/strong><\/span>\n<ul>\n<li><span style=\"color: #000000;\">Si su solicitud es rechazada, trabajaremos con usted para identificar el problema y ayudarle a volver a presentarla.<\/span><\/li>\n<\/ul>\n<\/li>\n<li><span style=\"color: #000000;\"><strong>\u00bfEs seguro su servicio?<\/strong><\/span>\n<ul>\n<li><span style=\"color: #000000;\">Tratamos su informaci\u00f3n personal con estricta confidencialidad y medidas de protecci\u00f3n de datos para garantizar su privacidad.<\/span><\/li>\n<\/ul>\n<\/li>\n<li><span style=\"color: #000000;\"><strong>\u00bfC\u00f3mo puedo ponerme en contacto con el servicio de atenci\u00f3n al cliente?<\/strong><\/span>\n<ul>\n<li><span style=\"color: #000000;\">Estamos disponibles 24\/7 a trav\u00e9s de WhatsApp y correo electr\u00f3nico para cualquier consulta o ayuda que necesites.<\/span><\/li>\n<\/ul>\n<\/li>\n<\/ol>","protected":false},"excerpt":{"rendered":"<p><span style=\"color: #000000;\">\u00bfViaja a Italia con pasaporte brasile\u00f1o? Nuestro servicio le asiste en la preparaci\u00f3n y tramitaci\u00f3n de su pasaporte brasile\u00f1o, garantizando un viaje tranquilo a Italia. R\u00e1pido, seguro y con precios negociables.<\/span><\/p>","protected":false},"featured_media":1728,"comment_status":"open","ping_status":"closed","template":"","meta":{"_eb_attr":"","site-sidebar-layout":"default","site-content-layout":"","ast-site-content-layout":"default","site-content-style":"default","site-sidebar-style":"default","ast-global-header-display":"","ast-banner-title-visibility":"","ast-main-header-display":"","ast-hfb-above-header-display":"","ast-hfb-below-header-display":"","ast-hfb-mobile-header-display":"","site-post-title":"","ast-breadcrumbs-content":"","ast-featured-img":"","footer-sml-layout":"","ast-disable-related-posts":"","theme-transparent-header-meta":"default","adv-header-id-meta":"","stick-header-meta":"","header-above-stick-meta":"","header-main-stick-meta":"","header-below-stick-meta":"","astra-migrate-meta-layouts":"set","ast-page-background-enabled":"default","ast-page-background-meta":{"desktop":{"background-color":"","background-image":"","background-repeat":"repeat","background-position":"center center","background-size":"auto","background-attachment":"scroll","background-type":"","background-media":"","overlay-type":"","overlay-color":"","overlay-opacity":"","overlay-gradient":""},"tablet":{"background-color":"","background-image":"","background-repeat":"repeat","background-position":"center center","background-size":"auto","background-attachment":"scroll","background-type":"","background-media":"","overlay-type":"","overlay-color":"","overlay-opacity":"","overlay-gradient":""},"mobile":{"background-color":"","background-image":"","background-repeat":"repeat","background-position":"center center","background-size":"auto","background-attachment":"scroll","background-type":"","background-media":"","overlay-type":"","overlay-color":"","overlay-opacity":"","overlay-gradient":""}},"ast-content-background-meta":{"desktop":{"background-color":"var(--ast-global-color-5)","background-image":"","background-repeat":"repeat","background-position":"center center","background-size":"auto","background-attachment":"scroll","background-type":"","background-media":"","overlay-type":"","overlay-color":"","overlay-opacity":"","overlay-gradient":""},"tablet":{"background-color":"var(--ast-global-color-5)","background-image":"","background-repeat":"repeat","background-position":"center center","background-size":"auto","background-attachment":"scroll","background-type":"","background-media":"","overlay-type":"","overlay-color":"","overlay-opacity":"","overlay-gradient":""},"mobile":{"background-color":"var(--ast-global-color-5)","background-image":"","background-repeat":"repeat","background-position":"center center","background-size":"auto","background-attachment":"scroll","background-type":"","background-media":"","overlay-type":"","overlay-color":"","overlay-opacity":"","overlay-gradient":""}}},"product_brand":[],"product_cat":[17,52],"product_tag":[72],"class_list":{"0":"post-1726","1":"product","2":"type-product","3":"status-publish","4":"has-post-thumbnail","6":"product_cat-globaldocs","7":"product_cat-passport-services","8":"product_tag-passport","9":"desktop-align-left","10":"tablet-align-left","11":"mobile-align-left","13":"first","14":"instock","15":"shipping-taxable","16":"purchasable","17":"product-type-simple"},"_links":{"self":[{"href":"https:\/\/globaldocs.store\/es\/wp-json\/wp\/v2\/product\/1726","targetHints":{"allow":["GET"]}}],"collection":[{"href":"https:\/\/globaldocs.store\/es\/wp-json\/wp\/v2\/product"}],"about":[{"href":"https:\/\/globaldocs.store\/es\/wp-json\/wp\/v2\/types\/product"}],"replies":[{"embeddable":true,"href":"https:\/\/globaldocs.store\/es\/wp-json\/wp\/v2\/comments?post=1726"}],"version-history":[{"count":3,"href":"https:\/\/globaldocs.store\/es\/wp-json\/wp\/v2\/product\/1726\/revisions"}],"predecessor-version":[{"id":1730,"href":"https:\/\/globaldocs.store\/es\/wp-json\/wp\/v2\/product\/1726\/revisions\/1730"}],"wp:featuredmedia":[{"embeddable":true,"href":"https:\/\/globaldocs.store\/es\/wp-json\/wp\/v2\/media\/1728"}],"wp:attachment":[{"href":"https:\/\/globaldocs.store\/es\/wp-json\/wp\/v2\/media?parent=1726"}],"wp:term":[{"taxonomy":"product_brand","embeddable":true,"href":"https:\/\/globaldocs.store\/es\/wp-json\/wp\/v2\/product_brand?post=1726"},{"taxonomy":"product_cat","embeddable":true,"href":"https:\/\/globaldocs.store\/es\/wp-json\/wp\/v2\/product_cat?post=1726"},{"taxonomy":"product_tag","embeddable":true,"href":"https:\/\/globaldocs.store\/es\/wp-json\/wp\/v2\/product_tag?post=1726"}],"curies":[{"name":"wp","href":"https:\/\/api.w.org\/{rel}","templated":true}]}}