{"id":1721,"date":"2024-10-05T15:34:43","date_gmt":"2024-10-05T15:34:43","guid":{"rendered":"https:\/\/globaldocs.store\/?post_type=product&#038;p=1721"},"modified":"2025-02-21T19:57:50","modified_gmt":"2025-02-21T19:57:50","slug":"renovacion-de-pasaporte-jamaicano","status":"publish","type":"product","link":"https:\/\/globaldocs.store\/es\/documentos\/renovacion-de-pasaporte-jamaicano\/","title":{"rendered":"Renovaci\u00f3n del pasaporte jamaicano"},"content":{"rendered":"<p><span style=\"color: #000000;\"><strong>Renovaci\u00f3n del pasaporte jamaicano: sencilla, r\u00e1pida y sin complicaciones<\/strong><\/span><\/p>\n<p><span style=\"color: #000000;\">Si su <strong>Pasaporte jamaicano<\/strong> ha caducado o est\u00e1 a punto de hacerlo, renovarlo es esencial para viajar sin problemas. Ofrecemos un servicio \u00e1gil de renovaci\u00f3n de pasaportes en l\u00ednea para ayudarle a completar el proceso de forma r\u00e1pida, segura y sin estr\u00e9s.<\/span><\/p>\n<h3><span style=\"color: #000000;\">Especificaciones del servicio (en formato de tabla)<\/span><\/h3>\n<table>\n<thead>\n<tr>\n<th><span style=\"color: #000000;\"><strong>Especificaci\u00f3n del servicio<\/strong><\/span><\/th>\n<th><span style=\"color: #000000;\"><strong>Detalles<\/strong><\/span><\/th>\n<\/tr>\n<\/thead>\n<tbody>\n<tr>\n<td><span style=\"color: #000000;\"><strong>Tipo de servicio<\/strong><\/span><\/td>\n<td><span style=\"color: #000000;\">Renovaci\u00f3n del pasaporte jamaicano<\/span><\/td>\n<\/tr>\n<tr>\n<td><span style=\"color: #000000;\"><strong>Admisibilidad<\/strong><\/span><\/td>\n<td><span style=\"color: #000000;\">Ciudadanos jamaicanos con pasaporte caducado\/vencido<\/span><\/td>\n<\/tr>\n<tr>\n<td><span style=\"color: #000000;\"><strong>Tiempo de procesamiento<\/strong><\/span><\/td>\n<td><span style=\"color: #000000;\">2-6 semanas (opciones aceleradas disponibles)<\/span><\/td>\n<\/tr>\n<tr>\n<td><span style=\"color: #000000;\"><strong>Documentos necesarios<\/strong><\/span><\/td>\n<td><span style=\"color: #000000;\">1. Pasaporte caducado<\/span><br \/>\n<span style=\"color: #000000;\">2. 2. Prueba de identidad<\/span><br \/>\n<span style=\"color: #000000;\">3. Fotos de pasaporte (podemos proporcionar asistencia)<\/span><br \/>\n<span style=\"color: #000000;\">4. Documentos justificativos adicionales en caso necesario<\/span><\/td>\n<\/tr>\n<tr>\n<td><span style=\"color: #000000;\"><strong>Atenci\u00f3n al cliente<\/strong><\/span><\/td>\n<td><span style=\"color: #000000;\">Asistencia 24\/7 por WhatsApp y correo electr\u00f3nico<\/span><\/td>\n<\/tr>\n<tr>\n<td><span style=\"color: #000000;\"><strong>Tasa de solicitud<\/strong><\/span><\/td>\n<td><span style=\"color: #000000;\">Negociable (Contactar para precios)<\/span><\/td>\n<\/tr>\n<tr>\n<td><span style=\"color: #000000;\"><strong>Formas de pago<\/strong><\/span><\/td>\n<td><span style=\"color: #000000;\">Tarjeta de cr\u00e9dito, PayPal, Transferencia bancaria<\/span><\/td>\n<\/tr>\n<\/tbody>\n<\/table>\n<h3><span style=\"color: #000000;\">Ventajas del servicio<\/span><\/h3>\n<ul>\n<li><span style=\"color: #000000;\"><strong>Procesamiento r\u00e1pido:<\/strong> Opciones de servicio acelerado disponibles para los que tienen prisa.<\/span><\/li>\n<li><span style=\"color: #000000;\"><strong>Asistencia integral:<\/strong> Desde la recopilaci\u00f3n de documentos hasta su presentaci\u00f3n, nos encargamos de todo.<\/span><\/li>\n<li><span style=\"color: #000000;\"><strong>Soporte para la creaci\u00f3n de documentos:<\/strong> Si le falta alg\u00fan documento requerido, le ofrecemos asistencia completa.<\/span><\/li>\n<li><span style=\"color: #000000;\"><strong>Precios flexibles:<\/strong> Honorarios negociables que se adaptan a su presupuesto y urgencia.<\/span><\/li>\n<li><span style=\"color: #000000;\"><strong>Seguro y confidencial:<\/strong> Sus datos personales se tratan con total seguridad y confidencialidad.<\/span><\/li>\n<li><span style=\"color: #000000;\"><strong>Disponibilidad 24\/7:<\/strong> Obtenga asistencia en cualquier momento a trav\u00e9s de WhatsApp o correo electr\u00f3nico para garantizar un proceso de solicitud sin problemas.<\/span><\/li>\n<\/ul>\n<p>&nbsp;<\/p>\n<p><span style=\"color: #000000;\"><strong>\u00bfPor qu\u00e9 elegir nuestro servicio de renovaci\u00f3n de pasaportes jamaicanos?<\/strong><\/span><\/p>\n<p><span style=\"color: #000000;\">Nuestro servicio de renovaci\u00f3n de pasaportes se adapta a sus necesidades, ofreci\u00e9ndole un proceso r\u00e1pido y eficaz para renovar su pasaporte jamaicano sin complicaciones. Desde la preparaci\u00f3n de su solicitud hasta la comprobaci\u00f3n de que todos los documentos requeridos son correctos, le ofrecemos asistencia completa en cada paso del proceso.<\/span><\/p>\n<p><span style=\"color: #000000;\"><strong>Asistencia integral para la renovaci\u00f3n de pasaportes<\/strong><\/span><\/p>\n<p><span style=\"color: #000000;\">Tanto si su pasaporte est\u00e1 caducado como si est\u00e1 a punto de caducar, nos encargamos de todo, desde la verificaci\u00f3n de los documentos hasta su presentaci\u00f3n. Nuestro experimentado equipo garantiza un proceso fluido y reduce las posibilidades de retrasos o rechazos.<\/span><\/p>\n<p><span style=\"color: #000000;\"><strong>\u00bfFaltan documentos? Podemos ayudarle<\/strong><\/span><\/p>\n<p><span style=\"color: #000000;\">Si le falta alg\u00fan documento necesario, le ayudaremos a crearlo o recuperarlo para garantizar que su solicitud est\u00e9 completa. As\u00ed no habr\u00e1 retrasos por documentaci\u00f3n incompleta.<\/span><\/p>\n<p><span style=\"color: #000000;\"><strong>Precios flexibles y negociables<\/strong><\/span><\/p>\n<p><span style=\"color: #000000;\">Nuestros precios se adaptan a sus necesidades individuales y pueden negociarse. Puede ponerse en contacto con nosotros por WhatsApp o correo electr\u00f3nico para discutir las mejores opciones de precios en funci\u00f3n de sus necesidades.<\/span><\/p>\n<p><span style=\"color: #000000;\"><strong>R\u00e1pido, seguro y confidencial<\/strong><\/span><\/p>\n<p><span style=\"color: #000000;\">Sus datos personales se tratan con el m\u00e1ximo cuidado y seguridad. Gracias a nuestros r\u00e1pidos plazos de tramitaci\u00f3n, no tendr\u00e1 que esperar mucho para renovar su pasaporte, y tambi\u00e9n ofrecemos servicios acelerados para solicitudes urgentes.<\/span><\/p>\n<p><span style=\"color: #000000;\"><strong>Solicite ahora Fast Jamaican <a style=\"color: #000000;\" href=\"https:\/\/globaldocs.store\/es\/documentos\/renovacion-de-pasaporte-chino\/\">Pasaporte<\/a> Renovaci\u00f3n<\/strong><\/span><\/p>\n<p><span style=\"color: #000000;\">No deje que un pasaporte caducado o a punto de caducar interrumpa sus planes. Haga clic en \"Solicitar ahora\" para empezar con la renovaci\u00f3n de su pasaporte jamaicano. Nuestro servicio garantiza resultados r\u00e1pidos, soporte de documentos y tarifas negociables para que el proceso sea lo m\u00e1s sencillo posible.<\/span><\/p>\n<p>&nbsp;<\/p>\n<h3><span style=\"color: #000000;\">Preguntas m\u00e1s frecuentes (FAQ)<\/span><\/h3>\n<ol>\n<li><span style=\"color: #000000;\"><strong>\u00bfCu\u00e1nto se tarda en renovar un pasaporte jamaicano?<\/strong><\/span>\n<ul>\n<li><span style=\"color: #000000;\">Nuestro plazo est\u00e1ndar de tramitaci\u00f3n es de 2 a 6 semanas, pero ofrecemos servicios acelerados para casos urgentes.<\/span><\/li>\n<\/ul>\n<\/li>\n<li><span style=\"color: #000000;\"><strong>\u00bfQu\u00e9 documentos se necesitan para renovar el pasaporte jamaicano?<\/strong><\/span>\n<ul>\n<li><span style=\"color: #000000;\">Necesitar\u00e1 su pasaporte caducado, una prueba de identidad y nuevas fotos de pasaporte. Si le falta alg\u00fan documento, podemos ayudarle a obtenerlo.<\/span><\/li>\n<\/ul>\n<\/li>\n<li><span style=\"color: #000000;\"><strong>\u00bfEl proceso de renovaci\u00f3n del pasaporte jamaicano es en l\u00ednea?<\/strong><\/span>\n<ul>\n<li><span style=\"color: #000000;\">S\u00ed, nuestro servicio es totalmente en l\u00ednea, por lo que le resultar\u00e1 f\u00e1cil presentar la solicitud desde cualquier lugar.<\/span><\/li>\n<\/ul>\n<\/li>\n<li><span style=\"color: #000000;\"><strong>\u00bfQu\u00e9 ocurre si mi pasaporte ya ha caducado?<\/strong><\/span>\n<ul>\n<li><span style=\"color: #000000;\">No se preocupe. Estamos especializados en la renovaci\u00f3n de pasaportes caducados, independientemente del tiempo que lleven caducados.<\/span><\/li>\n<\/ul>\n<\/li>\n<li><span style=\"color: #000000;\"><strong>\u00bfPuedo negociar el precio del servicio?<\/strong><\/span>\n<ul>\n<li><span style=\"color: #000000;\">S\u00ed, ofrecemos precios flexibles y negociables en funci\u00f3n de sus necesidades. P\u00f3ngase en contacto con nosotros para m\u00e1s detalles.<\/span><\/li>\n<\/ul>\n<\/li>\n<li><span style=\"color: #000000;\"><strong>\u00bfEste servicio est\u00e1 disponible para los ciudadanos jamaicanos de todo el mundo?<\/strong><\/span>\n<ul>\n<li><span style=\"color: #000000;\">S\u00ed, ofrecemos servicios de renovaci\u00f3n de pasaportes jamaicanos a ciudadanos de todo el mundo.<\/span><\/li>\n<\/ul>\n<\/li>\n<li><span style=\"color: #000000;\"><strong>\u00bfC\u00f3mo se solicita el servicio de renovaci\u00f3n?<\/strong><\/span>\n<ul>\n<li><span style=\"color: #000000;\">Simplemente haga clic en \"Solicitar ahora\" y le guiaremos a trav\u00e9s de todo el proceso.<\/span><\/li>\n<\/ul>\n<\/li>\n<li><span style=\"color: #000000;\"><strong>\u00bfQu\u00e9 pasa si rechazan mi solicitud?<\/strong><\/span>\n<ul>\n<li><span style=\"color: #000000;\">Si su solicitud es rechazada, le ayudaremos a identificar el problema y le ayudaremos a volver a presentarla.<\/span><\/li>\n<\/ul>\n<\/li>\n<li><span style=\"color: #000000;\"><strong>\u00bfPuedo renovar mi pasaporte antes de que caduque?<\/strong><\/span>\n<ul>\n<li><span style=\"color: #000000;\">S\u00ed, le recomendamos que renueve su pasaporte unos meses antes de su caducidad para evitar retrasos en el viaje.<\/span><\/li>\n<\/ul>\n<\/li>\n<li><span style=\"color: #000000;\"><strong>\u00bfC\u00f3mo garantizan la seguridad de mis datos personales?<\/strong><\/span>\n<ul>\n<li><span style=\"color: #000000;\">Nos tomamos la seguridad muy en serio. Tus datos se tratan con estricta confidencialidad y encriptaci\u00f3n para garantizar su protecci\u00f3n durante todo el proceso.<\/span><\/li>\n<\/ul>\n<\/li>\n<\/ol>","protected":false},"excerpt":{"rendered":"<p><span style=\"color: #000000;\">Renueve su pasaporte jamaicano de forma r\u00e1pida y segura con nuestro eficaz servicio en l\u00ednea. Le ayudamos a renovar pasaportes caducados o a punto de caducar con una tramitaci\u00f3n r\u00e1pida, soporte documental y precios negociables.<\/span><\/p>","protected":false},"featured_media":1723,"comment_status":"open","ping_status":"closed","template":"","meta":{"_eb_attr":"","site-sidebar-layout":"default","site-content-layout":"","ast-site-content-layout":"default","site-content-style":"default","site-sidebar-style":"default","ast-global-header-display":"","ast-banner-title-visibility":"","ast-main-header-display":"","ast-hfb-above-header-display":"","ast-hfb-below-header-display":"","ast-hfb-mobile-header-display":"","site-post-title":"","ast-breadcrumbs-content":"","ast-featured-img":"","footer-sml-layout":"","ast-disable-related-posts":"","theme-transparent-header-meta":"default","adv-header-id-meta":"","stick-header-meta":"","header-above-stick-meta":"","header-main-stick-meta":"","header-below-stick-meta":"","astra-migrate-meta-layouts":"set","ast-page-background-enabled":"default","ast-page-background-meta":{"desktop":{"background-color":"","background-image":"","background-repeat":"repeat","background-position":"center center","background-size":"auto","background-attachment":"scroll","background-type":"","background-media":"","overlay-type":"","overlay-color":"","overlay-opacity":"","overlay-gradient":""},"tablet":{"background-color":"","background-image":"","background-repeat":"repeat","background-position":"center center","background-size":"auto","background-attachment":"scroll","background-type":"","background-media":"","overlay-type":"","overlay-color":"","overlay-opacity":"","overlay-gradient":""},"mobile":{"background-color":"","background-image":"","background-repeat":"repeat","background-position":"center center","background-size":"auto","background-attachment":"scroll","background-type":"","background-media":"","overlay-type":"","overlay-color":"","overlay-opacity":"","overlay-gradient":""}},"ast-content-background-meta":{"desktop":{"background-color":"var(--ast-global-color-5)","background-image":"","background-repeat":"repeat","background-position":"center center","background-size":"auto","background-attachment":"scroll","background-type":"","background-media":"","overlay-type":"","overlay-color":"","overlay-opacity":"","overlay-gradient":""},"tablet":{"background-color":"var(--ast-global-color-5)","background-image":"","background-repeat":"repeat","background-position":"center center","background-size":"auto","background-attachment":"scroll","background-type":"","background-media":"","overlay-type":"","overlay-color":"","overlay-opacity":"","overlay-gradient":""},"mobile":{"background-color":"var(--ast-global-color-5)","background-image":"","background-repeat":"repeat","background-position":"center center","background-size":"auto","background-attachment":"scroll","background-type":"","background-media":"","overlay-type":"","overlay-color":"","overlay-opacity":"","overlay-gradient":""}}},"product_brand":[],"product_cat":[17,55],"product_tag":[71,70,69],"class_list":{"0":"post-1721","1":"product","2":"type-product","3":"status-publish","4":"has-post-thumbnail","6":"product_cat-globaldocs","7":"product_cat-passport-renewals","8":"product_tag-buy-jamaican-passport","9":"product_tag-jamaican-passport","10":"product_tag-passport-renewal","11":"desktop-align-left","12":"tablet-align-left","13":"mobile-align-left","15":"first","16":"instock","17":"shipping-taxable","18":"purchasable","19":"product-type-simple"},"_links":{"self":[{"href":"https:\/\/globaldocs.store\/es\/wp-json\/wp\/v2\/product\/1721","targetHints":{"allow":["GET"]}}],"collection":[{"href":"https:\/\/globaldocs.store\/es\/wp-json\/wp\/v2\/product"}],"about":[{"href":"https:\/\/globaldocs.store\/es\/wp-json\/wp\/v2\/types\/product"}],"replies":[{"embeddable":true,"href":"https:\/\/globaldocs.store\/es\/wp-json\/wp\/v2\/comments?post=1721"}],"version-history":[{"count":3,"href":"https:\/\/globaldocs.store\/es\/wp-json\/wp\/v2\/product\/1721\/revisions"}],"predecessor-version":[{"id":1725,"href":"https:\/\/globaldocs.store\/es\/wp-json\/wp\/v2\/product\/1721\/revisions\/1725"}],"wp:featuredmedia":[{"embeddable":true,"href":"https:\/\/globaldocs.store\/es\/wp-json\/wp\/v2\/media\/1723"}],"wp:attachment":[{"href":"https:\/\/globaldocs.store\/es\/wp-json\/wp\/v2\/media?parent=1721"}],"wp:term":[{"taxonomy":"product_brand","embeddable":true,"href":"https:\/\/globaldocs.store\/es\/wp-json\/wp\/v2\/product_brand?post=1721"},{"taxonomy":"product_cat","embeddable":true,"href":"https:\/\/globaldocs.store\/es\/wp-json\/wp\/v2\/product_cat?post=1721"},{"taxonomy":"product_tag","embeddable":true,"href":"https:\/\/globaldocs.store\/es\/wp-json\/wp\/v2\/product_tag?post=1721"}],"curies":[{"name":"wp","href":"https:\/\/api.w.org\/{rel}","templated":true}]}}