{"id":1718,"date":"2024-10-05T14:02:12","date_gmt":"2024-10-05T14:02:12","guid":{"rendered":"https:\/\/globaldocs.store\/?post_type=product&#038;p=1718"},"modified":"2025-02-04T15:06:49","modified_gmt":"2025-02-04T15:06:49","slug":"renovacion-de-pasaporte-chino","status":"publish","type":"product","link":"https:\/\/globaldocs.store\/es\/documentos\/renovacion-de-pasaporte-chino\/","title":{"rendered":"Renovaci\u00f3n del pasaporte chino"},"content":{"rendered":"<p><span style=\"color: #000000;\"><strong>Servicio de renovaci\u00f3n de pasaportes en China - R\u00e1pido, fiable y seguro<\/strong><\/span><\/p>\n<p><span style=\"color: #000000;\">Si su <strong>Pasaporte chino<\/strong> est\u00e1 a punto de caducar o ya ha caducado, renovarlo es crucial para mantener sus derechos de viaje y evitar complicaciones. Ofrecemos un servicio r\u00e1pido y eficaz de renovaci\u00f3n de pasaportes en l\u00ednea para China, que le guiar\u00e1 a trav\u00e9s de cada paso del proceso.<\/span><\/p>\n<h3><span style=\"color: #000000;\">Especificaciones del servicio (en formato de tabla)<\/span><\/h3>\n<table>\n<thead>\n<tr>\n<th><span style=\"color: #000000;\"><strong>Especificaci\u00f3n del servicio<\/strong><\/span><\/th>\n<th><span style=\"color: #000000;\"><strong>Detalles<\/strong><\/span><\/th>\n<\/tr>\n<\/thead>\n<tbody>\n<tr>\n<td><span style=\"color: #000000;\"><strong>Tipo de servicio<\/strong><\/span><\/td>\n<td><span style=\"color: #000000;\">Renovaci\u00f3n del pasaporte chino<\/span><\/td>\n<\/tr>\n<tr>\n<td><span style=\"color: #000000;\"><strong>Admisibilidad<\/strong><\/span><\/td>\n<td><span style=\"color: #000000;\">Ciudadanos chinos con pasaporte caducado o a punto de caducar<\/span><\/td>\n<\/tr>\n<tr>\n<td><span style=\"color: #000000;\"><strong>Tiempo de procesamiento<\/strong><\/span><\/td>\n<td><span style=\"color: #000000;\">2-6 semanas (opciones aceleradas disponibles)<\/span><\/td>\n<\/tr>\n<tr>\n<td><span style=\"color: #000000;\"><strong>Documentos necesarios<\/strong><\/span><\/td>\n<td><span style=\"color: #000000;\">1. Pasaporte caducado<\/span><br \/>\n<span style=\"color: #000000;\">2. 2. Prueba de identidad<\/span><br \/>\n<span style=\"color: #000000;\">3. Nuevas fotos de pasaporte (se pueden facilitar)<\/span><br \/>\n<span style=\"color: #000000;\">4. Documentos justificativos adicionales en caso necesario<\/span><\/td>\n<\/tr>\n<tr>\n<td><span style=\"color: #000000;\"><strong>Atenci\u00f3n al cliente<\/strong><\/span><\/td>\n<td><span style=\"color: #000000;\">Asistencia 24\/7 por WhatsApp y correo electr\u00f3nico<\/span><\/td>\n<\/tr>\n<tr>\n<td><span style=\"color: #000000;\"><strong>Tasa de solicitud<\/strong><\/span><\/td>\n<td><span style=\"color: #000000;\">Negociable (Contactar para precios)<\/span><\/td>\n<\/tr>\n<tr>\n<td><span style=\"color: #000000;\"><strong>Formas de pago<\/strong><\/span><\/td>\n<td><span style=\"color: #000000;\">Tarjeta de cr\u00e9dito, PayPal, Transferencia bancaria<\/span><\/td>\n<\/tr>\n<\/tbody>\n<\/table>\n<hr \/>\n<h4><span style=\"color: #000000;\">Ventajas del servicio<\/span><\/h4>\n<ul>\n<li><span style=\"color: #000000;\"><strong>Procesamiento r\u00e1pido:<\/strong> Servicios acelerados disponibles para renovaciones urgentes.<\/span><\/li>\n<li><span style=\"color: #000000;\"><strong>Apoyo integral:<\/strong> Desde la preparaci\u00f3n de los documentos hasta la presentaci\u00f3n de la solicitud, le ayudamos en cada paso.<\/span><\/li>\n<li><span style=\"color: #000000;\"><strong>Creaci\u00f3n de documentos:<\/strong> Si le falta alg\u00fan documento, le ayudamos a crearlo.<\/span><\/li>\n<li><span style=\"color: #000000;\"><strong>Precios flexibles:<\/strong> Precios negociables en funci\u00f3n de sus necesidades espec\u00edficas y la urgencia.<\/span><\/li>\n<li><span style=\"color: #000000;\"><strong>Seguro y confidencial:<\/strong> Todos los datos personales se tratan con estricta confidencialidad.<\/span><\/li>\n<li><span style=\"color: #000000;\"><strong>Disponibilidad 24\/7:<\/strong> El servicio de atenci\u00f3n al cliente est\u00e1 disponible las 24 horas del d\u00eda a trav\u00e9s de WhatsApp y correo electr\u00f3nico.<\/span><\/li>\n<\/ul>\n<p>&nbsp;<\/p>\n<p><span style=\"color: #000000;\"><strong>\u00bfPor qu\u00e9 renovar su pasaporte chino con nosotros?<\/strong><\/span><\/p>\n<p><span style=\"color: #000000;\">Nuestro servicio est\u00e1 dise\u00f1ado para que el proceso de renovaci\u00f3n del pasaporte sea sencillo y sin estr\u00e9s. Con nuestro equipo de expertos tramitando su solicitud, podr\u00e1 evitar los retrasos y complicaciones habituales asociados a la renovaci\u00f3n de pasaportes.<\/span><\/p>\n<p><span style=\"color: #000000;\"><strong>Asistencia integral para la renovaci\u00f3n de pasaportes<\/strong><\/span><\/p>\n<p><span style=\"color: #000000;\">Tanto si su pasaporte ya ha caducado como si est\u00e1 a punto de hacerlo, nos encargamos de todo, desde preparar su solicitud hasta presentarla en su nombre. Tambi\u00e9n nos aseguramos de que toda la documentaci\u00f3n necesaria est\u00e9 completa y sea precisa para acelerar el proceso de aprobaci\u00f3n.<\/span><\/p>\n<p><span style=\"color: #000000;\"><strong>\u00bfFaltan documentos? No hay problema<\/strong><\/span><\/p>\n<p><span style=\"color: #000000;\">Si no dispone de los documentos necesarios para la renovaci\u00f3n de su pasaporte, podemos ayudarle a crearlos. Nuestro equipo trabaja estrechamente con usted para asegurarse de que todo est\u00e1 en orden antes de presentar su solicitud.<\/span><\/p>\n<p><span style=\"color: #000000;\"><strong>Precios negociables<\/strong><\/span><\/p>\n<p><span style=\"color: #000000;\">Nuestras tarifas de servicios son flexibles y negociables, dependiendo de sus necesidades. P\u00f3ngase en contacto con nosotros a trav\u00e9s de WhatsApp o correo electr\u00f3nico para obtener precios personalizados.<\/span><\/p>\n<p><span style=\"color: #000000;\"><strong>Servicio r\u00e1pido y seguro<\/strong><\/span><\/p>\n<p><span style=\"color: #000000;\">Entendemos la importancia de la confidencialidad y la rapidez cuando se trata de renovar un pasaporte. Nuestro servicio garantiza que su informaci\u00f3n personal se maneja de forma segura, y ofrecemos servicios acelerados si tiene prisa.<\/span><\/p>\n<p><span style=\"color: #000000;\"><strong>Renueve hoy mismo su pasaporte chino<\/strong><\/span><\/p>\n<p><span style=\"color: #000000;\">\u00bfListo para renovar su pasaporte chino? Haga clic en \"Solicitar ahora\" para iniciar el proceso. Disfrute de un servicio r\u00e1pido, asistencia en la creaci\u00f3n de documentos y precios negociables adaptados a sus necesidades.<\/span><\/p>","protected":false},"excerpt":{"rendered":"<p>Renueve su pasaporte de China en l\u00ednea de forma r\u00e1pida y eficaz con nuestro servicio de confianza. Ayudamos a renovar pasaportes caducados, proporcionando un proceso sin complicaciones con precios negociables.<\/p>","protected":false},"featured_media":1719,"comment_status":"open","ping_status":"closed","template":"","meta":{"_eb_attr":"","site-sidebar-layout":"default","site-content-layout":"","ast-site-content-layout":"default","site-content-style":"default","site-sidebar-style":"default","ast-global-header-display":"","ast-banner-title-visibility":"","ast-main-header-display":"","ast-hfb-above-header-display":"","ast-hfb-below-header-display":"","ast-hfb-mobile-header-display":"","site-post-title":"","ast-breadcrumbs-content":"","ast-featured-img":"","footer-sml-layout":"","ast-disable-related-posts":"","theme-transparent-header-meta":"default","adv-header-id-meta":"","stick-header-meta":"","header-above-stick-meta":"","header-main-stick-meta":"","header-below-stick-meta":"","astra-migrate-meta-layouts":"set","ast-page-background-enabled":"default","ast-page-background-meta":{"desktop":{"background-color":"","background-image":"","background-repeat":"repeat","background-position":"center center","background-size":"auto","background-attachment":"scroll","background-type":"","background-media":"","overlay-type":"","overlay-color":"","overlay-opacity":"","overlay-gradient":""},"tablet":{"background-color":"","background-image":"","background-repeat":"repeat","background-position":"center center","background-size":"auto","background-attachment":"scroll","background-type":"","background-media":"","overlay-type":"","overlay-color":"","overlay-opacity":"","overlay-gradient":""},"mobile":{"background-color":"","background-image":"","background-repeat":"repeat","background-position":"center center","background-size":"auto","background-attachment":"scroll","background-type":"","background-media":"","overlay-type":"","overlay-color":"","overlay-opacity":"","overlay-gradient":""}},"ast-content-background-meta":{"desktop":{"background-color":"var(--ast-global-color-5)","background-image":"","background-repeat":"repeat","background-position":"center center","background-size":"auto","background-attachment":"scroll","background-type":"","background-media":"","overlay-type":"","overlay-color":"","overlay-opacity":"","overlay-gradient":""},"tablet":{"background-color":"var(--ast-global-color-5)","background-image":"","background-repeat":"repeat","background-position":"center center","background-size":"auto","background-attachment":"scroll","background-type":"","background-media":"","overlay-type":"","overlay-color":"","overlay-opacity":"","overlay-gradient":""},"mobile":{"background-color":"var(--ast-global-color-5)","background-image":"","background-repeat":"repeat","background-position":"center center","background-size":"auto","background-attachment":"scroll","background-type":"","background-media":"","overlay-type":"","overlay-color":"","overlay-opacity":"","overlay-gradient":""}}},"product_brand":[],"product_cat":[55,17],"product_tag":[69],"class_list":{"0":"post-1718","1":"product","2":"type-product","3":"status-publish","4":"has-post-thumbnail","6":"product_cat-passport-renewals","7":"product_cat-globaldocs","8":"product_tag-passport-renewal","9":"desktop-align-left","10":"tablet-align-left","11":"mobile-align-left","13":"first","14":"instock","15":"shipping-taxable","16":"purchasable","17":"product-type-simple"},"_links":{"self":[{"href":"https:\/\/globaldocs.store\/es\/wp-json\/wp\/v2\/product\/1718","targetHints":{"allow":["GET"]}}],"collection":[{"href":"https:\/\/globaldocs.store\/es\/wp-json\/wp\/v2\/product"}],"about":[{"href":"https:\/\/globaldocs.store\/es\/wp-json\/wp\/v2\/types\/product"}],"replies":[{"embeddable":true,"href":"https:\/\/globaldocs.store\/es\/wp-json\/wp\/v2\/comments?post=1718"}],"version-history":[{"count":1,"href":"https:\/\/globaldocs.store\/es\/wp-json\/wp\/v2\/product\/1718\/revisions"}],"predecessor-version":[{"id":1720,"href":"https:\/\/globaldocs.store\/es\/wp-json\/wp\/v2\/product\/1718\/revisions\/1720"}],"wp:featuredmedia":[{"embeddable":true,"href":"https:\/\/globaldocs.store\/es\/wp-json\/wp\/v2\/media\/1719"}],"wp:attachment":[{"href":"https:\/\/globaldocs.store\/es\/wp-json\/wp\/v2\/media?parent=1718"}],"wp:term":[{"taxonomy":"product_brand","embeddable":true,"href":"https:\/\/globaldocs.store\/es\/wp-json\/wp\/v2\/product_brand?post=1718"},{"taxonomy":"product_cat","embeddable":true,"href":"https:\/\/globaldocs.store\/es\/wp-json\/wp\/v2\/product_cat?post=1718"},{"taxonomy":"product_tag","embeddable":true,"href":"https:\/\/globaldocs.store\/es\/wp-json\/wp\/v2\/product_tag?post=1718"}],"curies":[{"name":"wp","href":"https:\/\/api.w.org\/{rel}","templated":true}]}}