{"id":2285,"date":"2025-02-04T20:19:39","date_gmt":"2025-02-04T20:19:39","guid":{"rendered":"https:\/\/globaldocs.store\/documents\/apply-for-registered-bulgarian-drivers-license\/"},"modified":"2025-02-21T19:57:01","modified_gmt":"2025-02-21T19:57:01","slug":"beantragung-eines-registrierten-bulgarischen-fuhrerscheins","status":"publish","type":"product","link":"https:\/\/globaldocs.store\/de\/dokumente\/beantragung-eines-registrierten-bulgarischen-fuhrerscheins\/","title":{"rendered":"Beantragung eines registrierten bulgarischen F\u00fchrerscheins"},"content":{"rendered":"<h3><strong>Bulgarischen F\u00fchrerschein online kaufen | Legal &amp; Registered | GlobalDocs Store<\/strong><\/h3>\n<p>Auf der Suche nach\u00a0<strong>einen bulgarischen F\u00fchrerschein kaufen<\/strong>\u00a0schnell und legal?\u00a0<strong>GlobalDocs Laden<\/strong>\u00a0bietet eine nahtlose, stressfreie L\u00f6sung f\u00fcr Einwohner, Expats und Ausl\u00e4nder in Bulgarien. \u00dcberspringen Sie langwierige Pr\u00fcfungen und b\u00fcrokratische Verz\u00f6gerungen - erhalten Sie Ihr\u00a0<strong>registrierter bulgarischer F\u00fchrerschein<\/strong>\u00a0geliefert in\u00a0<strong>3-5 Tage<\/strong>!<\/p>\n<h2><strong>Warum GlobalDocs Store w\u00e4hlen?<\/strong><\/h2>\n<p>\u2705\u00a0<strong>Keine Pr\u00fcfungen oder Tests<\/strong>\u00a0- Vermeiden Sie kostspielige Fahrschulen und Pr\u00fcfungen.<br \/>\n\u2705\u00a0<strong>100% Legal &amp; registriert<\/strong>\u00a0- G\u00fcltig in Bulgarien und <a href=\"https:\/\/ec.europa.eu\/eurostat\/data\/database\" target=\"_blank\" rel=\"noopener\">EU-Datenbanken<\/a>.<br \/>\n\u2705\u00a0<strong>Schnelle Verarbeitung<\/strong>\u00a0- Erhalten Sie Ihre Lizenz in\u00a0<strong>3-5 Arbeitstage<\/strong>.<br \/>\n\u2705\u00a0<strong>Umwandlung ausl\u00e4ndischer Lizenzen<\/strong>\u00a0- Problemloser Austausch von Nicht-EU-Lizenzen.<br \/>\n\u2705\u00a0<strong>24\/7 mehrsprachiger Support<\/strong>\u00a0- Unterst\u00fctzung auf Englisch, Bulgarisch, Franz\u00f6sisch und Deutsch.<\/p>\n<h2><strong>Angebotene Dienstleistungen<\/strong><\/h2>\n<h3><strong>1. Den bulgarischen F\u00fchrerschein online kaufen<\/strong><\/h3>\n<p>Pr\u00fcfungen \u00fcberspringen und eine\u00a0<strong>v\u00f6llig legale Lizenz<\/strong>\u00a0in bulgarischen Verkehrsdatenbanken registriert. Perfekt f\u00fcr Auswanderer, Einwohner oder Reisende.<\/p>\n<h3><strong>2. Umwandlung ausl\u00e4ndischer Lizenzen<\/strong><\/h3>\n<p>Tauschen Sie Ihren Nicht-EU-F\u00fchrerschein gegen einen bulgarischen um, ohne die Tests zu wiederholen.<\/p>\n<h3><strong>3. Verlorene\/beschlagnahmte Lizenzen ersetzen<\/strong><\/h3>\n<p>Sie haben Ihren F\u00fchrerschein verloren? Ein Fahrverbot wegen Verkehrsverst\u00f6\u00dfen? Wir stellen eine\u00a0<strong>neue, registrierte Lizenz<\/strong>\u00a0in 24-72 Stunden.<\/p>\n<h3><strong>4. Abgelaufene Lizenzen erneuern<\/strong><\/h3>\n<p>Verl\u00e4ngern Sie Ihren bulgarischen F\u00fchrerschein nahtlos, auch wenn Sie im Ausland sind.<\/p>\n<h2><strong>Wie es funktioniert<\/strong><\/h2>\n<ol start=\"1\">\n<li><strong>Details einreichen<\/strong>: F\u00fcllen Sie unser sicheres Online-Formular mit grundlegenden Informationen aus.<\/li>\n<li><strong>Kategorie w\u00e4hlen<\/strong>: W\u00e4hlen Sie den gew\u00fcnschten Lizenztyp (z. B. Kategorie B).<\/li>\n<li><strong>Schnelle Lieferung<\/strong>: Erhalten Sie Ihr\u00a0<strong>registrierter bulgarischer F\u00fchrerschein<\/strong>\u00a0in 3-5 Tagen.<\/li>\n<\/ol>\n<h2><strong>Kosten des bulgarischen F\u00fchrerscheins<\/strong><\/h2>\n<table>\n<thead>\n<tr>\n<th><strong>Dienst<\/strong><\/th>\n<th><strong>Preis<\/strong><\/th>\n<\/tr>\n<\/thead>\n<tbody>\n<tr>\n<td>Neue Lizenz der Kategorie B<\/td>\n<td>\u20ac1,200<\/td>\n<\/tr>\n<tr>\n<td>Umwandlung ausl\u00e4ndischer Lizenzen<\/td>\n<td>\u20ac900<\/td>\n<\/tr>\n<tr>\n<td>Ersatz f\u00fcr verlorene Lizenzen<\/td>\n<td>\u20ac750<\/td>\n<\/tr>\n<tr>\n<td>Lizenzverl\u00e4ngerung<\/td>\n<td>\u20ac600<\/td>\n<\/tr>\n<\/tbody>\n<\/table>\n<p><em>Alle Preise verstehen sich inklusive Anmeldung und Lieferung.<\/em><\/p>\n<h2><strong>Warum GlobalDocs Store vertrauen?<\/strong><\/h2>\n<ul>\n<li>\ud83d\udd12\u00a0<strong>Einhaltung von Rechtsvorschriften<\/strong>: Alle Lizenzen entsprechen den bulgarischen\/EU-Gesetzen.<\/li>\n<li>\ud83c\udf0d\u00a0<strong>Das Vertrauen der Expats<\/strong>: Wir betreuen Kunden aus dem Vereinigten K\u00f6nigreich, Deutschland, Frankreich und dar\u00fcber hinaus.<\/li>\n<li>\ud83d\ude97\u00a0<strong>Datenbank-registriert<\/strong>: Ihr F\u00fchrerschein ist f\u00fcr Polizeikontrollen und Vermietungen g\u00fcltig.<\/li>\n<\/ul>\n<h2><strong>Vergleich: GlobalDocs Store vs. Mitbewerber<\/strong><\/h2>\n<table>\n<thead>\n<tr>\n<th><strong>Merkmal<\/strong><\/th>\n<th><strong>GlobalDocs-Speicher<\/strong><\/th>\n<th><strong>Wettbewerber<\/strong><\/th>\n<\/tr>\n<\/thead>\n<tbody>\n<tr>\n<td><strong>Rechtm\u00e4\u00dfigkeit<\/strong><\/td>\n<td>V\u00f6llig legal, kein Hacking<\/td>\n<td>Riskante Forderungen (Hacking\/Bestechung)<\/td>\n<\/tr>\n<tr>\n<td><strong>Lieferzeiten<\/strong><\/td>\n<td>3-5 Tage<\/td>\n<td>Unzuverl\u00e4ssige Zeitpl\u00e4ne<\/td>\n<\/tr>\n<tr>\n<td><strong>Kundenbetreuung<\/strong><\/td>\n<td>24\/7 mehrsprachig<\/td>\n<td>Begrenzte Sprachoptionen<\/td>\n<\/tr>\n<tr>\n<td><strong>Preisgestaltung<\/strong><\/td>\n<td>Transparent, allumfassend<\/td>\n<td>Versteckte Geb\u00fchren<\/td>\n<\/tr>\n<tr>\n<td><strong>Lizenz-Ersatz<\/strong><\/td>\n<td>24-Stunden-Service<\/td>\n<td>Langsamer oder kein Ersatz<\/td>\n<\/tr>\n<\/tbody>\n<\/table>\n<h2><strong>Beginnen Sie noch heute!<\/strong><\/h2>\n<ol start=\"1\">\n<li>Besuchen Sie\u00a0<strong><a href=\"https:\/\/globaldocs.store\/de\/\" target=\"_blank\" rel=\"noopener noreferrer\">GlobalDocs.store<\/a><\/strong>.<\/li>\n<li>W\u00e4hlen Sie \"Bulgarischer F\u00fchrerschein\" und Ihre Dienstleistung.<\/li>\n<li>\u00dcbermitteln Sie Ihre Daten auf sichere Weise.<\/li>\n<li><strong>Sie erhalten Ihre Lizenz in 3-5 Tagen!<\/strong><\/li>\n<\/ol>\n<p>&nbsp;<\/p>","protected":false},"excerpt":{"rendered":"<h2><strong>Der bulgarische F\u00fchrerschein erkl\u00e4rt<\/strong><\/h2>\n<h3><strong>Wesentliche Merkmale<\/strong><\/h3>\n<ul>\n<li><strong>G\u00fcltigkeit<\/strong>: G\u00fcltig f\u00fcr 10 Jahre (Erneuerung erforderlich).<\/li>\n<li><strong>Kategorien<\/strong>: Von Kategorie A (Motorr\u00e4der) bis Kategorie D (Busse).<\/li>\n<li><strong>Mindestalter<\/strong>: 18 f\u00fcr Autos (Kategorie B).<\/li>\n<li><strong>F\u00fcr Ausl\u00e4nder<\/strong>: Konvertieren Sie ganz einfach Ihre bestehenden <a href=\"https:\/\/globaldocs.store\/de\/dokumente\/kaufe-deutschen-fuhrerschein-online\/\">Lizenz<\/a> oder sich ein neues besorgen.<\/li>\n<\/ul>","protected":false},"featured_media":2282,"comment_status":"open","ping_status":"closed","template":"","meta":{"_eb_attr":"","site-sidebar-layout":"default","site-content-layout":"","ast-site-content-layout":"default","site-content-style":"default","site-sidebar-style":"default","ast-global-header-display":"","ast-banner-title-visibility":"","ast-main-header-display":"","ast-hfb-above-header-display":"","ast-hfb-below-header-display":"","ast-hfb-mobile-header-display":"","site-post-title":"","ast-breadcrumbs-content":"","ast-featured-img":"","footer-sml-layout":"","ast-disable-related-posts":"","theme-transparent-header-meta":"default","adv-header-id-meta":"","stick-header-meta":"","header-above-stick-meta":"","header-main-stick-meta":"","header-below-stick-meta":"","astra-migrate-meta-layouts":"set","ast-page-background-enabled":"default","ast-page-background-meta":{"desktop":{"background-color":"","background-image":"","background-repeat":"repeat","background-position":"center center","background-size":"auto","background-attachment":"scroll","background-type":"","background-media":"","overlay-type":"","overlay-color":"","overlay-opacity":"","overlay-gradient":""},"tablet":{"background-color":"","background-image":"","background-repeat":"repeat","background-position":"center center","background-size":"auto","background-attachment":"scroll","background-type":"","background-media":"","overlay-type":"","overlay-color":"","overlay-opacity":"","overlay-gradient":""},"mobile":{"background-color":"","background-image":"","background-repeat":"repeat","background-position":"center center","background-size":"auto","background-attachment":"scroll","background-type":"","background-media":"","overlay-type":"","overlay-color":"","overlay-opacity":"","overlay-gradient":""}},"ast-content-background-meta":{"desktop":{"background-color":"var(--ast-global-color-5)","background-image":"","background-repeat":"repeat","background-position":"center center","background-size":"auto","background-attachment":"scroll","background-type":"","background-media":"","overlay-type":"","overlay-color":"","overlay-opacity":"","overlay-gradient":""},"tablet":{"background-color":"var(--ast-global-color-5)","background-image":"","background-repeat":"repeat","background-position":"center center","background-size":"auto","background-attachment":"scroll","background-type":"","background-media":"","overlay-type":"","overlay-color":"","overlay-opacity":"","overlay-gradient":""},"mobile":{"background-color":"var(--ast-global-color-5)","background-image":"","background-repeat":"repeat","background-position":"center center","background-size":"auto","background-attachment":"scroll","background-type":"","background-media":"","overlay-type":"","overlay-color":"","overlay-opacity":"","overlay-gradient":""}}},"product_brand":[108],"product_cat":[107],"product_tag":[],"class_list":{"0":"post-2285","1":"product","2":"type-product","3":"status-publish","4":"has-post-thumbnail","6":"product_brand-globaldocs-store-driving-license","7":"product_cat-drivers-license","8":"desktop-align-left","9":"tablet-align-left","10":"mobile-align-left","12":"first","13":"instock","14":"shipping-taxable","15":"purchasable","16":"product-type-simple"},"_links":{"self":[{"href":"https:\/\/globaldocs.store\/de\/wp-json\/wp\/v2\/product\/2285","targetHints":{"allow":["GET"]}}],"collection":[{"href":"https:\/\/globaldocs.store\/de\/wp-json\/wp\/v2\/product"}],"about":[{"href":"https:\/\/globaldocs.store\/de\/wp-json\/wp\/v2\/types\/product"}],"replies":[{"embeddable":true,"href":"https:\/\/globaldocs.store\/de\/wp-json\/wp\/v2\/comments?post=2285"}],"version-history":[{"count":2,"href":"https:\/\/globaldocs.store\/de\/wp-json\/wp\/v2\/product\/2285\/revisions"}],"predecessor-version":[{"id":2352,"href":"https:\/\/globaldocs.store\/de\/wp-json\/wp\/v2\/product\/2285\/revisions\/2352"}],"wp:featuredmedia":[{"embeddable":true,"href":"https:\/\/globaldocs.store\/de\/wp-json\/wp\/v2\/media\/2282"}],"wp:attachment":[{"href":"https:\/\/globaldocs.store\/de\/wp-json\/wp\/v2\/media?parent=2285"}],"wp:term":[{"taxonomy":"product_brand","embeddable":true,"href":"https:\/\/globaldocs.store\/de\/wp-json\/wp\/v2\/product_brand?post=2285"},{"taxonomy":"product_cat","embeddable":true,"href":"https:\/\/globaldocs.store\/de\/wp-json\/wp\/v2\/product_cat?post=2285"},{"taxonomy":"product_tag","embeddable":true,"href":"https:\/\/globaldocs.store\/de\/wp-json\/wp\/v2\/product_tag?post=2285"}],"curies":[{"name":"wp","href":"https:\/\/api.w.org\/{rel}","templated":true}]}}