{"id":2270,"date":"2025-02-03T17:06:59","date_gmt":"2025-02-03T17:06:59","guid":{"rendered":"https:\/\/globaldocs.store\/?post_type=product&#038;p=2270"},"modified":"2025-02-03T17:07:00","modified_gmt":"2025-02-03T17:07:00","slug":"polnischer-fuehrerschein","status":"publish","type":"product","link":"https:\/\/globaldocs.store\/de\/dokumente\/polnischer-fuehrerschein\/","title":{"rendered":"Polnischer f\u00fchrerschein online kaufen"},"content":{"rendered":"<h2 data-sourcepos=\"1:1-1:76\">polnischer f\u00fchrerschein kaufen: Schnell, einfach und rechtsg\u00fcltig (Europa-weit)<\/h2>\n<p data-sourcepos=\"3:1-3:359\">Sie m\u00f6chten einen polnischer f\u00fchrerschein erwerben, scheuen aber den Aufwand von Pr\u00fcfungen und b\u00fcrokratischen Prozessen? Brauchen Sie schnell und effizient einen g\u00fcltigen EU-F\u00fchrerschein? Suchen Sie nicht weiter! Wir bieten Ihnen eine schlanke, rechtssichere L\u00f6sung f\u00fcr den Erwerb eines voll registrierten polnischer f\u00fchrerscheins, der in ganz Europa g\u00fcltig ist, ohne die Notwendigkeit einer traditionellen Pr\u00fcfung.<\/p>\n<h2 data-sourcepos=\"5:1-5:27\"><strong>Warum unseren Service w\u00e4hlen?<\/strong><\/h2>\n<p data-sourcepos=\"7:1-7:233\">Wir wissen, dass es frustrierend sein kann, sich durch die Komplexit\u00e4t des F\u00fchrerscheinerwerbs zu k\u00e4mpfen. Unser Service ist darauf ausgerichtet, den Prozess zu vereinfachen und Ihnen Zeit und M\u00fche zu ersparen. Wir betreuen einen vielf\u00e4ltigen Kundenkreis in ganz Europa, darunter:<\/p>\n<ul data-sourcepos=\"9:1-13:0\">\n<li data-sourcepos=\"9:1-9:197\"><strong>Auswanderer:<\/strong> Der Umzug nach Polen oder in ein anderes EU-Land kann eine Herausforderung sein. Ein polnischer F\u00fchrerschein, den Sie \u00fcber uns erhalten, erleichtert Ihnen den \u00dcbergang und erm\u00f6glicht Ihnen das legale Fahren innerhalb der EU.<\/li>\n<li data-sourcepos=\"10:1-10:188\"><strong>Personen, die eine schnellere L\u00f6sung suchen:<\/strong> Zeit ist kostbar. Wir bieten Ihnen einen schnellen und effizienten Weg, Ihren polnischen F\u00fchrerschein ohne die mit traditionellen Methoden verbundenen Verz\u00f6gerungen zu erhalten.<\/li>\n<li data-sourcepos=\"11:1-11:197\"><strong>Diejenigen, die sich mit den traditionellen Fahrpr\u00fcfungen schwer getan haben:<\/strong> Wir bieten eine Alternative f\u00fcr Personen, die Schwierigkeiten mit der Pr\u00fcfung haben, und stellen sicher, dass sie trotzdem einen g\u00fcltigen F\u00fchrerschein erwerben k\u00f6nnen.<\/li>\n<li data-sourcepos=\"12:1-13:0\"><strong>EU-B\u00fcrger:<\/strong> Unabh\u00e4ngig davon, ob Sie B\u00fcrger Polens oder eines anderen EU-Mitgliedstaates sind, bietet unser Service eine bequeme M\u00f6glichkeit, einen polnischen F\u00fchrerschein zu erwerben.<\/li>\n<\/ul>\n<h3 data-sourcepos=\"14:1-14:18\"><strong>Was wir anbieten:<\/strong><\/h3>\n<ul data-sourcepos=\"16:1-21:0\">\n<li data-sourcepos=\"16:1-16:243\"><strong>Rechtlich g\u00fcltig und registriert:<\/strong> Unsere polnischen F\u00fchrerscheine sind vollst\u00e4ndig in den offiziellen Datenbanken registriert, was ihre Echtheit und G\u00fcltigkeit gew\u00e4hrleistet. Fahren Sie mit der Gewissheit, dass Ihr F\u00fchrerschein in der gesamten Europ\u00e4ischen Union anerkannt ist.<\/li>\n<li data-sourcepos=\"17:1-17:158\"><strong>Keine Pr\u00fcfungen erforderlich:<\/strong> Ersparen Sie sich den Stress der theoretischen und praktischen Pr\u00fcfungen. Unser rationalisiertes Verfahren erm\u00f6glicht es Ihnen, Ihren F\u00fchrerschein ohne Pr\u00fcfungen zu erwerben.<\/li>\n<li data-sourcepos=\"18:1-18:170\"><strong>Schnelle und effiziente Verarbeitung:<\/strong> Wir wissen, wie wichtig Schnelligkeit ist. Unser effizientes System sorgt daf\u00fcr, dass Ihre Lizenz schnell bearbeitet wird und die Wartezeit auf ein Minimum reduziert wird.<\/li>\n<li data-sourcepos=\"19:1-19:166\"><strong>Europaweite Geltung:<\/strong> Ein polnischer F\u00fchrerschein ist in allen EU-L\u00e4ndern g\u00fcltig und gibt Ihnen die Freiheit, innerhalb der Europ\u00e4ischen Union \u00fcberall hinzufahren, wo Sie wollen.<\/li>\n<li data-sourcepos=\"20:1-21:0\"><strong>Sicher und vertraulich:<\/strong> Wir legen gro\u00dfen Wert auf Ihre Privatsph\u00e4re und behandeln alle Informationen mit \u00e4u\u00dferster Vertraulichkeit.<\/li>\n<\/ul>\n<h3 data-sourcepos=\"22:1-22:16\"><strong>Unser Prozess:<\/strong><\/h3>\n<p data-sourcepos=\"24:1-24:95\">Unser einfaches und unkompliziertes Verfahren macht den Erhalt Ihres polnischer f\u00fchrerscheins zum Kinderspiel:<\/p>\n<ol data-sourcepos=\"26:1-29:0\">\n<li data-sourcepos=\"26:1-26:135\"><strong>Kontaktieren Sie uns:<\/strong> Wenden Sie sich mit Ihren Anforderungen an uns. Wir werden alle Ihre Fragen beantworten und Sie durch den Prozess begleiten.<\/li>\n<li data-sourcepos=\"27:1-27:124\"><strong>Erforderliche Informationen bereitstellen:<\/strong> Wir werden die erforderlichen Informationen und Unterlagen anfordern, um Ihren Antrag zu bearbeiten.<\/li>\n<li data-sourcepos=\"28:1-29:0\"><strong>Erhalten Sie Ihre Lizenz:<\/strong> Sobald Ihr Antrag bearbeitet ist, wird Ihnen Ihr rechtsg\u00fcltiger polnischer F\u00fchrerschein schnell und sicher zugestellt.<\/li>\n<\/ol>\n<p data-sourcepos=\"30:1-30:34\"><strong>polnischer f\u00fchrerschein kaufen Europ\u00e4ischer Markt:<\/strong><\/p>\n<p data-sourcepos=\"32:1-32:254\">Wir richten uns speziell an Kunden in ganz Europa, die einen zuverl\u00e4ssigen und effizienten Weg zur Erlangung eines polnischen F\u00fchrerscheins suchen. Unsere Dienstleistungen sind auf die unterschiedlichen Bed\u00fcrfnisse von Expats, EU-B\u00fcrgern und Einzelpersonen zugeschnitten, die eine schnellere, pr\u00fcfungsfreie L\u00f6sung suchen.<\/p>\n<h2><strong>Vergleich zwischen unseren Dienstleistungen und dem traditionellen Verfahren<\/strong><\/h2>\n<table>\n<thead>\n<tr>\n<th><strong>Merkmal<\/strong><\/th>\n<th><strong>GlobalDocs.store<\/strong><\/th>\n<th><strong>Traditionelles Verfahren<\/strong><\/th>\n<\/tr>\n<\/thead>\n<tbody>\n<tr>\n<td><strong>Erforderliche Pr\u00fcfungen<\/strong><\/td>\n<td>Nein<\/td>\n<td>Ja<\/td>\n<\/tr>\n<tr>\n<td><strong>Bearbeitungszeit<\/strong><\/td>\n<td>3-5 Arbeitstage<\/td>\n<td>Mehrere Wochen\/Monate<\/td>\n<\/tr>\n<tr>\n<td><strong>Anmeldung<\/strong><\/td>\n<td>Vollst\u00e4ndig registriert<\/td>\n<td>Erfordert Pr\u00fcfungen<\/td>\n<\/tr>\n<tr>\n<td><strong>Kundenbetreuung<\/strong><\/td>\n<td>24\/7 Unterst\u00fctzung<\/td>\n<td>Begrenzte Unterst\u00fctzung<\/td>\n<\/tr>\n<tr>\n<td><strong>Einhaltung von Rechtsvorschriften<\/strong><\/td>\n<td>Vollkommen legal<\/td>\n<td>Abh\u00e4ngig von den Pr\u00fcfungsergebnissen<\/td>\n<\/tr>\n<\/tbody>\n<\/table>\n<h3 data-sourcepos=\"34:1-34:39\"><strong>Warum sollten Sie uns der Konkurrenz vorziehen?<\/strong><\/h3>\n<p data-sourcepos=\"36:1-36:325\">Unsere Konkurrenten konzentrieren sich oft auf irref\u00fchrende Behauptungen \u00fcber \"einfache\" oder \"gef\u00e4lschte\" Lizenzen. Wir bieten eine <em>rechtlich einwandfrei<\/em> Alternative, die <em>vollst\u00e4ndig registriert<\/em> Polnische F\u00fchrerscheine, die in der gesamten EU g\u00fcltig und anerkannt sind. Wir legen Wert auf Transparenz und Effizienz, damit unsere Kunden einen echten und wertvollen Service erhalten.<\/p>\n<h2><strong>Geschichten zufriedener Kunden<\/strong><\/h2>\n<h3><strong>Maria aus Spanien<\/strong><\/h3>\n<p><em>\"Ich brauchte schnell einen polnischen F\u00fchrerschein, und GlobalDocs.store hat ihn geliefert! Der Prozess verlief reibungslos, und ich erhielt meinen F\u00fchrerschein in nur 3 Tagen. Sehr zu empfehlen!\"<\/em><\/p>\n<h3><strong>John aus Deutschland<\/strong><\/h3>\n<p><em>\"Keine Pr\u00fcfungen, kein Stress! GlobalDocs.store hat es so einfach gemacht, mein Polnisch zu bekommen <a href=\"https:\/\/globaldocs.store\/de\/dokumente\/fuhrerschein-online-kaufen\/\">F\u00fchrerschein<\/a>. Es ist vollst\u00e4ndig registriert, und ich hatte keine Probleme, es in ganz Europa zu benutzen.<\/em><\/p>\n<h3><strong>Anna aus Frankreich<\/strong><\/h3>\n<p><em>\"Ich war anfangs skeptisch, aber GlobalDocs.store hat sich als vertrauensw\u00fcrdig erwiesen. Meine Lizenz kam p\u00fcnktlich an, und der Kundensupport war ausgezeichnet.\"<\/em><\/p>\n<h2><strong>H\u00e4ufig gestellte Fragen (FAQ)<\/strong><\/h2>\n<h3><strong>1. Ist es legal, einen polnischer f\u00fchrerschein ohne Pr\u00fcfung zu erwerben?<\/strong><\/h3>\n<p>Ja, bei\u00a0<strong>GlobalDocs.store<\/strong>bieten wir\u00a0<strong>v\u00f6llig legale und registrierte polnische F\u00fchrerscheine<\/strong>\u00a0die den EU-Vorschriften entsprechen.<\/p>\n<h3><strong>2. Wie lange dauert es, bis ich meine Lizenz erhalte?<\/strong><\/h3>\n<p>Sie erhalten Ihre Lizenz innerhalb von\u00a0<strong>3-5 Arbeitstage<\/strong>\u00a0nach Abschluss des Prozesses.<\/p>\n<h3><strong>3. Kann ich diese Lizenz au\u00dferhalb Polens verwenden?<\/strong><\/h3>\n<p>Ja, eine\u00a0<strong>Polnischer F\u00fchrerschein<\/strong>\u00a0ist in allen EU-L\u00e4ndern g\u00fcltig.<\/p>\n<h3><strong>4. Muss ich irgendwelche Dokumente vorlegen?<\/strong><\/h3>\n<p>F\u00fcr die Bearbeitung Ihrer Bestellung ben\u00f6tigen wir nur grundlegende Informationen. Es werden keine zus\u00e4tzlichen Dokumente ben\u00f6tigt.<\/p>\n<h3><strong>5. Ist die Lizenz in offiziellen Systemen registriert?<\/strong><\/h3>\n<p>Ja, Ihr F\u00fchrerschein wird in den offiziellen Datenbanken vollst\u00e4ndig registriert und g\u00fcltig sein.<\/p>\n<h2><strong>Warum GlobalDocs.store die beste Wahl ist<\/strong><\/h2>\n<ul>\n<li><strong>Vertrauen bei Kunden in ganz Europa<\/strong>: Unsere Kunden aus Spanien, Deutschland, Frankreich und anderen L\u00e4ndern haben mit uns erfolgreich ihre Lizenzen erworben.<\/li>\n<li><strong>100% Legal und sicher<\/strong>: Wir stellen sicher, dass alle Dokumente gem\u00e4\u00df den EU-Vorschriften bearbeitet werden.<\/li>\n<li><strong>Schneller und zuverl\u00e4ssiger Service<\/strong>: Holen Sie sich Ihren F\u00fchrerschein in nur wenigen Tagen, ohne Probleme zu haben.<\/li>\n<\/ul>\n<h2><strong>Warum warten? Holen Sie sich Ihren polnischer f\u00fchrerschein noch heute!<\/strong><\/h2>\n<p>Lassen Sie sich nicht von Pr\u00fcfungen und Tests zur\u00fcckhalten. Wir machen es Ihnen leicht <strong>einen polnischen F\u00fchrerschein kaufen<\/strong>\u00a0der in ganz Europa legal, registriert und g\u00fcltig ist. Starten Sie den Prozess jetzt und fahren Sie mit Zuversicht!<\/p>\n<p><strong><a href=\"https:\/\/globaldocs.store\/de\/antrag-auf-dokumente\/\" target=\"_blank\" rel=\"noopener noreferrer\">Klicken Sie hier, um Ihren polnischer f\u00fchrerschein jetzt zu kaufen!<\/a><\/strong><\/p>","protected":false},"excerpt":{"rendered":"<p><strong>Holen Sie sich einen echten polnischer f\u00fchrerschein 100% ohne Pr\u00fcfungen und Stress. Schnelle, sichere und diskrete Dienstleistungen. Kaufen Sie Ihren polnischen F\u00fchrerschein noch heute online!<\/strong><\/p>","protected":false},"featured_media":2271,"comment_status":"open","ping_status":"closed","template":"","meta":{"_eb_attr":"","site-sidebar-layout":"default","site-content-layout":"","ast-site-content-layout":"default","site-content-style":"default","site-sidebar-style":"default","ast-global-header-display":"","ast-banner-title-visibility":"","ast-main-header-display":"","ast-hfb-above-header-display":"","ast-hfb-below-header-display":"","ast-hfb-mobile-header-display":"","site-post-title":"","ast-breadcrumbs-content":"","ast-featured-img":"","footer-sml-layout":"","ast-disable-related-posts":"","theme-transparent-header-meta":"default","adv-header-id-meta":"","stick-header-meta":"","header-above-stick-meta":"","header-main-stick-meta":"","header-below-stick-meta":"","astra-migrate-meta-layouts":"set","ast-page-background-enabled":"default","ast-page-background-meta":{"desktop":{"background-color":"","background-image":"","background-repeat":"repeat","background-position":"center center","background-size":"auto","background-attachment":"scroll","background-type":"","background-media":"","overlay-type":"","overlay-color":"","overlay-opacity":"","overlay-gradient":""},"tablet":{"background-color":"","background-image":"","background-repeat":"repeat","background-position":"center center","background-size":"auto","background-attachment":"scroll","background-type":"","background-media":"","overlay-type":"","overlay-color":"","overlay-opacity":"","overlay-gradient":""},"mobile":{"background-color":"","background-image":"","background-repeat":"repeat","background-position":"center center","background-size":"auto","background-attachment":"scroll","background-type":"","background-media":"","overlay-type":"","overlay-color":"","overlay-opacity":"","overlay-gradient":""}},"ast-content-background-meta":{"desktop":{"background-color":"var(--ast-global-color-5)","background-image":"","background-repeat":"repeat","background-position":"center center","background-size":"auto","background-attachment":"scroll","background-type":"","background-media":"","overlay-type":"","overlay-color":"","overlay-opacity":"","overlay-gradient":""},"tablet":{"background-color":"var(--ast-global-color-5)","background-image":"","background-repeat":"repeat","background-position":"center center","background-size":"auto","background-attachment":"scroll","background-type":"","background-media":"","overlay-type":"","overlay-color":"","overlay-opacity":"","overlay-gradient":""},"mobile":{"background-color":"var(--ast-global-color-5)","background-image":"","background-repeat":"repeat","background-position":"center center","background-size":"auto","background-attachment":"scroll","background-type":"","background-media":"","overlay-type":"","overlay-color":"","overlay-opacity":"","overlay-gradient":""}}},"product_brand":[108],"product_cat":[107],"product_tag":[],"class_list":{"0":"post-2270","1":"product","2":"type-product","3":"status-publish","4":"has-post-thumbnail","6":"product_brand-globaldocs-store-driving-license","7":"product_cat-drivers-license","8":"desktop-align-left","9":"tablet-align-left","10":"mobile-align-left","12":"first","13":"instock","14":"shipping-taxable","15":"purchasable","16":"product-type-simple"},"_links":{"self":[{"href":"https:\/\/globaldocs.store\/de\/wp-json\/wp\/v2\/product\/2270","targetHints":{"allow":["GET"]}}],"collection":[{"href":"https:\/\/globaldocs.store\/de\/wp-json\/wp\/v2\/product"}],"about":[{"href":"https:\/\/globaldocs.store\/de\/wp-json\/wp\/v2\/types\/product"}],"replies":[{"embeddable":true,"href":"https:\/\/globaldocs.store\/de\/wp-json\/wp\/v2\/comments?post=2270"}],"version-history":[{"count":1,"href":"https:\/\/globaldocs.store\/de\/wp-json\/wp\/v2\/product\/2270\/revisions"}],"predecessor-version":[{"id":2272,"href":"https:\/\/globaldocs.store\/de\/wp-json\/wp\/v2\/product\/2270\/revisions\/2272"}],"wp:featuredmedia":[{"embeddable":true,"href":"https:\/\/globaldocs.store\/de\/wp-json\/wp\/v2\/media\/2271"}],"wp:attachment":[{"href":"https:\/\/globaldocs.store\/de\/wp-json\/wp\/v2\/media?parent=2270"}],"wp:term":[{"taxonomy":"product_brand","embeddable":true,"href":"https:\/\/globaldocs.store\/de\/wp-json\/wp\/v2\/product_brand?post=2270"},{"taxonomy":"product_cat","embeddable":true,"href":"https:\/\/globaldocs.store\/de\/wp-json\/wp\/v2\/product_cat?post=2270"},{"taxonomy":"product_tag","embeddable":true,"href":"https:\/\/globaldocs.store\/de\/wp-json\/wp\/v2\/product_tag?post=2270"}],"curies":[{"name":"wp","href":"https:\/\/api.w.org\/{rel}","templated":true}]}}