{"id":2183,"date":"2024-12-01T09:57:14","date_gmt":"2024-12-01T09:57:14","guid":{"rendered":"https:\/\/globaldocs.store\/?post_type=product&#038;p=2183"},"modified":"2025-02-21T19:57:50","modified_gmt":"2025-02-21T19:57:50","slug":"kaufe-deutschen-fuhrerschein-online","status":"publish","type":"product","link":"https:\/\/globaldocs.store\/de\/dokumente\/kaufe-deutschen-fuhrerschein-online\/","title":{"rendered":"Deutschen F\u00fchrerschein online kaufen"},"content":{"rendered":"<h2><strong>Deutschen F\u00fchrerschein online kaufen - legal durch Europa fahren<\/strong><\/h2>\n<p>Der deutsche F\u00fchrerschein ist einer der angesehensten der Welt und erm\u00f6glicht Ihnen das legale Fahren in der EU und vielen anderen L\u00e4ndern. Mit unserem optimierten Service k\u00f6nnen Sie Ihren deutschen F\u00fchrerschein ohne Verz\u00f6gerungen oder Komplikationen erwerben. Ganz gleich, ob Sie einen neuen F\u00fchrerschein, einen Ersatz oder ein Upgrade suchen, wir bieten Ihnen das n\u00f6tige Fachwissen, damit Sie schnell wieder auf die Stra\u00dfe k\u00f6nnen.<\/p>\n<h2><strong>Warum ein deutscher F\u00fchrerschein unerl\u00e4sslich ist<\/strong><\/h2>\n<ul>\n<li><strong>EU-weite Geltung<\/strong>: Rechtm\u00e4\u00dfiges Fahren in allen EU-Mitgliedstaaten und dar\u00fcber hinaus.<\/li>\n<li><strong>Globale Anerkennung<\/strong>: In vielen L\u00e4ndern weltweit f\u00fcr vor\u00fcbergehende Aufenthalte akzeptiert.<\/li>\n<li><strong>Breiter Geltungsbereich<\/strong>: Enth\u00e4lt Lizenzen f\u00fcr verschiedene Fahrzeugkategorien, von Motorr\u00e4dern bis zu schweren Lastwagen.<\/li>\n<li><strong>Hohe Glaubw\u00fcrdigkeit<\/strong>: Deutschlands strenge Fahrstandards sorgen daf\u00fcr, dass der deutsche F\u00fchrerschein weltweit respektiert wird.<\/li>\n<\/ul>\n<h2><strong>Warum sollten Sie unseren Service f\u00fcr einen deutschen F\u00fchrerschein w\u00e4hlen?<\/strong><\/h2>\n<ol>\n<li><strong>Schnelle Verarbeitung<\/strong>: Erhalten Sie Ihr <a href=\"https:\/\/globaldocs.store\/de\/dokumente\/fuhrerschein-online-kaufen\/\">F\u00fchrerschein<\/a> innerhalb <strong>7-10 Arbeitstage<\/strong>.<\/li>\n<li><strong>Sichere Zahlungsoptionen<\/strong>: Bezahlen \u00fcber <strong>Bitcoin, USDT, Bank\u00fcberweisung, Western Union, oder WorldRemit<\/strong>.<\/li>\n<li><strong>Vertrauliche Transaktionen<\/strong>: Wir sch\u00fctzen Ihre pers\u00f6nlichen und Zahlungsdaten mit verschl\u00fcsselten Systemen.<\/li>\n<li><strong>Unterst\u00fctzung durch Experten<\/strong>: Unser erfahrenes Team begleitet Sie bei jedem Schritt.<\/li>\n<\/ol>\n<h2><strong>Leistungsbeschreibung - Deutscher F\u00fchrerschein<\/strong><\/h2>\n<table>\n<thead>\n<tr>\n<th><strong>Merkmal<\/strong><\/th>\n<th><strong>Einzelheiten<\/strong><\/th>\n<\/tr>\n<\/thead>\n<tbody>\n<tr>\n<td><strong>Art der Dienstleistung<\/strong><\/td>\n<td>Unterst\u00fctzung bei der Beantragung des deutschen F\u00fchrerscheins<\/td>\n<\/tr>\n<tr>\n<td><strong>Bearbeitungszeit<\/strong><\/td>\n<td>7-10 Arbeitstage<\/td>\n<\/tr>\n<tr>\n<td><strong>Lizenz-Kategorien<\/strong><\/td>\n<td>A, B, C, D, E (Motorr\u00e4der, Pkw, Lkw, Busse, Anh\u00e4nger)<\/td>\n<\/tr>\n<tr>\n<td><strong>Zuschussf\u00e4higkeit<\/strong><\/td>\n<td>Offen f\u00fcr in Deutschland ans\u00e4ssige und berechtigte ausl\u00e4ndische Staatsangeh\u00f6rige<\/td>\n<\/tr>\n<tr>\n<td><strong>Zahlungsarten<\/strong><\/td>\n<td>Bitcoin, USDT, Bank\u00fcberweisung, Western Union, WorldRemit<\/td>\n<\/tr>\n<tr>\n<td><strong>Lieferung<\/strong><\/td>\n<td>Sichere weltweite Zustellung<\/td>\n<\/tr>\n<tr>\n<td><strong>Kundenbetreuung<\/strong><\/td>\n<td>24\/7 engagierte Unterst\u00fctzung<\/td>\n<\/tr>\n<\/tbody>\n<\/table>\n<h2><strong>Einfache Schritte, um Ihren deutschen F\u00fchrerschein online zu erwerben<\/strong><\/h2>\n<ol>\n<li><strong>Best\u00e4tigung der Anspruchsberechtigung<\/strong>: \u00dcberpr\u00fcfen Sie Ihre Eignung f\u00fcr einen deutschen F\u00fchrerschein.<\/li>\n<li><strong>Einreichung von Dokumenten<\/strong>: Laden Sie die erforderlichen Dokumente sicher \u00fcber unsere Plattform hoch.<\/li>\n<li><strong>Abschluss der Zahlung<\/strong>: W\u00e4hlen Sie eine bevorzugte Zahlungsmethode, um Ihre Bewerbung abzuschlie\u00dfen.<\/li>\n<li><strong>Auslieferung der Lizenz<\/strong>: Ihr F\u00fchrerschein wird Ihnen innerhalb von <strong>7-10 Arbeitstage<\/strong>.<\/li>\n<\/ol>\n<h2><strong>H\u00e4ufig gestellte Fragen (FAQs)<\/strong><\/h2>\n<p><strong>1. Wie lange wird es dauern, bis ich meinen deutschen F\u00fchrerschein erhalte?<\/strong><br \/>\nSie erhalten Ihre Lizenz innerhalb von <strong>7-10 Arbeitstage<\/strong> den Abschluss des Bewerbungsverfahrens.<\/p>\n<p><strong>2. Welche Zahlungsm\u00f6glichkeiten gibt es?<\/strong><br \/>\nWir akzeptieren <strong>Bitcoin, USDT, Bank\u00fcberweisung, Western Union und WorldRemit<\/strong> f\u00fcr sichere Zahlungen.<\/p>\n<p><strong>3. Kann ich meinen deutschen F\u00fchrerschein auch au\u00dferhalb Deutschlands benutzen?<\/strong><br \/>\nJa, ein deutscher F\u00fchrerschein ist in der gesamten EU und in vielen anderen L\u00e4ndern f\u00fcr vor\u00fcbergehende Aufenthalte g\u00fcltig.<\/p>\n<p><strong>4. Helfen Sie bei allen F\u00fchrerscheinklassen?<\/strong><br \/>\nJa, wir bearbeiten Antr\u00e4ge f\u00fcr alle Kategorien, einschlie\u00dflich Autos, Motorr\u00e4der, Busse, Lastwagen und Anh\u00e4nger.<\/p>\n<p><strong>5. Ist das Verfahren sicher und vertraulich?<\/strong><br \/>\nUnbedingt. Wir verwenden verschl\u00fcsselte Systeme, um absolute Sicherheit und Vertraulichkeit zu gew\u00e4hrleisten.<\/p>\n<h2><strong>Vorteile eines deutschen F\u00fchrerscheins<\/strong><\/h2>\n<ul>\n<li><strong>Legal quer durch Europa fahren<\/strong>: Genie\u00dfen Sie nahtlose Reisen und Transporte innerhalb der EU.<\/li>\n<li><strong>Karrierem\u00f6glichkeiten<\/strong>: Viele deutsche und internationale Stellen erfordern einen g\u00fcltigen F\u00fchrerschein.<\/li>\n<li><strong>Umfassende Deckung<\/strong>: Geeignet f\u00fcr alle Fahrzeugkategorien und Fahranforderungen.<\/li>\n<li><strong>Zeitsparender Prozess<\/strong>: Vermeiden Sie langwierige B\u00fcrokratie und erhalten Sie Ihre Lizenz schnell<a href=\"http:\/\/faceboook.com\" target=\"_blank\" rel=\"noopener\">.<\/a><\/li>\n<\/ul>\n<p>&nbsp;<\/p>","protected":false},"excerpt":{"rendered":"<h2><strong>Holen Sie sich Ihren deutschen F\u00fchrerschein<\/strong><\/h2>\n<p>Lassen Sie nicht zu, dass die B\u00fcrokratie Ihre Fahrpl\u00e4ne verz\u00f6gert. Mit unserem sicheren und effizienten Service k\u00f6nnen Sie Ihren deutschen F\u00fchrerschein schnell und legal erwerben. Starten Sie Ihren Antrag noch heute und schlie\u00dfen Sie sich Tausenden von zufriedenen Kunden an, die auf unsere Leistungen vertrauen.<\/p>","protected":false},"featured_media":2184,"comment_status":"open","ping_status":"closed","template":"","meta":{"_eb_attr":"","site-sidebar-layout":"default","site-content-layout":"","ast-site-content-layout":"default","site-content-style":"default","site-sidebar-style":"default","ast-global-header-display":"","ast-banner-title-visibility":"","ast-main-header-display":"","ast-hfb-above-header-display":"","ast-hfb-below-header-display":"","ast-hfb-mobile-header-display":"","site-post-title":"","ast-breadcrumbs-content":"","ast-featured-img":"","footer-sml-layout":"","ast-disable-related-posts":"","theme-transparent-header-meta":"default","adv-header-id-meta":"","stick-header-meta":"","header-above-stick-meta":"","header-main-stick-meta":"","header-below-stick-meta":"","astra-migrate-meta-layouts":"set","ast-page-background-enabled":"default","ast-page-background-meta":{"desktop":{"background-color":"","background-image":"","background-repeat":"repeat","background-position":"center center","background-size":"auto","background-attachment":"scroll","background-type":"","background-media":"","overlay-type":"","overlay-color":"","overlay-opacity":"","overlay-gradient":""},"tablet":{"background-color":"","background-image":"","background-repeat":"repeat","background-position":"center center","background-size":"auto","background-attachment":"scroll","background-type":"","background-media":"","overlay-type":"","overlay-color":"","overlay-opacity":"","overlay-gradient":""},"mobile":{"background-color":"","background-image":"","background-repeat":"repeat","background-position":"center center","background-size":"auto","background-attachment":"scroll","background-type":"","background-media":"","overlay-type":"","overlay-color":"","overlay-opacity":"","overlay-gradient":""}},"ast-content-background-meta":{"desktop":{"background-color":"var(--ast-global-color-5)","background-image":"","background-repeat":"repeat","background-position":"center center","background-size":"auto","background-attachment":"scroll","background-type":"","background-media":"","overlay-type":"","overlay-color":"","overlay-opacity":"","overlay-gradient":""},"tablet":{"background-color":"var(--ast-global-color-5)","background-image":"","background-repeat":"repeat","background-position":"center center","background-size":"auto","background-attachment":"scroll","background-type":"","background-media":"","overlay-type":"","overlay-color":"","overlay-opacity":"","overlay-gradient":""},"mobile":{"background-color":"var(--ast-global-color-5)","background-image":"","background-repeat":"repeat","background-position":"center center","background-size":"auto","background-attachment":"scroll","background-type":"","background-media":"","overlay-type":"","overlay-color":"","overlay-opacity":"","overlay-gradient":""}}},"product_brand":[],"product_cat":[67],"product_tag":[],"class_list":{"0":"post-2183","1":"product","2":"type-product","3":"status-publish","4":"has-post-thumbnail","6":"product_cat-international-driving-permits","7":"desktop-align-left","8":"tablet-align-left","9":"mobile-align-left","11":"first","12":"instock","13":"shipping-taxable","14":"purchasable","15":"product-type-simple"},"_links":{"self":[{"href":"https:\/\/globaldocs.store\/de\/wp-json\/wp\/v2\/product\/2183","targetHints":{"allow":["GET"]}}],"collection":[{"href":"https:\/\/globaldocs.store\/de\/wp-json\/wp\/v2\/product"}],"about":[{"href":"https:\/\/globaldocs.store\/de\/wp-json\/wp\/v2\/types\/product"}],"replies":[{"embeddable":true,"href":"https:\/\/globaldocs.store\/de\/wp-json\/wp\/v2\/comments?post=2183"}],"version-history":[{"count":1,"href":"https:\/\/globaldocs.store\/de\/wp-json\/wp\/v2\/product\/2183\/revisions"}],"predecessor-version":[{"id":2185,"href":"https:\/\/globaldocs.store\/de\/wp-json\/wp\/v2\/product\/2183\/revisions\/2185"}],"wp:featuredmedia":[{"embeddable":true,"href":"https:\/\/globaldocs.store\/de\/wp-json\/wp\/v2\/media\/2184"}],"wp:attachment":[{"href":"https:\/\/globaldocs.store\/de\/wp-json\/wp\/v2\/media?parent=2183"}],"wp:term":[{"taxonomy":"product_brand","embeddable":true,"href":"https:\/\/globaldocs.store\/de\/wp-json\/wp\/v2\/product_brand?post=2183"},{"taxonomy":"product_cat","embeddable":true,"href":"https:\/\/globaldocs.store\/de\/wp-json\/wp\/v2\/product_cat?post=2183"},{"taxonomy":"product_tag","embeddable":true,"href":"https:\/\/globaldocs.store\/de\/wp-json\/wp\/v2\/product_tag?post=2183"}],"curies":[{"name":"wp","href":"https:\/\/api.w.org\/{rel}","templated":true}]}}