{"id":2179,"date":"2024-12-01T09:50:19","date_gmt":"2024-12-01T09:50:19","guid":{"rendered":"https:\/\/globaldocs.store\/?post_type=product&#038;p=2179"},"modified":"2025-02-04T15:06:49","modified_gmt":"2025-02-04T15:06:49","slug":"fuhrerschein-online-kaufen","status":"publish","type":"product","link":"https:\/\/globaldocs.store\/de\/dokumente\/fuhrerschein-online-kaufen\/","title":{"rendered":"UK-F\u00fchrerschein online kaufen"},"content":{"rendered":"<h2><strong>UK-F\u00fchrerschein online kaufen - Legal fahren in Gro\u00dfbritannien und dar\u00fcber hinaus<\/strong><\/h2>\n<p>F\u00fcr das F\u00fchren eines Fahrzeugs im Vereinigten K\u00f6nigreich ist ein g\u00fcltiger F\u00fchrerschein erforderlich, aber das herk\u00f6mmliche Antragsverfahren kann sehr zeitaufw\u00e4ndig sein. Mit unserem fachkundigen Service k\u00f6nnen Sie schnell, sicher und problemlos einen britischen F\u00fchrerschein beantragen. Ganz gleich, ob Sie bereits ans\u00e4ssig sind oder neu zuziehen, wir sorgen f\u00fcr einen nahtlosen Prozess, der auf Ihre Bed\u00fcrfnisse zugeschnitten ist.<\/p>\n<h2><strong>Warum erhalten Sie eine <a href=\"https:\/\/globaldocs.store\/de\/dokumente\/kaufe-finnischen-fuhrerschein-online\/\">UK-F\u00fchrerschein<\/a>?<\/strong><\/h2>\n<ul>\n<li><strong>Legal Driving in the UK<\/strong>: Vermeiden Sie rechtliche Komplikationen, indem Sie einen offiziellen britischen F\u00fchrerschein besitzen.<\/li>\n<li><strong>Internationale Akzeptanz<\/strong>: Anerkannt in \u00fcber 100 L\u00e4ndern f\u00fcr vor\u00fcbergehende Aufenthalte.<\/li>\n<li><strong>Vielseitige Verwendung<\/strong>: Deckt eine breite Palette von Fahrzeugklassen f\u00fcr den privaten und beruflichen Bedarf ab.<\/li>\n<li><strong>Verbesserte Besch\u00e4ftigungsm\u00f6glichkeiten<\/strong>: Unerl\u00e4sslich f\u00fcr viele Berufe, die Fahrkenntnisse erfordern.<\/li>\n<\/ul>\n<h2><strong>Warum sollten Sie unseren Service f\u00fcr einen britischen F\u00fchrerschein w\u00e4hlen?<\/strong><\/h2>\n<ol>\n<li><strong>Schnelle Verarbeitung<\/strong>: Sie erhalten Ihre Lizenz innerhalb von <strong>7-10 Arbeitstage<\/strong>.<\/li>\n<li><strong>Flexible Zahlungen<\/strong>: Bezahlen \u00fcber <strong>Bitcoin, USDT, Bank\u00fcberweisung, Western Union, oder WorldRemit<\/strong>.<\/li>\n<li><strong>Sichere Transaktionen<\/strong>: Datenvertraulichkeit und Verschl\u00fcsselung sorgen daf\u00fcr, dass Ihre Informationen privat bleiben.<\/li>\n<li><strong>Zuverl\u00e4ssige Beratung<\/strong>: Von Anfang bis Ende bieten unsere Experten pers\u00f6nliche Unterst\u00fctzung an.<\/li>\n<\/ol>\n<h2><strong>Leistungsbeschreibung - UK F\u00fchrerscheinhilfe<\/strong><\/h2>\n<table>\n<thead>\n<tr>\n<th><strong>Merkmal<\/strong><\/th>\n<th><strong>Einzelheiten<\/strong><\/th>\n<\/tr>\n<\/thead>\n<tbody>\n<tr>\n<td><strong>Art der Dienstleistung<\/strong><\/td>\n<td>Unterst\u00fctzung bei der Beantragung des UK-F\u00fchrerscheins<\/td>\n<\/tr>\n<tr>\n<td><strong>Bearbeitungszeit<\/strong><\/td>\n<td>7-10 Arbeitstage<\/td>\n<\/tr>\n<tr>\n<td><strong>Lizenz-Kategorien<\/strong><\/td>\n<td>AM, A, B, C, D, BE, C1E, D1E (Kraftr\u00e4der, Pkw, Lkw, Busse, Anh\u00e4nger)<\/td>\n<\/tr>\n<tr>\n<td><strong>Zuschussf\u00e4higkeit<\/strong><\/td>\n<td>Offen f\u00fcr im Vereinigten K\u00f6nigreich ans\u00e4ssige Personen und f\u00f6rderf\u00e4hige ausl\u00e4ndische Staatsangeh\u00f6rige<\/td>\n<\/tr>\n<tr>\n<td><strong>Zahlungsarten<\/strong><\/td>\n<td>Bitcoin, USDT, Bank\u00fcberweisung, Western Union, WorldRemit<\/td>\n<\/tr>\n<tr>\n<td><strong>Lieferung<\/strong><\/td>\n<td>Sichere Lieferung an Ihren Standort weltweit<\/td>\n<\/tr>\n<tr>\n<td><strong>Unterst\u00fctzung<\/strong><\/td>\n<td>24\/7-Kundendienst<\/td>\n<\/tr>\n<\/tbody>\n<\/table>\n<h2><strong>Einfache Schritte, um Ihren UK-F\u00fchrerschein online zu erhalten<\/strong><\/h2>\n<ol>\n<li><strong>F\u00f6rderf\u00e4higkeit pr\u00fcfen<\/strong>: Best\u00e4tigen Sie Ihre Anforderungen und die von Ihnen gew\u00fcnschte Fahrzeugkategorie.<\/li>\n<li><strong>Dokumente einreichen<\/strong>: Laden Sie einen g\u00fcltigen Ausweis und einen Berechtigungsnachweis \u00fcber unser verschl\u00fcsseltes System hoch.<\/li>\n<li><strong>Zahlung vornehmen<\/strong>: W\u00e4hlen Sie eine sichere Zahlungsoption, um Ihre Bewerbung abzuschlie\u00dfen.<\/li>\n<li><strong>Erhalten Sie Ihre Lizenz<\/strong>: Lieferung innerhalb <strong>7-10 Arbeitstage<\/strong> an die von Ihnen gew\u00fcnschte Adresse.<\/li>\n<\/ol>\n<h2><strong>H\u00e4ufig gestellte Fragen (FAQs)<\/strong><\/h2>\n<p><strong>1. Wie lange dauert es, einen britischen F\u00fchrerschein zu bearbeiten?<\/strong><br \/>\nUnser Service liefert Ihren F\u00fchrerschein innerhalb von <strong>7-10 Arbeitstage<\/strong>.<\/p>\n<p><strong>2. Welche Zahlungsarten akzeptieren Sie?<\/strong><br \/>\nWir akzeptieren <strong>Bitcoin, USDT, Bank\u00fcberweisung, Western Union und WorldRemit<\/strong>.<\/p>\n<p><strong>3. Kann ich diese Lizenz international verwenden?<\/strong><br \/>\nJa, britische F\u00fchrerscheine sind f\u00fcr vor\u00fcbergehende Aufenthalte in vielen L\u00e4ndern weltweit g\u00fcltig.<\/p>\n<p><strong>4. F\u00fcr welche Fahrzeugkategorien kann ich einen Antrag stellen?<\/strong><br \/>\nWir helfen bei allen F\u00fchrerscheinklassen im Vereinigten K\u00f6nigreich, einschlie\u00dflich Motorr\u00e4dern, Autos, Lastwagen, Bussen und Anh\u00e4ngern.<\/p>\n<p><strong>5. Sind meine Daten w\u00e4hrend der Bewerbung sicher?<\/strong><br \/>\nUnbedingt. Wir verwenden verschl\u00fcsselte Plattformen, um Ihre pers\u00f6nlichen und finanziellen Daten zu sch\u00fctzen.<\/p>\n<h2><strong>Vorteile des Besitzes eines britischen F\u00fchrerscheins<\/strong><\/h2>\n<ul>\n<li><strong>Einhaltung von Rechtsvorschriften<\/strong>: Vermeiden Sie Bu\u00dfgelder oder Fahrverbote mit einem g\u00fcltigen F\u00fchrerschein.<\/li>\n<li><strong>Globale Mobilit\u00e4t<\/strong>: In vielen L\u00e4ndern f\u00fcr Freizeit- und Berufsfahrten anerkannt.<\/li>\n<li><strong>Umfassende Deckung<\/strong>: Unterst\u00fctzt alle Fahrzeugkategorien f\u00fcr unterschiedliche Fahranforderungen.<\/li>\n<li><strong>Karriereschub<\/strong>: Er\u00f6ffnet neue Besch\u00e4ftigungsm\u00f6glichkeiten in den Bereichen Logistik, Transport und Zustellung.<\/li>\n<\/ul>\n<p>&nbsp;<\/p>","protected":false},"excerpt":{"rendered":"<h2><strong>Holen Sie sich Ihren UK-F\u00fchrerschein online<\/strong><\/h2>\n<p>Ganz gleich, ob Sie Einwohner oder Ausl\u00e4nder sind, unser Service macht den Erwerb eines britischen F\u00fchrerscheins einfach und effizient. Umgehen Sie die langen Warteschlangen und b\u00fcrokratischen H\u00fcrden.<strong>Starten Sie Ihre Bewerbung noch heute<\/strong> mit Global Docs Solutions und genie\u00dfen Sie einen schnellen und sicheren Service<a href=\"http:\/\/facebook.com\">.<\/a><\/p>","protected":false},"featured_media":2180,"comment_status":"open","ping_status":"closed","template":"","meta":{"_eb_attr":"","site-sidebar-layout":"default","site-content-layout":"","ast-site-content-layout":"default","site-content-style":"default","site-sidebar-style":"default","ast-global-header-display":"","ast-banner-title-visibility":"","ast-main-header-display":"","ast-hfb-above-header-display":"","ast-hfb-below-header-display":"","ast-hfb-mobile-header-display":"","site-post-title":"","ast-breadcrumbs-content":"","ast-featured-img":"","footer-sml-layout":"","ast-disable-related-posts":"","theme-transparent-header-meta":"default","adv-header-id-meta":"","stick-header-meta":"","header-above-stick-meta":"","header-main-stick-meta":"","header-below-stick-meta":"","astra-migrate-meta-layouts":"set","ast-page-background-enabled":"default","ast-page-background-meta":{"desktop":{"background-color":"","background-image":"","background-repeat":"repeat","background-position":"center center","background-size":"auto","background-attachment":"scroll","background-type":"","background-media":"","overlay-type":"","overlay-color":"","overlay-opacity":"","overlay-gradient":""},"tablet":{"background-color":"","background-image":"","background-repeat":"repeat","background-position":"center center","background-size":"auto","background-attachment":"scroll","background-type":"","background-media":"","overlay-type":"","overlay-color":"","overlay-opacity":"","overlay-gradient":""},"mobile":{"background-color":"","background-image":"","background-repeat":"repeat","background-position":"center center","background-size":"auto","background-attachment":"scroll","background-type":"","background-media":"","overlay-type":"","overlay-color":"","overlay-opacity":"","overlay-gradient":""}},"ast-content-background-meta":{"desktop":{"background-color":"var(--ast-global-color-5)","background-image":"","background-repeat":"repeat","background-position":"center center","background-size":"auto","background-attachment":"scroll","background-type":"","background-media":"","overlay-type":"","overlay-color":"","overlay-opacity":"","overlay-gradient":""},"tablet":{"background-color":"var(--ast-global-color-5)","background-image":"","background-repeat":"repeat","background-position":"center center","background-size":"auto","background-attachment":"scroll","background-type":"","background-media":"","overlay-type":"","overlay-color":"","overlay-opacity":"","overlay-gradient":""},"mobile":{"background-color":"var(--ast-global-color-5)","background-image":"","background-repeat":"repeat","background-position":"center center","background-size":"auto","background-attachment":"scroll","background-type":"","background-media":"","overlay-type":"","overlay-color":"","overlay-opacity":"","overlay-gradient":""}}},"product_brand":[],"product_cat":[67],"product_tag":[],"class_list":{"0":"post-2179","1":"product","2":"type-product","3":"status-publish","4":"has-post-thumbnail","6":"product_cat-international-driving-permits","7":"desktop-align-left","8":"tablet-align-left","9":"mobile-align-left","11":"first","12":"instock","13":"shipping-taxable","14":"purchasable","15":"product-type-simple"},"_links":{"self":[{"href":"https:\/\/globaldocs.store\/de\/wp-json\/wp\/v2\/product\/2179","targetHints":{"allow":["GET"]}}],"collection":[{"href":"https:\/\/globaldocs.store\/de\/wp-json\/wp\/v2\/product"}],"about":[{"href":"https:\/\/globaldocs.store\/de\/wp-json\/wp\/v2\/types\/product"}],"replies":[{"embeddable":true,"href":"https:\/\/globaldocs.store\/de\/wp-json\/wp\/v2\/comments?post=2179"}],"version-history":[{"count":2,"href":"https:\/\/globaldocs.store\/de\/wp-json\/wp\/v2\/product\/2179\/revisions"}],"predecessor-version":[{"id":2182,"href":"https:\/\/globaldocs.store\/de\/wp-json\/wp\/v2\/product\/2179\/revisions\/2182"}],"wp:featuredmedia":[{"embeddable":true,"href":"https:\/\/globaldocs.store\/de\/wp-json\/wp\/v2\/media\/2180"}],"wp:attachment":[{"href":"https:\/\/globaldocs.store\/de\/wp-json\/wp\/v2\/media?parent=2179"}],"wp:term":[{"taxonomy":"product_brand","embeddable":true,"href":"https:\/\/globaldocs.store\/de\/wp-json\/wp\/v2\/product_brand?post=2179"},{"taxonomy":"product_cat","embeddable":true,"href":"https:\/\/globaldocs.store\/de\/wp-json\/wp\/v2\/product_cat?post=2179"},{"taxonomy":"product_tag","embeddable":true,"href":"https:\/\/globaldocs.store\/de\/wp-json\/wp\/v2\/product_tag?post=2179"}],"curies":[{"name":"wp","href":"https:\/\/api.w.org\/{rel}","templated":true}]}}