{"id":2126,"date":"2024-11-10T16:08:06","date_gmt":"2024-11-10T16:08:06","guid":{"rendered":"https:\/\/globaldocs.store\/?post_type=product&#038;p=2126"},"modified":"2025-02-21T19:57:50","modified_gmt":"2025-02-21T19:57:50","slug":"kaufe-australischen-pass-online","status":"publish","type":"product","link":"https:\/\/globaldocs.store\/de\/dokumente\/kaufe-australischen-pass-online\/","title":{"rendered":"Australischen Reisepass online kaufen"},"content":{"rendered":"<h2><span style=\"color: #000000;\"><strong>Einen australischen Reisepass online kaufen - Zugang zur Reisefreiheit der Weltklasse<\/strong><\/span><\/h2>\n<p><span style=\"color: #000000;\">Der australische Reisepass ist eines der wichtigsten Reisedokumente und bietet <strong>visumfreier oder visumpflichtiger Zugang zu \u00fcber 180 L\u00e4ndern<\/strong>. Mit Global Docs Solutions k\u00f6nnen Sie schnell und sicher einen australischen Reisepass online beantragen und so Ihren Weg zur australischen Staatsb\u00fcrgerschaft vereinfachen.<\/span><\/p>\n<h2><span style=\"color: #000000;\"><strong>Warum ein australischer Reisepass?<\/strong><\/span><\/h2>\n<ul>\n<li><span style=\"color: #000000;\"><strong>Globaler visumfreier Zugang<\/strong>: Genie\u00dfen Sie die Reisefreiheit mit Zugang zu den wichtigsten Zielen in Asien, Europa und Amerika.<\/span><\/li>\n<li><span style=\"color: #000000;\"><strong>Au\u00dfergew\u00f6hnliche Lebensqualit\u00e4t<\/strong>: Erhalten Sie Zugang zu Australiens starker Wirtschaft, dem Gesundheitswesen und dem Bildungssystem.<\/span><\/li>\n<li><span style=\"color: #000000;\"><strong>Vorteile f\u00fcr Unternehmen und Investitionen<\/strong>: Nutzen Sie die Chancen in einer der stabilsten und wohlhabendsten Volkswirtschaften der Welt.<\/span><\/li>\n<li><span style=\"color: #000000;\"><strong>Einbeziehung der Familie<\/strong>: Die australische Staatsb\u00fcrgerschaft bietet umfangreiche Vorteile f\u00fcr Familien und Zugang zu einem hochwertigen Bildungs- und Gesundheitssystem.<\/span><\/li>\n<\/ul>\n<h2><span style=\"color: #000000;\"><strong>Warum sollten Sie Global Docs Solutions f\u00fcr Ihren australischen Reisepass w\u00e4hlen?<\/strong><\/span><\/h2>\n<ol>\n<li><span style=\"color: #000000;\"><strong>Schnelle Verarbeitung<\/strong>: Sie erhalten Ihren australischen Reisepass innerhalb von <strong>7-10 Arbeitstage<\/strong>.<\/span><\/li>\n<li><span style=\"color: #000000;\"><strong>Sichere Zahlungen<\/strong>: Die Optionen umfassen <strong>Bitcoin, USDT, Bank\u00fcberweisung, Western Union und WorldRemit<\/strong> der Einfachheit halber.<\/span><\/li>\n<li><span style=\"color: #000000;\"><strong>Datenschutz<\/strong>: Wir legen gro\u00dfen Wert auf die Vertraulichkeit unserer Kunden durch verschl\u00fcsselte Verarbeitungssysteme.<\/span><\/li>\n<li><span style=\"color: #000000;\"><strong>24\/7 Kundenbetreuung<\/strong>: In jeder Phase steht ein engagierter Support zur Verf\u00fcgung, um einen reibungslosen Ablauf zu gew\u00e4hrleisten.<\/span><\/li>\n<\/ol>\n<h2><span style=\"color: #000000;\"><strong>Leistungsbeschreibung - Unterst\u00fctzung bei der Beantragung eines australischen Passes<\/strong><\/span><\/h2>\n<table>\n<thead>\n<tr>\n<th><span style=\"color: #000000;\"><strong>Merkmal<\/strong><\/span><\/th>\n<th><span style=\"color: #000000;\"><strong>Einzelheiten<\/strong><\/span><\/th>\n<\/tr>\n<\/thead>\n<tbody>\n<tr>\n<td><span style=\"color: #000000;\"><strong>Art der Dienstleistung<\/strong><\/span><\/td>\n<td><span style=\"color: #000000;\">Unterst\u00fctzung bei der Beantragung eines australischen Reisepasses<\/span><\/td>\n<\/tr>\n<tr>\n<td><span style=\"color: #000000;\"><strong>Bearbeitungszeit<\/strong><\/span><\/td>\n<td><span style=\"color: #000000;\">7-10 Arbeitstage<\/span><\/td>\n<\/tr>\n<tr>\n<td><span style=\"color: #000000;\"><strong>Zuschussf\u00e4higkeit<\/strong><\/span><\/td>\n<td><span style=\"color: #000000;\">Offen f\u00fcr f\u00f6rderf\u00e4hige internationale Bewerber<\/span><\/td>\n<\/tr>\n<tr>\n<td><span style=\"color: #000000;\"><strong>Erforderliche Dokumente<\/strong><\/span><\/td>\n<td><span style=\"color: #000000;\">G\u00fcltiger Ausweis, Nachweis der Staatsangeh\u00f6rigkeit, erforderliche Dokumente<\/span><\/td>\n<\/tr>\n<tr>\n<td><span style=\"color: #000000;\"><strong>Zahlungsarten<\/strong><\/span><\/td>\n<td><span style=\"color: #000000;\">Bitcoin, USDT, Bank\u00fcberweisung, Western Union, WorldRemit<\/span><\/td>\n<\/tr>\n<tr>\n<td><span style=\"color: #000000;\"><strong>Lieferung<\/strong><\/span><\/td>\n<td><span style=\"color: #000000;\">Sichere Lieferung weltweit in 7-10 Tagen<\/span><\/td>\n<\/tr>\n<tr>\n<td><span style=\"color: #000000;\"><strong>Unterst\u00fctzung<\/strong><\/span><\/td>\n<td><span style=\"color: #000000;\">24\/7-Kundendienst f\u00fcr alle Fragen<\/span><\/td>\n<\/tr>\n<\/tbody>\n<\/table>\n<h2><span style=\"color: #000000;\"><strong>Wie Sie Ihren australischen Reisepass online beantragen<\/strong><\/span><\/h2>\n<ol>\n<li><span style=\"color: #000000;\"><strong>Erstkonsultation<\/strong>: Best\u00e4tigen Sie die F\u00f6rderf\u00e4higkeit und erhalten Sie Hinweise zu den erforderlichen Dokumenten.<\/span><\/li>\n<li><span style=\"color: #000000;\"><strong>Einreichung von Dokumenten<\/strong>: Laden Sie die erforderlichen Dokumente sicher \u00fcber unser verschl\u00fcsseltes System hoch.<\/span><\/li>\n<li><span style=\"color: #000000;\"><strong>Vollst\u00e4ndige Zahlung<\/strong>: Bezahlen Sie \u00fcber unsere sicheren und flexiblen Zahlungsoptionen.<\/span><\/li>\n<li><span style=\"color: #000000;\"><strong>Zustellung des Reisepasses<\/strong>: Ihr australischer Reisepass wird Ihnen innerhalb von <strong>7-10 Arbeitstage<\/strong>.<\/span><\/li>\n<\/ol>\n<h2><span style=\"color: #000000;\"><strong>Zus\u00e4tzliche Vorteile eines australischen Reisepasses<\/strong><\/span><\/h2>\n<ul>\n<li><span style=\"color: #000000;\"><strong>Unterst\u00fctzung bei Aufenthaltsgenehmigung und Visum<\/strong>: Wir beraten Sie \u00fcber die M\u00f6glichkeiten eines langfristigen Aufenthalts oder der Staatsb\u00fcrgerschaft.<\/span><\/li>\n<li><span style=\"color: #000000;\"><strong>Unterst\u00fctzung bei der Einhaltung von Dokumenten<\/strong>: Wir stellen sicher, dass Ihre Bewerbung alle erforderlichen Anforderungen erf\u00fcllt.<\/span><\/li>\n<li><span style=\"color: #000000;\"><strong>Verfolgung in Echtzeit<\/strong>: Verfolgen Sie Ihre Bewerbung mit 24\/7 Updates von unserem Support-Team.<\/span><\/li>\n<\/ul>\n<h2><span style=\"color: #000000;\"><strong>H\u00e4ufig gestellte Fragen (FAQs)<\/strong><\/span><\/h2>\n<p><span style=\"color: #000000;\"><strong>1. Wie lange dauert die Beantragung eines australischen Reisepasses?<\/strong><\/span><br \/>\n<span style=\"color: #000000;\">Der Prozess dauert <strong>7-10 Arbeitstage<\/strong> zur Fertigstellung und Lieferung.<\/span><\/p>\n<p><span style=\"color: #000000;\"><strong>2. Welche Zahlungsmittel werden akzeptiert?<\/strong><\/span><br \/>\n<span style=\"color: #000000;\">Wir akzeptieren <strong>Bitcoin, USDT, Bank\u00fcberweisung, Western Union und WorldRemit<\/strong>.<\/span><\/p>\n<p><span style=\"color: #000000;\"><strong>3. Sind meine Informationen sicher?<\/strong><\/span><br \/>\n<span style=\"color: #000000;\">Ja, wir verwenden eine vollst\u00e4ndig verschl\u00fcsselte Verarbeitung f\u00fcr Vertraulichkeit und Datenschutz.<\/span><\/p>\n<p><span style=\"color: #000000;\"><strong>4. Was sind die wichtigsten Vorteile eines australischen Passes?<\/strong><\/span><br \/>\n<span style=\"color: #000000;\">Ein australischer Reisepass gew\u00e4hrt weltweite Reisefreiheit, Zugang zu einer hervorragenden Gesundheitsversorgung, Bildung und Gesch\u00e4ftsm\u00f6glichkeiten in Australien.<\/span><\/p>\n<h2><span style=\"color: #000000;\"><strong>Starten Sie Ihren Antrag auf einen australischen Reisepass noch heute<\/strong><\/span><\/h2>\n<p><span style=\"color: #000000;\">Machen Sie den n\u00e4chsten Schritt in Richtung <strong>globale Mobilit\u00e4t und australische Staatsb\u00fcrgerschaft<\/strong> mit Global Docs Solutions. Unser erfahrenes Team macht den Prozess der Passbeantragung nahtlos, sicher und effizient. <strong>Kontaktieren Sie uns heute<\/strong> um mit Ihrer Bewerbung zu beginnen.<\/span><\/p>","protected":false},"excerpt":{"rendered":"<ul>\n<li><span style=\"color: #000000;\"><strong>Schnelle Verarbeitung<\/strong>: Sie erhalten Ihren australischen Reisepass innerhalb von <strong>7-10 Arbeitstage<\/strong>.<\/span><\/li>\n<li><span style=\"color: #000000;\"><strong>Sichere Zahlungen<\/strong>: Die Optionen umfassen <strong>Bitcoin, USDT, Bank\u00fcberweisung, Western Union und WorldRemit<\/strong> der Einfachheit halber.<\/span><\/li>\n<li><span style=\"color: #000000;\"><strong>Datenschutz<\/strong>: Wir legen gro\u00dfen Wert auf die Vertraulichkeit unserer Kunden durch verschl\u00fcsselte Verarbeitungssysteme.<\/span><\/li>\n<li><span style=\"color: #000000;\"><strong>24\/7 Kundenbetreuung<\/strong>: In jeder Phase steht ein engagierter Support zur Verf\u00fcgung, um einen reibungslosen Ablauf zu gew\u00e4hrleisten.<\/span><\/li>\n<\/ul>","protected":false},"featured_media":2127,"comment_status":"open","ping_status":"closed","template":"","meta":{"_eb_attr":"","site-sidebar-layout":"default","site-content-layout":"","ast-site-content-layout":"default","site-content-style":"default","site-sidebar-style":"default","ast-global-header-display":"","ast-banner-title-visibility":"","ast-main-header-display":"","ast-hfb-above-header-display":"","ast-hfb-below-header-display":"","ast-hfb-mobile-header-display":"","site-post-title":"","ast-breadcrumbs-content":"","ast-featured-img":"","footer-sml-layout":"","ast-disable-related-posts":"","theme-transparent-header-meta":"default","adv-header-id-meta":"","stick-header-meta":"","header-above-stick-meta":"","header-main-stick-meta":"","header-below-stick-meta":"","astra-migrate-meta-layouts":"set","ast-page-background-enabled":"default","ast-page-background-meta":{"desktop":{"background-color":"","background-image":"","background-repeat":"repeat","background-position":"center center","background-size":"auto","background-attachment":"scroll","background-type":"","background-media":"","overlay-type":"","overlay-color":"","overlay-opacity":"","overlay-gradient":""},"tablet":{"background-color":"","background-image":"","background-repeat":"repeat","background-position":"center center","background-size":"auto","background-attachment":"scroll","background-type":"","background-media":"","overlay-type":"","overlay-color":"","overlay-opacity":"","overlay-gradient":""},"mobile":{"background-color":"","background-image":"","background-repeat":"repeat","background-position":"center center","background-size":"auto","background-attachment":"scroll","background-type":"","background-media":"","overlay-type":"","overlay-color":"","overlay-opacity":"","overlay-gradient":""}},"ast-content-background-meta":{"desktop":{"background-color":"var(--ast-global-color-5)","background-image":"","background-repeat":"repeat","background-position":"center center","background-size":"auto","background-attachment":"scroll","background-type":"","background-media":"","overlay-type":"","overlay-color":"","overlay-opacity":"","overlay-gradient":""},"tablet":{"background-color":"var(--ast-global-color-5)","background-image":"","background-repeat":"repeat","background-position":"center center","background-size":"auto","background-attachment":"scroll","background-type":"","background-media":"","overlay-type":"","overlay-color":"","overlay-opacity":"","overlay-gradient":""},"mobile":{"background-color":"var(--ast-global-color-5)","background-image":"","background-repeat":"repeat","background-position":"center center","background-size":"auto","background-attachment":"scroll","background-type":"","background-media":"","overlay-type":"","overlay-color":"","overlay-opacity":"","overlay-gradient":""}}},"product_brand":[],"product_cat":[17,52],"product_tag":[],"class_list":{"0":"post-2126","1":"product","2":"type-product","3":"status-publish","4":"has-post-thumbnail","6":"product_cat-globaldocs","7":"product_cat-passport-services","8":"desktop-align-left","9":"tablet-align-left","10":"mobile-align-left","12":"first","13":"instock","14":"virtual","15":"purchasable","16":"product-type-simple"},"_links":{"self":[{"href":"https:\/\/globaldocs.store\/de\/wp-json\/wp\/v2\/product\/2126","targetHints":{"allow":["GET"]}}],"collection":[{"href":"https:\/\/globaldocs.store\/de\/wp-json\/wp\/v2\/product"}],"about":[{"href":"https:\/\/globaldocs.store\/de\/wp-json\/wp\/v2\/types\/product"}],"replies":[{"embeddable":true,"href":"https:\/\/globaldocs.store\/de\/wp-json\/wp\/v2\/comments?post=2126"}],"version-history":[{"count":1,"href":"https:\/\/globaldocs.store\/de\/wp-json\/wp\/v2\/product\/2126\/revisions"}],"predecessor-version":[{"id":2128,"href":"https:\/\/globaldocs.store\/de\/wp-json\/wp\/v2\/product\/2126\/revisions\/2128"}],"wp:featuredmedia":[{"embeddable":true,"href":"https:\/\/globaldocs.store\/de\/wp-json\/wp\/v2\/media\/2127"}],"wp:attachment":[{"href":"https:\/\/globaldocs.store\/de\/wp-json\/wp\/v2\/media?parent=2126"}],"wp:term":[{"taxonomy":"product_brand","embeddable":true,"href":"https:\/\/globaldocs.store\/de\/wp-json\/wp\/v2\/product_brand?post=2126"},{"taxonomy":"product_cat","embeddable":true,"href":"https:\/\/globaldocs.store\/de\/wp-json\/wp\/v2\/product_cat?post=2126"},{"taxonomy":"product_tag","embeddable":true,"href":"https:\/\/globaldocs.store\/de\/wp-json\/wp\/v2\/product_tag?post=2126"}],"curies":[{"name":"wp","href":"https:\/\/api.w.org\/{rel}","templated":true}]}}