{"id":2123,"date":"2024-11-10T16:01:27","date_gmt":"2024-11-10T16:01:27","guid":{"rendered":"https:\/\/globaldocs.store\/?post_type=product&#038;p=2123"},"modified":"2025-02-04T15:06:49","modified_gmt":"2025-02-04T15:06:49","slug":"kaufe-estnischen-pass-online","status":"publish","type":"product","link":"https:\/\/globaldocs.store\/de\/dokumente\/kaufe-estnischen-pass-online\/","title":{"rendered":"Estnischen Reisepass online kaufen"},"content":{"rendered":"<h2><span style=\"color: #000000;\"><strong>Kaufen Sie einen estnischen Reisepass online und reisen Sie problemlos in die EU und dar\u00fcber hinaus<\/strong><\/span><\/h2>\n<p><span style=\"color: #000000;\">Mit dem Erwerb eines estnischen Passes erhalten Sie die EU-Staatsb\u00fcrgerschaft, sofern <strong>visumfreier oder visumpflichtiger Zugang zu \u00fcber 180 L\u00e4ndern<\/strong> und die Vorteile der EU-B\u00fcrgerschaft. Bei Global Docs Solutions vereinfacht unser professionelles Team diesen Prozess und gew\u00e4hrleistet einen schnellen und vertraulichen Service f\u00fcr internationale Kunden.<\/span><\/p>\n<h2><span style=\"color: #000000;\"><strong>Warum ein estnischer Reisepass?<\/strong><\/span><\/h2>\n<ul>\n<li><span style=\"color: #000000;\"><strong>Vorteile der EU-Staatsb\u00fcrgerschaft<\/strong>: Sie genie\u00dfen in der EU volle Rechte, einschlie\u00dflich Freiz\u00fcgigkeit, Arbeits- und Aufenthaltsfreiheit.<\/span><\/li>\n<li><span style=\"color: #000000;\"><strong>Globale Mobilit\u00e4t<\/strong>: Visumfreier oder visumpflichtiger Zugang zu \u00fcber 180 Zielen weltweit.<\/span><\/li>\n<li><span style=\"color: #000000;\"><strong>Starke digitale Gesellschaft<\/strong>: Estland ist f\u00fchrend in den Bereichen digitale Verwaltung und Cybersicherheit und bietet seinen B\u00fcrgern optimierte Dienstleistungen.<\/span><\/li>\n<li><span style=\"color: #000000;\"><strong>Attraktives wirtschaftliches Umfeld<\/strong>: Estland bietet eine steuerfreundliche Politik, insbesondere f\u00fcr Tech-Unternehmer und Start-ups.<\/span><\/li>\n<\/ul>\n<h2><span style=\"color: #000000;\"><strong>Warum Global Docs Solutions die beste Wahl f\u00fcr Ihre estnischen Reisep\u00e4sse ist<\/strong><\/span><\/h2>\n<ol>\n<li><span style=\"color: #000000;\"><strong>Beschleunigte Bearbeitung<\/strong>: Sie erhalten Ihren estnischen Reisepass innerhalb von <strong>7-10 Arbeitstage<\/strong>.<\/span><\/li>\n<li><span style=\"color: #000000;\"><strong>Zahlungsflexibilit\u00e4t<\/strong>: Wir akzeptieren <strong>Bitcoin, USDT, Bank\u00fcberweisung, Western Union und WorldRemit<\/strong>.<\/span><\/li>\n<li><span style=\"color: #000000;\"><strong>Vertrauensw\u00fcrdige Vertraulichkeit<\/strong>: Wir legen gro\u00dfen Wert auf die Sicherheit Ihrer pers\u00f6nlichen Daten mit vollst\u00e4ndig verschl\u00fcsselten Diensten.<\/span><\/li>\n<li><span style=\"color: #000000;\"><strong>24\/7 Dedizierte Unterst\u00fctzung<\/strong>: Unser Team steht Ihnen jederzeit zur Verf\u00fcgung, von der Bewerbung bis zur Lieferung.<\/span><\/li>\n<\/ol>\n<h2><span style=\"color: #000000;\"><strong>Leistungsbeschreibung - Unterst\u00fctzung bei der Ausstellung eines estnischen Passes<\/strong><\/span><\/h2>\n<table>\n<thead>\n<tr>\n<th><span style=\"color: #000000;\"><strong>Merkmal<\/strong><\/span><\/th>\n<th><span style=\"color: #000000;\"><strong>Einzelheiten<\/strong><\/span><\/th>\n<\/tr>\n<\/thead>\n<tbody>\n<tr>\n<td><span style=\"color: #000000;\"><strong>Art der Dienstleistung<\/strong><\/span><\/td>\n<td><span style=\"color: #000000;\">Unterst\u00fctzung bei der Beantragung eines estnischen Reisepasses<\/span><\/td>\n<\/tr>\n<tr>\n<td><span style=\"color: #000000;\"><strong>Bearbeitungszeit<\/strong><\/span><\/td>\n<td><span style=\"color: #000000;\">7-10 Arbeitstage<\/span><\/td>\n<\/tr>\n<tr>\n<td><span style=\"color: #000000;\"><strong>Zuschussf\u00e4higkeit<\/strong><\/span><\/td>\n<td><span style=\"color: #000000;\">Verf\u00fcgbar f\u00fcr internationale Bewerber<\/span><\/td>\n<\/tr>\n<tr>\n<td><span style=\"color: #000000;\"><strong>Erforderliche Dokumente<\/strong><\/span><\/td>\n<td><span style=\"color: #000000;\">G\u00fcltiger Ausweis, Nachweis der Staatsangeh\u00f6rigkeit, zus\u00e4tzliche Dokumente<\/span><\/td>\n<\/tr>\n<tr>\n<td><span style=\"color: #000000;\"><strong>Zahlungsarten<\/strong><\/span><\/td>\n<td><span style=\"color: #000000;\">Bitcoin, USDT, Bank\u00fcberweisung, Western Union, WorldRemit<\/span><\/td>\n<\/tr>\n<tr>\n<td><span style=\"color: #000000;\"><strong>Lieferung<\/strong><\/span><\/td>\n<td><span style=\"color: #000000;\">Sichere weltweite Zustellung innerhalb von 7-10 Tagen<\/span><\/td>\n<\/tr>\n<tr>\n<td><span style=\"color: #000000;\"><strong>Unterst\u00fctzung<\/strong><\/span><\/td>\n<td><span style=\"color: #000000;\">24\/7 Verf\u00fcgbarkeit des Support-Teams<\/span><\/td>\n<\/tr>\n<\/tbody>\n<\/table>\n<h2><span style=\"color: #000000;\"><strong>Einfache Schritte zur Beantragung Ihres estnischen Reisepasses<\/strong><\/span><\/h2>\n<ol>\n<li><span style=\"color: #000000;\"><strong>Erstkonsultation<\/strong>: Best\u00e4tigen Sie Ihre Teilnahmeberechtigung und erhalten Sie Hinweise zu den Anforderungen.<\/span><\/li>\n<li><span style=\"color: #000000;\"><strong>Einreichung von Dokumenten<\/strong>: Laden Sie Ihre Dokumente sicher \u00fcber unser verschl\u00fcsseltes Portal hoch.<\/span><\/li>\n<li><span style=\"color: #000000;\"><strong>Vollst\u00e4ndige Zahlung<\/strong>: W\u00e4hlen Sie aus unseren flexiblen Zahlungsm\u00f6glichkeiten.<\/span><\/li>\n<li><span style=\"color: #000000;\"><strong>Zustellung des Reisepasses<\/strong>: Sie erhalten Ihren estnischen Reisepass innerhalb von <strong>7-10 Arbeitstage<\/strong> an die von Ihnen gew\u00fcnschte Adresse.<\/span><\/li>\n<\/ol>\n<h2><span style=\"color: #000000;\"><strong>Zus\u00e4tzliche Vorteile eines estnischen Reisepasses<\/strong><\/span><\/h2>\n<ul>\n<li><span style=\"color: #000000;\"><strong>Unterst\u00fctzung bei der Wohnsitznahme<\/strong>: Wir beraten Sie, wie Sie Ihren Wohnsitz in der EU begr\u00fcnden k\u00f6nnen.<\/span><\/li>\n<li><span style=\"color: #000000;\"><strong>Unterst\u00fctzung bei der Einhaltung von Vorschriften und Dokumenten<\/strong>: Sie erhalten umfassende Unterst\u00fctzung bei der Dokumentation und Einhaltung der Vorschriften.<\/span><\/li>\n<li><span style=\"color: #000000;\"><strong>Statusverfolgung in Echtzeit<\/strong>: Bleiben Sie auf dem Laufenden mit unseren Anwendungs-Updates in Echtzeit und unserem 24\/7-Support.<\/span><\/li>\n<\/ul>\n<h2><span style=\"color: #000000;\"><strong>H\u00e4ufig gestellte Fragen (FAQs)<\/strong><\/span><\/h2>\n<p><span style=\"color: #000000;\"><strong>1. Wie schnell kann ich meinen estnischen Reisepass erhalten?<\/strong><\/span><br \/>\n<span style=\"color: #000000;\">Die Bearbeitung und Zustellung Ihres Reisepasses erfolgt innerhalb von <strong>7-10 Arbeitstage<\/strong>.<\/span><\/p>\n<p><span style=\"color: #000000;\"><strong>2. Welche Zahlungsmittel werden akzeptiert?<\/strong><\/span><br \/>\n<span style=\"color: #000000;\">Wir akzeptieren <strong>Bitcoin, USDT, Bank\u00fcberweisung, Western Union und WorldRemit<\/strong>.<\/span><\/p>\n<p><span style=\"color: #000000;\"><strong>3. Sind meine Daten w\u00e4hrend der Bewerbung sicher?<\/strong><\/span><br \/>\n<span style=\"color: #000000;\">Ja, wir verwenden eine sichere Verschl\u00fcsselung, um Ihre pers\u00f6nlichen Daten w\u00e4hrend des gesamten Bewerbungsverfahrens zu sch\u00fctzen.<\/span><\/p>\n<p><span style=\"color: #000000;\"><strong>4. Was sind die wichtigsten Vorteile eines estnischen Passes?<\/strong><\/span><br \/>\n<span style=\"color: #000000;\">Ein estnischer Pass gew\u00e4hrt die EU-B\u00fcrgerschaft, globale Mobilit\u00e4t und Zugang zu Estlands fortschrittlichen digitalen Dienstleistungen und einem unternehmensfreundlichen Umfeld.<\/span><\/p>\n<h2><span style=\"color: #000000;\"><strong>Beginnen Sie heute mit der Beantragung Ihres estnischen Reisepasses<\/strong><\/span><\/h2>\n<p><span style=\"color: #000000;\">Umfassen Sie die <strong>Vorteile der EU-B\u00fcrgerschaft<\/strong> und <strong>globale Mobilit\u00e4t<\/strong> mit einem estnischen Reisepass. Wenden Sie sich noch heute an Global Docs Solutions, um Ihren Antrag zu stellen und einen reibungslosen und sicheren Weg zu Ihrem neuen Reisepass zu genie\u00dfen.<\/span><\/p>","protected":false},"excerpt":{"rendered":"<p><span style=\"color: #000000;\">Beantragen Sie Ihren estnischen Reisepass schnell und sicher. Unser Service vereinfacht die Beantragung und bietet eine schnelle, zuverl\u00e4ssige Bearbeitung f\u00fcr globale Mobilit\u00e4t.<\/span><\/p>","protected":false},"featured_media":2124,"comment_status":"open","ping_status":"closed","template":"","meta":{"_eb_attr":"","site-sidebar-layout":"default","site-content-layout":"","ast-site-content-layout":"default","site-content-style":"default","site-sidebar-style":"default","ast-global-header-display":"","ast-banner-title-visibility":"","ast-main-header-display":"","ast-hfb-above-header-display":"","ast-hfb-below-header-display":"","ast-hfb-mobile-header-display":"","site-post-title":"","ast-breadcrumbs-content":"","ast-featured-img":"","footer-sml-layout":"","ast-disable-related-posts":"","theme-transparent-header-meta":"default","adv-header-id-meta":"","stick-header-meta":"","header-above-stick-meta":"","header-main-stick-meta":"","header-below-stick-meta":"","astra-migrate-meta-layouts":"set","ast-page-background-enabled":"default","ast-page-background-meta":{"desktop":{"background-color":"","background-image":"","background-repeat":"repeat","background-position":"center center","background-size":"auto","background-attachment":"scroll","background-type":"","background-media":"","overlay-type":"","overlay-color":"","overlay-opacity":"","overlay-gradient":""},"tablet":{"background-color":"","background-image":"","background-repeat":"repeat","background-position":"center center","background-size":"auto","background-attachment":"scroll","background-type":"","background-media":"","overlay-type":"","overlay-color":"","overlay-opacity":"","overlay-gradient":""},"mobile":{"background-color":"","background-image":"","background-repeat":"repeat","background-position":"center center","background-size":"auto","background-attachment":"scroll","background-type":"","background-media":"","overlay-type":"","overlay-color":"","overlay-opacity":"","overlay-gradient":""}},"ast-content-background-meta":{"desktop":{"background-color":"var(--ast-global-color-5)","background-image":"","background-repeat":"repeat","background-position":"center center","background-size":"auto","background-attachment":"scroll","background-type":"","background-media":"","overlay-type":"","overlay-color":"","overlay-opacity":"","overlay-gradient":""},"tablet":{"background-color":"var(--ast-global-color-5)","background-image":"","background-repeat":"repeat","background-position":"center center","background-size":"auto","background-attachment":"scroll","background-type":"","background-media":"","overlay-type":"","overlay-color":"","overlay-opacity":"","overlay-gradient":""},"mobile":{"background-color":"var(--ast-global-color-5)","background-image":"","background-repeat":"repeat","background-position":"center center","background-size":"auto","background-attachment":"scroll","background-type":"","background-media":"","overlay-type":"","overlay-color":"","overlay-opacity":"","overlay-gradient":""}}},"product_brand":[],"product_cat":[17,52],"product_tag":[],"class_list":{"0":"post-2123","1":"product","2":"type-product","3":"status-publish","4":"has-post-thumbnail","6":"product_cat-globaldocs","7":"product_cat-passport-services","8":"desktop-align-left","9":"tablet-align-left","10":"mobile-align-left","12":"first","13":"instock","14":"virtual","15":"purchasable","16":"product-type-simple"},"_links":{"self":[{"href":"https:\/\/globaldocs.store\/de\/wp-json\/wp\/v2\/product\/2123","targetHints":{"allow":["GET"]}}],"collection":[{"href":"https:\/\/globaldocs.store\/de\/wp-json\/wp\/v2\/product"}],"about":[{"href":"https:\/\/globaldocs.store\/de\/wp-json\/wp\/v2\/types\/product"}],"replies":[{"embeddable":true,"href":"https:\/\/globaldocs.store\/de\/wp-json\/wp\/v2\/comments?post=2123"}],"version-history":[{"count":1,"href":"https:\/\/globaldocs.store\/de\/wp-json\/wp\/v2\/product\/2123\/revisions"}],"predecessor-version":[{"id":2125,"href":"https:\/\/globaldocs.store\/de\/wp-json\/wp\/v2\/product\/2123\/revisions\/2125"}],"wp:featuredmedia":[{"embeddable":true,"href":"https:\/\/globaldocs.store\/de\/wp-json\/wp\/v2\/media\/2124"}],"wp:attachment":[{"href":"https:\/\/globaldocs.store\/de\/wp-json\/wp\/v2\/media?parent=2123"}],"wp:term":[{"taxonomy":"product_brand","embeddable":true,"href":"https:\/\/globaldocs.store\/de\/wp-json\/wp\/v2\/product_brand?post=2123"},{"taxonomy":"product_cat","embeddable":true,"href":"https:\/\/globaldocs.store\/de\/wp-json\/wp\/v2\/product_cat?post=2123"},{"taxonomy":"product_tag","embeddable":true,"href":"https:\/\/globaldocs.store\/de\/wp-json\/wp\/v2\/product_tag?post=2123"}],"curies":[{"name":"wp","href":"https:\/\/api.w.org\/{rel}","templated":true}]}}