{"id":2120,"date":"2024-11-10T15:53:26","date_gmt":"2024-11-10T15:53:26","guid":{"rendered":"https:\/\/globaldocs.store\/?post_type=product&#038;p=2120"},"modified":"2025-02-21T19:57:50","modified_gmt":"2025-02-21T19:57:50","slug":"kaufe-costa-rica-pass-online","status":"publish","type":"product","link":"https:\/\/globaldocs.store\/de\/dokumente\/kaufe-costa-rica-pass-online\/","title":{"rendered":"Costa Rica Reisepass online kaufen"},"content":{"rendered":"<h2><span style=\"color: #000000;\"><strong>Costa Rica Reisepass online kaufen - Zugang zu globaler Mobilit\u00e4t und Wohnsitz in Costa Rica<\/strong><\/span><\/h2>\n<p><span style=\"color: #000000;\">Der costaricanische Reisepass ist ein wichtiges Reisedokument, das Folgendes bietet <strong>visumfreier oder visumpflichtiger Zugang zu \u00fcber 150 L\u00e4ndern<\/strong>einschlie\u00dflich des Schengen-Raums und S\u00fcdamerikas. Mit Global Docs Solutions k\u00f6nnen Sie Ihren costaricanischen Reisepass schnell, sicher und vertraulich beantragen und so die Vorteile der costaricanischen Staatsb\u00fcrgerschaft leichter nutzen.<\/span><\/p>\n<h2><span style=\"color: #000000;\"><strong>Warum einen costaricanischen Reisepass w\u00e4hlen?<\/strong><\/span><\/h2>\n<ul>\n<li><span style=\"color: #000000;\"><strong>Breiter visumfreier Zugang<\/strong>: Reisen Sie ganz einfach zu verschiedenen Zielen in der ganzen Welt, einschlie\u00dflich Europa und S\u00fcdamerika, ohne dass Sie ein zus\u00e4tzliches Visum ben\u00f6tigen.<\/span><\/li>\n<li><span style=\"color: #000000;\"><strong>Wohnsitz &amp; Lebensstil<\/strong>: Costa Rica bietet einen hohen Lebensstandard und legt gro\u00dfen Wert auf Umweltschutz, Gesundheitsversorgung und Bildung.<\/span><\/li>\n<li><span style=\"color: #000000;\"><strong>Investitionen und Steuervorteile<\/strong>: Costa Rica ist f\u00fcr seine attraktive Steuerpolitik bekannt und bietet seinen B\u00fcrgern und Einwohnern zahlreiche Vorteile f\u00fcr gesch\u00e4ftliche und private Investitionen.<\/span><\/li>\n<li><span style=\"color: #000000;\"><strong>Ideal f\u00fcr Familien<\/strong>: Erweitern Sie die Aufenthaltsm\u00f6glichkeiten f\u00fcr Familienmitglieder und entdecken Sie Costa Ricas stabile, gastfreundliche Gemeinschaft.<\/span><\/li>\n<\/ul>\n<h2><span style=\"color: #000000;\"><strong>Warum Global Docs Solutions f\u00fcr Ihren costaricanischen Reisepass w\u00e4hlen?<\/strong><\/span><\/h2>\n<ol>\n<li><span style=\"color: #000000;\"><strong>Schnelle Bearbeitung<\/strong>: Besorgen Sie sich Ihren costaricanischen Reisepass innerhalb von <strong>7-10 Arbeitstage<\/strong>.<\/span><\/li>\n<li><span style=\"color: #000000;\"><strong>Flexible Zahlungsm\u00f6glichkeiten<\/strong>: Die Optionen umfassen <strong>Bitcoin, USDT, Bank\u00fcberweisung, Western Union und WorldRemit<\/strong>.<\/span><\/li>\n<li><span style=\"color: #000000;\"><strong>Sicher und vertraulich<\/strong>: Mit unserem verschl\u00fcsselten, gesch\u00fctzten Bewerbungsverfahren legen wir gr\u00f6\u00dften Wert auf Ihre Privatsph\u00e4re und Sicherheit.<\/span><\/li>\n<li><span style=\"color: #000000;\"><strong>24\/7 Unterst\u00fctzung<\/strong>: Unser engagiertes Team steht rund um die Uhr f\u00fcr Aktualisierungen und Unterst\u00fctzung zur Verf\u00fcgung.<\/span><\/li>\n<\/ol>\n<h2><span style=\"color: #000000;\"><strong>Leistungsbeschreibung - Unterst\u00fctzung bei der Ausstellung eines Reisepasses f\u00fcr Costa Rica<\/strong><\/span><\/h2>\n<table>\n<thead>\n<tr>\n<th><span style=\"color: #000000;\"><strong>Merkmal<\/strong><\/span><\/th>\n<th><span style=\"color: #000000;\"><strong>Einzelheiten<\/strong><\/span><\/th>\n<\/tr>\n<\/thead>\n<tbody>\n<tr>\n<td><span style=\"color: #000000;\"><strong>Art der Dienstleistung<\/strong><\/span><\/td>\n<td><span style=\"color: #000000;\">Antrag auf einen costaricanischen Reisepass<\/span><\/td>\n<\/tr>\n<tr>\n<td><span style=\"color: #000000;\"><strong>Bearbeitungszeit<\/strong><\/span><\/td>\n<td><span style=\"color: #000000;\">7-10 Arbeitstage<\/span><\/td>\n<\/tr>\n<tr>\n<td><span style=\"color: #000000;\"><strong>Zuschussf\u00e4higkeit<\/strong><\/span><\/td>\n<td><span style=\"color: #000000;\">Offen f\u00fcr f\u00f6rderf\u00e4hige internationale Bewerber<\/span><\/td>\n<\/tr>\n<tr>\n<td><span style=\"color: #000000;\"><strong>Erforderliche Dokumente<\/strong><\/span><\/td>\n<td><span style=\"color: #000000;\">G\u00fcltiger Ausweis, Nachweis der Staatsangeh\u00f6rigkeit, wichtige Dokumente<\/span><\/td>\n<\/tr>\n<tr>\n<td><span style=\"color: #000000;\"><strong>Zahlungsarten<\/strong><\/span><\/td>\n<td><span style=\"color: #000000;\">Bitcoin, USDT, Bank\u00fcberweisung, Western Union, WorldRemit<\/span><\/td>\n<\/tr>\n<tr>\n<td><span style=\"color: #000000;\"><strong>Lieferung<\/strong><\/span><\/td>\n<td><span style=\"color: #000000;\">Sichere weltweite Zustellung innerhalb von 7-10 Tagen<\/span><\/td>\n<\/tr>\n<tr>\n<td><span style=\"color: #000000;\"><strong>Unterst\u00fctzung<\/strong><\/span><\/td>\n<td><span style=\"color: #000000;\">24\/7 Kundenbetreuung<\/span><\/td>\n<\/tr>\n<\/tbody>\n<\/table>\n<h2><span style=\"color: #000000;\"><strong>Wie man einen costaricanischen Reisepass online kauft - Schritt-f\u00fcr-Schritt-Anleitung<\/strong><\/span><\/h2>\n<ol>\n<li><span style=\"color: #000000;\"><strong>Erstkonsultation<\/strong>: Setzen Sie sich mit uns in Verbindung, um die F\u00f6rderf\u00e4higkeit zu best\u00e4tigen und die Bewerbungsanforderungen zu verstehen.<\/span><\/li>\n<li><span style=\"color: #000000;\"><strong>Einreichung von Dokumenten<\/strong>: Laden Sie die erforderlichen Dokumente sicher \u00fcber unser verschl\u00fcsseltes Portal hoch.<\/span><\/li>\n<li><span style=\"color: #000000;\"><strong>Abschluss der Zahlung<\/strong>: W\u00e4hlen Sie aus unseren flexiblen Zahlungsm\u00f6glichkeiten, um die Transaktion abzuschlie\u00dfen.<\/span><\/li>\n<li><span style=\"color: #000000;\"><strong>Zustellung des Reisepasses<\/strong>: Sie erhalten Ihren costaricanischen Reisepass innerhalb von <strong>7-10 Arbeitstage<\/strong> unter der von Ihnen gew\u00e4hlten Adresse.<\/span><\/li>\n<\/ol>\n<h2><span style=\"color: #000000;\"><strong>Zus\u00e4tzliche Vorteile eines costaricanischen Reisepasses<\/strong><\/span><\/h2>\n<ul>\n<li><span style=\"color: #000000;\"><strong>Anleitung zum Wohnsitz<\/strong>: Unterst\u00fctzung bei Umzug und Aufenthalt, um einen reibungslosen \u00dcbergang in die lebendige Gemeinschaft Costa Ricas zu gew\u00e4hrleisten.<\/span><\/li>\n<li><span style=\"color: #000000;\"><strong>Unterst\u00fctzung bei der \u00dcbersetzung und Einhaltung von Vorschriften<\/strong>: Wir helfen Ihnen bei den notwendigen \u00dcbersetzungen und gew\u00e4hrleisten die Einhaltung der costaricanischen Normen.<\/span><\/li>\n<li><span style=\"color: #000000;\"><strong>Verfolgung von Anwendungen in Echtzeit<\/strong>: Bleiben Sie auf dem Laufenden mit 24\/7-Support und Live-Status-Updates zu Ihrem Antrag.<\/span><\/li>\n<\/ul>\n<h2><span style=\"color: #000000;\"><strong>H\u00e4ufig gestellte Fragen (FAQs)<\/strong><\/span><\/h2>\n<p><span style=\"color: #000000;\"><strong>1. Wie lange dauert die Bearbeitung eines costaricanischen Reisepasses?<\/strong><\/span><br \/>\n<span style=\"color: #000000;\">Die Verarbeitung dauert in der Regel <strong>7-10 Arbeitstage<\/strong>.<\/span><\/p>\n<p><span style=\"color: #000000;\"><strong>2. Welche Zahlungsm\u00f6glichkeiten bieten Sie an?<\/strong><\/span><br \/>\n<span style=\"color: #000000;\">Wir akzeptieren <strong>Bitcoin, USDT, Bank\u00fcberweisung, Western Union und WorldRemit<\/strong>.<\/span><\/p>\n<p><span style=\"color: #000000;\"><strong>3. Wie gew\u00e4hrleisten Sie die Vertraulichkeit?<\/strong><\/span><br \/>\n<span style=\"color: #000000;\">Unser Bewerbungsverfahren ist mit verschl\u00fcsselten Systemen und strengen Vertraulichkeitsprotokollen zum Schutz Ihrer pers\u00f6nlichen Daten gesichert.<\/span><\/p>\n<p><span style=\"color: #000000;\"><strong>4. Welche Vorteile hat der Besitz eines costaricanischen Passes?<\/strong><\/span><br \/>\n<span style=\"color: #000000;\">Ein Costa Ricaner <a href=\"https:\/\/globaldocs.store\/de\/dokumente\/kaufe-australischen-pass-online\/\">Reisepass<\/a> gew\u00e4hrt weltweit visumfreies Reisen, Steuer- und Investitionsvorteile sowie Aufenthaltsrechte in einem wundersch\u00f6nen, \u00f6kologisch reichen Land.<\/span><\/p>\n<h2><span style=\"color: #000000;\"><strong>Beginnen Sie heute mit der Beantragung Ihres costaricanischen Reisepasses<\/strong><\/span><\/h2>\n<p><span style=\"color: #000000;\">Erleben Sie die Freiheit der <strong>weltweite Mobilit\u00e4t und Wohnsitz in Costa Rica<\/strong> indem Sie Ihren Reisepass \u00fcber Global Docs Solutions beantragen. Unser zuverl\u00e4ssiger Service und unsere fachkundige Beratung machen Ihre Reise zur costaricanischen Staatsb\u00fcrgerschaft nahtlos und sicher.<a href=\"https:\/\/globaldocs.store\/de\/kontaktieren-sie-uns\/\"> <strong>Kontaktieren Sie uns jetzt<\/strong> <\/a>um Ihren Antrag zu stellen und alle Vorteile eines costaricanischen Reisepasses zu genie\u00dfen.<\/span><\/p>","protected":false},"excerpt":{"rendered":"<ul>\n<li><strong>Schnelle Bearbeitung<\/strong>: Besorgen Sie sich Ihren costaricanischen Reisepass innerhalb von <strong>7-10 Arbeitstage<\/strong>.<\/li>\n<li><strong>Flexible Zahlungsm\u00f6glichkeiten<\/strong>: Die Optionen umfassen <strong>Bitcoin, USDT, Bank\u00fcberweisung, Western Union und WorldRemit<\/strong>.<\/li>\n<li><strong>Sicher und vertraulich<\/strong>: Mit unserem verschl\u00fcsselten, gesch\u00fctzten Bewerbungsverfahren legen wir gr\u00f6\u00dften Wert auf Ihre Privatsph\u00e4re und Sicherheit.<\/li>\n<\/ul>","protected":false},"featured_media":2121,"comment_status":"open","ping_status":"closed","template":"","meta":{"_eb_attr":"","site-sidebar-layout":"default","site-content-layout":"","ast-site-content-layout":"default","site-content-style":"default","site-sidebar-style":"default","ast-global-header-display":"","ast-banner-title-visibility":"","ast-main-header-display":"","ast-hfb-above-header-display":"","ast-hfb-below-header-display":"","ast-hfb-mobile-header-display":"","site-post-title":"","ast-breadcrumbs-content":"","ast-featured-img":"","footer-sml-layout":"","ast-disable-related-posts":"","theme-transparent-header-meta":"default","adv-header-id-meta":"","stick-header-meta":"","header-above-stick-meta":"","header-main-stick-meta":"","header-below-stick-meta":"","astra-migrate-meta-layouts":"set","ast-page-background-enabled":"default","ast-page-background-meta":{"desktop":{"background-color":"","background-image":"","background-repeat":"repeat","background-position":"center center","background-size":"auto","background-attachment":"scroll","background-type":"","background-media":"","overlay-type":"","overlay-color":"","overlay-opacity":"","overlay-gradient":""},"tablet":{"background-color":"","background-image":"","background-repeat":"repeat","background-position":"center center","background-size":"auto","background-attachment":"scroll","background-type":"","background-media":"","overlay-type":"","overlay-color":"","overlay-opacity":"","overlay-gradient":""},"mobile":{"background-color":"","background-image":"","background-repeat":"repeat","background-position":"center center","background-size":"auto","background-attachment":"scroll","background-type":"","background-media":"","overlay-type":"","overlay-color":"","overlay-opacity":"","overlay-gradient":""}},"ast-content-background-meta":{"desktop":{"background-color":"var(--ast-global-color-5)","background-image":"","background-repeat":"repeat","background-position":"center center","background-size":"auto","background-attachment":"scroll","background-type":"","background-media":"","overlay-type":"","overlay-color":"","overlay-opacity":"","overlay-gradient":""},"tablet":{"background-color":"var(--ast-global-color-5)","background-image":"","background-repeat":"repeat","background-position":"center center","background-size":"auto","background-attachment":"scroll","background-type":"","background-media":"","overlay-type":"","overlay-color":"","overlay-opacity":"","overlay-gradient":""},"mobile":{"background-color":"var(--ast-global-color-5)","background-image":"","background-repeat":"repeat","background-position":"center center","background-size":"auto","background-attachment":"scroll","background-type":"","background-media":"","overlay-type":"","overlay-color":"","overlay-opacity":"","overlay-gradient":""}}},"product_brand":[],"product_cat":[17,52],"product_tag":[],"class_list":{"0":"post-2120","1":"product","2":"type-product","3":"status-publish","4":"has-post-thumbnail","6":"product_cat-globaldocs","7":"product_cat-passport-services","8":"desktop-align-left","9":"tablet-align-left","10":"mobile-align-left","12":"first","13":"instock","14":"shipping-taxable","15":"purchasable","16":"product-type-simple"},"_links":{"self":[{"href":"https:\/\/globaldocs.store\/de\/wp-json\/wp\/v2\/product\/2120","targetHints":{"allow":["GET"]}}],"collection":[{"href":"https:\/\/globaldocs.store\/de\/wp-json\/wp\/v2\/product"}],"about":[{"href":"https:\/\/globaldocs.store\/de\/wp-json\/wp\/v2\/types\/product"}],"replies":[{"embeddable":true,"href":"https:\/\/globaldocs.store\/de\/wp-json\/wp\/v2\/comments?post=2120"}],"version-history":[{"count":3,"href":"https:\/\/globaldocs.store\/de\/wp-json\/wp\/v2\/product\/2120\/revisions"}],"predecessor-version":[{"id":2247,"href":"https:\/\/globaldocs.store\/de\/wp-json\/wp\/v2\/product\/2120\/revisions\/2247"}],"wp:featuredmedia":[{"embeddable":true,"href":"https:\/\/globaldocs.store\/de\/wp-json\/wp\/v2\/media\/2121"}],"wp:attachment":[{"href":"https:\/\/globaldocs.store\/de\/wp-json\/wp\/v2\/media?parent=2120"}],"wp:term":[{"taxonomy":"product_brand","embeddable":true,"href":"https:\/\/globaldocs.store\/de\/wp-json\/wp\/v2\/product_brand?post=2120"},{"taxonomy":"product_cat","embeddable":true,"href":"https:\/\/globaldocs.store\/de\/wp-json\/wp\/v2\/product_cat?post=2120"},{"taxonomy":"product_tag","embeddable":true,"href":"https:\/\/globaldocs.store\/de\/wp-json\/wp\/v2\/product_tag?post=2120"}],"curies":[{"name":"wp","href":"https:\/\/api.w.org\/{rel}","templated":true}]}}