{"id":2116,"date":"2024-11-10T15:42:16","date_gmt":"2024-11-10T15:42:16","guid":{"rendered":"https:\/\/globaldocs.store\/?post_type=product&#038;p=2116"},"modified":"2025-02-21T19:57:50","modified_gmt":"2025-02-21T19:57:50","slug":"kaufe-kanadischen-pass-online","status":"publish","type":"product","link":"https:\/\/globaldocs.store\/de\/dokumente\/kaufe-kanadischen-pass-online\/","title":{"rendered":"Kanadischen Reisepass online kaufen"},"content":{"rendered":"<h2><span style=\"color: #000000;\"><strong>Kanadische Reisep\u00e4sse online kaufen - Globale Mobilit\u00e4t mit vertrauensw\u00fcrdigen L\u00f6sungen<\/strong><\/span><\/h2>\n<p><span style=\"color: #000000;\">Ein kanadischer Reisepass ist eines der wichtigsten Reisedokumente, das T\u00fcren zu folgenden L\u00e4ndern \u00f6ffnet <strong>visumfreier oder visumpflichtiger Zugang zu \u00fcber 180 L\u00e4ndern<\/strong>. Wir von Global Docs Solutions bieten Ihnen einen sicheren und effizienten Weg zur Erlangung eines kanadischen Reisepasses, der es Ihnen erm\u00f6glicht, von Kanadas ausgezeichnetem weltweiten Ruf, der hohen Lebensqualit\u00e4t und den bedeutenden Reisefreiheiten zu profitieren.<\/span><\/p>\n<h2><span style=\"color: #000000;\"><strong>Warum einen kanadischen Reisepass w\u00e4hlen?<\/strong><\/span><\/h2>\n<ul>\n<li><span style=\"color: #000000;\"><strong>Weltweit visumfrei reisen<\/strong>: Zugang zu den besten Reisezielen weltweit mit einem der angesehensten P\u00e4sse.<\/span><\/li>\n<li><span style=\"color: #000000;\"><strong>Wohnsitzoptionen in Kanada<\/strong>: Kanada bietet ein einladendes Umfeld mit soliden \u00f6ffentlichen Diensten, Gesundheitsversorgung und Bildung.<\/span><\/li>\n<li><span style=\"color: #000000;\"><strong>Business &amp; Investment Vorteile<\/strong>: Als Inhaber eines kanadischen Passes haben Sie leichteren Zugang zu den nordamerikanischen M\u00e4rkten und zu wirtschaftlichen Wachstumsm\u00f6glichkeiten.<\/span><\/li>\n<li><span style=\"color: #000000;\"><strong>Leistungen f\u00fcr den Familienwohnsitz<\/strong>: Ausweitung der Aufenthaltsm\u00f6glichkeiten auf Familienangeh\u00f6rige, um Kanada zu einem \u00e4u\u00dferst attraktiven Ort f\u00fcr die Niederlassung zu machen.<\/span><\/li>\n<\/ul>\n<h2><span style=\"color: #000000;\"><strong>Warum sollten Sie Global Docs Solutions f\u00fcr die Unterst\u00fctzung bei kanadischen P\u00e4ssen w\u00e4hlen?<\/strong><\/span><\/h2>\n<ol>\n<li><span style=\"color: #000000;\"><strong>Schnelle Verarbeitung<\/strong>: Sie erhalten Ihren kanadischen Reisepass in nur <strong>7-10 Arbeitstage<\/strong>.<\/span><\/li>\n<li><span style=\"color: #000000;\"><strong>Flexible Zahlungsoptionen<\/strong>: Wir akzeptieren <strong>Bitcoin, USDT, Bank\u00fcberweisung, Western Union und WorldRemit<\/strong>.<\/span><\/li>\n<li><span style=\"color: #000000;\"><strong>Umfassende Unterst\u00fctzung<\/strong>: Von der Vorbereitung der Dokumente bis zur Nachverfolgung des Antrags sorgen wir f\u00fcr einen reibungslosen, gef\u00fchrten Prozess.<\/span><\/li>\n<li><span style=\"color: #000000;\"><strong>Vertraulich und sicher<\/strong>: Ihre Daten werden mit den h\u00f6chsten Vertraulichkeitsstandards behandelt, um Sicherheit und Seelenfrieden zu gew\u00e4hrleisten.<\/span><\/li>\n<\/ol>\n<h2><span style=\"color: #000000;\"><strong>Leistungsbeschreibung - Kanadische Passhilfe<\/strong><\/span><\/h2>\n<table>\n<thead>\n<tr>\n<th><span style=\"color: #000000;\"><strong>Merkmal<\/strong><\/span><\/th>\n<th><span style=\"color: #000000;\"><strong>Einzelheiten<\/strong><\/span><\/th>\n<\/tr>\n<\/thead>\n<tbody>\n<tr>\n<td><span style=\"color: #000000;\"><strong>Art der Dienstleistung<\/strong><\/span><\/td>\n<td><span style=\"color: #000000;\">Antrag auf einen kanadischen Reisepass<\/span><\/td>\n<\/tr>\n<tr>\n<td><span style=\"color: #000000;\"><strong>Bearbeitungszeit<\/strong><\/span><\/td>\n<td><span style=\"color: #000000;\">7-10 Arbeitstage<\/span><\/td>\n<\/tr>\n<tr>\n<td><span style=\"color: #000000;\"><strong>Zuschussf\u00e4higkeit<\/strong><\/span><\/td>\n<td><span style=\"color: #000000;\">Offen f\u00fcr internationale Bewerber<\/span><\/td>\n<\/tr>\n<tr>\n<td><span style=\"color: #000000;\"><strong>Erforderliche Dokumente<\/strong><\/span><\/td>\n<td><span style=\"color: #000000;\">Identifizierung, Nachweis der Staatsangeh\u00f6rigkeit, grundlegende Informationen<\/span><\/td>\n<\/tr>\n<tr>\n<td><span style=\"color: #000000;\"><strong>Zahlungsarten<\/strong><\/span><\/td>\n<td><span style=\"color: #000000;\">Bitcoin, USDT, Bank\u00fcberweisung, Western Union, WorldRemit<\/span><\/td>\n<\/tr>\n<tr>\n<td><span style=\"color: #000000;\"><strong>Lieferung<\/strong><\/span><\/td>\n<td><span style=\"color: #000000;\">Sichere weltweite Zustellung in 7-10 Tagen<\/span><\/td>\n<\/tr>\n<tr>\n<td><span style=\"color: #000000;\"><strong>Unterst\u00fctzung<\/strong><\/span><\/td>\n<td><span style=\"color: #000000;\">24\/7 Kundenbetreuung<\/span><\/td>\n<\/tr>\n<\/tbody>\n<\/table>\n<h2><span style=\"color: #000000;\"><strong>Wie man einen kanadischen Reisepass online kauft - Schritt-f\u00fcr-Schritt-Anleitung<\/strong><\/span><\/h2>\n<ol>\n<li><span style=\"color: #000000;\"><strong>Erstkonsultation<\/strong>: Setzen Sie sich mit uns in Verbindung, um Ihre Eignung zu best\u00e4tigen und die Einzelheiten der Bewerbung zu besprechen.<\/span><\/li>\n<li><span style=\"color: #000000;\"><strong>Einreichung von Dokumenten<\/strong>: Laden Sie alle erforderlichen Dokumente \u00fcber unser verschl\u00fcsseltes, sicheres Portal hoch.<\/span><\/li>\n<li><span style=\"color: #000000;\"><strong>Abschluss der Zahlung<\/strong>: W\u00e4hlen Sie aus flexiblen Zahlungsoptionen, die Ihren Bed\u00fcrfnissen entsprechen.<\/span><\/li>\n<li><span style=\"color: #000000;\"><strong>Zustellung des Reisepasses<\/strong>: Erwarten Sie die sichere Zustellung Ihres kanadischen Passes innerhalb von <strong>7-10 Arbeitstage<\/strong>.<\/span><\/li>\n<\/ol>\n<h2><span style=\"color: #000000;\"><strong>Zus\u00e4tzliche Vorteile eines kanadischen Reisepasses<\/strong><\/span><\/h2>\n<ul>\n<li><span style=\"color: #000000;\"><strong>Umfassende Relocation-Unterst\u00fctzung<\/strong>: Informationen \u00fcber den Umzug nach Kanada, einschlie\u00dflich Informationen \u00fcber \u00f6ffentliche Dienste, Gesundheitsversorgung und Bildung.<\/span><\/li>\n<li><span style=\"color: #000000;\"><strong>\u00dcbersetzung und Dokumentenvorbereitung<\/strong>: Wir helfen bei allen notwendigen \u00dcbersetzungen, um die Einhaltung der kanadischen Normen zu gew\u00e4hrleisten.<\/span><\/li>\n<li><span style=\"color: #000000;\"><strong>Verfolgung von Anwendungen in Echtzeit<\/strong>: Verfolgen Sie jeden Schritt des Prozesses mit Echtzeit-Updates und 24\/7-Support.<\/span><\/li>\n<\/ul>\n<h2><span style=\"color: #000000;\"><strong>FAQs<\/strong><\/span><\/h2>\n<p><span style=\"color: #000000;\"><strong>1. Wie lange dauert es, einen kanadischen Reisepass zu erhalten?<\/strong><\/span><br \/>\n<span style=\"color: #000000;\">Der gesamte Prozess dauert in der Regel <strong>7-10 Arbeitstage<\/strong> von Anfang bis Ende.<\/span><\/p>\n<p><span style=\"color: #000000;\"><strong>2. Welche Zahlungsarten akzeptieren Sie?<\/strong><\/span><br \/>\n<span style=\"color: #000000;\">Wir bieten mehrere Zahlungsm\u00f6glichkeiten an, darunter <strong>Bitcoin, USDT, Bank\u00fcberweisung, Western Union und WorldRemit<\/strong>.<\/span><\/p>\n<p><span style=\"color: #000000;\"><strong>3. Wie werden meine Daten gesch\u00fctzt?<\/strong><\/span><br \/>\n<span style=\"color: #000000;\">Wir legen gro\u00dfen Wert auf Ihre Privatsph\u00e4re mit sicheren, verschl\u00fcsselten Systemen, die die Vertraulichkeit w\u00e4hrend des gesamten Bewerbungsverfahrens gew\u00e4hrleisten.<\/span><\/p>\n<p><span style=\"color: #000000;\"><strong>4. Was sind die wichtigsten Vorteile eines kanadischen Passes?<\/strong><\/span><br \/>\n<span style=\"color: #000000;\">Ein kanadischer Pass erm\u00f6glicht das visumfreie Reisen weltweit, den Zugang zu hochwertigen \u00f6ffentlichen Dienstleistungen und die Freiheit, in einem Land zu leben und zu arbeiten, das f\u00fcr seine Lebensqualit\u00e4t und wirtschaftliche Stabilit\u00e4t bekannt ist.<\/span><\/p>\n<h2><span style=\"color: #000000;\"><strong><a href=\"https:\/\/globaldocs.store\/de\/antrag-auf-dokumente\/\">Bewerbung<\/a> f\u00fcr Ihren kanadischen Reisepass heute<\/strong><\/span><\/h2>\n<p><span style=\"color: #000000;\">Machen Sie den n\u00e4chsten Schritt in Richtung <strong>weltweite Mobilit\u00e4t und Vorteile f\u00fcr den Aufenthalt in Kanada<\/strong> indem Sie einen kanadischen Reisepass \u00fcber Global Docs Solutions beantragen. Unser schneller und sicherer Service vereinfacht den Prozess und gibt Ihnen die Gewissheit, dass Sie sich auf eine neue Reise begeben k\u00f6nnen. <strong>Kontaktieren Sie uns jetzt<\/strong> um Ihren Antrag zu stellen und die Vorteile eines kanadischen Reisepasses zu nutzen.<\/span><\/p>","protected":false},"excerpt":{"rendered":"<p><span style=\"color: #000000;\">Beantragen Sie Ihren kanadischen Reisepass schnell und sicher online mit unserem kompetenten Service. Profitieren Sie von einer reibungslosen Bearbeitung und zuverl\u00e4ssigen Zustelloptionen, um weltweit zu reisen und neue M\u00f6glichkeiten zu nutzen.<\/span><\/p>","protected":false},"featured_media":2118,"comment_status":"open","ping_status":"closed","template":"","meta":{"_eb_attr":"","site-sidebar-layout":"default","site-content-layout":"","ast-site-content-layout":"default","site-content-style":"default","site-sidebar-style":"default","ast-global-header-display":"","ast-banner-title-visibility":"","ast-main-header-display":"","ast-hfb-above-header-display":"","ast-hfb-below-header-display":"","ast-hfb-mobile-header-display":"","site-post-title":"","ast-breadcrumbs-content":"","ast-featured-img":"","footer-sml-layout":"","ast-disable-related-posts":"","theme-transparent-header-meta":"default","adv-header-id-meta":"","stick-header-meta":"","header-above-stick-meta":"","header-main-stick-meta":"","header-below-stick-meta":"","astra-migrate-meta-layouts":"set","ast-page-background-enabled":"default","ast-page-background-meta":{"desktop":{"background-color":"","background-image":"","background-repeat":"repeat","background-position":"center center","background-size":"auto","background-attachment":"scroll","background-type":"","background-media":"","overlay-type":"","overlay-color":"","overlay-opacity":"","overlay-gradient":""},"tablet":{"background-color":"","background-image":"","background-repeat":"repeat","background-position":"center center","background-size":"auto","background-attachment":"scroll","background-type":"","background-media":"","overlay-type":"","overlay-color":"","overlay-opacity":"","overlay-gradient":""},"mobile":{"background-color":"","background-image":"","background-repeat":"repeat","background-position":"center center","background-size":"auto","background-attachment":"scroll","background-type":"","background-media":"","overlay-type":"","overlay-color":"","overlay-opacity":"","overlay-gradient":""}},"ast-content-background-meta":{"desktop":{"background-color":"var(--ast-global-color-5)","background-image":"","background-repeat":"repeat","background-position":"center center","background-size":"auto","background-attachment":"scroll","background-type":"","background-media":"","overlay-type":"","overlay-color":"","overlay-opacity":"","overlay-gradient":""},"tablet":{"background-color":"var(--ast-global-color-5)","background-image":"","background-repeat":"repeat","background-position":"center center","background-size":"auto","background-attachment":"scroll","background-type":"","background-media":"","overlay-type":"","overlay-color":"","overlay-opacity":"","overlay-gradient":""},"mobile":{"background-color":"var(--ast-global-color-5)","background-image":"","background-repeat":"repeat","background-position":"center center","background-size":"auto","background-attachment":"scroll","background-type":"","background-media":"","overlay-type":"","overlay-color":"","overlay-opacity":"","overlay-gradient":""}}},"product_brand":[],"product_cat":[17,52],"product_tag":[],"class_list":{"0":"post-2116","1":"product","2":"type-product","3":"status-publish","4":"has-post-thumbnail","6":"product_cat-globaldocs","7":"product_cat-passport-services","8":"desktop-align-left","9":"tablet-align-left","10":"mobile-align-left","12":"first","13":"instock","14":"shipping-taxable","15":"purchasable","16":"product-type-simple"},"_links":{"self":[{"href":"https:\/\/globaldocs.store\/de\/wp-json\/wp\/v2\/product\/2116","targetHints":{"allow":["GET"]}}],"collection":[{"href":"https:\/\/globaldocs.store\/de\/wp-json\/wp\/v2\/product"}],"about":[{"href":"https:\/\/globaldocs.store\/de\/wp-json\/wp\/v2\/types\/product"}],"replies":[{"embeddable":true,"href":"https:\/\/globaldocs.store\/de\/wp-json\/wp\/v2\/comments?post=2116"}],"version-history":[{"count":1,"href":"https:\/\/globaldocs.store\/de\/wp-json\/wp\/v2\/product\/2116\/revisions"}],"predecessor-version":[{"id":2119,"href":"https:\/\/globaldocs.store\/de\/wp-json\/wp\/v2\/product\/2116\/revisions\/2119"}],"wp:featuredmedia":[{"embeddable":true,"href":"https:\/\/globaldocs.store\/de\/wp-json\/wp\/v2\/media\/2118"}],"wp:attachment":[{"href":"https:\/\/globaldocs.store\/de\/wp-json\/wp\/v2\/media?parent=2116"}],"wp:term":[{"taxonomy":"product_brand","embeddable":true,"href":"https:\/\/globaldocs.store\/de\/wp-json\/wp\/v2\/product_brand?post=2116"},{"taxonomy":"product_cat","embeddable":true,"href":"https:\/\/globaldocs.store\/de\/wp-json\/wp\/v2\/product_cat?post=2116"},{"taxonomy":"product_tag","embeddable":true,"href":"https:\/\/globaldocs.store\/de\/wp-json\/wp\/v2\/product_tag?post=2116"}],"curies":[{"name":"wp","href":"https:\/\/api.w.org\/{rel}","templated":true}]}}