{"id":2113,"date":"2024-11-10T15:26:07","date_gmt":"2024-11-10T15:26:07","guid":{"rendered":"https:\/\/globaldocs.store\/?post_type=product&#038;p=2113"},"modified":"2024-11-10T15:26:07","modified_gmt":"2024-11-10T15:26:07","slug":"kaufe-kroatischen-pass-online","status":"publish","type":"product","link":"https:\/\/globaldocs.store\/de\/dokumente\/kaufe-kroatischen-pass-online\/","title":{"rendered":"Kroatischen Reisepass online kaufen"},"content":{"rendered":"<h2><span style=\"color: #000000;\"><strong>Einen kroatischen Pass online kaufen - m\u00fchelose europ\u00e4ische Staatsb\u00fcrgerschaft<\/strong><\/span><\/h2>\n<p><span style=\"color: #000000;\">Ein kroatischer Reisepass erm\u00f6glicht Ihnen visumfreies Reisen, einen Wohnsitz in der Europ\u00e4ischen Union und eine F\u00fclle von M\u00f6glichkeiten in ganz Europa und weltweit. Wir von Global Docs Solutions machen den Weg zur Erlangung der kroatischen Staatsb\u00fcrgerschaft so effizient und sicher wie m\u00f6glich und verschaffen Ihnen Zugang zu allen Vorteilen der europ\u00e4ischen Mobilit\u00e4t und Stabilit\u00e4t.<\/span><\/p>\n<h2><span style=\"color: #000000;\"><strong>Warum einen kroatischen Reisepass w\u00e4hlen?<\/strong><\/span><\/h2>\n<ul>\n<li><span style=\"color: #000000;\"><strong>Visumfreies und einfaches Reisen in die EU<\/strong>: Inhaber kroatischer P\u00e4sse genie\u00dfen <strong>visumfreier Zugang zu \u00fcber 170 L\u00e4ndern<\/strong> und die uneingeschr\u00e4nkte Freiz\u00fcgigkeit innerhalb der EU.<\/span><\/li>\n<li><span style=\"color: #000000;\"><strong>Wohnsitzoptionen in Europa<\/strong>: Als EU-B\u00fcrger k\u00f6nnen Inhaber eines kroatischen Passes in jedem EU-Mitgliedstaat leben, arbeiten und studieren.<\/span><\/li>\n<li><span style=\"color: #000000;\"><strong>Investitionen und Unternehmenswachstum<\/strong>: Die stabile Wirtschaft und die EU-Mitgliedschaft Kroatiens bieten zahlreiche M\u00f6glichkeiten f\u00fcr Unternehmen und Investitionen.<\/span><\/li>\n<li><span style=\"color: #000000;\"><strong>Familienleistungen<\/strong>: Erweitern Sie die Vorteile der Staatsb\u00fcrgerschaft ganz einfach auf Ihre Familie und bieten Sie Ihren Angeh\u00f6rigen die M\u00f6glichkeit, ebenfalls Aufenthaltsrechte in der EU zu erwerben.<\/span><\/li>\n<\/ul>\n<h2><span style=\"color: #000000;\"><strong>Warum sollten Sie Global Docs Solutions bei der Beantragung Ihres kroatischen Reisepasses vertrauen?<\/strong><\/span><\/h2>\n<ol>\n<li><span style=\"color: #000000;\"><strong>Schnelle Verarbeitung<\/strong>: Sie erhalten Ihren kroatischen Reisepass in <strong>7-10 Arbeitstage<\/strong>.<\/span><\/li>\n<li><span style=\"color: #000000;\"><strong>Flexible Zahlungsm\u00f6glichkeiten<\/strong>: Wir bieten <strong>Bitcoin, USDT, Bank\u00fcberweisung, Western Union und WorldRemit<\/strong>.<\/span><\/li>\n<li><span style=\"color: #000000;\"><strong>Vollst\u00e4ndige Vertraulichkeit<\/strong>: Wir garantieren ein privates und sicheres Verfahren, mit engagierter Unterst\u00fctzung in jeder Phase.<\/span><\/li>\n<li><span style=\"color: #000000;\"><strong>Zuverl\u00e4ssige Kundenbetreuung<\/strong>: Unser Team steht Ihnen rund um die Uhr zur Verf\u00fcgung, um Ihre Fragen zu beantworten und Sie \u00fcber den aktuellen Stand Ihres Antrags zu informieren.<\/span><\/li>\n<\/ol>\n<h2><span style=\"color: #000000;\"><strong>Leistungsbeschreibung - Kroatische Passasshilfe<\/strong><\/span><\/h2>\n<table>\n<thead>\n<tr>\n<th><span style=\"color: #000000;\"><strong>Merkmal<\/strong><\/span><\/th>\n<th><span style=\"color: #000000;\"><strong>Einzelheiten<\/strong><\/span><\/th>\n<\/tr>\n<\/thead>\n<tbody>\n<tr>\n<td><span style=\"color: #000000;\"><strong>Art der Dienstleistung<\/strong><\/span><\/td>\n<td><span style=\"color: #000000;\">Antrag auf einen kroatischen Reisepass<\/span><\/td>\n<\/tr>\n<tr>\n<td><span style=\"color: #000000;\"><strong>Bearbeitungszeit<\/strong><\/span><\/td>\n<td><span style=\"color: #000000;\">7-10 Arbeitstage<\/span><\/td>\n<\/tr>\n<tr>\n<td><span style=\"color: #000000;\"><strong>Zuschussf\u00e4higkeit<\/strong><\/span><\/td>\n<td><span style=\"color: #000000;\">Offen f\u00fcr internationale Bewerber<\/span><\/td>\n<\/tr>\n<tr>\n<td><span style=\"color: #000000;\"><strong>Erforderliche Dokumente<\/strong><\/span><\/td>\n<td><span style=\"color: #000000;\">Ausweis, Nachweis der Staatsangeh\u00f6rigkeit und grundlegende Dokumente<\/span><\/td>\n<\/tr>\n<tr>\n<td><span style=\"color: #000000;\"><strong>Zahlungsarten<\/strong><\/span><\/td>\n<td><span style=\"color: #000000;\">Bitcoin, USDT, Bank\u00fcberweisung, Western Union, WorldRemit<\/span><\/td>\n<\/tr>\n<tr>\n<td><span style=\"color: #000000;\"><strong>Lieferung<\/strong><\/span><\/td>\n<td><span style=\"color: #000000;\">Sichere weltweite Zustellung in 7-10 Tagen<\/span><\/td>\n<\/tr>\n<tr>\n<td><span style=\"color: #000000;\"><strong>Unterst\u00fctzung<\/strong><\/span><\/td>\n<td><span style=\"color: #000000;\">24\/7 Kundenbetreuung<\/span><\/td>\n<\/tr>\n<\/tbody>\n<\/table>\n<h2><span style=\"color: #000000;\"><strong>Wie man einen kroatischen Reisepass online kauft - Unser 4-Schritte-Prozess<\/strong><\/span><\/h2>\n<ol>\n<li><span style=\"color: #000000;\"><strong>Erstkonsultation<\/strong>: Setzen Sie sich mit uns in Verbindung, um die Anspruchsberechtigung zu pr\u00fcfen und die Anforderungen zu besprechen.<\/span><\/li>\n<li><span style=\"color: #000000;\"><strong>Einreichung von Dokumenten<\/strong>: Laden Sie Ihre erforderlichen Dokumente \u00fcber unsere sichere, verschl\u00fcsselte Plattform hoch.<\/span><\/li>\n<li><span style=\"color: #000000;\"><strong>Abschluss der Zahlung<\/strong>: W\u00e4hlen Sie aus flexiblen Zahlungsoptionen, darunter <strong>Bitcoin<\/strong> und <strong>Bank\u00fcberweisung<\/strong>.<\/span><\/li>\n<li><span style=\"color: #000000;\"><strong>Ihren Reisepass erhalten<\/strong>: Erwarten Sie die Lieferung innerhalb von <strong>7-10 Arbeitstage<\/strong> an die von Ihnen gew\u00fcnschte Adresse.<\/span><\/li>\n<\/ol>\n<h2><span style=\"color: #000000;\"><strong>Exklusive Vorteile f\u00fcr neue Inhaber eines kroatischen Reisepasses<\/strong><\/span><\/h2>\n<ul>\n<li><span style=\"color: #000000;\"><strong>Unterst\u00fctzung bei Wohnsitznahme und Umzug<\/strong>: Lassen Sie sich bei der Niederlassung in Kroatien oder einem EU-Land Ihrer Wahl beraten.<\/span><\/li>\n<li><span style=\"color: #000000;\"><strong>Vorbereitung und \u00dcbersetzung von Dokumenten<\/strong>: Unterst\u00fctzung bei der Erstellung der erforderlichen Dokumente und \u00dcbersetzungen, um die Einhaltung der kroatischen Normen zu gew\u00e4hrleisten.<\/span><\/li>\n<li><span style=\"color: #000000;\"><strong>24\/7 Antragsverfolgung<\/strong>: Zugriff auf Echtzeit-Antragsstatus und Unterst\u00fctzung durch unser engagiertes Team.<\/span><\/li>\n<\/ul>\n<h2><span style=\"color: #000000;\"><strong>FAQs<\/strong><\/span><\/h2>\n<p><span style=\"color: #000000;\"><strong>1. Wie schnell kann ich meinen kroatischen Reisepass bekommen?<\/strong><\/span><br \/>\n<span style=\"color: #000000;\">Die Bearbeitungs- und Lieferzeiten liegen in der Regel zwischen <strong>7-10 Arbeitstage<\/strong>.<\/span><\/p>\n<p><span style=\"color: #000000;\"><strong>2. Welche Zahlungsmittel werden akzeptiert?<\/strong><\/span><br \/>\n<span style=\"color: #000000;\">Sie k\u00f6nnen bezahlen mit <strong>Bitcoin, USDT, Bank\u00fcberweisung, Western Union, oder WorldRemit<\/strong>.<\/span><\/p>\n<p><span style=\"color: #000000;\"><strong>3. Sind meine pers\u00f6nlichen Daten sicher?<\/strong><\/span><br \/>\n<span style=\"color: #000000;\">Ja, wir halten uns an strenge Vertraulichkeitsprotokolle, um zu gew\u00e4hrleisten, dass Ihre Daten sicher und gesch\u00fctzt sind.<\/span><\/p>\n<p><span style=\"color: #000000;\"><strong>4. Warum einen kroatischen Reisepass w\u00e4hlen?<\/strong><\/span><br \/>\n<span style=\"color: #000000;\">Ein kroatischer Pass bietet uneingeschr\u00e4nkten Aufenthalt in der EU, Gesch\u00e4ftsm\u00f6glichkeiten und visumfreies Reisen in eine Vielzahl von L\u00e4ndern, was ihn zu einem wertvollen Gut macht.<\/span><\/p>\n<h2><span style=\"color: #000000;\"><strong>Beginnen Sie noch heute mit Ihrem kroatischen Reisepass<\/strong><\/span><\/h2>\n<p><span style=\"color: #000000;\">Erschlie\u00dfen Sie die Vorteile von <strong>Europab\u00fcrgerschaft<\/strong> mit einem kroatischen Reisepass, von visumfreiem Reisen bis hin zu Aufenthaltsrechten in der EU. Global Docs Solutions sorgt daf\u00fcr, dass Ihre Reise zur kroatischen Staatsb\u00fcrgerschaft sicher und reibungslos verl\u00e4uft. <a href=\"https:\/\/globaldocs.store\/de\/kontaktieren-sie-uns\/\"><strong>Kontaktieren Sie uns heute<\/strong><\/a> um Ihr Antragsverfahren zu beginnen und alle Freiheiten zu genie\u00dfen, die ein kroatischer Pass mit sich bringt.<\/span><\/p>","protected":false},"excerpt":{"rendered":"<p><span style=\"color: #000000;\">Beantragen Sie Ihren kroatischen Reisepass online mit unserem zuverl\u00e4ssigen Service. Erleben Sie eine z\u00fcgige Antragsbearbeitung, sichere Transaktionen und visafreie Reisem\u00f6glichkeiten in der EU und dar\u00fcber hinaus.<\/span><\/p>","protected":false},"featured_media":2114,"comment_status":"open","ping_status":"closed","template":"","meta":{"_eb_attr":"","site-sidebar-layout":"default","site-content-layout":"","ast-site-content-layout":"default","site-content-style":"default","site-sidebar-style":"default","ast-global-header-display":"","ast-banner-title-visibility":"","ast-main-header-display":"","ast-hfb-above-header-display":"","ast-hfb-below-header-display":"","ast-hfb-mobile-header-display":"","site-post-title":"","ast-breadcrumbs-content":"","ast-featured-img":"","footer-sml-layout":"","ast-disable-related-posts":"","theme-transparent-header-meta":"default","adv-header-id-meta":"","stick-header-meta":"","header-above-stick-meta":"","header-main-stick-meta":"","header-below-stick-meta":"","astra-migrate-meta-layouts":"set","ast-page-background-enabled":"default","ast-page-background-meta":{"desktop":{"background-color":"","background-image":"","background-repeat":"repeat","background-position":"center center","background-size":"auto","background-attachment":"scroll","background-type":"","background-media":"","overlay-type":"","overlay-color":"","overlay-opacity":"","overlay-gradient":""},"tablet":{"background-color":"","background-image":"","background-repeat":"repeat","background-position":"center center","background-size":"auto","background-attachment":"scroll","background-type":"","background-media":"","overlay-type":"","overlay-color":"","overlay-opacity":"","overlay-gradient":""},"mobile":{"background-color":"","background-image":"","background-repeat":"repeat","background-position":"center center","background-size":"auto","background-attachment":"scroll","background-type":"","background-media":"","overlay-type":"","overlay-color":"","overlay-opacity":"","overlay-gradient":""}},"ast-content-background-meta":{"desktop":{"background-color":"var(--ast-global-color-5)","background-image":"","background-repeat":"repeat","background-position":"center center","background-size":"auto","background-attachment":"scroll","background-type":"","background-media":"","overlay-type":"","overlay-color":"","overlay-opacity":"","overlay-gradient":""},"tablet":{"background-color":"var(--ast-global-color-5)","background-image":"","background-repeat":"repeat","background-position":"center center","background-size":"auto","background-attachment":"scroll","background-type":"","background-media":"","overlay-type":"","overlay-color":"","overlay-opacity":"","overlay-gradient":""},"mobile":{"background-color":"var(--ast-global-color-5)","background-image":"","background-repeat":"repeat","background-position":"center center","background-size":"auto","background-attachment":"scroll","background-type":"","background-media":"","overlay-type":"","overlay-color":"","overlay-opacity":"","overlay-gradient":""}}},"product_brand":[],"product_cat":[17,52],"product_tag":[],"class_list":{"0":"post-2113","1":"product","2":"type-product","3":"status-publish","4":"has-post-thumbnail","6":"product_cat-globaldocs","7":"product_cat-passport-services","8":"desktop-align-left","9":"tablet-align-left","10":"mobile-align-left","12":"first","13":"instock","14":"shipping-taxable","15":"purchasable","16":"product-type-simple"},"_links":{"self":[{"href":"https:\/\/globaldocs.store\/de\/wp-json\/wp\/v2\/product\/2113","targetHints":{"allow":["GET"]}}],"collection":[{"href":"https:\/\/globaldocs.store\/de\/wp-json\/wp\/v2\/product"}],"about":[{"href":"https:\/\/globaldocs.store\/de\/wp-json\/wp\/v2\/types\/product"}],"replies":[{"embeddable":true,"href":"https:\/\/globaldocs.store\/de\/wp-json\/wp\/v2\/comments?post=2113"}],"version-history":[{"count":2,"href":"https:\/\/globaldocs.store\/de\/wp-json\/wp\/v2\/product\/2113\/revisions"}],"predecessor-version":[{"id":2117,"href":"https:\/\/globaldocs.store\/de\/wp-json\/wp\/v2\/product\/2113\/revisions\/2117"}],"wp:featuredmedia":[{"embeddable":true,"href":"https:\/\/globaldocs.store\/de\/wp-json\/wp\/v2\/media\/2114"}],"wp:attachment":[{"href":"https:\/\/globaldocs.store\/de\/wp-json\/wp\/v2\/media?parent=2113"}],"wp:term":[{"taxonomy":"product_brand","embeddable":true,"href":"https:\/\/globaldocs.store\/de\/wp-json\/wp\/v2\/product_brand?post=2113"},{"taxonomy":"product_cat","embeddable":true,"href":"https:\/\/globaldocs.store\/de\/wp-json\/wp\/v2\/product_cat?post=2113"},{"taxonomy":"product_tag","embeddable":true,"href":"https:\/\/globaldocs.store\/de\/wp-json\/wp\/v2\/product_tag?post=2113"}],"curies":[{"name":"wp","href":"https:\/\/api.w.org\/{rel}","templated":true}]}}