{"id":2109,"date":"2024-11-10T15:13:21","date_gmt":"2024-11-10T15:13:21","guid":{"rendered":"https:\/\/globaldocs.store\/?post_type=product&#038;p=2109"},"modified":"2024-11-10T15:13:21","modified_gmt":"2024-11-10T15:13:21","slug":"kaufe-chilenischen-pass-online","status":"publish","type":"product","link":"https:\/\/globaldocs.store\/de\/dokumente\/kaufe-chilenischen-pass-online\/","title":{"rendered":"Chile Reisepass online kaufen"},"content":{"rendered":"<h2><span style=\"color: #000000;\"><strong>Einen chilenischen Reisepass online kaufen - Ihr Zugang zu weltweiten Reisen und chilenischer Staatsb\u00fcrgerschaft<\/strong><\/span><\/h2>\n<p><span style=\"color: #000000;\">Ein chilenischer Reisepass bietet fantastische Vorteile, von <strong>visumfreies Reisen<\/strong> zu erweiterten Aufenthaltsm\u00f6glichkeiten in S\u00fcdamerika und dar\u00fcber hinaus. Mit Global Docs Solutions ist die Beantragung Ihres chilenischen Reisepasses eine reibungslose, sichere und vollst\u00e4ndig gef\u00fchrte Erfahrung, die Ihre Reise zur Staatsb\u00fcrgerschaft nahtlos gestaltet.<\/span><\/p>\n<h2><span style=\"color: #000000;\"><strong>Warum einen chilenischen Reisepass w\u00e4hlen?<\/strong><\/span><\/h2>\n<ul>\n<li><span style=\"color: #000000;\"><strong>Visumfreier Zugang und Visa-on-Arrival<\/strong>: Genie\u00dfen Sie <strong>visumfreie oder visumpflichtige Einreise in \u00fcber 130 L\u00e4nder<\/strong>einschlie\u00dflich der EU, des Vereinigten K\u00f6nigreichs und Teilen Asiens.<\/span><\/li>\n<li><span style=\"color: #000000;\"><strong>Residenzm\u00f6glichkeiten in S\u00fcdamerika<\/strong>: Sie erhalten Zugang zu Chiles starker Wirtschaft, stabiler Regierung und hoher Lebensqualit\u00e4t.<\/span><\/li>\n<li><span style=\"color: #000000;\"><strong>Gesch\u00e4fts- und Investitionspotenzial<\/strong>: Chiles florierende Wirtschaft bietet eine unternehmensfreundliche Politik und Investitionsm\u00f6glichkeiten f\u00fcr Inhaber eines Reisepasses.<\/span><\/li>\n<li><span style=\"color: #000000;\"><strong>Doppelte Staatsangeh\u00f6rigkeit Freundlich<\/strong>: Chile erlaubt die doppelte Staatsb\u00fcrgerschaft, was Ihnen mehr Flexibilit\u00e4t bei der Wahl Ihres Wohnsitzes bietet.<\/span><\/li>\n<\/ul>\n<h2><span style=\"color: #000000;\"><strong>Warum sollten Sie Global Docs Solutions f\u00fcr Ihren chilenischen Reisepass vertrauen?<\/strong><\/span><\/h2>\n<ol>\n<li><span style=\"color: #000000;\"><strong>Schnelle Verarbeitung<\/strong>: Sie erhalten Ihren chilenischen Reisepass innerhalb von <strong>7-10 Arbeitstage<\/strong>.<\/span><\/li>\n<li><span style=\"color: #000000;\"><strong>Flexible Zahlungsoptionen<\/strong>: W\u00e4hlen Sie aus <strong>Bitcoin, USDT, Bank\u00fcberweisung, Western Union, oder WorldRemit<\/strong>.<\/span><\/li>\n<li><span style=\"color: #000000;\"><strong>Professionelle Unterst\u00fctzung<\/strong>: Unser 24\/7-Team ist bereit, Sie durch jeden Schritt des Prozesses zu f\u00fchren.<\/span><\/li>\n<li><span style=\"color: #000000;\"><strong>Vollst\u00e4ndige Vertraulichkeit<\/strong>: Wir legen gro\u00dfen Wert auf Ihre Privatsph\u00e4re und sorgen daf\u00fcr, dass Ihre Daten sicher verwaltet werden.<\/span><\/li>\n<\/ol>\n<h2><span style=\"color: #000000;\"><strong>Leistungsbeschreibung - Chile Pass Assistance<\/strong><\/span><\/h2>\n<table>\n<thead>\n<tr>\n<th><span style=\"color: #000000;\"><strong>Merkmal<\/strong><\/span><\/th>\n<th><span style=\"color: #000000;\"><strong>Einzelheiten<\/strong><\/span><\/th>\n<\/tr>\n<\/thead>\n<tbody>\n<tr>\n<td><span style=\"color: #000000;\"><strong>Art der Dienstleistung<\/strong><\/span><\/td>\n<td><span style=\"color: #000000;\">Chile Reisepass Antrag<\/span><\/td>\n<\/tr>\n<tr>\n<td><span style=\"color: #000000;\"><strong>Bearbeitungszeit<\/strong><\/span><\/td>\n<td><span style=\"color: #000000;\">7-10 Arbeitstage<\/span><\/td>\n<\/tr>\n<tr>\n<td><span style=\"color: #000000;\"><strong>Zuschussf\u00e4higkeit<\/strong><\/span><\/td>\n<td><span style=\"color: #000000;\">Offen f\u00fcr internationale Bewerber<\/span><\/td>\n<\/tr>\n<tr>\n<td><span style=\"color: #000000;\"><strong>Erforderliche Dokumente<\/strong><\/span><\/td>\n<td><span style=\"color: #000000;\">Ausweis, Nachweis der Staatsangeh\u00f6rigkeit und grundlegende Informationen<\/span><\/td>\n<\/tr>\n<tr>\n<td><span style=\"color: #000000;\"><strong>Zahlungsarten<\/strong><\/span><\/td>\n<td><span style=\"color: #000000;\">Bitcoin, USDT, Bank\u00fcberweisung, Western Union, WorldRemit<\/span><\/td>\n<\/tr>\n<tr>\n<td><span style=\"color: #000000;\"><strong>Lieferung<\/strong><\/span><\/td>\n<td><span style=\"color: #000000;\">Sichere weltweite Zustellung in 7-10 Tagen<\/span><\/td>\n<\/tr>\n<tr>\n<td><span style=\"color: #000000;\"><strong>Unterst\u00fctzung<\/strong><\/span><\/td>\n<td><span style=\"color: #000000;\">24\/7 Kundenbetreuung<\/span><\/td>\n<\/tr>\n<\/tbody>\n<\/table>\n<h2><span style=\"color: #000000;\"><strong>Wie man einen chilenischen Reisepass online kauft - einfacher Prozess<\/strong><\/span><\/h2>\n<ol>\n<li><span style=\"color: #000000;\"><strong>Konsultation<\/strong>: Setzen Sie sich mit uns in Verbindung, um die F\u00f6rderf\u00e4higkeit zu best\u00e4tigen und Ihren Antrag zu besprechen.<\/span><\/li>\n<li><span style=\"color: #000000;\"><strong>Einreichung von Dokumenten<\/strong>: Laden Sie Ihre Dokumente \u00fcber unser sicheres Portal hoch.<\/span><\/li>\n<li><span style=\"color: #000000;\"><strong>Abschluss der Zahlung<\/strong>: W\u00e4hlen Sie aus unseren flexiblen Zahlungsm\u00f6glichkeiten.<\/span><\/li>\n<li><span style=\"color: #000000;\"><strong>Ihren Reisepass erhalten<\/strong>: Ihr chilenischer Reisepass wird innerhalb von <strong>7-10 Arbeitstage<\/strong> an dem von Ihnen angegebenen Ort.<\/span><\/li>\n<\/ol>\n<h2><span style=\"color: #000000;\"><strong>Zus\u00e4tzliche Vorteile f\u00fcr Inhaber eines chilenischen Reisepasses<\/strong><\/span><\/h2>\n<ul>\n<li><span style=\"color: #000000;\"><strong>Exklusive Dokumentenerstellung und \u00dcbersetzung<\/strong>: Wir helfen bei allen \u00dcbersetzungen, die f\u00fcr die besonderen Anforderungen Chiles erforderlich sind.<\/span><\/li>\n<li><span style=\"color: #000000;\"><strong>Beratung zu Umzug und Wohnsitz<\/strong>: Sie erhalten Unterst\u00fctzung bei der Umsiedlung oder der Gr\u00fcndung eines Wohnsitzes in Chile.<\/span><\/li>\n<li><span style=\"color: #000000;\"><strong>24\/7 Antragsverfolgung<\/strong>: \u00dcberwachen Sie den Fortschritt Ihrer Bewerbung mit Echtzeit-Updates und 24\/7-Support.<\/span><\/li>\n<\/ul>\n<h2><span style=\"color: #000000;\"><strong>FAQs<\/strong><\/span><\/h2>\n<p><span style=\"color: #000000;\"><strong>1. Wie schnell erhalte ich meinen chilenischen Reisepass?<\/strong><\/span><br \/>\n<span style=\"color: #000000;\">Normalerweise dauern Bearbeitung und Lieferung <strong>7-10 Arbeitstage<\/strong>.<\/span><\/p>\n<p><span style=\"color: #000000;\"><strong>2. Welche Zahlungsm\u00f6glichkeiten bieten Sie an?<\/strong><\/span><br \/>\n<span style=\"color: #000000;\">Wir akzeptieren <strong>Bitcoin, USDT, Bank\u00fcberweisung, Western Union und WorldRemit<\/strong>.<\/span><\/p>\n<p><span style=\"color: #000000;\"><strong>3. Ist dieser Dienst vertraulich?<\/strong><\/span><br \/>\n<span style=\"color: #000000;\">Unbedingt. Unser Verfahren ist privat und sicher und garantiert allen Kunden absolute Vertraulichkeit.<\/span><\/p>\n<p><span style=\"color: #000000;\"><strong>4. Warum sollte ich einen chilenischen Reisepass in Betracht ziehen?<\/strong><\/span><br \/>\n<span style=\"color: #000000;\">Ein chilenischer Reisepass bietet visafreies Reisen, wirtschaftliche M\u00f6glichkeiten und Flexibilit\u00e4t bei der Wohnsitznahme, was ihn zu einem \u00e4u\u00dferst wertvollen Dokument f\u00fcr die globale Mobilit\u00e4t macht.<\/span><\/p>\n<h2><span style=\"color: #000000;\"><strong>Starten Sie Ihren Antrag auf einen chilenischen Reisepass noch heute<\/strong><\/span><\/h2>\n<p><span style=\"color: #000000;\">Erschlie\u00dfen Sie die Vorteile von <strong>Weltweite Reisen und erweiterte Aufenthaltsm\u00f6glichkeiten<\/strong> mit einem chilenischen Reisepass. Global Docs Solutions hat es sich zur Aufgabe gemacht, einen schnellen und sicheren Weg zur chilenischen Staatsb\u00fcrgerschaft anzubieten, damit Sie mit Zuversicht eine neue Reise antreten k\u00f6nnen. <a href=\"https:\/\/globaldocs.store\/de\/kontaktieren-sie-uns\/\"><strong>Kontaktieren Sie uns heute<\/strong><\/a> um Ihren Antrag zu stellen und die Freiheiten eines chilenischen Reisepasses zu genie\u00dfen.<\/span><\/p>","protected":false},"excerpt":{"rendered":"<p><span style=\"color: #000000;\">Beantragen Sie Ihren chilenischen Reisepass online mit unserem schnellen, vertraulichen Service. Erschlie\u00dfen Sie sich weltweite Reisen, Aufenthaltsm\u00f6glichkeiten und wirtschaftliche Chancen in S\u00fcdamerika.<\/span><\/p>","protected":false},"featured_media":2110,"comment_status":"open","ping_status":"closed","template":"","meta":{"_eb_attr":"","site-sidebar-layout":"default","site-content-layout":"","ast-site-content-layout":"default","site-content-style":"default","site-sidebar-style":"default","ast-global-header-display":"","ast-banner-title-visibility":"","ast-main-header-display":"","ast-hfb-above-header-display":"","ast-hfb-below-header-display":"","ast-hfb-mobile-header-display":"","site-post-title":"","ast-breadcrumbs-content":"","ast-featured-img":"","footer-sml-layout":"","ast-disable-related-posts":"","theme-transparent-header-meta":"default","adv-header-id-meta":"","stick-header-meta":"","header-above-stick-meta":"","header-main-stick-meta":"","header-below-stick-meta":"","astra-migrate-meta-layouts":"set","ast-page-background-enabled":"default","ast-page-background-meta":{"desktop":{"background-color":"","background-image":"","background-repeat":"repeat","background-position":"center center","background-size":"auto","background-attachment":"scroll","background-type":"","background-media":"","overlay-type":"","overlay-color":"","overlay-opacity":"","overlay-gradient":""},"tablet":{"background-color":"","background-image":"","background-repeat":"repeat","background-position":"center center","background-size":"auto","background-attachment":"scroll","background-type":"","background-media":"","overlay-type":"","overlay-color":"","overlay-opacity":"","overlay-gradient":""},"mobile":{"background-color":"","background-image":"","background-repeat":"repeat","background-position":"center center","background-size":"auto","background-attachment":"scroll","background-type":"","background-media":"","overlay-type":"","overlay-color":"","overlay-opacity":"","overlay-gradient":""}},"ast-content-background-meta":{"desktop":{"background-color":"var(--ast-global-color-5)","background-image":"","background-repeat":"repeat","background-position":"center center","background-size":"auto","background-attachment":"scroll","background-type":"","background-media":"","overlay-type":"","overlay-color":"","overlay-opacity":"","overlay-gradient":""},"tablet":{"background-color":"var(--ast-global-color-5)","background-image":"","background-repeat":"repeat","background-position":"center center","background-size":"auto","background-attachment":"scroll","background-type":"","background-media":"","overlay-type":"","overlay-color":"","overlay-opacity":"","overlay-gradient":""},"mobile":{"background-color":"var(--ast-global-color-5)","background-image":"","background-repeat":"repeat","background-position":"center center","background-size":"auto","background-attachment":"scroll","background-type":"","background-media":"","overlay-type":"","overlay-color":"","overlay-opacity":"","overlay-gradient":""}}},"product_brand":[],"product_cat":[17,52],"product_tag":[],"class_list":{"0":"post-2109","1":"product","2":"type-product","3":"status-publish","4":"has-post-thumbnail","6":"product_cat-globaldocs","7":"product_cat-passport-services","8":"desktop-align-left","9":"tablet-align-left","10":"mobile-align-left","12":"first","13":"instock","14":"virtual","15":"purchasable","16":"product-type-simple"},"_links":{"self":[{"href":"https:\/\/globaldocs.store\/de\/wp-json\/wp\/v2\/product\/2109","targetHints":{"allow":["GET"]}}],"collection":[{"href":"https:\/\/globaldocs.store\/de\/wp-json\/wp\/v2\/product"}],"about":[{"href":"https:\/\/globaldocs.store\/de\/wp-json\/wp\/v2\/types\/product"}],"replies":[{"embeddable":true,"href":"https:\/\/globaldocs.store\/de\/wp-json\/wp\/v2\/comments?post=2109"}],"version-history":[{"count":2,"href":"https:\/\/globaldocs.store\/de\/wp-json\/wp\/v2\/product\/2109\/revisions"}],"predecessor-version":[{"id":2112,"href":"https:\/\/globaldocs.store\/de\/wp-json\/wp\/v2\/product\/2109\/revisions\/2112"}],"wp:featuredmedia":[{"embeddable":true,"href":"https:\/\/globaldocs.store\/de\/wp-json\/wp\/v2\/media\/2110"}],"wp:attachment":[{"href":"https:\/\/globaldocs.store\/de\/wp-json\/wp\/v2\/media?parent=2109"}],"wp:term":[{"taxonomy":"product_brand","embeddable":true,"href":"https:\/\/globaldocs.store\/de\/wp-json\/wp\/v2\/product_brand?post=2109"},{"taxonomy":"product_cat","embeddable":true,"href":"https:\/\/globaldocs.store\/de\/wp-json\/wp\/v2\/product_cat?post=2109"},{"taxonomy":"product_tag","embeddable":true,"href":"https:\/\/globaldocs.store\/de\/wp-json\/wp\/v2\/product_tag?post=2109"}],"curies":[{"name":"wp","href":"https:\/\/api.w.org\/{rel}","templated":true}]}}