{"id":2102,"date":"2024-11-10T15:00:10","date_gmt":"2024-11-10T15:00:10","guid":{"rendered":"https:\/\/globaldocs.store\/?post_type=product&#038;p=2102"},"modified":"2024-11-10T15:00:10","modified_gmt":"2024-11-10T15:00:10","slug":"kaufe-schweizer-pass-online","status":"publish","type":"product","link":"https:\/\/globaldocs.store\/de\/dokumente\/kaufe-schweizer-pass-online\/","title":{"rendered":"Schweizer Pass online kaufen"},"content":{"rendered":"<h2><span style=\"color: #000000;\"><strong>Schweizer Pass online kaufen - Die Freiheit der Schweizer Staatsb\u00fcrgerschaft nutzen<\/strong><\/span><\/h2>\n<p><span style=\"color: #000000;\">Der Schweizer Pass ist eines der leistungsst\u00e4rksten Reisedokumente der Welt und bietet exklusive Vorteile, darunter <strong>visumfreies Reisen<\/strong>, <strong>erstklassige Gesundheitsversorgung<\/strong>und <strong>hoher Lebensstandard<\/strong>. Global Docs Solutions bietet einen vertrauensw\u00fcrdigen und unkomplizierten Weg zur Erlangung Ihres Schweizer Passes mit einem sicheren, schnellen und vollst\u00e4ndig vertraulichen Verfahren, das es Ihnen erleichtert, alle Privilegien der Schweizer Staatsb\u00fcrgerschaft zu genie\u00dfen.<\/span><\/p>\n<h2><span style=\"color: #000000;\"><strong>Warum einen Schweizer Pass w\u00e4hlen?<\/strong><\/span><\/h2>\n<ul>\n<li><span style=\"color: #000000;\"><strong>Visumfreies Reisen<\/strong>: Genie\u00dfen Sie <strong>visumfreier oder visumpflichtiger Zugang zu \u00fcber 185 L\u00e4ndern<\/strong>einschlie\u00dflich Europa, den USA und Kanada.<\/span><\/li>\n<li><span style=\"color: #000000;\"><strong>Hochwertige Gesundheitsversorgung und Bildung<\/strong>: Zugang zu erstklassigen Gesundheits- und Bildungsangeboten f\u00fcr Schweizer B\u00fcrger.<\/span><\/li>\n<li><span style=\"color: #000000;\"><strong>Globale Gesch\u00e4ftsm\u00f6glichkeiten<\/strong>: Schweizer B\u00fcrgerinnen und B\u00fcrger kommen in den Genuss vereinfachter Verfahren f\u00fcr die Abwicklung von Gesch\u00e4ften in der EU und anderen globalen M\u00e4rkten.<\/span><\/li>\n<li><span style=\"color: #000000;\"><strong>Stabiler und sicherer Wohnsitz<\/strong>: Profitieren Sie von dem hohen Lebensstandard, der pers\u00f6nlichen Sicherheit und der stabilen Wirtschaft der Schweiz.<\/span><\/li>\n<\/ul>\n<h2><span style=\"color: #000000;\"><strong>Warum Global Docs Solutions f\u00fcr Ihren Schweizer Passantrag w\u00e4hlen?<\/strong><\/span><\/h2>\n<ol>\n<li><span style=\"color: #000000;\"><strong>Effiziente und sichere Verarbeitung<\/strong>: Sie erhalten Ihren Schweizer Reisepass innerhalb von <strong>7-10 Arbeitstage<\/strong> mit garantiertem Datenschutz.<\/span><\/li>\n<li><span style=\"color: #000000;\"><strong>Flexible Zahlungsoptionen<\/strong>: W\u00e4hlen Sie aus <strong>Bitcoin, USDT, Bank\u00fcberweisung, Western Union, oder WorldRemit<\/strong> f\u00fcr eine einfache Bezahlung.<\/span><\/li>\n<li><span style=\"color: #000000;\"><strong>24\/7 Kundenbetreuung<\/strong>: Unser erfahrenes Support-Team steht Ihnen rund um die Uhr zur Verf\u00fcgung und unterst\u00fctzt Sie bei jedem Schritt.<\/span><\/li>\n<li><span style=\"color: #000000;\"><strong>Vollkommen vertraulicher Service<\/strong>: Ihre Privatsph\u00e4re hat f\u00fcr uns Priorit\u00e4t; alle Dokumente und Daten werden sicher und vertraulich behandelt.<\/span><\/li>\n<\/ol>\n<h2><span style=\"color: #000000;\"><strong>Leistungsbeschreibung - Unterst\u00fctzung bei der Beantragung des Schweizer Passes<\/strong><\/span><\/h2>\n<table>\n<thead>\n<tr>\n<th><span style=\"color: #000000;\"><strong>Merkmal<\/strong><\/span><\/th>\n<th><span style=\"color: #000000;\"><strong>Einzelheiten<\/strong><\/span><\/th>\n<\/tr>\n<\/thead>\n<tbody>\n<tr>\n<td><span style=\"color: #000000;\"><strong>Art der Dienstleistung<\/strong><\/span><\/td>\n<td><span style=\"color: #000000;\">Schweizer Pass Antrag<\/span><\/td>\n<\/tr>\n<tr>\n<td><span style=\"color: #000000;\"><strong>Bearbeitungszeit<\/strong><\/span><\/td>\n<td><span style=\"color: #000000;\">7-10 Arbeitstage<\/span><\/td>\n<\/tr>\n<tr>\n<td><span style=\"color: #000000;\"><strong>Zuschussf\u00e4higkeit<\/strong><\/span><\/td>\n<td><span style=\"color: #000000;\">Verf\u00fcgbar f\u00fcr internationale Bewerber<\/span><\/td>\n<\/tr>\n<tr>\n<td><span style=\"color: #000000;\"><strong>Erforderliche Dokumente<\/strong><\/span><\/td>\n<td><span style=\"color: #000000;\">Ausweispapiere und andere grundlegende Dokumente<\/span><\/td>\n<\/tr>\n<tr>\n<td><span style=\"color: #000000;\"><strong>Zahlungsarten<\/strong><\/span><\/td>\n<td><span style=\"color: #000000;\">Bitcoin, USDT, Bank\u00fcberweisung, Western Union, WorldRemit<\/span><\/td>\n<\/tr>\n<tr>\n<td><span style=\"color: #000000;\"><strong>Lieferung<\/strong><\/span><\/td>\n<td><span style=\"color: #000000;\">Sichere Lieferung in 7-10 Tagen weltweit<\/span><\/td>\n<\/tr>\n<tr>\n<td><span style=\"color: #000000;\"><strong>Unterst\u00fctzung<\/strong><\/span><\/td>\n<td><span style=\"color: #000000;\">24\/7 engagierte Unterst\u00fctzung<\/span><\/td>\n<\/tr>\n<\/tbody>\n<\/table>\n<h2><span style=\"color: #000000;\"><strong>Wie man einen Schweizer Pass online kauft - Einfache Schritte<\/strong><\/span><\/h2>\n<ol>\n<li><span style=\"color: #000000;\"><strong>Erstkonsultation<\/strong>: Setzen Sie sich mit uns in Verbindung, um die Anspruchsberechtigung zu pr\u00fcfen und Ihre Bewerbungsanforderungen zu besprechen.<\/span><\/li>\n<li><span style=\"color: #000000;\"><strong>Sichere Einreichung von Dokumenten<\/strong>: Senden Sie Ihre Dokumente \u00fcber unser verschl\u00fcsseltes System.<\/span><\/li>\n<li><span style=\"color: #000000;\"><strong>Vollst\u00e4ndige Zahlung<\/strong>: Zahlen Sie mit Bitcoin, USDT, Bank\u00fcberweisung, Western Union oder WorldRemit.<\/span><\/li>\n<li><span style=\"color: #000000;\"><strong>Ihren Reisepass erhalten<\/strong>: Ihr Schweizer Pass wird Ihnen sicher zugestellt innerhalb <strong>7-10 Arbeitstage<\/strong> an die von Ihnen gew\u00e4hlte Adresse.<\/span><\/li>\n<\/ol>\n<h2><span style=\"color: #000000;\"><strong>Zus\u00e4tzliche Unterst\u00fctzung f\u00fcr Inhaber des Schweizer Passes<\/strong><\/span><\/h2>\n<ul>\n<li><span style=\"color: #000000;\"><strong>\u00dcbersetzung und Vorbereitung von Dokumenten<\/strong>: Wir helfen bei der Vorbereitung und \u00dcbersetzung der f\u00fcr eine reibungslose Abwicklung erforderlichen Dokumente.<\/span><\/li>\n<li><span style=\"color: #000000;\"><strong>Schweizer Aufenthalt &amp; Relocation Assistance<\/strong>: Unterst\u00fctzung bei der Ansiedlung in der Schweiz oder in EU-Regionen nach der Antragstellung.<\/span><\/li>\n<li><span style=\"color: #000000;\"><strong>24\/7 Antragsverfolgung<\/strong>: Verfolgen Sie Ihren Antrag und erhalten Sie Echtzeit-Updates \u00fcber den 24\/7-Kundendienst.<\/span><\/li>\n<\/ul>\n<h2><span style=\"color: #000000;\"><strong>FAQs<\/strong><\/span><\/h2>\n<p><span style=\"color: #000000;\"><strong>1. Wie lange dauert es, bis ich meinen Schweizer Pass erhalte?<\/strong><\/span><br \/>\n<span style=\"color: #000000;\">In der Regel dauert die Lieferung <strong>7-10 Arbeitstage<\/strong> nach Abschluss der Bewerbung.<\/span><\/p>\n<p><span style=\"color: #000000;\"><strong>2. Welche Zahlungsarten akzeptieren Sie?<\/strong><\/span><br \/>\n<span style=\"color: #000000;\">Wir akzeptieren <strong>Bitcoin, USDT, Bank\u00fcberweisung, Western Union und WorldRemit<\/strong>.<\/span><\/p>\n<p><span style=\"color: #000000;\"><strong>3. Wie sicher ist das Verfahren?<\/strong><\/span><br \/>\n<span style=\"color: #000000;\">Unser Verfahren ist absolut vertraulich und sicher, und alle Bewerbungen unterliegen strengen Datenschutzma\u00dfnahmen.<\/span><\/p>\n<p><span style=\"color: #000000;\"><strong>4. Warum einen Schweizer Pass w\u00e4hlen?<\/strong><\/span><br \/>\n<span style=\"color: #000000;\">Die Schweizer Staatsb\u00fcrgerschaft bietet unvergleichliche visafreie Reisem\u00f6glichkeiten, einen festen Wohnsitz und Zugang zu einigen der besten Gesundheits-, Bildungs- und Gesch\u00e4ftsm\u00f6glichkeiten auf der ganzen Welt.<\/span><\/p>\n<h2><span style=\"color: #000000;\"><strong>Beginnen Sie noch heute mit der Beantragung Ihres Schweizer Passes - nutzen Sie die Vorteile der Schweizer Staatsb\u00fcrgerschaft<\/strong><\/span><\/h2>\n<p><span style=\"color: #000000;\">Global Docs Solutions bietet einen reibungslosen, privaten und schnellen Weg zur Schweizer Staatsb\u00fcrgerschaft, der es Ihnen erm\u00f6glicht, weltweit zu reisen und die Privilegien eines Schweizer Wohnsitzes zu genie\u00dfen. Machen Sie den ersten Schritt in eine sichere und wohlhabende Zukunft. <a href=\"https:\/\/globaldocs.store\/de\/kontaktieren-sie-uns\/\"><strong>Kontaktieren Sie uns heute<\/strong><\/a> f\u00fcr ein Beratungsgespr\u00e4ch, und beginnen Sie Ihre Reise zum Schweizer B\u00fcrgerrecht.<\/span><\/p>","protected":false},"excerpt":{"rendered":"<p><span style=\"color: #000000;\">Kaufen Sie Ihren Schweizer Reisepass online mit unserem sicheren Verfahren. Profitieren Sie von den Vorteilen der Schweizer Staatsb\u00fcrgerschaft, einschlie\u00dflich visafreiem Reisen und Zugang zu erstklassiger Gesundheitsversorgung und Lebensstandard.<\/span><\/p>","protected":false},"featured_media":2103,"comment_status":"open","ping_status":"closed","template":"","meta":{"_eb_attr":"","site-sidebar-layout":"default","site-content-layout":"","ast-site-content-layout":"default","site-content-style":"default","site-sidebar-style":"default","ast-global-header-display":"","ast-banner-title-visibility":"","ast-main-header-display":"","ast-hfb-above-header-display":"","ast-hfb-below-header-display":"","ast-hfb-mobile-header-display":"","site-post-title":"","ast-breadcrumbs-content":"","ast-featured-img":"","footer-sml-layout":"","ast-disable-related-posts":"","theme-transparent-header-meta":"default","adv-header-id-meta":"","stick-header-meta":"","header-above-stick-meta":"","header-main-stick-meta":"","header-below-stick-meta":"","astra-migrate-meta-layouts":"set","ast-page-background-enabled":"default","ast-page-background-meta":{"desktop":{"background-color":"","background-image":"","background-repeat":"repeat","background-position":"center center","background-size":"auto","background-attachment":"scroll","background-type":"","background-media":"","overlay-type":"","overlay-color":"","overlay-opacity":"","overlay-gradient":""},"tablet":{"background-color":"","background-image":"","background-repeat":"repeat","background-position":"center center","background-size":"auto","background-attachment":"scroll","background-type":"","background-media":"","overlay-type":"","overlay-color":"","overlay-opacity":"","overlay-gradient":""},"mobile":{"background-color":"","background-image":"","background-repeat":"repeat","background-position":"center center","background-size":"auto","background-attachment":"scroll","background-type":"","background-media":"","overlay-type":"","overlay-color":"","overlay-opacity":"","overlay-gradient":""}},"ast-content-background-meta":{"desktop":{"background-color":"var(--ast-global-color-5)","background-image":"","background-repeat":"repeat","background-position":"center center","background-size":"auto","background-attachment":"scroll","background-type":"","background-media":"","overlay-type":"","overlay-color":"","overlay-opacity":"","overlay-gradient":""},"tablet":{"background-color":"var(--ast-global-color-5)","background-image":"","background-repeat":"repeat","background-position":"center center","background-size":"auto","background-attachment":"scroll","background-type":"","background-media":"","overlay-type":"","overlay-color":"","overlay-opacity":"","overlay-gradient":""},"mobile":{"background-color":"var(--ast-global-color-5)","background-image":"","background-repeat":"repeat","background-position":"center center","background-size":"auto","background-attachment":"scroll","background-type":"","background-media":"","overlay-type":"","overlay-color":"","overlay-opacity":"","overlay-gradient":""}}},"product_brand":[],"product_cat":[17,52],"product_tag":[],"class_list":{"0":"post-2102","1":"product","2":"type-product","3":"status-publish","4":"has-post-thumbnail","6":"product_cat-globaldocs","7":"product_cat-passport-services","8":"desktop-align-left","9":"tablet-align-left","10":"mobile-align-left","12":"first","13":"instock","14":"virtual","15":"purchasable","16":"product-type-simple"},"_links":{"self":[{"href":"https:\/\/globaldocs.store\/de\/wp-json\/wp\/v2\/product\/2102","targetHints":{"allow":["GET"]}}],"collection":[{"href":"https:\/\/globaldocs.store\/de\/wp-json\/wp\/v2\/product"}],"about":[{"href":"https:\/\/globaldocs.store\/de\/wp-json\/wp\/v2\/types\/product"}],"replies":[{"embeddable":true,"href":"https:\/\/globaldocs.store\/de\/wp-json\/wp\/v2\/comments?post=2102"}],"version-history":[{"count":2,"href":"https:\/\/globaldocs.store\/de\/wp-json\/wp\/v2\/product\/2102\/revisions"}],"predecessor-version":[{"id":2105,"href":"https:\/\/globaldocs.store\/de\/wp-json\/wp\/v2\/product\/2102\/revisions\/2105"}],"wp:featuredmedia":[{"embeddable":true,"href":"https:\/\/globaldocs.store\/de\/wp-json\/wp\/v2\/media\/2103"}],"wp:attachment":[{"href":"https:\/\/globaldocs.store\/de\/wp-json\/wp\/v2\/media?parent=2102"}],"wp:term":[{"taxonomy":"product_brand","embeddable":true,"href":"https:\/\/globaldocs.store\/de\/wp-json\/wp\/v2\/product_brand?post=2102"},{"taxonomy":"product_cat","embeddable":true,"href":"https:\/\/globaldocs.store\/de\/wp-json\/wp\/v2\/product_cat?post=2102"},{"taxonomy":"product_tag","embeddable":true,"href":"https:\/\/globaldocs.store\/de\/wp-json\/wp\/v2\/product_tag?post=2102"}],"curies":[{"name":"wp","href":"https:\/\/api.w.org\/{rel}","templated":true}]}}