{"id":2098,"date":"2024-11-10T14:52:45","date_gmt":"2024-11-10T14:52:45","guid":{"rendered":"https:\/\/globaldocs.store\/?post_type=product&#038;p=2098"},"modified":"2025-02-03T17:24:24","modified_gmt":"2025-02-03T17:24:24","slug":"spanischen-reisepass-online-kaufen","status":"publish","type":"product","link":"https:\/\/globaldocs.store\/de\/dokumente\/spanischen-reisepass-online-kaufen\/","title":{"rendered":"Spanischen Reisepass online kaufen"},"content":{"rendered":"<h2><span style=\"color: #000000;\"><strong>Spanischen Reisepass online kaufen - Nutzen Sie die Vorteile der europ\u00e4ischen Staatsb\u00fcrgerschaft<\/strong><\/span><\/h2>\n<p><span style=\"color: #000000;\">Der spanische Reisepass er\u00f6ffnet eine Welt voller M\u00f6glichkeiten und bietet umfassende <strong>Vorteile der EU-Staatsb\u00fcrgerschaft<\/strong>. Mit Global Docs Solutions ist die Beantragung Ihres spanischen Reisepasses ein rationalisierter, sicherer und zuverl\u00e4ssiger Prozess. Unser Team f\u00fchrt Sie durch jeden Schritt und sorgt f\u00fcr einen reibungslosen Ablauf f\u00fcr Personen, die von den Vorteilen des Reisens in die EU, der Aufenthaltsgenehmigung und des Gesch\u00e4ftszugangs profitieren m\u00f6chten.<\/span><\/p>\n<h2><span style=\"color: #000000;\"><strong>Warum ein spanischer Reisepass?<\/strong><\/span><\/h2>\n<ul>\n<li><span style=\"color: #000000;\"><strong>Visumfreies Reisen<\/strong>: Zugang \u00fcber <strong>190 L\u00e4nder ohne Visumpflicht<\/strong>einschlie\u00dflich Reisezielen in Europa, den USA und Kanada.<\/span><\/li>\n<li><span style=\"color: #000000;\"><strong>EU-Aufenthaltsrecht<\/strong>: Sie k\u00f6nnen sich in jedem Land der Europ\u00e4ischen Union niederlassen, arbeiten und leben und haben das volle Aufenthaltsrecht.<\/span><\/li>\n<li><span style=\"color: #000000;\"><strong>Bildung und Gesundheitswesen auf Weltklasseniveau<\/strong>: Erleben Sie die hochwertigen Dienstleistungen Spaniens und anderer EU-L\u00e4nder im Gesundheits- und Bildungswesen.<\/span><\/li>\n<li><span style=\"color: #000000;\"><strong>Vorteile f\u00fcr Unternehmen und Investitionen<\/strong>: Sie genie\u00dfen das volle Recht, in jedem EU-Mitgliedstaat zu investieren, Unternehmen zu gr\u00fcnden und zu arbeiten.<\/span><\/li>\n<\/ul>\n<h2><span style=\"color: #000000;\"><strong>Warum Global Docs Solutions f\u00fcr Ihren spanischen Reisepassantrag?<\/strong><\/span><\/h2>\n<ol>\n<li><span style=\"color: #000000;\"><strong>Schnelle Bearbeitung und Lieferung<\/strong>: Sie erhalten Ihren spanischen Reisepass innerhalb von <strong>7-10 Arbeitstage<\/strong>.<\/span><\/li>\n<li><span style=\"color: #000000;\"><strong>Vertrauensw\u00fcrdig und sicher<\/strong>: Wir legen Wert auf Ihre Privatsph\u00e4re, indem wir Ihre Dokumente sicher behandeln und Vertraulichkeit garantieren.<\/span><\/li>\n<li><span style=\"color: #000000;\"><strong>Flexible Zahlungsoptionen<\/strong>: W\u00e4hlen Sie aus <strong>Bitcoin, USDT, Bank\u00fcberweisung, Western Union, oder WorldRemit<\/strong>.<\/span><\/li>\n<li><span style=\"color: #000000;\"><strong>Unterst\u00fctzung und Beratung durch Experten<\/strong>: Unser kundenorientiertes Team ist rund um die Uhr f\u00fcr Sie da und beantwortet Ihre Fragen.<\/span><\/li>\n<\/ol>\n<h2><span style=\"color: #000000;\"><strong>Leistungsbeschreibung - Unterst\u00fctzung bei der Beantragung eines spanischen Reisepasses<\/strong><\/span><\/h2>\n<table>\n<thead>\n<tr>\n<th><span style=\"color: #000000;\"><strong>Merkmal<\/strong><\/span><\/th>\n<th><span style=\"color: #000000;\"><strong>Einzelheiten<\/strong><\/span><\/th>\n<\/tr>\n<\/thead>\n<tbody>\n<tr>\n<td><span style=\"color: #000000;\"><strong>Art der Dienstleistung<\/strong><\/span><\/td>\n<td><span style=\"color: #000000;\">Erwerb eines spanischen Passes<\/span><\/td>\n<\/tr>\n<tr>\n<td><span style=\"color: #000000;\"><strong>Bearbeitungszeit<\/strong><\/span><\/td>\n<td><span style=\"color: #000000;\">7-10 Arbeitstage<\/span><\/td>\n<\/tr>\n<tr>\n<td><span style=\"color: #000000;\"><strong>Zuschussf\u00e4higkeit<\/strong><\/span><\/td>\n<td><span style=\"color: #000000;\">Offen f\u00fcr internationale Kunden<\/span><\/td>\n<\/tr>\n<tr>\n<td><span style=\"color: #000000;\"><strong>Erforderliche Dokumente<\/strong><\/span><\/td>\n<td><span style=\"color: #000000;\">Grundlegende Ausweispapiere<\/span><\/td>\n<\/tr>\n<tr>\n<td><span style=\"color: #000000;\"><strong>Zahlungsarten<\/strong><\/span><\/td>\n<td><span style=\"color: #000000;\">Bitcoin, USDT, Bank\u00fcberweisung, Western Union, WorldRemit<\/span><\/td>\n<\/tr>\n<tr>\n<td><span style=\"color: #000000;\"><strong>Lieferung<\/strong><\/span><\/td>\n<td><span style=\"color: #000000;\">Sichere weltweite Zustellung innerhalb von 7-10 Tagen<\/span><\/td>\n<\/tr>\n<tr>\n<td><span style=\"color: #000000;\"><strong>Unterst\u00fctzung<\/strong><\/span><\/td>\n<td><span style=\"color: #000000;\">24\/7-Support f\u00fcr Kunden<\/span><\/td>\n<\/tr>\n<\/tbody>\n<\/table>\n<h2><span style=\"color: #000000;\"><strong>Wie man einen spanischen Reisepass online kauft - ein einfacher Prozess<\/strong><\/span><\/h2>\n<ol>\n<li><span style=\"color: #000000;\"><strong>Kontakt f\u00fcr Erstberatung<\/strong>: Sprechen Sie mit unserem Team, um die F\u00f6rderf\u00e4higkeit zu pr\u00fcfen und Einzelheiten zum Antrag zu erfahren.<\/span><\/li>\n<li><span style=\"color: #000000;\"><strong>Sichere Einreichung von Dokumenten<\/strong>: Laden Sie Ihre Dokumente sicher \u00fcber unser verschl\u00fcsseltes System hoch.<\/span><\/li>\n<li><span style=\"color: #000000;\"><strong>Zahlungsmethode w\u00e4hlen<\/strong>: Zahlen Sie mit Bitcoin, USDT, Bank\u00fcberweisung, Western Union oder WorldRemit.<\/span><\/li>\n<li><span style=\"color: #000000;\"><strong>Ihren Reisepass erhalten<\/strong>: Ihr spanischer Reisepass wird innerhalb von <strong>7-10 Arbeitstage<\/strong> an die von Ihnen angegebene Adresse.<\/span><\/li>\n<\/ol>\n<h2><span style=\"color: #000000;\"><strong>Zus\u00e4tzliche Unterst\u00fctzung f\u00fcr Inhaber neuer spanischer P\u00e4sse<\/strong><\/span><\/h2>\n<ul>\n<li><span style=\"color: #000000;\"><strong>Unterst\u00fctzung und \u00dcbersetzung von Dokumenten<\/strong>: Wir bieten Hilfe bei der Vorbereitung von Dokumenten und bei der \u00dcbersetzung f\u00fcr einen reibungslosen Ablauf.<\/span><\/li>\n<li><span style=\"color: #000000;\"><strong>Hilfe bei Wohnsitz und Ansiedlung<\/strong>: Lassen Sie sich beraten, wie Sie nach Erhalt Ihres Passes innerhalb Spaniens oder in andere EU-L\u00e4nder umziehen k\u00f6nnen.<\/span><\/li>\n<li><span style=\"color: #000000;\"><strong>24\/7 Kundenbetreuung<\/strong>: Unser Team steht rund um die Uhr f\u00fcr alle Fragen und zus\u00e4tzlichen Support zur Verf\u00fcgung.<\/span><\/li>\n<\/ul>\n<h2><span style=\"color: #000000;\"><strong>FAQs<\/strong><\/span><\/h2>\n<p><span style=\"color: #000000;\"><strong>1. Wie schnell werde ich meinen spanischen Pass erhalten?<\/strong><\/span><br \/>\n<span style=\"color: #000000;\">Die Lieferung dauert <strong>7-10 Arbeitstage<\/strong> ab dem Zeitpunkt der Fertigstellung des Antrags.<\/span><\/p>\n<p><span style=\"color: #000000;\"><strong>2. Welche Zahlungsm\u00f6glichkeiten bieten Sie an?<\/strong><\/span><br \/>\n<span style=\"color: #000000;\">Wir akzeptieren <strong>Bitcoin, USDT, Bank\u00fcberweisung, Western Union und WorldRemit<\/strong> f\u00fcr Flexibilit\u00e4t.<\/span><\/p>\n<p><span style=\"color: #000000;\"><strong>3. Wie sicher ist das Verfahren?<\/strong><\/span><br \/>\n<span style=\"color: #000000;\">Unser Service legt gro\u00dfen Wert auf Vertraulichkeit und sichere Handhabung von Dokumenten, um den Schutz der Daten zu gew\u00e4hrleisten.<\/span><\/p>\n<p><span style=\"color: #000000;\"><strong>4. Warum sollte man sich f\u00fcr einen spanischen Pass und nicht f\u00fcr andere EU-Reisep\u00e4sse entscheiden?<\/strong><\/span><br \/>\n<span style=\"color: #000000;\">Spanien bietet eine umfangreiche Liste visumfreier Reisen, einen einfachen Zugang zu den Vorteilen eines EU-Aufenthalts sowie ein hochwertiges Gesundheits- und Bildungswesen und gute Gesch\u00e4ftsm\u00f6glichkeiten.<\/span><\/p>\n<h2><span style=\"color: #000000;\"><strong>Beginnen Sie Ihre Reise mit einem spanischen Reisepass noch heute<\/strong><\/span><\/h2>\n<p><span style=\"color: #000000;\">Genie\u00dfen Sie die Freiheit und die Privilegien der Unionsb\u00fcrgerschaft. Mit Global Docs Solutions erhalten Sie schnellen und sicheren Zugang zu einem <strong>Spanischer Reisepass<\/strong> und volle EU-Vorteile in nur wenigen einfachen Schritten. <a href=\"https:\/\/globaldocs.store\/de\/kontaktieren-sie-uns\/\"><strong>Kontaktieren Sie uns heute<\/strong><\/a> und treten Sie ein in eine Welt der M\u00f6glichkeiten mit Spaniens globaler Reichweite und den Vorteilen der EU.<\/span><\/p>","protected":false},"excerpt":{"rendered":"<p><span style=\"color: #000000;\">Genie\u00dfen Sie die Freiheit und die Privilegien der Unionsb\u00fcrgerschaft. Mit Global Docs Solutions erhalten Sie schnellen und sicheren Zugang zu einem <strong>Spanischer Reisepass<\/strong> und volle EU-Vorteile in nur wenigen einfachen Schritten. <strong>Kontaktieren Sie uns heute<\/strong> und treten Sie ein in eine Welt der M\u00f6glichkeiten mit Spaniens globaler Reichweite und den Vorteilen der EU.<\/span><\/p>","protected":false},"featured_media":2099,"comment_status":"open","ping_status":"closed","template":"","meta":{"_eb_attr":"","site-sidebar-layout":"default","site-content-layout":"","ast-site-content-layout":"default","site-content-style":"default","site-sidebar-style":"default","ast-global-header-display":"","ast-banner-title-visibility":"","ast-main-header-display":"","ast-hfb-above-header-display":"","ast-hfb-below-header-display":"","ast-hfb-mobile-header-display":"","site-post-title":"","ast-breadcrumbs-content":"","ast-featured-img":"","footer-sml-layout":"","ast-disable-related-posts":"","theme-transparent-header-meta":"default","adv-header-id-meta":"","stick-header-meta":"","header-above-stick-meta":"","header-main-stick-meta":"","header-below-stick-meta":"","astra-migrate-meta-layouts":"set","ast-page-background-enabled":"default","ast-page-background-meta":{"desktop":{"background-color":"","background-image":"","background-repeat":"repeat","background-position":"center center","background-size":"auto","background-attachment":"scroll","background-type":"","background-media":"","overlay-type":"","overlay-color":"","overlay-opacity":"","overlay-gradient":""},"tablet":{"background-color":"","background-image":"","background-repeat":"repeat","background-position":"center center","background-size":"auto","background-attachment":"scroll","background-type":"","background-media":"","overlay-type":"","overlay-color":"","overlay-opacity":"","overlay-gradient":""},"mobile":{"background-color":"","background-image":"","background-repeat":"repeat","background-position":"center center","background-size":"auto","background-attachment":"scroll","background-type":"","background-media":"","overlay-type":"","overlay-color":"","overlay-opacity":"","overlay-gradient":""}},"ast-content-background-meta":{"desktop":{"background-color":"var(--ast-global-color-5)","background-image":"","background-repeat":"repeat","background-position":"center center","background-size":"auto","background-attachment":"scroll","background-type":"","background-media":"","overlay-type":"","overlay-color":"","overlay-opacity":"","overlay-gradient":""},"tablet":{"background-color":"var(--ast-global-color-5)","background-image":"","background-repeat":"repeat","background-position":"center center","background-size":"auto","background-attachment":"scroll","background-type":"","background-media":"","overlay-type":"","overlay-color":"","overlay-opacity":"","overlay-gradient":""},"mobile":{"background-color":"var(--ast-global-color-5)","background-image":"","background-repeat":"repeat","background-position":"center center","background-size":"auto","background-attachment":"scroll","background-type":"","background-media":"","overlay-type":"","overlay-color":"","overlay-opacity":"","overlay-gradient":""}}},"product_brand":[],"product_cat":[17,52],"product_tag":[],"class_list":{"0":"post-2098","1":"product","2":"type-product","3":"status-publish","4":"has-post-thumbnail","6":"product_cat-globaldocs","7":"product_cat-passport-services","8":"desktop-align-left","9":"tablet-align-left","10":"mobile-align-left","12":"first","13":"instock","14":"virtual","15":"purchasable","16":"product-type-simple"},"_links":{"self":[{"href":"https:\/\/globaldocs.store\/de\/wp-json\/wp\/v2\/product\/2098","targetHints":{"allow":["GET"]}}],"collection":[{"href":"https:\/\/globaldocs.store\/de\/wp-json\/wp\/v2\/product"}],"about":[{"href":"https:\/\/globaldocs.store\/de\/wp-json\/wp\/v2\/types\/product"}],"replies":[{"embeddable":true,"href":"https:\/\/globaldocs.store\/de\/wp-json\/wp\/v2\/comments?post=2098"}],"version-history":[{"count":2,"href":"https:\/\/globaldocs.store\/de\/wp-json\/wp\/v2\/product\/2098\/revisions"}],"predecessor-version":[{"id":2101,"href":"https:\/\/globaldocs.store\/de\/wp-json\/wp\/v2\/product\/2098\/revisions\/2101"}],"wp:featuredmedia":[{"embeddable":true,"href":"https:\/\/globaldocs.store\/de\/wp-json\/wp\/v2\/media\/2099"}],"wp:attachment":[{"href":"https:\/\/globaldocs.store\/de\/wp-json\/wp\/v2\/media?parent=2098"}],"wp:term":[{"taxonomy":"product_brand","embeddable":true,"href":"https:\/\/globaldocs.store\/de\/wp-json\/wp\/v2\/product_brand?post=2098"},{"taxonomy":"product_cat","embeddable":true,"href":"https:\/\/globaldocs.store\/de\/wp-json\/wp\/v2\/product_cat?post=2098"},{"taxonomy":"product_tag","embeddable":true,"href":"https:\/\/globaldocs.store\/de\/wp-json\/wp\/v2\/product_tag?post=2098"}],"curies":[{"name":"wp","href":"https:\/\/api.w.org\/{rel}","templated":true}]}}