{"id":2095,"date":"2024-11-10T11:59:55","date_gmt":"2024-11-10T11:59:55","guid":{"rendered":"https:\/\/globaldocs.store\/?post_type=product&#038;p=2095"},"modified":"2024-11-10T11:59:56","modified_gmt":"2024-11-10T11:59:56","slug":"kaufe-slowakischen-pass-online","status":"publish","type":"product","link":"https:\/\/globaldocs.store\/de\/dokumente\/kaufe-slowakischen-pass-online\/","title":{"rendered":"Slowakischen Reisepass online kaufen"},"content":{"rendered":"<h2><span style=\"color: #000000;\"><strong>Slowakischen Reisepass online kaufen - m\u00fcheloser Zugang zur europ\u00e4ischen Staatsb\u00fcrgerschaft<\/strong><\/span><\/h2>\n<p><span style=\"color: #000000;\">Ein slowakischer Reisepass \u00f6ffnet die T\u00fcren zur Europ\u00e4ischen Union und bietet <strong>visumfreies Reisen<\/strong>, <strong>Arbeitsrechte<\/strong>und <strong>Wohnsitz in der EU<\/strong>. Wir von Global Docs Solutions sind darauf spezialisiert, unseren Kunden dabei zu helfen, ihren slowakischen Pass schnell und sicher zu erhalten, und bieten eine umfassende Beratung w\u00e4hrend des gesamten Prozesses. Unser vertrauensw\u00fcrdiges Team verwaltet Ihren Antrag mit Professionalit\u00e4t und Datenschutz und macht es Ihnen leicht, die Vorteile der EU-Staatsb\u00fcrgerschaft 2024\/25 zu nutzen.<\/span><\/p>\n<h2><span style=\"color: #000000;\"><strong>Vorteile eines slowakischen Passes<\/strong><\/span><\/h2>\n<ul>\n<li><span style=\"color: #000000;\"><strong>Visumfreies Reisen<\/strong>: Erkunden Sie <strong>185+ L\u00e4nder<\/strong> weltweit, einschlie\u00dflich des Schengen-Raums, der USA, Kanadas und des Vereinigten K\u00f6nigreichs, ohne zus\u00e4tzliche Visumspflicht.<\/span><\/li>\n<li><span style=\"color: #000000;\"><strong>EU-Aufenthaltsrecht &amp; Arbeitsrecht<\/strong>: Mit einem slowakischen Reisepass haben Sie das Recht, in jedem EU-Land zu leben, zu arbeiten und zu studieren.<\/span><\/li>\n<li><span style=\"color: #000000;\"><strong>Zugang zu hochwertigen Dienstleistungen<\/strong>: Nutzen Sie die Vorteile der Gesundheits-, Bildungs- und Sozialdienste der EU.<\/span><\/li>\n<li><span style=\"color: #000000;\"><strong>Gesch\u00e4fts- und Investitionsm\u00f6glichkeiten<\/strong>: Sichern Sie sich m\u00fchelos Gesch\u00e4ftsrechte in allen EU-L\u00e4ndern.<\/span><\/li>\n<\/ul>\n<h2><span style=\"color: #000000;\"><strong>Warum Global Docs Solutions f\u00fcr Ihren Antrag auf einen slowakischen Reisepass w\u00e4hlen?<\/strong><\/span><\/h2>\n<ol>\n<li><span style=\"color: #000000;\"><strong>Schnelle und zuverl\u00e4ssige Verarbeitung<\/strong>: Holen Sie sich Ihren slowakischen Reisepass innerhalb von <strong>7-10 Arbeitstage<\/strong>.<\/span><\/li>\n<li><span style=\"color: #000000;\"><strong>Sicher und privat<\/strong>: Wir behandeln alle Bewerbungen vertraulich und sorgen daf\u00fcr, dass Ihre Daten gesch\u00fctzt sind.<\/span><\/li>\n<li><span style=\"color: #000000;\"><strong>Mehrere Zahlungsoptionen<\/strong>: Bezahlen \u00fcber <strong>Bitcoin, USDT, Bank\u00fcberweisung, Western Union<\/strong>, oder <strong>WorldRemit<\/strong> f\u00fcr Ihre Bequemlichkeit.<\/span><\/li>\n<li><span style=\"color: #000000;\"><strong>Kundenzentrierte Unterst\u00fctzung<\/strong>: Unser Team steht Ihnen rund um die Uhr zur Seite und macht jeden Schritt Ihrer Bewerbung klar und einfach.<\/span><\/li>\n<\/ol>\n<h2><span style=\"color: #000000;\"><strong>Leistungsbeschreibung - Unterst\u00fctzung bei der Beantragung eines slowakischen Reisepasses<\/strong><\/span><\/h2>\n<table>\n<thead>\n<tr>\n<th><span style=\"color: #000000;\"><strong>Merkmal<\/strong><\/span><\/th>\n<th><span style=\"color: #000000;\"><strong>Einzelheiten<\/strong><\/span><\/th>\n<\/tr>\n<\/thead>\n<tbody>\n<tr>\n<td><span style=\"color: #000000;\"><strong>Art der Dienstleistung<\/strong><\/span><\/td>\n<td><span style=\"color: #000000;\">Erwerb eines slowakischen Passes<\/span><\/td>\n<\/tr>\n<tr>\n<td><span style=\"color: #000000;\"><strong>Bearbeitungszeit<\/strong><\/span><\/td>\n<td><span style=\"color: #000000;\">7-10 Arbeitstage<\/span><\/td>\n<\/tr>\n<tr>\n<td><span style=\"color: #000000;\"><strong>Zuschussf\u00e4higkeit<\/strong><\/span><\/td>\n<td><span style=\"color: #000000;\">Offen f\u00fcr internationale Bewerber<\/span><\/td>\n<\/tr>\n<tr>\n<td><span style=\"color: #000000;\"><strong>Erforderliche Dokumente<\/strong><\/span><\/td>\n<td><span style=\"color: #000000;\">Grundlegende Identifikation und alle notwendigen Dokumente<\/span><\/td>\n<\/tr>\n<tr>\n<td><span style=\"color: #000000;\"><strong>Zahlungsarten<\/strong><\/span><\/td>\n<td><span style=\"color: #000000;\">Bitcoin, USDT, Bank\u00fcberweisung, Western Union, WorldRemit<\/span><\/td>\n<\/tr>\n<tr>\n<td><span style=\"color: #000000;\"><strong>Lieferung<\/strong><\/span><\/td>\n<td><span style=\"color: #000000;\">Sichere, weltweite Zustellung in 7-10 Tagen<\/span><\/td>\n<\/tr>\n<tr>\n<td><span style=\"color: #000000;\"><strong>Unterst\u00fctzung<\/strong><\/span><\/td>\n<td><span style=\"color: #000000;\">24\/7-Support per E-Mail, Telefon und Live-Chat<\/span><\/td>\n<\/tr>\n<\/tbody>\n<\/table>\n<h2><span style=\"color: #000000;\"><strong>Wie man einen slowakischen Reisepass online kauft - einfache Schritte<\/strong><\/span><\/h2>\n<ol>\n<li><span style=\"color: #000000;\"><strong>Kontaktieren Sie uns f\u00fcr eine Beratung<\/strong>: Setzen Sie sich mit uns in Verbindung, um die Anspruchsberechtigung zu besprechen und Ihre Fragen zu beantworten.<\/span><\/li>\n<li><span style=\"color: #000000;\"><strong>Sicheres Einreichen von Dokumenten<\/strong>: Senden Sie Ihre Dokumente \u00fcber unsere verschl\u00fcsselte Plattform.<\/span><\/li>\n<li><span style=\"color: #000000;\"><strong>Vollst\u00e4ndige Zahlung<\/strong>: W\u00e4hlen Sie zwischen Bitcoin, USDT, Bank\u00fcberweisung, Western Union oder WorldRemit f\u00fcr nahtlose Zahlungen.<\/span><\/li>\n<li><span style=\"color: #000000;\"><strong>Zustellung des Reisepasses<\/strong>: Ihr Reisepass wird innerhalb von <strong>7-10 Arbeitstage<\/strong>sicher an die von Ihnen gew\u00fcnschte Adresse.<\/span><\/li>\n<\/ol>\n<h2><span style=\"color: #000000;\"><strong>Zus\u00e4tzliche Unterst\u00fctzung f\u00fcr Inhaber eines slowakischen Reisepasses<\/strong><\/span><\/h2>\n<ul>\n<li><span style=\"color: #000000;\"><strong>Vorbereitung und \u00dcbersetzung von Dokumenten<\/strong>: Unser Team unterst\u00fctzt Sie bei der Vorbereitung und \u00dcbersetzung von Dokumenten, falls erforderlich.<\/span><\/li>\n<li><span style=\"color: #000000;\"><strong>Unterst\u00fctzung f\u00fcr den Aufenthalt<\/strong>: Nachdem Sie Ihren Reisepass erhalten haben, lassen Sie sich bei der Niederlassung in der Slowakei oder einem anderen EU-Land beraten.<\/span><\/li>\n<li><span style=\"color: #000000;\"><strong>24\/7 Bewerbungshilfe<\/strong>: Unser Team steht Ihnen von Anfang bis Ende zur Verf\u00fcgung, um Fragen zu beantworten und Sie zu unterst\u00fctzen.<\/span><\/li>\n<\/ul>\n<h2><span style=\"color: #000000;\"><strong>FAQs<\/strong><\/span><\/h2>\n<p><span style=\"color: #000000;\"><strong>1. Wie lange dauert es, bis ich meinen slowakischen Reisepass erhalte?<\/strong><\/span><br \/>\n<span style=\"color: #000000;\">Die Lieferung dauert <strong>7-10 Arbeitstage<\/strong> ab dem Zeitpunkt der Fertigstellung Ihrer Bewerbung.<\/span><\/p>\n<p><span style=\"color: #000000;\"><strong>2. Welche Zahlungsmittel werden akzeptiert?<\/strong><\/span><br \/>\n<span style=\"color: #000000;\">Wir akzeptieren <strong>Bitcoin, USDT, Bank\u00fcberweisung, Western Union<\/strong>und <strong>WorldRemit<\/strong>.<\/span><\/p>\n<p><span style=\"color: #000000;\"><strong>3. Sind meine Informationen sicher?<\/strong><\/span><br \/>\n<span style=\"color: #000000;\">Ja, wir legen gro\u00dfen Wert auf strenge Vertraulichkeit und gew\u00e4hrleisten, dass Ihre Daten vollst\u00e4ndig gesch\u00fctzt sind.<\/span><\/p>\n<p><span style=\"color: #000000;\"><strong>4. Welche Vorteile bringt ein slowakischer Pass?<\/strong><\/span><br \/>\n<span style=\"color: #000000;\">Ein slowakischer Reisepass bietet <strong>visumfreier Zugang zu \u00fcber 185 L\u00e4ndern<\/strong>Sie haben das Recht, sich in der gesamten EU aufzuhalten, zu arbeiten, zu studieren und EU-Dienstleistungen ungehindert in Anspruch zu nehmen.<\/span><\/p>\n<h2><span style=\"color: #000000;\"><strong>Beginnen Sie noch heute mit der Beantragung Ihres slowakischen Reisepasses - Erleben Sie die Vorteile der EU-Staatsb\u00fcrgerschaft<\/strong><\/span><\/h2>\n<p><span style=\"color: #000000;\">Mit Global Docs Solutions k\u00f6nnen Sie Ihren slowakischen Reisepass einfach, sicher und schnell beantragen. Machen Sie den ersten Schritt in Richtung <strong>Europ\u00e4ische Freiheit und Chancen<\/strong> heute. <a href=\"https:\/\/globaldocs.store\/de\/kontaktieren-sie-uns\/\"><strong>Kontaktieren Sie uns jetzt<\/strong><\/a> um vertrauensvolle Unterst\u00fctzung zu erhalten und den Schritt zur EU-B\u00fcrgerschaft mit Zuversicht zu gehen.<\/span><\/p>","protected":false},"excerpt":{"rendered":"<p>Global Docs Solutions ist die Beantragung Ihres slowakischen Reisepasses einfach, sicher und schnell. Machen Sie den ersten Schritt in Richtung <strong>Europ\u00e4ische Freiheit und Chancen<\/strong> heute. <strong>Kontaktieren Sie uns jetzt<\/strong> um vertrauensvolle Unterst\u00fctzung zu erhalten und den Schritt zur EU-B\u00fcrgerschaft mit Zuversicht zu gehen.<\/p>","protected":false},"featured_media":2096,"comment_status":"open","ping_status":"closed","template":"","meta":{"_eb_attr":"","site-sidebar-layout":"default","site-content-layout":"","ast-site-content-layout":"default","site-content-style":"default","site-sidebar-style":"default","ast-global-header-display":"","ast-banner-title-visibility":"","ast-main-header-display":"","ast-hfb-above-header-display":"","ast-hfb-below-header-display":"","ast-hfb-mobile-header-display":"","site-post-title":"","ast-breadcrumbs-content":"","ast-featured-img":"","footer-sml-layout":"","ast-disable-related-posts":"","theme-transparent-header-meta":"default","adv-header-id-meta":"","stick-header-meta":"","header-above-stick-meta":"","header-main-stick-meta":"","header-below-stick-meta":"","astra-migrate-meta-layouts":"set","ast-page-background-enabled":"default","ast-page-background-meta":{"desktop":{"background-color":"","background-image":"","background-repeat":"repeat","background-position":"center center","background-size":"auto","background-attachment":"scroll","background-type":"","background-media":"","overlay-type":"","overlay-color":"","overlay-opacity":"","overlay-gradient":""},"tablet":{"background-color":"","background-image":"","background-repeat":"repeat","background-position":"center center","background-size":"auto","background-attachment":"scroll","background-type":"","background-media":"","overlay-type":"","overlay-color":"","overlay-opacity":"","overlay-gradient":""},"mobile":{"background-color":"","background-image":"","background-repeat":"repeat","background-position":"center center","background-size":"auto","background-attachment":"scroll","background-type":"","background-media":"","overlay-type":"","overlay-color":"","overlay-opacity":"","overlay-gradient":""}},"ast-content-background-meta":{"desktop":{"background-color":"var(--ast-global-color-5)","background-image":"","background-repeat":"repeat","background-position":"center center","background-size":"auto","background-attachment":"scroll","background-type":"","background-media":"","overlay-type":"","overlay-color":"","overlay-opacity":"","overlay-gradient":""},"tablet":{"background-color":"var(--ast-global-color-5)","background-image":"","background-repeat":"repeat","background-position":"center center","background-size":"auto","background-attachment":"scroll","background-type":"","background-media":"","overlay-type":"","overlay-color":"","overlay-opacity":"","overlay-gradient":""},"mobile":{"background-color":"var(--ast-global-color-5)","background-image":"","background-repeat":"repeat","background-position":"center center","background-size":"auto","background-attachment":"scroll","background-type":"","background-media":"","overlay-type":"","overlay-color":"","overlay-opacity":"","overlay-gradient":""}}},"product_brand":[],"product_cat":[17,52],"product_tag":[],"class_list":{"0":"post-2095","1":"product","2":"type-product","3":"status-publish","4":"has-post-thumbnail","6":"product_cat-globaldocs","7":"product_cat-passport-services","8":"desktop-align-left","9":"tablet-align-left","10":"mobile-align-left","12":"first","13":"instock","14":"virtual","15":"purchasable","16":"product-type-simple"},"_links":{"self":[{"href":"https:\/\/globaldocs.store\/de\/wp-json\/wp\/v2\/product\/2095","targetHints":{"allow":["GET"]}}],"collection":[{"href":"https:\/\/globaldocs.store\/de\/wp-json\/wp\/v2\/product"}],"about":[{"href":"https:\/\/globaldocs.store\/de\/wp-json\/wp\/v2\/types\/product"}],"replies":[{"embeddable":true,"href":"https:\/\/globaldocs.store\/de\/wp-json\/wp\/v2\/comments?post=2095"}],"version-history":[{"count":1,"href":"https:\/\/globaldocs.store\/de\/wp-json\/wp\/v2\/product\/2095\/revisions"}],"predecessor-version":[{"id":2097,"href":"https:\/\/globaldocs.store\/de\/wp-json\/wp\/v2\/product\/2095\/revisions\/2097"}],"wp:featuredmedia":[{"embeddable":true,"href":"https:\/\/globaldocs.store\/de\/wp-json\/wp\/v2\/media\/2096"}],"wp:attachment":[{"href":"https:\/\/globaldocs.store\/de\/wp-json\/wp\/v2\/media?parent=2095"}],"wp:term":[{"taxonomy":"product_brand","embeddable":true,"href":"https:\/\/globaldocs.store\/de\/wp-json\/wp\/v2\/product_brand?post=2095"},{"taxonomy":"product_cat","embeddable":true,"href":"https:\/\/globaldocs.store\/de\/wp-json\/wp\/v2\/product_cat?post=2095"},{"taxonomy":"product_tag","embeddable":true,"href":"https:\/\/globaldocs.store\/de\/wp-json\/wp\/v2\/product_tag?post=2095"}],"curies":[{"name":"wp","href":"https:\/\/api.w.org\/{rel}","templated":true}]}}