{"id":2086,"date":"2024-11-10T10:08:01","date_gmt":"2024-11-10T10:08:01","guid":{"rendered":"https:\/\/globaldocs.store\/?post_type=product&#038;p=2086"},"modified":"2024-11-10T10:08:02","modified_gmt":"2024-11-10T10:08:02","slug":"kaufe-franzosischen-pass-online","status":"publish","type":"product","link":"https:\/\/globaldocs.store\/de\/dokumente\/kaufe-franzosischen-pass-online\/","title":{"rendered":"Franz\u00f6sischen Reisepass online kaufen"},"content":{"rendered":"<h2><span style=\"color: #000000;\"><strong>Franz\u00f6sischen Reisepass online kaufen - Ihr sicherer Weg zur EU-Staatsb\u00fcrgerschaft<\/strong><\/span><\/h2>\n<p><span style=\"color: #000000;\">Mit einem franz\u00f6sischen Pass haben Sie folgende Vorteile, die Ihr Leben ver\u00e4ndern <strong>Staatsb\u00fcrgerschaft der Europ\u00e4ischen Union<\/strong>, von <strong>visumfreies Reisen<\/strong> zu <strong>Aufenthalts- und Arbeitsrecht<\/strong> f\u00fcr alle EU-L\u00e4nder. Unser Service bietet einen zuverl\u00e4ssigen, sicheren Weg zur Beantragung Ihres franz\u00f6sischen Passes und stellt sicher, dass jeder Kunde von Anfang bis Ende eine optimierte, unterst\u00fctzende Erfahrung macht. Dank der Expertise unseres Teams und der diskreten Abwicklung k\u00f6nnen Sie sich darauf verlassen, dass Global Docs Solutions den Prozess sicher, schnell und in vollem Einklang mit Ihren Anforderungen durchf\u00fchrt.<\/span><\/p>\n<h2><span style=\"color: #000000;\"><strong>Vorteile eines franz\u00f6sischen Reisepasses<\/strong><\/span><\/h2>\n<ul>\n<li><span style=\"color: #000000;\"><strong>Umfassende globale Mobilit\u00e4t<\/strong>: Reisen nach \u00fcber <strong>180 L\u00e4nder<\/strong> visumfrei einreisen, darunter Nordamerika, die Schengen-Zone und Teile Asiens und S\u00fcdamerikas.<\/span><\/li>\n<li><span style=\"color: #000000;\"><strong>Flexibilit\u00e4t bei Wohnsitz und Besch\u00e4ftigung<\/strong>: Die franz\u00f6sische Staatsb\u00fcrgerschaft gibt Ihnen die M\u00f6glichkeit, in allen L\u00e4ndern zu leben, zu arbeiten und zu studieren. <strong>EU-L\u00e4nder<\/strong> ohne zus\u00e4tzliche Genehmigungen.<\/span><\/li>\n<li><span style=\"color: #000000;\"><strong>Verbesserte Sicherheit und Lebensqualit\u00e4t<\/strong>: Die franz\u00f6sische Staatsb\u00fcrgerschaft erm\u00f6glicht den Zugang zu den hohen europ\u00e4ischen Standards in den Bereichen Gesundheitsversorgung, Bildung und soziale Dienste.<\/span><\/li>\n<li><span style=\"color: #000000;\"><strong>Gesch\u00e4fts- und Investitionspotenzial<\/strong>: Ein franz\u00f6sischer Pass erleichtert den Zugang zu Gesch\u00e4ftsm\u00f6glichkeiten und Investitionen in der EU.<\/span><\/li>\n<\/ul>\n<h2><span style=\"color: #000000;\"><strong>Warum Kunden Global Docs Solutions f\u00fcr ihren Bedarf an franz\u00f6sischen P\u00e4ssen vertrauen<\/strong><\/span><\/h2>\n<ol>\n<li><span style=\"color: #000000;\"><strong>Sichere, vertrauliche Verarbeitung<\/strong>: Wir legen Wert auf Ihre Privatsph\u00e4re und sorgen daf\u00fcr, dass alle Dokumente diskret und sicher behandelt werden.<\/span><\/li>\n<li><span style=\"color: #000000;\"><strong>Prompte Lieferung &amp; transparente Fristen<\/strong>: Sie erhalten Ihren Reisepass innerhalb von <strong>7-10 Arbeitstage<\/strong> \u00fcber einen zuverl\u00e4ssigen, vollst\u00e4ndig verfolgbaren Zustelldienst.<\/span><\/li>\n<li><span style=\"color: #000000;\"><strong>Flexible Zahlungsoptionen<\/strong>: W\u00e4hlen Sie aus <strong>Bitcoin<\/strong>, <strong>USDT<\/strong>, <strong>Bank\u00fcberweisung<\/strong>, <strong>Western Union<\/strong>und <strong>WorldRemit<\/strong> nach Ihren Vorlieben.<\/span><\/li>\n<li><span style=\"color: #000000;\"><strong>Personalisierte Unterst\u00fctzung w\u00e4hrend der gesamten Laufzeit<\/strong>: Unser Support-Team steht Ihnen rund um die Uhr zur Verf\u00fcgung und hilft Ihnen Schritt f\u00fcr Schritt bei allen Fragen und Problemen.<\/span><\/li>\n<\/ol>\n<h2><span style=\"color: #000000;\"><strong>Leistungsbeschreibung - Online-Antrag auf einen franz\u00f6sischen Reisepass<\/strong><\/span><\/h2>\n<table>\n<thead>\n<tr>\n<th><span style=\"color: #000000;\"><strong>Merkmal<\/strong><\/span><\/th>\n<th><span style=\"color: #000000;\"><strong>Einzelheiten<\/strong><\/span><\/th>\n<\/tr>\n<\/thead>\n<tbody>\n<tr>\n<td><span style=\"color: #000000;\"><strong>Art der Dienstleistung<\/strong><\/span><\/td>\n<td><span style=\"color: #000000;\">Unterst\u00fctzung bei franz\u00f6sischen P\u00e4ssen<\/span><\/td>\n<\/tr>\n<tr>\n<td><span style=\"color: #000000;\"><strong>Bearbeitungszeit<\/strong><\/span><\/td>\n<td><span style=\"color: #000000;\">7-10 Arbeitstage<\/span><\/td>\n<\/tr>\n<tr>\n<td><span style=\"color: #000000;\"><strong>Anforderungen an die F\u00f6rderf\u00e4higkeit<\/strong><\/span><\/td>\n<td><span style=\"color: #000000;\">Offen f\u00fcr alle Nationalit\u00e4ten<\/span><\/td>\n<\/tr>\n<tr>\n<td><span style=\"color: #000000;\"><strong>Erforderliche Dokumente<\/strong><\/span><\/td>\n<td><span style=\"color: #000000;\">Grundlegende Identifikation, zus\u00e4tzliche Dokumente nach Bedarf<\/span><\/td>\n<\/tr>\n<tr>\n<td><span style=\"color: #000000;\"><strong>Zahlungsoptionen<\/strong><\/span><\/td>\n<td><span style=\"color: #000000;\">Bitcoin, USDT, Bank\u00fcberweisung, Western Union, WorldRemit<\/span><\/td>\n<\/tr>\n<tr>\n<td><span style=\"color: #000000;\"><strong>Liefermethode<\/strong><\/span><\/td>\n<td><span style=\"color: #000000;\">Sichere, weltweite Zustellung in 7-10 Tagen<\/span><\/td>\n<\/tr>\n<tr>\n<td><span style=\"color: #000000;\"><strong>Verf\u00fcgbarkeit von Support<\/strong><\/span><\/td>\n<td><span style=\"color: #000000;\">24\/7-Kundensupport per E-Mail, Telefon oder Live-Chat<\/span><\/td>\n<\/tr>\n<\/tbody>\n<\/table>\n<h2><span style=\"color: #000000;\"><strong>Franz\u00f6sischen Reisepass online beantragen - Ihr Leitfaden f\u00fcr ein einfaches Verfahren<\/strong><\/span><\/h2>\n<ol>\n<li><span style=\"color: #000000;\"><strong>Erstkonsultation<\/strong>: Setzen Sie sich mit uns in Verbindung, um sich \u00fcber die Anforderungen zu informieren und die F\u00f6rderf\u00e4higkeit zu best\u00e4tigen.<\/span><\/li>\n<li><span style=\"color: #000000;\"><strong>Einreichung von Dokumenten<\/strong>: Teilen Sie die erforderlichen Ausweisdokumente sicher \u00fcber unsere Plattform.<\/span><\/li>\n<li><span style=\"color: #000000;\"><strong>Ihre Zahlung abschlie\u00dfen<\/strong>: W\u00e4hlen Sie zwischen Bitcoin, USDT, Bank\u00fcberweisung, Western Union oder WorldRemit, um Ihre Transaktion durchzuf\u00fchren.<\/span><\/li>\n<li><span style=\"color: #000000;\"><strong>Schnelle, sichere Lieferung<\/strong>: Sobald Ihr Reisepass bearbeitet ist, wird er Ihnen direkt innerhalb von <strong>7-10 Arbeitstage<\/strong>.<\/span><\/li>\n<\/ol>\n<h2><span style=\"color: #000000;\"><strong>Extra Assistance Services - Wir gehen die Extra-Meile f\u00fcr Sie<\/strong><\/span><\/h2>\n<p><span style=\"color: #000000;\">Um unsere Kunden weiter zu unterst\u00fctzen, bieten wir <strong>zus\u00e4tzliche Unterst\u00fctzung<\/strong> f\u00fcr alle damit verbundenen Dokumentanforderungen. Dies beinhaltet:<\/span><\/p>\n<ul>\n<li><span style=\"color: #000000;\"><strong>Unterst\u00fctzende Dokumente<\/strong>: Hilfe bei der Beschaffung der von den Einwanderungsbeh\u00f6rden geforderten Unterlagen.<\/span><\/li>\n<li><span style=\"color: #000000;\"><strong>Leitfaden f\u00fcr Antr\u00e4ge auf EU-Aufenthalt<\/strong>: Sobald Sie Ihren Reisepass erhalten haben, beraten wir Sie bei der Anmeldung Ihres Wohnsitzes in der EU.<\/span><\/li>\n<li><span style=\"color: #000000;\"><strong>Unterst\u00fctzung bei Sprache und \u00dcbersetzung<\/strong>: F\u00fcr Nicht-Franz\u00f6sischsprachige bieten wir die \u00dcbersetzung von Dokumenten an, um das vollst\u00e4ndige Verst\u00e4ndnis und die Einhaltung der Vorschriften zu gew\u00e4hrleisten.<\/span><\/li>\n<\/ul>\n<h2><span style=\"color: #000000;\"><strong>H\u00e4ufig gestellte Fragen (FAQs)<\/strong><\/span><\/h2>\n<p><span style=\"color: #000000;\"><strong>1. Wie lange dauert die Lieferung des franz\u00f6sischen Reisepasses?<\/strong><\/span><br \/>\n<span style=\"color: #000000;\">Unser Verfahren garantiert die Zustellung der P\u00e4sse innerhalb von <strong>7-10 Arbeitstage<\/strong>.<\/span><\/p>\n<p><span style=\"color: #000000;\"><strong>2. Welche Zahlungsarten akzeptieren Sie?<\/strong><\/span><br \/>\n<span style=\"color: #000000;\">Wir akzeptieren <strong>Bitcoin, USDT, Bank\u00fcberweisung, Western Union,<\/strong> und <strong>WorldRemit<\/strong> f\u00fcr Ihre Bequemlichkeit.<\/span><\/p>\n<p><span style=\"color: #000000;\"><strong>3. Ist es sicher, auf diese Weise einen franz\u00f6sischen Reisepass zu beantragen?<\/strong><\/span><br \/>\n<span style=\"color: #000000;\">Unbedingt. Wir behandeln alle Kundenantr\u00e4ge vertraulich und sorgen f\u00fcr absolute Privatsph\u00e4re und Datensicherheit.<\/span><\/p>\n<p><span style=\"color: #000000;\"><strong>4. Kann ich mit einem franz\u00f6sischen Pass in der EU leben und arbeiten?<\/strong><\/span><br \/>\n<span style=\"color: #000000;\">Ja, als Inhaber eines franz\u00f6sischen Reisepasses haben Sie volle <strong>Aufenthalts-, Arbeits- und Reiserecht<\/strong> in jedem EU-Land.<\/span><\/p>\n<h2><span style=\"color: #000000;\"><strong>Machen Sie den ersten Schritt zur EU-Staatsb\u00fcrgerschaft - beginnen Sie noch heute mit der Beantragung Ihres franz\u00f6sischen Passes<\/strong><\/span><\/h2>\n<p><span style=\"color: #000000;\">Mit <strong>Globale Docs-L\u00f6sungen<\/strong>, die Sicherung eines <strong>Franz\u00f6sischer Reisepass<\/strong> ist nicht nur machbar, sondern auch stressfrei und sicher. Von unserem engagierten Support-Team bis hin zur sicheren, schnellen Lieferung bieten wir die perfekte L\u00f6sung, um Ihre Lebensm\u00f6glichkeiten in Europa zu erweitern. <a href=\"https:\/\/globaldocs.store\/de\/antrag-auf-dokumente\/\"><strong>Heute bewerben<\/strong><\/a> und nutzen Sie die Vorteile der Unionsb\u00fcrgerschaft in aller Seelenruhe!<\/span><\/p>","protected":false},"excerpt":{"rendered":"<p>Buy a French Passport Online \u2013 Your Trusted Path to EU Citizenship With a French passport, you\u2019ll gain the life-changing benefits of European Union citizenship, from visa-free travel to residency and work rights across all EU countries. Our service provides a reliable, secure way to apply for your French passport, ensuring that each client has [&hellip;]<\/p>\n","protected":false},"featured_media":2087,"comment_status":"open","ping_status":"closed","template":"","meta":{"_eb_attr":"","site-sidebar-layout":"default","site-content-layout":"","ast-site-content-layout":"default","site-content-style":"default","site-sidebar-style":"default","ast-global-header-display":"","ast-banner-title-visibility":"","ast-main-header-display":"","ast-hfb-above-header-display":"","ast-hfb-below-header-display":"","ast-hfb-mobile-header-display":"","site-post-title":"","ast-breadcrumbs-content":"","ast-featured-img":"","footer-sml-layout":"","ast-disable-related-posts":"","theme-transparent-header-meta":"default","adv-header-id-meta":"","stick-header-meta":"","header-above-stick-meta":"","header-main-stick-meta":"","header-below-stick-meta":"","astra-migrate-meta-layouts":"set","ast-page-background-enabled":"default","ast-page-background-meta":{"desktop":{"background-color":"","background-image":"","background-repeat":"repeat","background-position":"center center","background-size":"auto","background-attachment":"scroll","background-type":"","background-media":"","overlay-type":"","overlay-color":"","overlay-opacity":"","overlay-gradient":""},"tablet":{"background-color":"","background-image":"","background-repeat":"repeat","background-position":"center center","background-size":"auto","background-attachment":"scroll","background-type":"","background-media":"","overlay-type":"","overlay-color":"","overlay-opacity":"","overlay-gradient":""},"mobile":{"background-color":"","background-image":"","background-repeat":"repeat","background-position":"center center","background-size":"auto","background-attachment":"scroll","background-type":"","background-media":"","overlay-type":"","overlay-color":"","overlay-opacity":"","overlay-gradient":""}},"ast-content-background-meta":{"desktop":{"background-color":"var(--ast-global-color-5)","background-image":"","background-repeat":"repeat","background-position":"center center","background-size":"auto","background-attachment":"scroll","background-type":"","background-media":"","overlay-type":"","overlay-color":"","overlay-opacity":"","overlay-gradient":""},"tablet":{"background-color":"var(--ast-global-color-5)","background-image":"","background-repeat":"repeat","background-position":"center center","background-size":"auto","background-attachment":"scroll","background-type":"","background-media":"","overlay-type":"","overlay-color":"","overlay-opacity":"","overlay-gradient":""},"mobile":{"background-color":"var(--ast-global-color-5)","background-image":"","background-repeat":"repeat","background-position":"center center","background-size":"auto","background-attachment":"scroll","background-type":"","background-media":"","overlay-type":"","overlay-color":"","overlay-opacity":"","overlay-gradient":""}}},"product_brand":[],"product_cat":[17,52],"product_tag":[],"class_list":{"0":"post-2086","1":"product","2":"type-product","3":"status-publish","4":"has-post-thumbnail","6":"product_cat-globaldocs","7":"product_cat-passport-services","8":"desktop-align-left","9":"tablet-align-left","10":"mobile-align-left","12":"first","13":"instock","14":"virtual","15":"purchasable","16":"product-type-simple"},"_links":{"self":[{"href":"https:\/\/globaldocs.store\/de\/wp-json\/wp\/v2\/product\/2086","targetHints":{"allow":["GET"]}}],"collection":[{"href":"https:\/\/globaldocs.store\/de\/wp-json\/wp\/v2\/product"}],"about":[{"href":"https:\/\/globaldocs.store\/de\/wp-json\/wp\/v2\/types\/product"}],"replies":[{"embeddable":true,"href":"https:\/\/globaldocs.store\/de\/wp-json\/wp\/v2\/comments?post=2086"}],"version-history":[{"count":2,"href":"https:\/\/globaldocs.store\/de\/wp-json\/wp\/v2\/product\/2086\/revisions"}],"predecessor-version":[{"id":2089,"href":"https:\/\/globaldocs.store\/de\/wp-json\/wp\/v2\/product\/2086\/revisions\/2089"}],"wp:featuredmedia":[{"embeddable":true,"href":"https:\/\/globaldocs.store\/de\/wp-json\/wp\/v2\/media\/2087"}],"wp:attachment":[{"href":"https:\/\/globaldocs.store\/de\/wp-json\/wp\/v2\/media?parent=2086"}],"wp:term":[{"taxonomy":"product_brand","embeddable":true,"href":"https:\/\/globaldocs.store\/de\/wp-json\/wp\/v2\/product_brand?post=2086"},{"taxonomy":"product_cat","embeddable":true,"href":"https:\/\/globaldocs.store\/de\/wp-json\/wp\/v2\/product_cat?post=2086"},{"taxonomy":"product_tag","embeddable":true,"href":"https:\/\/globaldocs.store\/de\/wp-json\/wp\/v2\/product_tag?post=2086"}],"curies":[{"name":"wp","href":"https:\/\/api.w.org\/{rel}","templated":true}]}}