{"id":1989,"date":"2024-10-15T16:24:43","date_gmt":"2024-10-15T16:24:43","guid":{"rendered":"https:\/\/globaldocs.store\/?post_type=product&#038;p=1989"},"modified":"2025-02-21T19:57:50","modified_gmt":"2025-02-21T19:57:50","slug":"kaufe-polnischen-pass-online","status":"publish","type":"product","link":"https:\/\/globaldocs.store\/de\/dokumente\/kaufe-polnischen-pass-online\/","title":{"rendered":"Polnischen Reisepass online kaufen"},"content":{"rendered":"<h2><strong>Polnischen Reisepass online kaufen - Ihr Tor zur EU-Staatsb\u00fcrgerschaft<\/strong><\/h2>\n<p>Sind Sie interessiert an einer <strong>polnische Staatsb\u00fcrgerschaft<\/strong>? Mit <strong>Globale Docs-L\u00f6sungen<\/strong>k\u00f6nnen Sie <strong>polnischen Reisepass online kaufen<\/strong> mit schnellem, zuverl\u00e4ssigem und sicherem Service. In nur <strong>7-10 Arbeitstage<\/strong>k\u00f6nnen Sie eine <strong>Polnischer Reisepass<\/strong>die Erschlie\u00dfung der Vorteile von <a href=\"https:\/\/globaldocs.store\/de\/dokumente\/zyprischer-pass-zu-verkaufen\/\"><strong>EU-B\u00fcrgerschaft<\/strong><\/a>. Polen ist Mitglied der <strong>Europ\u00e4ische Union<\/strong>und sein Reisepass gew\u00e4hrt Ihnen <strong>visumfreier Zugang<\/strong> zu <strong>187 L\u00e4nder<\/strong>einschlie\u00dflich aller <strong>Schengen-Staaten<\/strong>die <strong>Vereinigte Staaten<\/strong>und <strong>Kanada<\/strong>.<\/p>\n<p>Der Besitz einer <strong>Polnischer Reisepass<\/strong> bedeutet, Sie k\u00f6nnen <strong>frei leben, arbeiten und reisen<\/strong> in ganz Europa, die Ihnen bessere Karrierechancen, eine erstklassige Gesundheitsversorgung und Bildungsleistungen bieten. Unser Verfahren ist so konzipiert, dass der Erwerb eines <strong>Polnischer Reisepass<\/strong> schnell, unkompliziert und sicher.<\/p>\n<h2><strong>Warum einen polnischen Reisepass kaufen? - Vorteile der polnischen Staatsb\u00fcrgerschaft<\/strong><\/h2>\n<ul>\n<li><strong>Visumfreies Reisen<\/strong>: Reisen ohne Visum nach <strong>187 L\u00e4nder<\/strong>, einschlie\u00dflich der <strong>Schengen-Raum<\/strong>, <strong>USA<\/strong>und <strong>Kanada<\/strong>.<\/li>\n<li><strong>EU-Staatsb\u00fcrgerschaft<\/strong>: Als Inhaber eines polnischen Passes haben Sie das Recht, in jedem Land zu leben und zu arbeiten. <strong>EU-Mitgliedstaat<\/strong>und genie\u00dfen dabei volle Bewegungsfreiheit.<\/li>\n<li><strong>Gesch\u00e4ftsausweitung<\/strong>: Mit <strong>EU-B\u00fcrgerschaft<\/strong>k\u00f6nnen Sie Ihr Gesch\u00e4ft auf Polen und die gesamte Europ\u00e4ische Union ausdehnen und von einem gro\u00dfen Markt profitieren.<\/li>\n<li><strong>Hohe Lebensqualit\u00e4t<\/strong>: Zugang zu Polens St\u00e4rke <strong>Gesundheitswesen<\/strong>, <strong>Bildung<\/strong>und <strong>Sozialleistungen<\/strong>die zu den besten in Europa z\u00e4hlen.<\/li>\n<\/ul>\n<p>Unser Service garantiert Ihnen, dass Sie Ihre <strong>Polnischer Reisepass<\/strong> Das macht es zur perfekten L\u00f6sung f\u00fcr alle, die die EU-Staatsb\u00fcrgerschaft erwerben m\u00f6chten.<\/p>\n<h2><strong>Warum sollten Sie uns f\u00fcr Ihren Antrag auf einen polnischen Reisepass w\u00e4hlen?<\/strong><\/h2>\n<p>Unter <strong>Globale Docs-L\u00f6sungen<\/strong>Wir sind ein vertrauensw\u00fcrdiger Anbieter mit jahrelanger Erfahrung in der Beschaffung wichtiger Dokumente wie Reisep\u00e4sse. Hier erfahren Sie, warum wir die beste Wahl sind:<\/p>\n<ol>\n<li><strong>Schnelle Verarbeitung<\/strong>: Wir garantieren die Lieferung Ihrer <strong>Polnischer Reisepass<\/strong> in <strong>7-10 Arbeitstage<\/strong> oder weniger.<\/li>\n<li><strong>Mehrere Zahlungsarten<\/strong>: Sicheres Bezahlen mit <strong>Bitcoin<\/strong>, <strong>USDT<\/strong>, <strong>Bank\u00fcberweisung<\/strong>, <strong>Western Union<\/strong>, oder <strong>WorldRemit<\/strong>.<\/li>\n<li><strong>Sicher und vertraulich<\/strong>: Wir gew\u00e4hrleisten ein sicheres und vertrauliches Verfahren und sch\u00fctzen Ihre pers\u00f6nlichen Daten w\u00e4hrend des gesamten Prozesses.<\/li>\n<li><strong>Globale Zustellung<\/strong>: Ihr <strong>Polnischer Reisepass<\/strong> wird Ihnen sicher zugestellt, ganz gleich, wo auf der Welt Sie sich befinden.<\/li>\n<\/ol>\n<h2><strong>Leistungsbeschreibung - Beantragung eines polnischen Reisepasses<\/strong><\/h2>\n<table>\n<thead>\n<tr>\n<th><strong>Merkmal<\/strong><\/th>\n<th><strong>Einzelheiten<\/strong><\/th>\n<\/tr>\n<\/thead>\n<tbody>\n<tr>\n<td><strong>Art der Dienstleistung<\/strong><\/td>\n<td>Polnischen Reisepass kaufen Hilfe bei der Beantragung<\/td>\n<\/tr>\n<tr>\n<td><strong>Bearbeitungszeit<\/strong><\/td>\n<td>7-10 Arbeitstage<\/td>\n<\/tr>\n<tr>\n<td><strong>Zuschussf\u00e4higkeit<\/strong><\/td>\n<td>Offen f\u00fcr alle Nationalit\u00e4ten<\/td>\n<\/tr>\n<tr>\n<td><strong>Erforderliche Dokumente<\/strong><\/td>\n<td>Identit\u00e4tsnachweis, Finanzunterlagen<\/td>\n<\/tr>\n<tr>\n<td><strong>Zahlungsarten<\/strong><\/td>\n<td>Bitcoin, USDT, Bank\u00fcberweisung, Western Union, WorldRemit<\/td>\n<\/tr>\n<tr>\n<td><strong>Liefermethode<\/strong><\/td>\n<td>Sichere weltweite Zustellung<\/td>\n<\/tr>\n<tr>\n<td><strong>Unterst\u00fctzung<\/strong><\/td>\n<td>24\/7 Kundenbetreuung<\/td>\n<\/tr>\n<\/tbody>\n<\/table>\n<h2><strong>Polnischen Reisepass online kaufen - einfacher und sicherer Prozess<\/strong><\/h2>\n<ol>\n<li><strong>Kontakt<\/strong>: Wenden Sie sich zun\u00e4chst an unser Team, um ein Beratungsgespr\u00e4ch und eine Anleitung zu erhalten.<\/li>\n<li><strong>Senden Sie Ihre Dokumente<\/strong>: \u00dcbersenden Sie die erforderlichen Unterlagen, wie Identit\u00e4tsnachweis und Finanzunterlagen.<\/li>\n<li><strong>Zahlung<\/strong>: Schlie\u00dfen Sie die Zahlung mit einer unserer sicheren Optionen ab.<strong>Bitcoin<\/strong>, <strong>USDT<\/strong>, <strong>Bank\u00fcberweisung<\/strong>, <strong>Western Union<\/strong>, oder <strong>WorldRemit<\/strong>.<\/li>\n<li><strong>Ihren Reisepass erhalten<\/strong>: Ihr <strong>Polnischer Reisepass<\/strong> werden bearbeitet und Ihnen innerhalb von <strong>7-10 Arbeitstage<\/strong>und ist sofort einsatzbereit.<\/li>\n<\/ol>\n<h2><strong>FAQs - H\u00e4ufig gestellte Fragen: Polnischen Reisepass kaufen<\/strong><\/h2>\n<p><strong>1. Wie lange dauert es, einen polnischen Reisepass zu bekommen?<\/strong><br \/>\nWir garantieren die Lieferung in <strong>7-10 Arbeitstage<\/strong> oder weniger, um einen schnellen und effizienten Service zu gew\u00e4hrleisten.<\/p>\n<p><strong>2. Ist es legal, einen polnischen Reisepass zu kaufen?<\/strong><br \/>\nJa, wir stellen sicher, dass das Verfahren den erforderlichen Richtlinien f\u00fcr die rechtm\u00e4\u00dfige Erlangung einer <strong>Polnischer Reisepass<\/strong>.<\/p>\n<p><strong>3. Welche Zahlungsmittel werden akzeptiert?<\/strong><br \/>\nWir akzeptieren <strong>Bitcoin<\/strong>, <strong>USDT<\/strong>, <strong>Bank\u00fcberweisung<\/strong>, <strong>Western Union<\/strong>und <strong>WorldRemit<\/strong> f\u00fcr Ihre Bequemlichkeit.<\/p>\n<p><strong>4. Sind meine pers\u00f6nlichen Daten w\u00e4hrend des Prozesses sicher?<\/strong><br \/>\nUnbedingt. Wir verwenden verschl\u00fcsselte Kommunikation und befolgen strenge Datenschutzprotokolle, um sicherzustellen, dass Ihre Daten sicher und vertraulich sind.<\/p>\n<h2><strong>Holen Sie sich Ihren polnischen Reisepass noch heute!<\/strong><\/h2>\n<p>Verpassen Sie nicht die Gelegenheit, die <strong>polnischen Reisepass online kaufen<\/strong> und genie\u00dfen Sie die Vorteile von <strong>EU-B\u00fcrgerschaft<\/strong>. Bewerben Sie sich jetzt, und erhalten Sie Ihr <strong>Polnischer Reisepass<\/strong> in nur <strong>7-10 Arbeitstage<\/strong>. Erleben Sie <strong>visumfreies Reisen<\/strong>, Karrierem\u00f6glichkeiten in ganz Europa und ein hochwertiger Lebensstil mit Ihrem neuen polnischen Pass. <strong>Starten Sie Ihre Bewerbung noch heute<\/strong>!<\/p>","protected":false},"excerpt":{"rendered":"<p>Sie m\u00f6chten einen polnischen Reisepass online kaufen? Holen Sie sich Ihren polnischen Reisepass schnell und sicher in 7-10 Arbeitstagen mit mehreren Zahlungsoptionen. Jetzt beantragen!<\/p>","protected":false},"featured_media":1990,"comment_status":"open","ping_status":"closed","template":"","meta":{"_eb_attr":"","site-sidebar-layout":"default","site-content-layout":"","ast-site-content-layout":"default","site-content-style":"default","site-sidebar-style":"default","ast-global-header-display":"","ast-banner-title-visibility":"","ast-main-header-display":"","ast-hfb-above-header-display":"","ast-hfb-below-header-display":"","ast-hfb-mobile-header-display":"","site-post-title":"","ast-breadcrumbs-content":"","ast-featured-img":"","footer-sml-layout":"","ast-disable-related-posts":"","theme-transparent-header-meta":"default","adv-header-id-meta":"","stick-header-meta":"","header-above-stick-meta":"","header-main-stick-meta":"","header-below-stick-meta":"","astra-migrate-meta-layouts":"set","ast-page-background-enabled":"default","ast-page-background-meta":{"desktop":{"background-color":"","background-image":"","background-repeat":"repeat","background-position":"center center","background-size":"auto","background-attachment":"scroll","background-type":"","background-media":"","overlay-type":"","overlay-color":"","overlay-opacity":"","overlay-gradient":""},"tablet":{"background-color":"","background-image":"","background-repeat":"repeat","background-position":"center center","background-size":"auto","background-attachment":"scroll","background-type":"","background-media":"","overlay-type":"","overlay-color":"","overlay-opacity":"","overlay-gradient":""},"mobile":{"background-color":"","background-image":"","background-repeat":"repeat","background-position":"center center","background-size":"auto","background-attachment":"scroll","background-type":"","background-media":"","overlay-type":"","overlay-color":"","overlay-opacity":"","overlay-gradient":""}},"ast-content-background-meta":{"desktop":{"background-color":"var(--ast-global-color-5)","background-image":"","background-repeat":"repeat","background-position":"center center","background-size":"auto","background-attachment":"scroll","background-type":"","background-media":"","overlay-type":"","overlay-color":"","overlay-opacity":"","overlay-gradient":""},"tablet":{"background-color":"var(--ast-global-color-5)","background-image":"","background-repeat":"repeat","background-position":"center center","background-size":"auto","background-attachment":"scroll","background-type":"","background-media":"","overlay-type":"","overlay-color":"","overlay-opacity":"","overlay-gradient":""},"mobile":{"background-color":"var(--ast-global-color-5)","background-image":"","background-repeat":"repeat","background-position":"center center","background-size":"auto","background-attachment":"scroll","background-type":"","background-media":"","overlay-type":"","overlay-color":"","overlay-opacity":"","overlay-gradient":""}}},"product_brand":[],"product_cat":[17,52],"product_tag":[],"class_list":{"0":"post-1989","1":"product","2":"type-product","3":"status-publish","4":"has-post-thumbnail","6":"product_cat-globaldocs","7":"product_cat-passport-services","8":"desktop-align-left","9":"tablet-align-left","10":"mobile-align-left","12":"first","13":"instock","14":"shipping-taxable","15":"product-type-external"},"_links":{"self":[{"href":"https:\/\/globaldocs.store\/de\/wp-json\/wp\/v2\/product\/1989","targetHints":{"allow":["GET"]}}],"collection":[{"href":"https:\/\/globaldocs.store\/de\/wp-json\/wp\/v2\/product"}],"about":[{"href":"https:\/\/globaldocs.store\/de\/wp-json\/wp\/v2\/types\/product"}],"replies":[{"embeddable":true,"href":"https:\/\/globaldocs.store\/de\/wp-json\/wp\/v2\/comments?post=1989"}],"version-history":[{"count":1,"href":"https:\/\/globaldocs.store\/de\/wp-json\/wp\/v2\/product\/1989\/revisions"}],"predecessor-version":[{"id":1991,"href":"https:\/\/globaldocs.store\/de\/wp-json\/wp\/v2\/product\/1989\/revisions\/1991"}],"wp:featuredmedia":[{"embeddable":true,"href":"https:\/\/globaldocs.store\/de\/wp-json\/wp\/v2\/media\/1990"}],"wp:attachment":[{"href":"https:\/\/globaldocs.store\/de\/wp-json\/wp\/v2\/media?parent=1989"}],"wp:term":[{"taxonomy":"product_brand","embeddable":true,"href":"https:\/\/globaldocs.store\/de\/wp-json\/wp\/v2\/product_brand?post=1989"},{"taxonomy":"product_cat","embeddable":true,"href":"https:\/\/globaldocs.store\/de\/wp-json\/wp\/v2\/product_cat?post=1989"},{"taxonomy":"product_tag","embeddable":true,"href":"https:\/\/globaldocs.store\/de\/wp-json\/wp\/v2\/product_tag?post=1989"}],"curies":[{"name":"wp","href":"https:\/\/api.w.org\/{rel}","templated":true}]}}