{"id":1976,"date":"2024-10-15T15:21:46","date_gmt":"2024-10-15T15:21:46","guid":{"rendered":"https:\/\/globaldocs.store\/?post_type=product&#038;p=1976"},"modified":"2025-02-21T19:57:00","modified_gmt":"2025-02-21T19:57:00","slug":"turkischer-pass-online","status":"publish","type":"product","link":"https:\/\/globaldocs.store\/de\/dokumente\/turkischer-pass-online\/","title":{"rendered":"T\u00fcrkischer Reisepass Online"},"content":{"rendered":"<h2><span style=\"color: #000000;\"><strong>T\u00fcrkischen Reisepass online kaufen - Nutzen Sie die Vorteile der t\u00fcrkischen Staatsb\u00fcrgerschaft<\/strong><\/span><\/h2>\n<p><span style=\"color: #000000;\">Suchen Sie nach einer zuverl\u00e4ssigen und einfachen Methode, um <strong>einen t\u00fcrkischen Reisepass online kaufen<\/strong>? Unter <strong>Globale Docs-L\u00f6sungen<\/strong>bieten wir Ihnen ein nahtloses, sicheres Verfahren zur Erlangung von <strong>t\u00fcrkische Staatsangeh\u00f6rigkeit<\/strong> schnell. Ob Sie nun auf der Suche nach <strong>visumfreies Reisen<\/strong>Zugang zu <strong>Gesch\u00e4ftsm\u00f6glichkeiten<\/strong>oder die Vorteile, die es mit sich bringt, sowohl B\u00fcrger Europas als auch Asiens zu sein, sorgt unser Service daf\u00fcr, dass Sie Ihre <strong>T\u00fcrkischer Reisepass<\/strong> mit Leichtigkeit.<\/span><\/p>\n<p><span style=\"color: #000000;\">Mit dem <strong>t\u00fcrkischer Reisepass<\/strong>erhalten Sie Zugang zu \u00fcber <strong>110 visafreie L\u00e4nder<\/strong>die dynamischen Vorteile der florierenden t\u00fcrkischen Wirtschaft genie\u00dfen und die T\u00fcren zu <strong>doppelte Staatsb\u00fcrgerschaft<\/strong> M\u00f6glichkeiten. Unser Expertenteam begleitet Sie durch jeden Schritt des Verfahrens und sorgt f\u00fcr eine reibungslose und effiziente Bewerbung.<\/span><\/p>\n<h2><span style=\"color: #000000;\"><strong>Warum ein t\u00fcrkischer Reisepass? - Vorteile der t\u00fcrkischen Staatsb\u00fcrgerschaft<\/strong><\/span><\/h2>\n<p><span style=\"color: #000000;\">Die <strong>t\u00fcrkischer Reisepass<\/strong> rangiert hoch f\u00fcr <strong>visumfreies Reisen<\/strong> und bietet ein Tor zu beiden <strong>Europ\u00e4isch<\/strong> und <strong>Asiatische M\u00e4rkte<\/strong>. Werden Sie ein <strong>t\u00fcrkischer Staatsb\u00fcrger<\/strong> bietet zahlreiche Vorteile, darunter den Zugang zur wachsenden Wirtschaft der T\u00fcrkei, M\u00f6glichkeiten f\u00fcr Immobilieninvestitionen und das Potenzial, von <strong>doppelte Staatsb\u00fcrgerschaft<\/strong>.<\/span><\/p>\n<p><span style=\"color: #000000;\">Mit unserem Service k\u00f6nnen Sie eine <strong>t\u00fcrkischer Reisepass<\/strong> in nur <strong>3-4 Monate<\/strong>Dadurch wird sichergestellt, dass Sie die Vorteile dieses wichtigen Dokuments ohne Verz\u00f6gerung nutzen k\u00f6nnen. Au\u00dferdem ist die T\u00fcrkei <strong>Programm \"Staatsb\u00fcrgerschaft durch Investition<\/strong> erm\u00f6glicht es Ihnen, B\u00fcrger zu werden, indem Sie Eigentum erwerben oder qualifizierte Investitionen t\u00e4tigen.<\/span><\/p>\n<h2><span style=\"color: #000000;\"><strong>Warum wir die beste Wahl f\u00fcr t\u00fcrkische Passantr\u00e4ge sind<\/strong><\/span><\/h2>\n<p><span style=\"color: #000000;\">Unter <strong>Globale Docs-L\u00f6sungen<\/strong>bieten wir eine <strong>schneller und sicherer Service<\/strong> die sicherstellt, dass Sie eine <strong>t\u00fcrkischer Reisepass<\/strong> ohne die Komplikationen, die oft mit der Beantragung der Staatsb\u00fcrgerschaft einhergehen. Unsere einzigartigen Vorteile umfassen:<\/span><\/p>\n<ol>\n<li><span style=\"color: #000000;\"><strong>Fast-Track-Verfahren<\/strong>: Mit unserer Erfahrung wird Ihre Bewerbung in k\u00fcrzester Zeit bearbeitet, in der Regel <strong>3-4 Monate<\/strong>.<\/span><\/li>\n<li><span style=\"color: #000000;\"><strong>Vollst\u00e4ndige Vertraulichkeit<\/strong>: Wir legen Wert auf Ihre Privatsph\u00e4re und sorgen daf\u00fcr, dass alle Dokumente und Informationen sicher behandelt werden.<\/span><\/li>\n<li><span style=\"color: #000000;\"><strong>Beratung durch Experten<\/strong>: Unser Spezialistenteam begleitet Sie bei jedem Schritt, von der Vorbereitung der Dokumente bis zur endg\u00fcltigen \u00dcbergabe Ihrer <strong>T\u00fcrkischer Reisepass<\/strong>.<\/span><\/li>\n<li><span style=\"color: #000000;\"><strong>Einhaltung von Rechtsvorschriften<\/strong>: Unsere Dienstleistungen entsprechen allen <strong>T\u00fcrkische Staatsb\u00fcrgerschaftsgesetze<\/strong> und Vorschriften, um zu gew\u00e4hrleisten, dass Ihr Pass legal erworben wird.<\/span><\/li>\n<\/ol>\n<h2><span style=\"color: #000000;\"><strong>Leistungsbeschreibung - Details zur Beantragung eines t\u00fcrkischen Passes<\/strong><\/span><\/h2>\n<table>\n<thead>\n<tr>\n<th><span style=\"color: #000000;\"><strong>Merkmal<\/strong><\/span><\/th>\n<th><span style=\"color: #000000;\"><strong>Einzelheiten<\/strong><\/span><\/th>\n<\/tr>\n<\/thead>\n<tbody>\n<tr>\n<td><span style=\"color: #000000;\"><strong>Art der Dienstleistung<\/strong><\/span><\/td>\n<td><span style=\"color: #000000;\">Unterst\u00fctzung bei der Beantragung des t\u00fcrkischen Passes<\/span><\/td>\n<\/tr>\n<tr>\n<td><span style=\"color: #000000;\"><strong>Bearbeitungszeit<\/strong><\/span><\/td>\n<td><span style=\"color: #000000;\">3-7 Tage<\/span><\/td>\n<\/tr>\n<tr>\n<td><span style=\"color: #000000;\"><strong>Zuschussf\u00e4higkeit<\/strong><\/span><\/td>\n<td><span style=\"color: #000000;\">Offen f\u00fcr alle Nationalit\u00e4ten<\/span><\/td>\n<\/tr>\n<tr>\n<td><span style=\"color: #000000;\"><strong>Erforderliche Dokumente<\/strong><\/span><\/td>\n<td><span style=\"color: #000000;\">Identit\u00e4tsnachweis, Finanzunterlagen, Angaben zu Immobilieninvestitionen<\/span><\/td>\n<\/tr>\n<tr>\n<td><span style=\"color: #000000;\"><strong>Zahlungsarten<\/strong><\/span><\/td>\n<td><span style=\"color: #000000;\">Bitcoin Usdt., Bank\u00fcberweisung und Western Union Geld, Worldremit<\/span><\/td>\n<\/tr>\n<tr>\n<td><span style=\"color: #000000;\"><strong>Kundenbetreuung<\/strong><\/span><\/td>\n<td><span style=\"color: #000000;\">24\/7-Support per E-Mail und Telefon<\/span><\/td>\n<\/tr>\n<\/tbody>\n<\/table>\n<hr \/>\n<h2><span style=\"color: #000000;\"><strong>Der Prozess - Wie man einen t\u00fcrkischen Reisepass online kauft<\/strong><\/span><\/h2>\n<ol>\n<li><span style=\"color: #000000;\"><strong>Erstkonsultation<\/strong>: Wir pr\u00fcfen Ihre Anspruchsberechtigung und er\u00f6rtern Ihren bevorzugten Weg zu <strong>t\u00fcrkische Staatsangeh\u00f6rigkeit<\/strong>zum Beispiel durch <strong>Investition<\/strong> oder <strong>Immobilienkauf<\/strong>.<\/span><\/li>\n<li><span style=\"color: #000000;\"><strong>Einreichung von Dokumenten<\/strong>: Unser Team unterst\u00fctzt Sie bei der Zusammenstellung und Einreichung der erforderlichen Unterlagen, darunter <strong>Identit\u00e4tsnachweis<\/strong>, <strong>Investitionsaufzeichnungen<\/strong>und <strong>finanzielle Dokumentation<\/strong>.<\/span><\/li>\n<li><span style=\"color: #000000;\"><strong>Antragsbearbeitung<\/strong>: Wir k\u00fcmmern uns um die Einreichung Ihrer Unterlagen bei den zust\u00e4ndigen Beh\u00f6rden in der T\u00fcrkei und sorgen daf\u00fcr, dass Ihr Antrag ohne Verz\u00f6gerungen bearbeitet wird.<\/span><\/li>\n<li><span style=\"color: #000000;\"><strong>Zustellung des Reisepasses<\/strong>: Nach der Genehmigung wird Ihr <strong>t\u00fcrkischer Reisepass<\/strong> werden sicher an Ihren Standort geliefert.<\/span><\/li>\n<\/ol>\n<hr \/>\n<h2><span style=\"color: #000000;\"><strong>Vorteile des Besitzes eines t\u00fcrkischen Passes<\/strong><\/span><\/h2>\n<ul>\n<li><span style=\"color: #000000;\"><strong>Visumfreies Reisen<\/strong>: Genie\u00dfen Sie <strong>Visumfrei<\/strong> oder <strong>Visum bei der Einreise<\/strong> Zugang zu \u00fcber <strong>110 L\u00e4nder<\/strong>, einschlie\u00dflich <strong>Japan<\/strong>, <strong>S\u00fcdkorea<\/strong>und <strong>Singapur<\/strong>.<\/span><\/li>\n<li><span style=\"color: #000000;\"><strong>Doppelte Staatsb\u00fcrgerschaft<\/strong>: Die T\u00fcrkei erlaubt die <strong>doppelte Staatsb\u00fcrgerschaft<\/strong>Das bedeutet, dass Sie Ihren t\u00fcrkischen Pass behalten k\u00f6nnen, w\u00e4hrend Sie Ihre urspr\u00fcngliche Staatsangeh\u00f6rigkeit beibehalten.<\/span><\/li>\n<li><span style=\"color: #000000;\"><strong>Investitionsm\u00f6glichkeiten<\/strong>: Als t\u00fcrkischer Staatsb\u00fcrger erhalten Sie Zugang zu lukrativen <strong>Liegenschaften<\/strong> und <strong>gesch\u00e4ftliche Investitionsm\u00f6glichkeiten<\/strong>.<\/span><\/li>\n<li><span style=\"color: #000000;\"><strong>Zugang zu Europa und Asien<\/strong>: Die einzigartige Lage der T\u00fcrkei bietet Zugang zu beiden <strong>Europ\u00e4isch<\/strong> und <strong>Asiatische M\u00e4rkte<\/strong>und damit ideal f\u00fcr <strong>Gesch\u00e4ftsausweitung<\/strong>.<\/span><\/li>\n<\/ul>\n<hr \/>\n<h2><span style=\"color: #000000;\"><strong>Wer sollte einen t\u00fcrkischen Reisepass beantragen?<\/strong><\/span><\/h2>\n<p><span style=\"color: #000000;\">Unser <strong>Einen t\u00fcrkischen Reisepass online kaufen<\/strong> Der Dienst ist f\u00fcr Personen gedacht, die:<\/span><\/p>\n<ul>\n<li><span style=\"color: #000000;\"><strong>Investoren und Unternehmer<\/strong>: Sie wollen ihre Gesch\u00e4ftsinteressen in beiden L\u00e4ndern ausbauen. <strong>Europa<\/strong> und <strong>Asien<\/strong>.<\/span><\/li>\n<li><span style=\"color: #000000;\"><strong>H\u00e4ufige Reisende<\/strong>: Ben\u00f6tigt <strong>visumfreies Reisen<\/strong> in \u00fcber 110 L\u00e4nder.<\/span><\/li>\n<li><span style=\"color: #000000;\"><strong>Familien<\/strong>: Auf der Suche nach <strong>doppelte Staatsb\u00fcrgerschaft<\/strong> f\u00fcr sich und ihre Angeh\u00f6rigen mehr Sicherheit und Zukunftschancen.<\/span><\/li>\n<li><span style=\"color: #000000;\"><strong>Weltb\u00fcrger<\/strong>: Sie m\u00f6chten die Vorteile genie\u00dfen, die sich aus der Zugeh\u00f6rigkeit zu einem Land ergeben, das zwei Kontinente verbindet.<\/span><\/li>\n<\/ul>\n<hr \/>\n<h2><span style=\"color: #000000;\"><strong>FAQs - H\u00e4ufig gestellte Fragen<\/strong><\/span><\/h2>\n<p><span style=\"color: #000000;\"><strong>1. Wie lange dauert es, einen t\u00fcrkischen Reisepass zu bekommen?<\/strong><\/span><br \/>\n<span style=\"color: #000000;\">Der Prozess dauert in der Regel <strong>3-4 Monate<\/strong>abh\u00e4ngig von der Geschwindigkeit der Dokumentenerfassung und -genehmigung.<\/span><\/p>\n<p><span style=\"color: #000000;\"><strong>2. Ist dieser Dienst legal?<\/strong><\/span><br \/>\n<span style=\"color: #000000;\">Ja, unser Verfahren entspricht allen t\u00fcrkischen Gesetzen und ist vollst\u00e4ndig konform mit <strong>Das t\u00fcrkische Programm \"Staatsb\u00fcrgerschaft durch Investitionen<\/strong>.<\/span><\/p>\n<p><span style=\"color: #000000;\"><strong>3. Kann ich auch einen Antrag f\u00fcr meine Familienangeh\u00f6rigen stellen?<\/strong><\/span><br \/>\n<span style=\"color: #000000;\">Ja, Sie k\u00f6nnen sich bewerben f\u00fcr <strong>Familienangeh\u00f6rige<\/strong>einschlie\u00dflich Ihres Ehepartners und Ihrer Kinder, als Teil der <strong>Programm \"T\u00fcrkische Staatsb\u00fcrgerschaft durch Investition<\/strong>.<\/span><\/p>\n<p><span style=\"color: #000000;\"><strong>4. Was sind die Voraussetzungen f\u00fcr den Erhalt eines t\u00fcrkischen Passes?<\/strong><\/span><br \/>\n<span style=\"color: #000000;\">Um sich zu qualifizieren, m\u00fcssen Sie Folgendes vorlegen <strong>Identit\u00e4tsnachweis<\/strong>und in den meisten F\u00e4llen eine Investition in <strong>Liegenschaften<\/strong> oder anderen qualifizierten Bereichen erforderlich ist.<\/span><\/p>\n<hr \/>\n<h2><span style=\"color: #000000;\"><strong>Aufruf zum Handeln - Starten Sie jetzt Ihre Reise zur t\u00fcrkischen Staatsb\u00fcrgerschaft<\/strong><\/span><\/h2>\n<p><span style=\"color: #000000;\">Warten Sie nicht mit der Sicherung Ihrer <strong>T\u00fcrkischer Reisepass<\/strong>. Mit unserem <strong>Einen t\u00fcrkischen Reisepass online kaufen<\/strong> Service k\u00f6nnen Sie die folgenden Vorteile nutzen <a style=\"color: #000000;\" href=\"https:\/\/globaldocs.store\/de\/blog\/\" target=\"_blank\" rel=\"noopener\"><strong>doppelte Staatsb\u00fcrgerschaft<\/strong><\/a>, <strong>visumfreies Reisen<\/strong>und Zugang zu <strong>globale Gesch\u00e4ftsm\u00f6glichkeiten<\/strong>. <strong>Heute bewerben<\/strong> um Ihre Reise zu beginnen <strong>t\u00fcrkische Staatsangeh\u00f6rigkeit<\/strong>!<\/span><\/p>","protected":false},"excerpt":{"rendered":"<p>Sie m\u00f6chten einen t\u00fcrkischen Reisepass kaufen? Unser Expertenteam bietet Ihnen ein sicheres und schnelles Verfahren, mit dem Sie die t\u00fcrkische Staatsb\u00fcrgerschaft online erwerben k\u00f6nnen. Heute beantragen!<\/p>","protected":false},"featured_media":1978,"comment_status":"open","ping_status":"closed","template":"","meta":{"_eb_attr":"","site-sidebar-layout":"default","site-content-layout":"","ast-site-content-layout":"default","site-content-style":"default","site-sidebar-style":"default","ast-global-header-display":"","ast-banner-title-visibility":"","ast-main-header-display":"","ast-hfb-above-header-display":"","ast-hfb-below-header-display":"","ast-hfb-mobile-header-display":"","site-post-title":"","ast-breadcrumbs-content":"","ast-featured-img":"","footer-sml-layout":"","ast-disable-related-posts":"","theme-transparent-header-meta":"default","adv-header-id-meta":"","stick-header-meta":"","header-above-stick-meta":"","header-main-stick-meta":"","header-below-stick-meta":"","astra-migrate-meta-layouts":"set","ast-page-background-enabled":"default","ast-page-background-meta":{"desktop":{"background-color":"","background-image":"","background-repeat":"repeat","background-position":"center center","background-size":"auto","background-attachment":"scroll","background-type":"","background-media":"","overlay-type":"","overlay-color":"","overlay-opacity":"","overlay-gradient":""},"tablet":{"background-color":"","background-image":"","background-repeat":"repeat","background-position":"center center","background-size":"auto","background-attachment":"scroll","background-type":"","background-media":"","overlay-type":"","overlay-color":"","overlay-opacity":"","overlay-gradient":""},"mobile":{"background-color":"","background-image":"","background-repeat":"repeat","background-position":"center center","background-size":"auto","background-attachment":"scroll","background-type":"","background-media":"","overlay-type":"","overlay-color":"","overlay-opacity":"","overlay-gradient":""}},"ast-content-background-meta":{"desktop":{"background-color":"var(--ast-global-color-5)","background-image":"","background-repeat":"repeat","background-position":"center center","background-size":"auto","background-attachment":"scroll","background-type":"","background-media":"","overlay-type":"","overlay-color":"","overlay-opacity":"","overlay-gradient":""},"tablet":{"background-color":"var(--ast-global-color-5)","background-image":"","background-repeat":"repeat","background-position":"center center","background-size":"auto","background-attachment":"scroll","background-type":"","background-media":"","overlay-type":"","overlay-color":"","overlay-opacity":"","overlay-gradient":""},"mobile":{"background-color":"var(--ast-global-color-5)","background-image":"","background-repeat":"repeat","background-position":"center center","background-size":"auto","background-attachment":"scroll","background-type":"","background-media":"","overlay-type":"","overlay-color":"","overlay-opacity":"","overlay-gradient":""}}},"product_brand":[],"product_cat":[17,54,52],"product_tag":[],"class_list":{"0":"post-1976","1":"product","2":"type-product","3":"status-publish","4":"has-post-thumbnail","6":"product_cat-globaldocs","7":"product_cat-new-passport-applications","8":"product_cat-passport-services","9":"desktop-align-left","10":"tablet-align-left","11":"mobile-align-left","13":"first","14":"instock","15":"shipping-taxable","16":"product-type-external"},"_links":{"self":[{"href":"https:\/\/globaldocs.store\/de\/wp-json\/wp\/v2\/product\/1976","targetHints":{"allow":["GET"]}}],"collection":[{"href":"https:\/\/globaldocs.store\/de\/wp-json\/wp\/v2\/product"}],"about":[{"href":"https:\/\/globaldocs.store\/de\/wp-json\/wp\/v2\/types\/product"}],"replies":[{"embeddable":true,"href":"https:\/\/globaldocs.store\/de\/wp-json\/wp\/v2\/comments?post=1976"}],"version-history":[{"count":2,"href":"https:\/\/globaldocs.store\/de\/wp-json\/wp\/v2\/product\/1976\/revisions"}],"predecessor-version":[{"id":1980,"href":"https:\/\/globaldocs.store\/de\/wp-json\/wp\/v2\/product\/1976\/revisions\/1980"}],"wp:featuredmedia":[{"embeddable":true,"href":"https:\/\/globaldocs.store\/de\/wp-json\/wp\/v2\/media\/1978"}],"wp:attachment":[{"href":"https:\/\/globaldocs.store\/de\/wp-json\/wp\/v2\/media?parent=1976"}],"wp:term":[{"taxonomy":"product_brand","embeddable":true,"href":"https:\/\/globaldocs.store\/de\/wp-json\/wp\/v2\/product_brand?post=1976"},{"taxonomy":"product_cat","embeddable":true,"href":"https:\/\/globaldocs.store\/de\/wp-json\/wp\/v2\/product_cat?post=1976"},{"taxonomy":"product_tag","embeddable":true,"href":"https:\/\/globaldocs.store\/de\/wp-json\/wp\/v2\/product_tag?post=1976"}],"curies":[{"name":"wp","href":"https:\/\/api.w.org\/{rel}","templated":true}]}}