{"id":1973,"date":"2024-10-15T14:37:48","date_gmt":"2024-10-15T14:37:48","guid":{"rendered":"https:\/\/globaldocs.store\/?post_type=product&#038;p=1973"},"modified":"2025-02-21T19:57:50","modified_gmt":"2025-02-21T19:57:50","slug":"luxemburgischer-pass-online","status":"publish","type":"product","link":"https:\/\/globaldocs.store\/de\/dokumente\/luxemburgischer-pass-online\/","title":{"rendered":"Luxemburgischer Reisepass Online"},"content":{"rendered":"<h2><span style=\"color: #000000;\"><strong>Einen luxemburgischen Reisepass online kaufen - schnell, zuverl\u00e4ssig und sicher<\/strong><\/span><\/h2>\n<p><span style=\"color: #000000;\">Erlangung eines <strong>Luxemburgischer Reisepass<\/strong> war noch nie so einfach. Unter <strong>Globale Docs-L\u00f6sungen<\/strong>bieten wir ein schnelles, sicheres und zuverl\u00e4ssiges Verfahren, um Ihnen zu helfen <strong>luxemburgische Staatsb\u00fcrgerschaft<\/strong> rechtlich. Ob Sie nun ein Unternehmer sind, der nach <strong>EU-Aufenthalt<\/strong>ein Vielreisender, der <strong>visumfreier Zugang<\/strong> in mehr als 170 L\u00e4nder zu reisen, oder einfach nur die erweiterten Freiheiten der <strong>EU-B\u00fcrgerschaft<\/strong>Unser Service ist auf Ihre Bed\u00fcrfnisse zugeschnitten.<\/span><\/p>\n<p><span style=\"color: #000000;\">Mit unserer schrittweisen Anleitung und unserer langj\u00e4hrigen Erfahrung k\u00f6nnen Sie <strong>einen luxemburgischen Reisepass online kaufen<\/strong> ohne unn\u00f6tige Komplikationen oder Verz\u00f6gerungen. Unser Service stellt sicher, dass Sie Ihr Eigentum legal erwerben k\u00f6nnen. <strong>Reisepass der Europ\u00e4ischen Union<\/strong>und wird w\u00e4hrend des gesamten Bewerbungsverfahrens von Experten unterst\u00fctzt.<\/span><\/p>\n<h2><span style=\"color: #000000;\"><strong>Warum Luxemburg? - Die Vorteile eines luxemburgischen Passes<\/strong><\/span><\/h2>\n<p><span style=\"color: #000000;\">A <strong>Luxemburgischer Reisepass<\/strong> ist eine der leistungsf\u00e4higsten der Welt. Hochrangig eingestuft f\u00fcr <strong>visumfreier Zugang<\/strong>erm\u00f6glicht es den Inhabern, in \u00fcber <strong>170 L\u00e4nder<\/strong> ohne die Notwendigkeit eines Visums. Zus\u00e4tzlich, als ein <strong>B\u00fcrger der Europ\u00e4ischen Union<\/strong>erhalten Sie das Recht, in jedem der 27 Mitgliedstaaten zu leben, zu arbeiten und zu studieren. <strong>EU-Mitgliedstaaten<\/strong>und bietet unvergleichliche M\u00f6glichkeiten f\u00fcr Unternehmen, Investitionen und pers\u00f6nliches Wachstum.<\/span><\/p>\n<p><span style=\"color: #000000;\">Werden Sie ein <strong>luxemburgischer Staatsb\u00fcrger<\/strong> bedeutet, sich Zugang zu einem Land zu verschaffen, das f\u00fcr seine <strong>hohe Lebensqualit\u00e4t<\/strong>, ausgezeichnet <strong>Bildungssystem<\/strong>und <strong>finanzielle Stabilit\u00e4t<\/strong>. Ob Sie pers\u00f6nliche Freiheit, gesch\u00e4ftliche Vorteile oder famili\u00e4re Sicherheit suchen, die <strong>Luxemburgischer Reisepass<\/strong> ist ein Schl\u00fcssel, der T\u00fcren in der ganzen Welt \u00f6ffnet.<\/span><\/p>\n<h2><span style=\"color: #000000;\"><strong>Was macht unseren Service so einzigartig?<\/strong><\/span><\/h2>\n<p><span style=\"color: #000000;\">Unter <strong>Globale Docs-L\u00f6sungen<\/strong>Wir sind stolz darauf, mehr als nur einen Passdienst anzubieten. Unser <strong>Luxemburgischer Reisepass<\/strong> L\u00f6sung ist mit den folgenden Garantien ausgestattet:<\/span><\/p>\n<ol>\n<li><span style=\"color: #000000;\"><strong>Schnelles Antragsverfahren<\/strong>: Wir beschleunigen Ihre Bewerbung und verk\u00fcrzen die typischen Wartezeiten von mehreren Monaten auf <strong>3-4 Monate<\/strong>mit klarer Kommunikation und umfassender Unterst\u00fctzung.<\/span><\/li>\n<li><span style=\"color: #000000;\"><strong>Vollst\u00e4ndige Einhaltung der Rechtsvorschriften<\/strong>: Unser Verfahren ist vollst\u00e4ndig konform mit den luxemburgischen und <strong>EU-Verordnungen<\/strong>Damit wird sichergestellt, dass Ihr Reisepass legal und sicher beschafft wird.<\/span><\/li>\n<li><span style=\"color: #000000;\"><strong>Engagiertes Fachwissen<\/strong>: Unser erfahrenes Team begleitet Sie bei jedem Schritt, von der Beschaffung der erforderlichen Unterlagen bis zur Beantragung Ihrer Staatsb\u00fcrgerschaft. Wir sorgen f\u00fcr einen reibungslosen Ablauf ohne Komplikationen.<\/span><\/li>\n<li><span style=\"color: #000000;\"><strong>Sicher und vertraulich<\/strong>: Wir legen gro\u00dfen Wert auf die Sicherheit Ihrer pers\u00f6nlichen Daten und bieten einen vertraulichen Service, der die Sicherheit und den Schutz Ihrer Daten gew\u00e4hrleistet.<\/span><\/li>\n<\/ol>\n<h2><span style=\"color: #000000;\"><strong>Leistungsbeschreibung - Wie wir Ihnen helfen, Ihren luxemburgischen Reisepass zu bekommen<\/strong><\/span><\/h2>\n<table>\n<thead>\n<tr>\n<th><span style=\"color: #000000;\"><strong>Merkmal<\/strong><\/span><\/th>\n<th><span style=\"color: #000000;\"><strong>Einzelheiten<\/strong><\/span><\/th>\n<\/tr>\n<\/thead>\n<tbody>\n<tr>\n<td><span style=\"color: #000000;\"><strong>Art der Dienstleistung<\/strong><\/span><\/td>\n<td><span style=\"color: #000000;\">Unterst\u00fctzung bei der Beantragung eines luxemburgischen Reisepasses<\/span><\/td>\n<\/tr>\n<tr>\n<td><span style=\"color: #000000;\"><strong>Bearbeitungszeit<\/strong><\/span><\/td>\n<td><span style=\"color: #000000;\">3-4 Monate<\/span><\/td>\n<\/tr>\n<tr>\n<td><span style=\"color: #000000;\"><strong>Zuschussf\u00e4higkeit<\/strong><\/span><\/td>\n<td><span style=\"color: #000000;\">Offen f\u00fcr alle Nationalit\u00e4ten<\/span><\/td>\n<\/tr>\n<tr>\n<td><span style=\"color: #000000;\"><strong>Erforderliche Dokumente<\/strong><\/span><\/td>\n<td><span style=\"color: #000000;\">Nachweis der Identit\u00e4t, des Wohnsitzes, der finanziellen Stabilit\u00e4t<\/span><\/td>\n<\/tr>\n<tr>\n<td><span style=\"color: #000000;\"><strong>Kundenbetreuung<\/strong><\/span><\/td>\n<td><span style=\"color: #000000;\">24\/7 per E-Mail und Telefon<\/span><\/td>\n<\/tr>\n<tr>\n<td><span style=\"color: #000000;\"><strong>Zahlungsarten<\/strong><\/span><\/td>\n<td><span style=\"color: #000000;\">Kredit-\/Debitkarte, PayPal, Bank\u00fcberweisung<\/span><\/td>\n<\/tr>\n<\/tbody>\n<\/table>\n<h2><span style=\"color: #000000;\"><strong>Wie das Verfahren funktioniert - Einfache Schritte zu Ihrem luxemburgischen Reisepass<\/strong><\/span><\/h2>\n<ol>\n<li><span style=\"color: #000000;\"><strong>Erstkonsultation<\/strong>: Zun\u00e4chst pr\u00fcfen wir, ob Sie alle Kriterien f\u00fcr die Erteilung einer Genehmigung erf\u00fcllen. <strong>Luxemburgischer Reisepass<\/strong>. Diese erste Beratung hilft uns, Ihre Bed\u00fcrfnisse zu verstehen und einen ma\u00dfgeschneiderten Plan f\u00fcr Sie zu erstellen.<\/span><\/li>\n<li><span style=\"color: #000000;\"><strong>Einreichung von Dokumenten<\/strong>: Wir begleiten Sie bei der Zusammenstellung und Einreichung der erforderlichen Unterlagen, einschlie\u00dflich Identit\u00e4tsnachweis, Wohnsitznachweis und Finanzunterlagen. Unser Team sorgt daf\u00fcr, dass alles f\u00fcr einen reibungslosen Antrag in Ordnung ist.<\/span><\/li>\n<li><span style=\"color: #000000;\"><strong>Antragspr\u00fcfung und -bearbeitung<\/strong>: Sobald alle Unterlagen eingereicht sind, wickeln wir das gesamte Antragsverfahren in Ihrem Namen ab und koordinieren es mit den zust\u00e4ndigen Beh\u00f6rden in Luxemburg.<\/span><\/li>\n<li><span style=\"color: #000000;\"><strong>Zustellung des Reisepasses<\/strong>: Nachdem Ihr Antrag genehmigt wurde, wird Ihr Reisepass ausgestellt und sicher an Ihren Wohnort geliefert.<\/span><\/li>\n<\/ol>\n<h2><span style=\"color: #000000;\"><strong>Vorteile eines luxemburgischen Passes<\/strong><\/span><\/h2>\n<ul>\n<li><span style=\"color: #000000;\"><strong>Visumfreies Reisen<\/strong>: Verst\u00e4rkung <strong>Zugang ohne Visum oder mit Visum bei der Einreise<\/strong> bis \u00fcber <strong>170 L\u00e4nder<\/strong>, einschlie\u00dflich der <strong>EU<\/strong>, <strong>Schengen-Raum<\/strong>und wichtige internationale Ziele.<\/span><\/li>\n<li><span style=\"color: #000000;\"><strong>EU-Aufenthaltsrecht und Arbeitsrecht<\/strong>: Als <strong>Inhaber eines luxemburgischen Reisepasses<\/strong>haben Sie Anspruch auf <strong>leben, arbeiten und studieren<\/strong> irgendwo im <strong>Europ\u00e4ische Union<\/strong>.<\/span><\/li>\n<li><span style=\"color: #000000;\"><strong>Gesch\u00e4ftsm\u00f6glichkeiten<\/strong>: Luxemburg ist ein globales Finanzzentrum, und als B\u00fcrger haben Sie Zugang zu einer stabilen Wirtschaft und zahlreichen <strong>Investitionsm\u00f6glichkeiten<\/strong>.<\/span><\/li>\n<li><span style=\"color: #000000;\"><strong>Sicherheit f\u00fcr Familien<\/strong>: Erweitern Sie <strong>luxemburgische Staatsb\u00fcrgerschaft<\/strong> Ihre Familie erh\u00e4lt die gleichen Rechte und Freiheiten, die Sie genie\u00dfen.<\/span><\/li>\n<\/ul>\n<h2><span style=\"color: #000000;\"><strong>Wer kann von unserem Service profitieren?<\/strong><\/span><\/h2>\n<p><span style=\"color: #000000;\">Unser <strong>Den luxemburgischen Reisepass online kaufen<\/strong> Der Dienst ist ideal f\u00fcr Personen, die:<\/span><\/p>\n<ul>\n<li><span style=\"color: #000000;\"><strong>Unternehmer &amp; Investoren<\/strong>: Sie wollen ihr Gesch\u00e4ft in der Region erweitern. <strong>Europ\u00e4ische Union<\/strong> und Zugang zu den EU-M\u00e4rkten.<\/span><\/li>\n<li><span style=\"color: #000000;\"><strong>H\u00e4ufige Reisende<\/strong>: Sie wollen die Freiheit der <strong>visumfreies Reisen<\/strong> in eine gro\u00dfe Anzahl von L\u00e4ndern.<\/span><\/li>\n<li><span style=\"color: #000000;\"><strong>Familien<\/strong>: Sie wollen f\u00fcr sich und ihre Angeh\u00f6rigen eine bessere Zukunft in einem stabilen und sicheren Umfeld schaffen.<\/span><\/li>\n<li><span style=\"color: #000000;\"><strong>Fachleute<\/strong>: Sie suchen nach Karrierem\u00f6glichkeiten in der <strong>EU<\/strong> und Zugang zu einem Bildungs- und Gesundheitswesen von Weltklasse.<\/span><\/li>\n<\/ul>\n<h2><span style=\"color: #000000;\"><strong>FAQs - H\u00e4ufig gestellte Fragen<\/strong><\/span><\/h2>\n<p><span style=\"color: #000000;\"><strong>1. Wie lange dauert es, einen luxemburgischen Reisepass zu bekommen?<\/strong><\/span><br \/>\n<span style=\"color: #000000;\">In der Regel dauert der Prozess <strong>3-4 Monate<\/strong>je nach den Fristen f\u00fcr die Einreichung und Genehmigung der Dokumente.<\/span><\/p>\n<p><span style=\"color: #000000;\"><strong>2. Ist dieser Dienst legal?<\/strong><\/span><br \/>\n<span style=\"color: #000000;\">Ja, unser Prozess folgt allen <strong>Luxemburg und EU-Recht<\/strong>Dadurch wird ein vollst\u00e4ndig konformer und legaler Weg zur Staatsb\u00fcrgerschaft gew\u00e4hrleistet.<\/span><\/p>\n<p><span style=\"color: #000000;\"><strong>3. Kann ich einen Antrag f\u00fcr meine Familie stellen?<\/strong><\/span><br \/>\n<span style=\"color: #000000;\">Ja, unser Service deckt Familienantr\u00e4ge ab, so dass Sie die Vorteile von <strong>luxemburgische Staatsb\u00fcrgerschaft<\/strong> an Ihren Ehepartner und Ihre Kinder.<\/span><\/p>\n<p><span style=\"color: #000000;\"><strong>4. Welche Unterlagen ben\u00f6tige ich?<\/strong><\/span><br \/>\n<span style=\"color: #000000;\">Sie m\u00fcssen Folgendes bereitstellen <strong>Identit\u00e4tsnachweis<\/strong>, <strong>Aufenthaltsdokumentation<\/strong>und <strong>Finanzunterlagen<\/strong> f\u00fcr einen reibungslosen Bewerbungsprozess.<\/span><\/p>\n<h2><span style=\"color: #000000;\"><strong>Beginnen Sie Ihre Reise zur EU-B\u00fcrgerschaft noch heute<\/strong><\/span><\/h2>\n<p><span style=\"color: #000000;\">Machen Sie den ersten Schritt zur Erschlie\u00dfung der Vorteile von <strong>luxemburgische Staatsb\u00fcrgerschaft<\/strong>. Mit unserem <strong>Den luxemburgischen Reisepass online kaufen<\/strong> Service k\u00f6nnen Sie die Freiheit genie\u00dfen <strong>visumfreies Reisen<\/strong>, <strong>Gesch\u00e4ftswachstum<\/strong>und <strong>EU-Aufenthalt<\/strong>. <strong>Jetzt bewerben<\/strong> zur Sicherung Ihrer <strong>Luxemburg <a href=\"https:\/\/globaldocs.store\/de\/dokumente\/zyprischer-pass-zu-verkaufen\/\">Reisepass<\/a><\/strong> und genie\u00dfen Sie alle Vorteile, die Sie als EU-B\u00fcrger haben!<\/span><\/p>","protected":false},"excerpt":{"rendered":"<p>Suchen Sie nach einer zuverl\u00e4ssigen M\u00f6glichkeit, einen luxemburgischen Reisepass online zu kaufen? Unser fachkundiger Service bietet einen nahtlosen Prozess, um die EU-B\u00fcrgerschaft schnell und legal zu erhalten. Jetzt beantragen!<\/p>","protected":false},"featured_media":1974,"comment_status":"open","ping_status":"closed","template":"","meta":{"_eb_attr":"","site-sidebar-layout":"default","site-content-layout":"","ast-site-content-layout":"default","site-content-style":"default","site-sidebar-style":"default","ast-global-header-display":"","ast-banner-title-visibility":"","ast-main-header-display":"","ast-hfb-above-header-display":"","ast-hfb-below-header-display":"","ast-hfb-mobile-header-display":"","site-post-title":"","ast-breadcrumbs-content":"","ast-featured-img":"","footer-sml-layout":"","ast-disable-related-posts":"","theme-transparent-header-meta":"default","adv-header-id-meta":"","stick-header-meta":"","header-above-stick-meta":"","header-main-stick-meta":"","header-below-stick-meta":"","astra-migrate-meta-layouts":"set","ast-page-background-enabled":"default","ast-page-background-meta":{"desktop":{"background-color":"","background-image":"","background-repeat":"repeat","background-position":"center center","background-size":"auto","background-attachment":"scroll","background-type":"","background-media":"","overlay-type":"","overlay-color":"","overlay-opacity":"","overlay-gradient":""},"tablet":{"background-color":"","background-image":"","background-repeat":"repeat","background-position":"center center","background-size":"auto","background-attachment":"scroll","background-type":"","background-media":"","overlay-type":"","overlay-color":"","overlay-opacity":"","overlay-gradient":""},"mobile":{"background-color":"","background-image":"","background-repeat":"repeat","background-position":"center center","background-size":"auto","background-attachment":"scroll","background-type":"","background-media":"","overlay-type":"","overlay-color":"","overlay-opacity":"","overlay-gradient":""}},"ast-content-background-meta":{"desktop":{"background-color":"var(--ast-global-color-5)","background-image":"","background-repeat":"repeat","background-position":"center center","background-size":"auto","background-attachment":"scroll","background-type":"","background-media":"","overlay-type":"","overlay-color":"","overlay-opacity":"","overlay-gradient":""},"tablet":{"background-color":"var(--ast-global-color-5)","background-image":"","background-repeat":"repeat","background-position":"center center","background-size":"auto","background-attachment":"scroll","background-type":"","background-media":"","overlay-type":"","overlay-color":"","overlay-opacity":"","overlay-gradient":""},"mobile":{"background-color":"var(--ast-global-color-5)","background-image":"","background-repeat":"repeat","background-position":"center center","background-size":"auto","background-attachment":"scroll","background-type":"","background-media":"","overlay-type":"","overlay-color":"","overlay-opacity":"","overlay-gradient":""}}},"product_brand":[],"product_cat":[52,17,54],"product_tag":[],"class_list":{"0":"post-1973","1":"product","2":"type-product","3":"status-publish","4":"has-post-thumbnail","6":"product_cat-passport-services","7":"product_cat-globaldocs","8":"product_cat-new-passport-applications","9":"desktop-align-left","10":"tablet-align-left","11":"mobile-align-left","13":"first","14":"instock","15":"shipping-taxable","16":"product-type-external"},"_links":{"self":[{"href":"https:\/\/globaldocs.store\/de\/wp-json\/wp\/v2\/product\/1973","targetHints":{"allow":["GET"]}}],"collection":[{"href":"https:\/\/globaldocs.store\/de\/wp-json\/wp\/v2\/product"}],"about":[{"href":"https:\/\/globaldocs.store\/de\/wp-json\/wp\/v2\/types\/product"}],"replies":[{"embeddable":true,"href":"https:\/\/globaldocs.store\/de\/wp-json\/wp\/v2\/comments?post=1973"}],"version-history":[{"count":1,"href":"https:\/\/globaldocs.store\/de\/wp-json\/wp\/v2\/product\/1973\/revisions"}],"predecessor-version":[{"id":1975,"href":"https:\/\/globaldocs.store\/de\/wp-json\/wp\/v2\/product\/1973\/revisions\/1975"}],"wp:featuredmedia":[{"embeddable":true,"href":"https:\/\/globaldocs.store\/de\/wp-json\/wp\/v2\/media\/1974"}],"wp:attachment":[{"href":"https:\/\/globaldocs.store\/de\/wp-json\/wp\/v2\/media?parent=1973"}],"wp:term":[{"taxonomy":"product_brand","embeddable":true,"href":"https:\/\/globaldocs.store\/de\/wp-json\/wp\/v2\/product_brand?post=1973"},{"taxonomy":"product_cat","embeddable":true,"href":"https:\/\/globaldocs.store\/de\/wp-json\/wp\/v2\/product_cat?post=1973"},{"taxonomy":"product_tag","embeddable":true,"href":"https:\/\/globaldocs.store\/de\/wp-json\/wp\/v2\/product_tag?post=1973"}],"curies":[{"name":"wp","href":"https:\/\/api.w.org\/{rel}","templated":true}]}}