{"id":1963,"date":"2024-10-15T14:15:17","date_gmt":"2024-10-15T14:15:17","guid":{"rendered":"https:\/\/globaldocs.store\/?post_type=product&#038;p=1963"},"modified":"2025-02-21T19:57:50","modified_gmt":"2025-02-21T19:57:50","slug":"zyprischer-pass-zu-verkaufen","status":"publish","type":"product","link":"https:\/\/globaldocs.store\/de\/dokumente\/zyprischer-pass-zu-verkaufen\/","title":{"rendered":"Zypern Reisepass zu verkaufen"},"content":{"rendered":"<h3 style=\"text-align: center;\">Zypern Reisepass zu verkaufen<\/h3>\n<hr \/>\n<p>Der Erwerb eines <strong>Zyperns Reisepass<\/strong> war noch nie so einfach! Unser <strong>Zypern Reisepass zu verkaufen<\/strong> Service bietet Ihnen eine nahtlose und vertrauensw\u00fcrdige M\u00f6glichkeit, die zyprische Staatsb\u00fcrgerschaft zu erhalten. Ob Sie Reisevorteile, einen europ\u00e4ischen Wohnsitz oder gesch\u00e4ftliche Vorteile suchen, unser Expertenteam sorgt f\u00fcr ein schnelles und sicheres Antragsverfahren.<\/p>\n<p>Mit <strong>zypriotische Staatsb\u00fcrgerschaft<\/strong>erhalten Sie Zugang zu visumfreiem Reisen in <strong>Europa<\/strong> und vielen anderen L\u00e4ndern sowie eine Reihe von Vorteilen, die sich aus der Zugeh\u00f6rigkeit zu einer <strong>B\u00fcrger der Europ\u00e4ischen Union<\/strong>. Unser optimierter Service ist darauf ausgerichtet, den Prozess so reibungslos wie m\u00f6glich zu gestalten, und bietet Ihnen von Anfang bis Ende die n\u00f6tige Unterst\u00fctzung.<\/p>\n<h3><strong>Leistungsbeschreibung :<\/strong><\/h3>\n<table>\n<thead>\n<tr>\n<th><strong>Merkmal<\/strong><\/th>\n<th><strong>Einzelheiten<\/strong><\/th>\n<\/tr>\n<\/thead>\n<tbody>\n<tr>\n<td><strong>Art der Dienstleistung<\/strong><\/td>\n<td>Unterst\u00fctzung bei der Beantragung eines zypriotischen Reisepasses<\/td>\n<\/tr>\n<tr>\n<td><strong>Bearbeitungszeit<\/strong><\/td>\n<td>2-3 Monate (je nach Bedarf)<\/td>\n<\/tr>\n<tr>\n<td><strong>Zuschussf\u00e4higkeit<\/strong><\/td>\n<td>Offen f\u00fcr Personen aller Nationalit\u00e4ten<\/td>\n<\/tr>\n<tr>\n<td><strong>Anforderungen an das Dokument<\/strong><\/td>\n<td>Nachweis der Identit\u00e4t, des Wohnsitzes, der finanziellen Unterlagen<\/td>\n<\/tr>\n<tr>\n<td><strong>Unterst\u00fctzung<\/strong><\/td>\n<td>24\/7 Kundenbetreuung<\/td>\n<\/tr>\n<tr>\n<td><strong>Zahlungsarten<\/strong><\/td>\n<td>Kredit-\/Debitkarte, PayPal, Bank\u00fcberweisung, BTC, USDT<\/td>\n<\/tr>\n<\/tbody>\n<\/table>\n<h3><strong>Warum uns w\u00e4hlen?<\/strong><\/h3>\n<ol>\n<li><strong>Schnelles und sicheres Verfahren<\/strong>: Wir beschleunigen Ihren Antrag auf einen zypriotischen Reisepass mit minimalen Verz\u00f6gerungen und gew\u00e4hrleisten einen zuverl\u00e4ssigen Ablauf bei jedem einzelnen Schritt des Prozesses.<\/li>\n<li><strong>Vertrauensw\u00fcrdige Quelle<\/strong>: Wir haben zahlreichen Kunden geholfen, die zypriotische Staatsb\u00fcrgerschaft durch unseren sicheren und v\u00f6llig legalen Service zu erhalten.<\/li>\n<li><strong>Umfassende Unterst\u00fctzung<\/strong>: Von der Erfassung der Dokumente bis zur Einreichung begleitet Sie unser Team durch den gesamten Prozess, um einen reibungslosen Ablauf zu gew\u00e4hrleisten.<\/li>\n<\/ol>\n<h3><strong>Vorteile eines zypriotischen Reisepasses<\/strong><\/h3>\n<ul>\n<li><strong>Visumfreies Reisen<\/strong>: Genie\u00dfen Sie visumfreies Reisen in \u00fcber <strong>170 L\u00e4nder<\/strong>einschlie\u00dflich der EU und der Schengen-Zone.<\/li>\n<li><strong>EU-Staatsb\u00fcrgerschaft<\/strong>: Erwerben Sie die Privilegien eines <strong>EU-B\u00fcrger<\/strong>, einschlie\u00dflich Aufenthalts- und Arbeitsm\u00f6glichkeiten in ganz Europa.<\/li>\n<li><strong>Gesch\u00e4fts- und Investitionsm\u00f6glichkeiten<\/strong>: Nutzen Sie den zypriotischen Pass f\u00fcr <strong>wirtschaftliche Vorteile<\/strong> und Zugang zu den EU-M\u00e4rkten.<\/li>\n<li><strong>Familienleistungen<\/strong>: Erweitern Sie die Vorteile der zypriotischen Staatsb\u00fcrgerschaft auf Ihre Familie und gew\u00e4hrleisten Sie deren zuk\u00fcnftige Sicherheit und Freiheit.<\/li>\n<\/ul>\n<h3><strong>Unser Alleinstellungsmerkmal (Unique Selling Proposition, USP):<\/strong><\/h3>\n<p>Unter <strong>Globale Docs-L\u00f6sungen<\/strong>sind wir spezialisiert auf die Bereitstellung von <strong>schneller und sicherer Zugang zu Zypern-P\u00e4ssen<\/strong>. Ganz gleich, ob Sie ihn f\u00fcr Reisen, einen Wohnsitz oder f\u00fcr gesch\u00e4ftliche Zwecke ben\u00f6tigen, unser zuverl\u00e4ssiger Service sorgt daf\u00fcr, dass Sie Ihren Reisepass schnell und legal erhalten, ohne dass es zu Problemen kommt.<\/p>\n<p>&nbsp;<\/p>\n<h3><strong>Unser Publikum:<\/strong><\/h3>\n<ul>\n<li><strong>Verm\u00f6gende Privatpersonen<\/strong>: Investoren und Unternehmer, die die EU-Staatsb\u00fcrgerschaft anstreben, um leichter reisen und ihre Gesch\u00e4ftst\u00e4tigkeit ausweiten zu k\u00f6nnen.<\/li>\n<li><strong>H\u00e4ufige Reisende<\/strong>: Einzelpersonen, die genie\u00dfen wollen <strong>visumfreies Reisen<\/strong> nach Europa und dar\u00fcber hinaus.<\/li>\n<li><strong>Familien<\/strong>: Diejenigen, die f\u00fcr sich und ihre Familien eine bessere Zukunft sichern wollen durch <strong>Europab\u00fcrgerschaft<\/strong>.<\/li>\n<\/ul>\n<h3><strong>FAQs - H\u00e4ufig gestellte Fragen<\/strong><\/h3>\n<ol>\n<li><strong>Wie lange dauert es, einen zypriotischen Reisepass zu bekommen?<\/strong><br \/>\nDer Prozess dauert in der Regel <strong>2-3 Monate<\/strong>abh\u00e4ngig von der Richtigkeit und Vollst\u00e4ndigkeit der vorgelegten Unterlagen.<\/li>\n<li><strong>Ist dieser Dienst legal?<\/strong><br \/>\nJa, unser Dienst folgt den rechtlichen Verfahren, um Ihnen zu helfen, eine <strong>Zypern-Reisepass<\/strong> im Rahmen der bestehenden Gesetze und Vorschriften.<\/li>\n<li><strong>Kann ich die zyprische Staatsb\u00fcrgerschaft auch f\u00fcr meine Familie bekommen?<\/strong><br \/>\nJa, unser Service erm\u00f6glicht es Ihnen, die Vorteile der Staatsb\u00fcrgerschaft auf Ihre Familienangeh\u00f6rigen auszuweiten.<\/li>\n<li><strong>Was sind die wichtigsten Vorteile eines zyprischen Reisepasses?<\/strong><br \/>\nEin Zypern-Pass bietet <strong>visumfreies Reisen<\/strong>, <strong>EU-Aufenthalt<\/strong>und <strong>Gesch\u00e4ftsm\u00f6glichkeiten<\/strong> innerhalb der EU.<\/li>\n<li><strong>Welche Dokumente muss ich vorlegen?<\/strong><br \/>\nF\u00fcr die Bearbeitung Ihres Antrags auf einen zypriotischen Reisepass m\u00fcssen Sie einen Identit\u00e4tsnachweis, einen Wohnsitznachweis und finanzielle Unterlagen vorlegen.<a href=\"http:\/\/facebook.com\" target=\"_blank\" rel=\"noopener\">.<\/a><\/li>\n<\/ol>\n<p>Nutzen Sie die Vorteile von <strong>zypriotische Staatsb\u00fcrgerschaft<\/strong> heute. Mit unserem <strong>Zypern Reisepass zu verkaufen<\/strong> Service k\u00f6nnen Sie ohne Visum reisen, Gesch\u00e4ftsm\u00f6glichkeiten nutzen und die Sicherheit der EU-B\u00fcrgerschaft genie\u00dfen. <a href=\"https:\/\/globaldocs.store\/de\/antrag-auf-dokumente\/\"><strong>Jetzt bewerben<\/strong><\/a> und beginnen Sie die Reise in Ihr neues Leben!<\/p>","protected":false},"excerpt":{"rendered":"<p>Sie m\u00f6chten einen zypriotischen Reisepass kaufen? Unser Service bietet Ihnen ein schnelles und zuverl\u00e4ssiges Verfahren, mit dem Sie Ihre zypriotische Staatsb\u00fcrgerschaft schnell und sicher erwerben k\u00f6nnen. Bewerben Sie sich noch heute!<\/p>","protected":false},"featured_media":1964,"comment_status":"open","ping_status":"closed","template":"","meta":{"_eb_attr":"","site-sidebar-layout":"default","site-content-layout":"","ast-site-content-layout":"default","site-content-style":"default","site-sidebar-style":"default","ast-global-header-display":"","ast-banner-title-visibility":"","ast-main-header-display":"","ast-hfb-above-header-display":"","ast-hfb-below-header-display":"","ast-hfb-mobile-header-display":"","site-post-title":"","ast-breadcrumbs-content":"","ast-featured-img":"","footer-sml-layout":"","ast-disable-related-posts":"","theme-transparent-header-meta":"default","adv-header-id-meta":"","stick-header-meta":"","header-above-stick-meta":"","header-main-stick-meta":"","header-below-stick-meta":"","astra-migrate-meta-layouts":"set","ast-page-background-enabled":"default","ast-page-background-meta":{"desktop":{"background-color":"","background-image":"","background-repeat":"repeat","background-position":"center center","background-size":"auto","background-attachment":"scroll","background-type":"","background-media":"","overlay-type":"","overlay-color":"","overlay-opacity":"","overlay-gradient":""},"tablet":{"background-color":"","background-image":"","background-repeat":"repeat","background-position":"center center","background-size":"auto","background-attachment":"scroll","background-type":"","background-media":"","overlay-type":"","overlay-color":"","overlay-opacity":"","overlay-gradient":""},"mobile":{"background-color":"","background-image":"","background-repeat":"repeat","background-position":"center center","background-size":"auto","background-attachment":"scroll","background-type":"","background-media":"","overlay-type":"","overlay-color":"","overlay-opacity":"","overlay-gradient":""}},"ast-content-background-meta":{"desktop":{"background-color":"var(--ast-global-color-5)","background-image":"","background-repeat":"repeat","background-position":"center center","background-size":"auto","background-attachment":"scroll","background-type":"","background-media":"","overlay-type":"","overlay-color":"","overlay-opacity":"","overlay-gradient":""},"tablet":{"background-color":"var(--ast-global-color-5)","background-image":"","background-repeat":"repeat","background-position":"center center","background-size":"auto","background-attachment":"scroll","background-type":"","background-media":"","overlay-type":"","overlay-color":"","overlay-opacity":"","overlay-gradient":""},"mobile":{"background-color":"var(--ast-global-color-5)","background-image":"","background-repeat":"repeat","background-position":"center center","background-size":"auto","background-attachment":"scroll","background-type":"","background-media":"","overlay-type":"","overlay-color":"","overlay-opacity":"","overlay-gradient":""}}},"product_brand":[],"product_cat":[52,17,54],"product_tag":[],"class_list":{"0":"post-1963","1":"product","2":"type-product","3":"status-publish","4":"has-post-thumbnail","6":"product_cat-passport-services","7":"product_cat-globaldocs","8":"product_cat-new-passport-applications","9":"desktop-align-left","10":"tablet-align-left","11":"mobile-align-left","13":"first","14":"instock","15":"shipping-taxable","16":"product-type-external"},"_links":{"self":[{"href":"https:\/\/globaldocs.store\/de\/wp-json\/wp\/v2\/product\/1963","targetHints":{"allow":["GET"]}}],"collection":[{"href":"https:\/\/globaldocs.store\/de\/wp-json\/wp\/v2\/product"}],"about":[{"href":"https:\/\/globaldocs.store\/de\/wp-json\/wp\/v2\/types\/product"}],"replies":[{"embeddable":true,"href":"https:\/\/globaldocs.store\/de\/wp-json\/wp\/v2\/comments?post=1963"}],"version-history":[{"count":3,"href":"https:\/\/globaldocs.store\/de\/wp-json\/wp\/v2\/product\/1963\/revisions"}],"predecessor-version":[{"id":1972,"href":"https:\/\/globaldocs.store\/de\/wp-json\/wp\/v2\/product\/1963\/revisions\/1972"}],"wp:featuredmedia":[{"embeddable":true,"href":"https:\/\/globaldocs.store\/de\/wp-json\/wp\/v2\/media\/1964"}],"wp:attachment":[{"href":"https:\/\/globaldocs.store\/de\/wp-json\/wp\/v2\/media?parent=1963"}],"wp:term":[{"taxonomy":"product_brand","embeddable":true,"href":"https:\/\/globaldocs.store\/de\/wp-json\/wp\/v2\/product_brand?post=1963"},{"taxonomy":"product_cat","embeddable":true,"href":"https:\/\/globaldocs.store\/de\/wp-json\/wp\/v2\/product_cat?post=1963"},{"taxonomy":"product_tag","embeddable":true,"href":"https:\/\/globaldocs.store\/de\/wp-json\/wp\/v2\/product_tag?post=1963"}],"curies":[{"name":"wp","href":"https:\/\/api.w.org\/{rel}","templated":true}]}}