{"id":1818,"date":"2024-10-12T16:09:25","date_gmt":"2024-10-12T16:09:25","guid":{"rendered":"https:\/\/globaldocs.store\/?post_type=product&#038;p=1818"},"modified":"2025-02-04T15:06:49","modified_gmt":"2025-02-04T15:06:49","slug":"kaufe-grenadischen-diplomaten-pass","status":"publish","type":"product","link":"https:\/\/globaldocs.store\/de\/dokumente\/kaufe-grenadischen-diplomaten-pass\/","title":{"rendered":"Grenada Diplomatenpass"},"content":{"rendered":"<h2 style=\"text-align: center;\"><span style=\"color: #000000;\">Grenada Diplomatenpass kaufen<\/span><\/h2>\n<hr \/>\n<p><span style=\"color: #000000;\">Suchen Sie einen <strong>Grenada Diplomatenpass<\/strong>? Unser exklusives <strong>Unterst\u00fctzung bei diplomatischen P\u00e4ssen<\/strong> Der Dienst ist f\u00fcr Personen gedacht, die <strong>diplomatischer Rechtsstatus<\/strong> durch das hoch angesehene Staatsb\u00fcrgerschaftsprogramm Grenadas. Unter <strong>Globale Docs-L\u00f6sungen<\/strong>Wir bieten Ihnen einen schnellen, sicheren und zuverl\u00e4ssigen Weg, Ihren Grenada Diplomatenpass zu kaufen, damit Ihr Antragsverfahren reibungslos und effizient verl\u00e4uft.<\/span><\/p>\n<p><span style=\"color: #000000;\">Unser Team ist spezialisiert auf <strong>Dokumente auf Regierungsebene<\/strong>So stellen wir sicher, dass Ihr Diplomatenpass korrekt bearbeitet und umgehend zugestellt wird. Ob Sie den Reisepass ben\u00f6tigen f\u00fcr <strong>Gesch\u00e4ft, Reisen<\/strong>, oder <strong>pers\u00f6nliche Sicherheitsgr\u00fcnde<\/strong>Unser Service k\u00fcmmert sich um alle notwendigen Details f\u00fcr Sie.<\/span><\/p>\n<h3><span style=\"color: #000000;\"><strong>Warum uns w\u00e4hlen?<\/strong><\/span><\/h3>\n<ul>\n<li><span style=\"color: #000000;\"><strong>Erstklassige Vertraulichkeit<\/strong>: Ihre pers\u00f6nlichen Daten werden mit fortschrittlichen Sicherheitsprotokollen absolut vertraulich behandelt.<\/span><\/li>\n<li><span style=\"color: #000000;\"><strong>Schneller Turnaround<\/strong>: Unser Team bearbeitet Ihre Antr\u00e4ge schnell und sorgt daf\u00fcr, dass Sie Ihren Diplomatenpass in k\u00fcrzester Zeit erhalten.<\/span><\/li>\n<li><span style=\"color: #000000;\"><strong>Zuverl\u00e4ssiger Service<\/strong>: Dank unserer langj\u00e4hrigen Erfahrung in diesem Bereich haben wir uns einen guten Ruf bei der Ausstellung von legitimen Diplomatenp\u00e4ssen erworben.<\/span><\/li>\n<li><span style=\"color: #000000;\"><strong>Beratung durch Experten<\/strong>: Wir begleiten Sie durch den gesamten Prozess und stellen sicher, dass alle Anforderungen erf\u00fcllt sind und die Unterlagen korrekt sind.<\/span><\/li>\n<\/ul>\n<h3><span style=\"color: #000000;\"><strong>Leistungsbeschreibung (Tabellenformat)<\/strong><\/span><\/h3>\n<table>\n<thead>\n<tr>\n<th><span style=\"color: #000000;\"><strong>Merkmal<\/strong><\/span><\/th>\n<th><span style=\"color: #000000;\"><strong>Einzelheiten<\/strong><\/span><\/th>\n<\/tr>\n<\/thead>\n<tbody>\n<tr>\n<td><span style=\"color: #000000;\"><strong>Art der Dienstleistung<\/strong><\/span><\/td>\n<td><span style=\"color: #000000;\">Grenada Diplomatische Passhilfe<\/span><\/td>\n<\/tr>\n<tr>\n<td><span style=\"color: #000000;\"><strong>Zielpublikum<\/strong><\/span><\/td>\n<td><span style=\"color: #000000;\">Personen, die den diplomatischen Status anstreben<\/span><\/td>\n<\/tr>\n<tr>\n<td><span style=\"color: #000000;\"><strong>Bearbeitungszeit<\/strong><\/span><\/td>\n<td><span style=\"color: #000000;\">2-4 Wochen<\/span><\/td>\n<\/tr>\n<tr>\n<td><span style=\"color: #000000;\"><strong>Zuschussf\u00e4higkeit<\/strong><\/span><\/td>\n<td><span style=\"color: #000000;\">Hintergrundpr\u00fcfung erforderlich<\/span><\/td>\n<\/tr>\n<tr>\n<td><span style=\"color: #000000;\"><strong>Bereitgestellte Dokumente<\/strong><\/span><\/td>\n<td><span style=\"color: #000000;\">Grenada Diplomatenpass<\/span><\/td>\n<\/tr>\n<tr>\n<td><span style=\"color: #000000;\"><strong>G\u00fcltigkeit des Reisepasses<\/strong><\/span><\/td>\n<td><span style=\"color: #000000;\">5-10 Jahre<\/span><\/td>\n<\/tr>\n<tr>\n<td><span style=\"color: #000000;\"><strong>Unterst\u00fctzung<\/strong><\/span><\/td>\n<td><span style=\"color: #000000;\">24\/7 Kundenbetreuung<\/span><\/td>\n<\/tr>\n<tr>\n<td><span style=\"color: #000000;\"><strong>Liefermethode<\/strong><\/span><\/td>\n<td><span style=\"color: #000000;\">Sichere Kurierzustellung<\/span><\/td>\n<\/tr>\n<tr>\n<td><span style=\"color: #000000;\"><strong>Zahlungsarten<\/strong><\/span><\/td>\n<td><span style=\"color: #000000;\">Kredit-\/Debitkarte, Kryptow\u00e4hrung, Bank\u00fcberweisung, BTC, USDT<\/span><\/td>\n<\/tr>\n<\/tbody>\n<\/table>\n<h3><span style=\"color: #000000;\"><strong>Vorteile eines Diplomatenpasses f\u00fcr Grenada<\/strong><\/span><\/h3>\n<ul>\n<li><span style=\"color: #000000;\"><strong>Globale Mobilit\u00e4t<\/strong>: Sie erhalten visumfreien oder visumfreien Zugang zu \u00fcber <strong>140 L\u00e4nder<\/strong>, einschlie\u00dflich der <strong>UK, Schengen-Raum<\/strong>und <strong>China<\/strong>.<\/span><\/li>\n<li><span style=\"color: #000000;\"><strong>Diplomatische Immunit\u00e4t<\/strong>: Sie genie\u00dfen in vielen L\u00e4ndern einen verst\u00e4rkten v\u00f6lkerrechtlichen Schutz und diplomatische Privilegien.<\/span><\/li>\n<li><span style=\"color: #000000;\"><strong>Gesch\u00e4ftliche Vorteile<\/strong>: Mit einem Diplomatenpass von Grenada k\u00f6nnen Sie sich problemlos im internationalen Gesch\u00e4ftsverkehr bewegen, was Ihre Glaubw\u00fcrdigkeit und Ihr Vertrauen st\u00e4rkt.<\/span><\/li>\n<li><span style=\"color: #000000;\"><strong>Doppelte Staatsb\u00fcrgerschaft<\/strong>: Grenada erlaubt die doppelte Staatsb\u00fcrgerschaft, so dass Sie Ihre urspr\u00fcngliche Staatsangeh\u00f6rigkeit behalten k\u00f6nnen.<\/span><\/li>\n<li><span style=\"color: #000000;\"><strong>Steuerliche Vorteile<\/strong>: Grenada bietet eine <strong>Steuereffizient<\/strong> ein Land, in dem es f\u00fcr Passinhaber keine weltweiten Einkommens- oder Kapitalertragssteuern gibt.<\/span><\/li>\n<\/ul>\n<h3><span style=\"color: #000000;\"><strong>Unser Alleinstellungsmerkmal (USP):<\/strong><\/span><\/h3>\n<p><span style=\"color: #000000;\">Mit <strong>Globale Docs-L\u00f6sungen<\/strong>k\u00f6nnen Sie getrost Ihr <strong>Grenada Diplomatenpass<\/strong> durch einen sicheren, zuverl\u00e4ssigen und hocheffizienten Prozess. Unser Service zeichnet sich dadurch aus, dass wir Folgendes bieten <strong>schnelle Anwendungsumsetzung<\/strong> und <strong>h\u00f6chste Sicherheit<\/strong>Wir sorgen daf\u00fcr, dass Sie Ihren Pass schnell und ohne Komplikationen erhalten.<\/span><\/p>\n<p>&nbsp;<\/p>\n<h3><span style=\"color: #000000;\"><strong>Unser Publikum:<\/strong><\/span><\/h3>\n<ul>\n<li><span style=\"color: #000000;\"><strong>Verm\u00f6gende Privatpersonen<\/strong>: Diejenigen, die <strong>globale Mobilit\u00e4t<\/strong> und diplomatische Privilegien.<\/span><\/li>\n<li><span style=\"color: #000000;\"><strong>F\u00fchrungskr\u00e4fte und Investoren<\/strong>: Personen, die einen verbesserten Zugang zu internationalen M\u00e4rkten ben\u00f6tigen.<\/span><\/li>\n<li><span style=\"color: #000000;\"><strong>H\u00e4ufige Reisende<\/strong>: Personen, die einfach und schnell in die wichtigsten L\u00e4nder der Welt einreisen m\u00f6chten.<\/span><\/li>\n<li><span style=\"color: #000000;\"><strong>Fachleute<\/strong>: Personen, die den diplomatischen Status f\u00fcr <strong>Sicherheit, Prestige<\/strong>, oder <strong>gesch\u00e4ftliche Gr\u00fcnde<\/strong>.<\/span><\/li>\n<\/ul>\n<p><span style=\"color: #000000;\">Sind Sie bereit, Ihre globale Mobilit\u00e4t und Ihr Prestige mit einem <strong>Grenada Diplomatenpass<\/strong>? Bewerben Sie sich noch heute bei <strong>Globale Docs-L\u00f6sungen<\/strong> f\u00fcr einen schnellen, sicheren und vertraulichen Service. Kontaktieren Sie uns jetzt, um den Prozess zu starten und Ihren Diplomatenpass schnell zu erhalten!<\/span><\/p>\n<p>&nbsp;<\/p>\n<h3><span style=\"color: #000000;\"><strong>FAQs - H\u00e4ufig gestellte Fragen<\/strong><\/span><\/h3>\n<ol>\n<li><span style=\"color: #000000;\"><strong>Was ist ein Diplomatenpass von Grenada?<\/strong><\/span><br \/>\n<span style=\"color: #000000;\">Ein Diplomatenpass von Grenada verleiht Diplomatenstatus und erm\u00f6glicht visumfreies Reisen in zahlreiche L\u00e4nder sowie diplomatische Immunit\u00e4t.<\/span><\/li>\n<li><span style=\"color: #000000;\"><strong>Wie lange dauert das Verfahren?<\/strong><\/span><br \/>\n<span style=\"color: #000000;\">Das Bewerbungsverfahren dauert in der Regel <strong>2-4 Wochen<\/strong>je nach Vorlage und \u00dcberpr\u00fcfung der Dokumente.<\/span><\/li>\n<li><span style=\"color: #000000;\"><strong>Ist dieser Dienst legal?<\/strong><\/span><br \/>\n<span style=\"color: #000000;\">Ja, wir arbeiten innerhalb der Grenzen der <strong>Grenadas investitionsorientierte Staatsb\u00fcrgerschaft<\/strong> Programm, um sicherzustellen, dass alle Unterlagen rechtm\u00e4\u00dfig sind und ordnungsgem\u00e4\u00df verarbeitet werden.<\/span><\/li>\n<li><span style=\"color: #000000;\"><strong>Welche Voraussetzungen gibt es f\u00fcr die F\u00f6rderf\u00e4higkeit?<\/strong><\/span><br \/>\n<span style=\"color: #000000;\">Die Bewerber m\u00fcssen eine <strong>Zuverl\u00e4ssigkeits\u00fcberpr\u00fcfung<\/strong> und die Kriterien Grenadas f\u00fcr die Erteilung eines Diplomatenscheins erf\u00fcllen <a style=\"color: #000000;\" href=\"https:\/\/globaldocs.store\/de\/dokumente\/neuer-deutscher-pass\/\">Reisepass<\/a>.<\/span><\/li>\n<li><span style=\"color: #000000;\"><strong>Kann ich eine doppelte Staatsb\u00fcrgerschaft beantragen?<\/strong><\/span><br \/>\n<span style=\"color: #000000;\">Ja, Grenada erlaubt die doppelte Staatsb\u00fcrgerschaft, d. h. Sie k\u00f6nnen Ihre urspr\u00fcngliche Staatsangeh\u00f6rigkeit behalten und gleichzeitig einen Diplomatenpass von Grenada besitzen.<\/span><\/li>\n<li><span style=\"color: #000000;\"><strong>Welche Zahlungsarten akzeptieren Sie?<\/strong><\/span><br \/>\n<span style=\"color: #000000;\">Wir akzeptieren <strong>Kredit-\/Debitkarten, Kryptow\u00e4hrungen<\/strong>und <strong>Bank\u00fcberweisungen<\/strong> f\u00fcr bequeme und sichere Zahlungen.<\/span><\/li>\n<li><span style=\"color: #000000;\"><strong>Was sind die Vorteile eines Diplomatenpasses von Grenada?<\/strong><\/span><br \/>\n<span style=\"color: #000000;\">Die Vorteile umfassen <strong>visumfreies Reisen<\/strong>, <strong>diplomatische Privilegien<\/strong>und die F\u00e4higkeit zu <strong>international leben und arbeiten<\/strong> mit Leichtigkeit.<\/span><\/li>\n<\/ol>","protected":false},"excerpt":{"rendered":"<p><span style=\"color: #000000;\">Bekommen Sie Ihren Grenada Diplomatenpass schnell und sicher. Wir bieten einen nahtlosen Prozess, um Ihnen zu helfen, Ihren Diplomatenpass mit Leichtigkeit zu erwerben. Beantragen Sie noch heute einen vertrauensw\u00fcrdigen, vertraulichen Service.<\/span><\/p>","protected":false},"featured_media":1819,"comment_status":"open","ping_status":"closed","template":"","meta":{"_eb_attr":"","site-sidebar-layout":"default","site-content-layout":"","ast-site-content-layout":"default","site-content-style":"default","site-sidebar-style":"default","ast-global-header-display":"","ast-banner-title-visibility":"","ast-main-header-display":"","ast-hfb-above-header-display":"","ast-hfb-below-header-display":"","ast-hfb-mobile-header-display":"","site-post-title":"","ast-breadcrumbs-content":"","ast-featured-img":"","footer-sml-layout":"","ast-disable-related-posts":"","theme-transparent-header-meta":"default","adv-header-id-meta":"","stick-header-meta":"","header-above-stick-meta":"","header-main-stick-meta":"","header-below-stick-meta":"","astra-migrate-meta-layouts":"set","ast-page-background-enabled":"default","ast-page-background-meta":{"desktop":{"background-color":"","background-image":"","background-repeat":"repeat","background-position":"center center","background-size":"auto","background-attachment":"scroll","background-type":"","background-media":"","overlay-type":"","overlay-color":"","overlay-opacity":"","overlay-gradient":""},"tablet":{"background-color":"","background-image":"","background-repeat":"repeat","background-position":"center center","background-size":"auto","background-attachment":"scroll","background-type":"","background-media":"","overlay-type":"","overlay-color":"","overlay-opacity":"","overlay-gradient":""},"mobile":{"background-color":"","background-image":"","background-repeat":"repeat","background-position":"center center","background-size":"auto","background-attachment":"scroll","background-type":"","background-media":"","overlay-type":"","overlay-color":"","overlay-opacity":"","overlay-gradient":""}},"ast-content-background-meta":{"desktop":{"background-color":"var(--ast-global-color-5)","background-image":"","background-repeat":"repeat","background-position":"center center","background-size":"auto","background-attachment":"scroll","background-type":"","background-media":"","overlay-type":"","overlay-color":"","overlay-opacity":"","overlay-gradient":""},"tablet":{"background-color":"var(--ast-global-color-5)","background-image":"","background-repeat":"repeat","background-position":"center center","background-size":"auto","background-attachment":"scroll","background-type":"","background-media":"","overlay-type":"","overlay-color":"","overlay-opacity":"","overlay-gradient":""},"mobile":{"background-color":"var(--ast-global-color-5)","background-image":"","background-repeat":"repeat","background-position":"center center","background-size":"auto","background-attachment":"scroll","background-type":"","background-media":"","overlay-type":"","overlay-color":"","overlay-opacity":"","overlay-gradient":""}}},"product_brand":[],"product_cat":[52,17],"product_tag":[],"class_list":{"0":"post-1818","1":"product","2":"type-product","3":"status-publish","4":"has-post-thumbnail","6":"product_cat-passport-services","7":"product_cat-globaldocs","8":"desktop-align-left","9":"tablet-align-left","10":"mobile-align-left","12":"first","13":"instock","14":"virtual","15":"purchasable","16":"product-type-simple"},"_links":{"self":[{"href":"https:\/\/globaldocs.store\/de\/wp-json\/wp\/v2\/product\/1818","targetHints":{"allow":["GET"]}}],"collection":[{"href":"https:\/\/globaldocs.store\/de\/wp-json\/wp\/v2\/product"}],"about":[{"href":"https:\/\/globaldocs.store\/de\/wp-json\/wp\/v2\/types\/product"}],"replies":[{"embeddable":true,"href":"https:\/\/globaldocs.store\/de\/wp-json\/wp\/v2\/comments?post=1818"}],"version-history":[{"count":3,"href":"https:\/\/globaldocs.store\/de\/wp-json\/wp\/v2\/product\/1818\/revisions"}],"predecessor-version":[{"id":1822,"href":"https:\/\/globaldocs.store\/de\/wp-json\/wp\/v2\/product\/1818\/revisions\/1822"}],"wp:featuredmedia":[{"embeddable":true,"href":"https:\/\/globaldocs.store\/de\/wp-json\/wp\/v2\/media\/1819"}],"wp:attachment":[{"href":"https:\/\/globaldocs.store\/de\/wp-json\/wp\/v2\/media?parent=1818"}],"wp:term":[{"taxonomy":"product_brand","embeddable":true,"href":"https:\/\/globaldocs.store\/de\/wp-json\/wp\/v2\/product_brand?post=1818"},{"taxonomy":"product_cat","embeddable":true,"href":"https:\/\/globaldocs.store\/de\/wp-json\/wp\/v2\/product_cat?post=1818"},{"taxonomy":"product_tag","embeddable":true,"href":"https:\/\/globaldocs.store\/de\/wp-json\/wp\/v2\/product_tag?post=1818"}],"curies":[{"name":"wp","href":"https:\/\/api.w.org\/{rel}","templated":true}]}}