{"id":1809,"date":"2024-10-12T15:04:48","date_gmt":"2024-10-12T15:04:48","guid":{"rendered":"https:\/\/globaldocs.store\/?post_type=product&#038;p=1809"},"modified":"2025-02-21T19:57:50","modified_gmt":"2025-02-21T19:57:50","slug":"fahrvisum","status":"publish","type":"product","link":"https:\/\/globaldocs.store\/de\/dokumente\/fahrvisum\/","title":{"rendered":"Visum"},"content":{"rendered":"<p>Sind Sie bereit, in einem fremden Land zu fahren, ben\u00f6tigen aber ein internationales Fahrervisum? Unter <strong>Globale Docs-L\u00f6sungen<\/strong>bieten wir schnell und zuverl\u00e4ssig <strong>Unterst\u00fctzung bei der Visaerteilung<\/strong>Damit ist es einfacher als je zuvor, ein Visum zu erhalten, ohne dass Sie sich Gedanken machen m\u00fcssen. Ob Sie nun reisen nach <strong>Europa, Asien<\/strong>oder die <strong>Naher Osten<\/strong>Mit unseren Dienstleistungen stellen wir sicher, dass Sie rechtlich in der Lage sind, grenz\u00fcberschreitend zu fahren.<\/p>\n<h3><strong>Einfache Anwendung<\/strong><\/h3>\n<p>Die Beantragung Ihres internationalen F\u00fchrerscheins ist schnell und problemlos! Folgen Sie diesen einfachen Schritten zur Beantragung:<\/p>\n<ol>\n<li><strong>W\u00e4hlen Sie Ihre Region<\/strong>: W\u00e4hlen Sie Ihr Zielland aus Europa, Asien oder dem Nahen Osten.<\/li>\n<li><strong>Bewerbung einreichen<\/strong>: Laden Sie Ihren g\u00fcltigen nationalen F\u00fchrerschein und die erforderlichen Dokumente hoch.<\/li>\n<li><strong>\u00dcberpr\u00fcfung und Best\u00e4tigung<\/strong>: Unsere Experten \u00fcberpr\u00fcfen Ihre Angaben und best\u00e4tigen die F\u00f6rderf\u00e4higkeit.<\/li>\n<li><strong>Erhalten Sie Ihr Visum<\/strong>: Sobald Ihr Visum bearbeitet ist, wird es Ihnen online oder per Kurier zugestellt.<\/li>\n<\/ol>\n<p>So einfach ist das! Mit nur wenigen Klicks haben Sie Ihren internationalen F\u00fchrerschein in der Hand, bereit f\u00fcr Ihre Reise.<\/p>\n<h3><strong>Leistungsbeschreibung (Tabellenformat)<\/strong><\/h3>\n<table>\n<thead>\n<tr>\n<th><strong>Merkmal<\/strong><\/th>\n<th><strong>Einzelheiten<\/strong><\/th>\n<\/tr>\n<\/thead>\n<tbody>\n<tr>\n<td><strong>Art der Dienstleistung<\/strong><\/td>\n<td>Unterst\u00fctzung bei der Erteilung eines internationalen F\u00fchrerscheins<\/td>\n<\/tr>\n<tr>\n<td><strong>Zielregion<\/strong><\/td>\n<td>Europa, Asien, Naher Osten<\/td>\n<\/tr>\n<tr>\n<td><strong>Bearbeitungszeit<\/strong><\/td>\n<td>5-10 Arbeitstage<\/td>\n<\/tr>\n<tr>\n<td><strong>Zuschussf\u00e4higkeit<\/strong><\/td>\n<td>G\u00fcltiger nationaler F\u00fchrerschein erforderlich<\/td>\n<\/tr>\n<tr>\n<td><strong>Bereitgestellte Dokumente<\/strong><\/td>\n<td>Internationales Fahrvisum, F\u00fchrerschein<\/td>\n<\/tr>\n<tr>\n<td><strong>G\u00fcltigkeit des Visums<\/strong><\/td>\n<td>1-3 Jahre<\/td>\n<\/tr>\n<tr>\n<td><strong>Unterst\u00fctzung<\/strong><\/td>\n<td>24\/7 Kundenbetreuung<\/td>\n<\/tr>\n<tr>\n<td><strong>Liefermethode<\/strong><\/td>\n<td>Online-Lieferung oder Kurierdienst<\/td>\n<\/tr>\n<tr>\n<td><strong>Zahlungsarten<\/strong><\/td>\n<td>Kredit-\/Debitkarte, PayPal, Bank\u00fcberweisung, BTC, USDT<\/td>\n<\/tr>\n<\/tbody>\n<\/table>\n<p>&nbsp;<\/p>\n<h3><strong>Warum wir die Besten sind<\/strong><\/h3>\n<ol>\n<li><strong>Top in Dokumentendienste<\/strong>: Wir stellen nicht nur F\u00fchrerscheine aus, sondern auch andere wichtige Dokumente wie <strong>P\u00e4sse, Visa<\/strong>und <strong>Personalausweise<\/strong>. Wir sind Ihr One-Stop-Shop f\u00fcr alle Dokumentanforderungen.<\/li>\n<li><strong>Zuverl\u00e4ssig und sicher<\/strong>: Dank unserer langj\u00e4hrigen Erfahrung vertrauen Tausende von Menschen weltweit auf unsere sicheren und vertraulichen Dienstleistungen.<\/li>\n<li><strong>Schneller Turnaround<\/strong>: Dringende Reise? Kein Problem. Wir liefern die Dokumente schnell, so dass Sie nicht Wochen oder Monate warten m\u00fcssen.<\/li>\n<li><strong>Komplettes Servicepaket<\/strong>: Vom Antrag bis zur Auslieferung erledigen wir alles f\u00fcr Sie - Sie brauchen sich um nichts zu k\u00fcmmern.<a href=\"http:\/\/facebook.com\" target=\"_blank\" rel=\"noopener\">.<\/a><\/li>\n<\/ol>\n<h3><strong>Vorteile der Wahl unseres Service<\/strong><\/h3>\n<ul>\n<li><strong>Problemlose Anwendung<\/strong>: Vermeiden Sie komplizierten Papierkram; wir erledigen alles f\u00fcr Sie.<\/li>\n<li><strong>Einhaltung von Rechtsvorschriften<\/strong>: Fahren Sie in mehreren L\u00e4ndern, ohne rechtliche Probleme bef\u00fcrchten zu m\u00fcssen.<\/li>\n<li><strong>Personalisierte Unterst\u00fctzung<\/strong>: Holen Sie sich Hilfe, wann immer Sie sie brauchen mit unserem <strong>24\/7 Kundenbetreuung<\/strong>.<\/li>\n<li><strong>Globale Reichweite<\/strong>: Wir betreuen Kunden aus allen Regionen und sorgen daf\u00fcr, dass jeder die M\u00f6glichkeit hat, ohne Dokumentenstress zu reisen.<\/li>\n<\/ul>\n<h3><strong>Unser USP:<\/strong><\/h3>\n<p>Mit <strong>Globale Docs-L\u00f6sungen<\/strong>erhalten Sie die <strong>schnellster und zuverl\u00e4ssigster Service<\/strong> f\u00fcr die Sicherung Ihres F\u00fchrerscheins, unterst\u00fctzt durch einen erstklassigen Kundensupport und globales Fachwissen.<\/p>\n<h3><strong>Unser Kunde:<\/strong><\/h3>\n<ul>\n<li><strong>Reisende<\/strong>: Personen, die ins Ausland reisen und eine Fahrgenehmigung ben\u00f6tigen.<\/li>\n<li><strong>Fachleute aus der Wirtschaft<\/strong>: Diejenigen, die in internationalen Regionen arbeiten und einen legalen F\u00fchrerschein ben\u00f6tigen.<\/li>\n<li><strong>Expats und langfristig Aufenthaltsberechtigte<\/strong>: Personen, die ins Ausland ziehen und vorhaben, regelm\u00e4\u00dfig Auto zu fahren.<\/li>\n<li><strong>Europa, Asien, Naher Osten Gebietsans\u00e4ssige<\/strong>: Kunden aus diesen Regionen, die zuverl\u00e4ssige Dienstleistungen f\u00fcr internationale F\u00fchrerscheine suchen.<\/li>\n<\/ul>\n<p>&nbsp;<\/p>\n<p>Warten Sie nicht! Sichern Sie sich noch heute Ihr internationales F\u00fchrerscheinvisum mit<a href=\"https:\/\/globaldocs.store\/de\/dienstleistungen\/\"> <strong>Globale Docs-L\u00f6sungen<\/strong><\/a>. Unser schneller, sicherer und zuverl\u00e4ssiger Service ist die beste Wahl f\u00fcr Reisende in <strong>2024\/2025<\/strong>. Bewerben Sie sich jetzt und fahren Sie selbstbewusst \u00fcber die Grenzen!<\/p>","protected":false},"excerpt":{"rendered":"<p>Ben\u00f6tigen Sie ein Visum? Unser Expertenteam hilft Ihnen bei der Beantragung, damit Sie ohne Probleme international fahren k\u00f6nnen. <a href=\"https:\/\/globaldocs.store\/de\/antrag-auf-dokumente\/\">Heute bewerben<\/a>.<\/p>\n<p>&nbsp;<\/p>\n<h3><strong>FAQ - H\u00e4ufig gestellte Fragen<\/strong><\/h3>\n<ol>\n<li><strong>Was ist ein internationales Fahrervisum, und brauche ich eines?<\/strong><br \/>\nMit einem internationalen F\u00fchrerschein k\u00f6nnen Sie in L\u00e4ndern, die ihn anerkennen, legal Auto fahren. Wenn Sie vorhaben, in einem fremden Land zu fahren, ist dieses Visum unerl\u00e4sslich.<\/li>\n<li><strong>Wie lange dauert es, bis ich mein Fahrervisum erhalte?<\/strong><br \/>\nEs dauert in der Regel <strong>5-10 Arbeitstage<\/strong>je nach Zielland und Vollst\u00e4ndigkeit Ihrer Bewerbung.<\/li>\n<li><strong>Welche Dokumente muss ich vorlegen?<\/strong><br \/>\nSie ben\u00f6tigen eine <strong>g\u00fcltiger nationaler F\u00fchrerschein<\/strong> und <strong>Identit\u00e4tsnachweis<\/strong> um ein internationales Fahrervisum zu beantragen.<\/li>\n<li><strong>Ist das Fahrervisum weltweit g\u00fcltig?<\/strong><br \/>\nDas Fahrervisum ist in L\u00e4ndern g\u00fcltig, die internationale F\u00fchrerscheine anerkennen, und deckt die meisten Ziele in <strong>Europa, Asien und der Nahe Osten<\/strong>.<\/li>\n<li><strong>Wie kann ich den Status meiner Bewerbung verfolgen?<\/strong><br \/>\nSobald Sie Ihren Antrag gestellt haben, erhalten Sie per E-Mail einen Link, mit dem Sie den Fortschritt Ihres Visums jederzeit \u00fcberpr\u00fcfen k\u00f6nnen.<\/li>\n<li><strong>Kann ich mein internationales F\u00fchrerscheinvisum \u00fcber Ihren Dienst verl\u00e4ngern?<\/strong><br \/>\nJa! Wir bieten auch <strong>Erneuerungsdienste<\/strong> f\u00fcr auslaufende Fahrervisa, um sicherzustellen, dass Sie f\u00fcr k\u00fcnftige Fahrten vorschriftsm\u00e4\u00dfig bleiben.<\/li>\n<li><strong>Bieten Sie weitere Reisedokumente an?<\/strong><br \/>\nAber sicher! Wir bieten eine Reihe von Dokumenten an, darunter <strong>P\u00e4sse<\/strong>, <strong>Aufenthaltsgenehmigungen<\/strong>und <strong>Personalausweise<\/strong> um Ihre internationalen Reisen reibungslos zu gestalten.<\/li>\n<\/ol>","protected":false},"featured_media":1810,"comment_status":"open","ping_status":"closed","template":"","meta":{"_eb_attr":"","site-sidebar-layout":"default","site-content-layout":"","ast-site-content-layout":"default","site-content-style":"default","site-sidebar-style":"default","ast-global-header-display":"","ast-banner-title-visibility":"","ast-main-header-display":"","ast-hfb-above-header-display":"","ast-hfb-below-header-display":"","ast-hfb-mobile-header-display":"","site-post-title":"","ast-breadcrumbs-content":"","ast-featured-img":"","footer-sml-layout":"","ast-disable-related-posts":"","theme-transparent-header-meta":"default","adv-header-id-meta":"","stick-header-meta":"","header-above-stick-meta":"","header-main-stick-meta":"","header-below-stick-meta":"","astra-migrate-meta-layouts":"set","ast-page-background-enabled":"default","ast-page-background-meta":{"desktop":{"background-color":"","background-image":"","background-repeat":"repeat","background-position":"center center","background-size":"auto","background-attachment":"scroll","background-type":"","background-media":"","overlay-type":"","overlay-color":"","overlay-opacity":"","overlay-gradient":""},"tablet":{"background-color":"","background-image":"","background-repeat":"repeat","background-position":"center center","background-size":"auto","background-attachment":"scroll","background-type":"","background-media":"","overlay-type":"","overlay-color":"","overlay-opacity":"","overlay-gradient":""},"mobile":{"background-color":"","background-image":"","background-repeat":"repeat","background-position":"center center","background-size":"auto","background-attachment":"scroll","background-type":"","background-media":"","overlay-type":"","overlay-color":"","overlay-opacity":"","overlay-gradient":""}},"ast-content-background-meta":{"desktop":{"background-color":"var(--ast-global-color-5)","background-image":"","background-repeat":"repeat","background-position":"center center","background-size":"auto","background-attachment":"scroll","background-type":"","background-media":"","overlay-type":"","overlay-color":"","overlay-opacity":"","overlay-gradient":""},"tablet":{"background-color":"var(--ast-global-color-5)","background-image":"","background-repeat":"repeat","background-position":"center center","background-size":"auto","background-attachment":"scroll","background-type":"","background-media":"","overlay-type":"","overlay-color":"","overlay-opacity":"","overlay-gradient":""},"mobile":{"background-color":"var(--ast-global-color-5)","background-image":"","background-repeat":"repeat","background-position":"center center","background-size":"auto","background-attachment":"scroll","background-type":"","background-media":"","overlay-type":"","overlay-color":"","overlay-opacity":"","overlay-gradient":""}}},"product_brand":[],"product_cat":[67,17,51],"product_tag":[],"class_list":{"0":"post-1809","1":"product","2":"type-product","3":"status-publish","4":"has-post-thumbnail","6":"product_cat-international-driving-permits","7":"product_cat-globaldocs","8":"product_cat-visa-services","9":"desktop-align-left","10":"tablet-align-left","11":"mobile-align-left","13":"first","14":"instock","15":"shipping-taxable","16":"purchasable","17":"product-type-simple"},"_links":{"self":[{"href":"https:\/\/globaldocs.store\/de\/wp-json\/wp\/v2\/product\/1809","targetHints":{"allow":["GET"]}}],"collection":[{"href":"https:\/\/globaldocs.store\/de\/wp-json\/wp\/v2\/product"}],"about":[{"href":"https:\/\/globaldocs.store\/de\/wp-json\/wp\/v2\/types\/product"}],"replies":[{"embeddable":true,"href":"https:\/\/globaldocs.store\/de\/wp-json\/wp\/v2\/comments?post=1809"}],"version-history":[{"count":1,"href":"https:\/\/globaldocs.store\/de\/wp-json\/wp\/v2\/product\/1809\/revisions"}],"predecessor-version":[{"id":1811,"href":"https:\/\/globaldocs.store\/de\/wp-json\/wp\/v2\/product\/1809\/revisions\/1811"}],"wp:featuredmedia":[{"embeddable":true,"href":"https:\/\/globaldocs.store\/de\/wp-json\/wp\/v2\/media\/1810"}],"wp:attachment":[{"href":"https:\/\/globaldocs.store\/de\/wp-json\/wp\/v2\/media?parent=1809"}],"wp:term":[{"taxonomy":"product_brand","embeddable":true,"href":"https:\/\/globaldocs.store\/de\/wp-json\/wp\/v2\/product_brand?post=1809"},{"taxonomy":"product_cat","embeddable":true,"href":"https:\/\/globaldocs.store\/de\/wp-json\/wp\/v2\/product_cat?post=1809"},{"taxonomy":"product_tag","embeddable":true,"href":"https:\/\/globaldocs.store\/de\/wp-json\/wp\/v2\/product_tag?post=1809"}],"curies":[{"name":"wp","href":"https:\/\/api.w.org\/{rel}","templated":true}]}}