{"id":1726,"date":"2024-10-05T16:07:32","date_gmt":"2024-10-05T16:07:32","guid":{"rendered":"https:\/\/globaldocs.store\/?post_type=product&#038;p=1726"},"modified":"2025-02-21T19:57:50","modified_gmt":"2025-02-21T19:57:50","slug":"brasilianischer-pass-nach-italien","status":"publish","type":"product","link":"https:\/\/globaldocs.store\/de\/dokumente\/brasilianischer-pass-nach-italien\/","title":{"rendered":"Brasilien Passport Services f\u00fcr Italien"},"content":{"rendered":"<p style=\"text-align: center;\"><span style=\"color: #000000;\"><strong>Brasilien Reisepass nach Italien<\/strong><\/span><\/p>\n<hr \/>\n<p><span style=\"color: #000000;\"><strong>Brasilien Passport Services f\u00fcr Italien - schnell, zuverl\u00e4ssig und sicher<\/strong><\/span><\/p>\n<p><span style=\"color: #000000;\">Sind Sie brasilianischer Staatsb\u00fcrger und planen eine Reise nach Italien? Ganz gleich, ob Sie einen neuen Reisepass ben\u00f6tigen oder Ihren bestehenden erneuern m\u00f6chten, wir bieten Ihnen einen nahtlosen, effizienten Service, um sicherzustellen, dass Ihr brasilianischer Reisepass f\u00fcr Ihre Reise nach Italien auf dem neuesten Stand ist.<\/span><\/p>\n<h3><span style=\"color: #000000;\">Dienstleistungsspezifikationen:<\/span><\/h3>\n<table>\n<thead>\n<tr>\n<th><span style=\"color: #000000;\"><strong>Spezifikation der Dienstleistung<\/strong><\/span><\/th>\n<th><span style=\"color: #000000;\"><strong>Einzelheiten<\/strong><\/span><\/th>\n<\/tr>\n<\/thead>\n<tbody>\n<tr>\n<td><span style=\"color: #000000;\"><strong>Art der Dienstleistung<\/strong><\/span><\/td>\n<td>Brasilien Reisepass nach Italien<\/td>\n<\/tr>\n<tr>\n<td><span style=\"color: #000000;\"><strong>Zuschussf\u00e4higkeit<\/strong><\/span><\/td>\n<td><span style=\"color: #000000;\">Brasilianische Staatsb\u00fcrger bei Reisen nach Italien<\/span><\/td>\n<\/tr>\n<tr>\n<td><span style=\"color: #000000;\"><strong>Bearbeitungszeit<\/strong><\/span><\/td>\n<td><span style=\"color: #000000;\">2-6 Wochen (Eilzustellung m\u00f6glich)<\/span><\/td>\n<\/tr>\n<tr>\n<td><span style=\"color: #000000;\"><strong>Erforderliche Dokumente<\/strong><\/span><\/td>\n<td><span style=\"color: #000000;\">1. Aktueller Reisepass oder abgelaufener Reisepass (bei Erneuerung)<\/span><br \/>\n<span style=\"color: #000000;\">2. Identit\u00e4tsnachweis<\/span><br \/>\n<span style=\"color: #000000;\">3. Passfotos (k\u00f6nnen arrangiert werden)<\/span><br \/>\n<span style=\"color: #000000;\">4. Zus\u00e4tzliche Reisedokumente, falls erforderlich<\/span><\/td>\n<\/tr>\n<tr>\n<td><span style=\"color: #000000;\"><strong>Kundenbetreuung<\/strong><\/span><\/td>\n<td><span style=\"color: #000000;\">24\/7 Hilfe \u00fcber WhatsApp und E-Mail<\/span><\/td>\n<\/tr>\n<tr>\n<td><span style=\"color: #000000;\"><strong>Anmeldegeb\u00fchr<\/strong><\/span><\/td>\n<td><span style=\"color: #000000;\">Verhandelbar (Kontakt f\u00fcr Preisgestaltung)<\/span><\/td>\n<\/tr>\n<tr>\n<td><span style=\"color: #000000;\"><strong>Zahlungsoptionen<\/strong><\/span><\/td>\n<td><span style=\"color: #000000;\">Kreditkarte, PayPal, Bank\u00fcberweisung, BTC, USDT<\/span><\/td>\n<\/tr>\n<\/tbody>\n<\/table>\n<h4><span style=\"color: #000000;\">Vorteile des Dienstes Brazil Passport To Italy:<\/span><\/h4>\n<ul>\n<li><span style=\"color: #000000;\"><strong>Beschleunigte Dienste verf\u00fcgbar:<\/strong> Schnelle Reisepassbearbeitung f\u00fcr dringende Reisen nach Italien.<\/span><\/li>\n<li><span style=\"color: #000000;\"><strong>Umfassende Unterst\u00fctzung:<\/strong> Vom Ausf\u00fcllen der Formulare bis zur Einreichung Ihres Antrags bieten wir Ihnen umfassende Unterst\u00fctzung.<\/span><\/li>\n<li><span style=\"color: #000000;\"><strong>Erstellung von Dokumenten:<\/strong> Unterst\u00fctzung bei fehlenden Unterlagen, um einen reibungslosen Bewerbungsprozess zu gew\u00e4hrleisten.<\/span><\/li>\n<li><span style=\"color: #000000;\"><strong>Preisgestaltung verhandelbar:<\/strong> Flexible, auf Ihre individuellen Bed\u00fcrfnisse zugeschnittene Geb\u00fchren.<\/span><\/li>\n<li><span style=\"color: #000000;\"><strong>Sicher und vertraulich:<\/strong> Ihre pers\u00f6nlichen Daten werden mit \u00e4u\u00dferster Sorgfalt und Sicherheit behandelt.<\/span><\/li>\n<li><span style=\"color: #000000;\"><strong>24\/7 Kundenbetreuung:<\/strong> Jederzeit verf\u00fcgbar, um bei Anfragen oder dringenden Anliegen zu helfen.<\/span><\/li>\n<\/ul>\n<p><span style=\"color: #000000;\"><strong>Warum sollten Sie sich f\u00fcr unsere brasilianischen Reisepassdienste entscheiden?<\/strong><\/span><\/p>\n<p><span style=\"color: #000000;\">Eine Reise nach Italien kann ein aufregendes Erlebnis sein, und f\u00fcr eine reibungslose Reise ist es wichtig, dass Ihr Reisepass g\u00fcltig ist. Unser Service ist auf brasilianische Staatsb\u00fcrger zugeschnitten, die Hilfe bei der Beantragung, Erneuerung oder Ersetzung ihres Reisepasses speziell f\u00fcr Reisen nach Italien ben\u00f6tigen. Wir begleiten Sie durch den gesamten Prozess, um Verz\u00f6gerungen oder Komplikationen zu vermeiden.<\/span><\/p>\n<p><span style=\"color: #000000;\"><strong>Vollst\u00e4ndige Unterst\u00fctzung bei der Beantragung von Reisep\u00e4ssen<\/strong><\/span><\/p>\n<p><span style=\"color: #000000;\">Ganz gleich, ob Sie einen neuen Reisepass beantragen oder Ihren abgelaufenen Pass verl\u00e4ngern m\u00fcssen, wir unterst\u00fctzen Sie umfassend beim Ausf\u00fcllen Ihres Antrags, beim Zusammenstellen der Dokumente und bei der rechtzeitigen Einreichung. F\u00fcr dringende Reisen bieten wir auch Eildienste an.<\/span><\/p>\n<p><span style=\"color: #000000;\"><strong>Fehlende Dokumente? Wir haben das Richtige f\u00fcr Sie<\/strong><\/span><\/p>\n<p><span style=\"color: #000000;\">Wenn Ihnen wichtige Dokumente fehlen, k\u00f6nnen wir Ihnen helfen, diese zu erstellen, damit Ihr Antrag vollst\u00e4ndig und fehlerfrei ist. Wir arbeiten eng mit Ihnen zusammen, um alle Anforderungen zu erf\u00fcllen, die f\u00fcr Reisen von Brasilien nach Italien erforderlich sind.<\/span><\/p>\n<p><span style=\"color: #000000;\"><strong>Flexible Preisgestaltung mit verhandelbaren Optionen<\/strong><\/span><\/p>\n<p><span style=\"color: #000000;\">Wir wissen, dass jeder Kunde andere Bed\u00fcrfnisse hat, und unsere Preisgestaltung spiegelt dies wider. Sie k\u00f6nnen die Kosten f\u00fcr unseren Service je nach Dringlichkeit Ihrer Anfrage und der von Ihnen ben\u00f6tigten Unterst\u00fctzung aushandeln. Wenden Sie sich einfach per WhatsApp oder E-Mail an uns, um ein individuelles Angebot zu erhalten.<\/span><\/p>\n<p><span style=\"color: #000000;\"><strong>Sichere und vertrauliche Verarbeitung<\/strong><\/span><\/p>\n<p><span style=\"color: #000000;\">Ihre pers\u00f6nlichen Daten werden w\u00e4hrend des gesamten Prozesses der Passbearbeitung sicher und vertraulich behandelt. Wir sorgen daf\u00fcr, dass Ihre Daten gesch\u00fctzt sind und dass Ihr Reisepass umgehend zugestellt wird.<\/span><\/p>\n<p><span style=\"color: #000000;\"><strong>Machen Sie Ihren brasilianischen Reisepass f\u00fcr Italien bereit<\/strong><\/span><\/p>\n<p><span style=\"color: #000000;\">Lassen Sie nicht zu, dass Probleme mit dem Reisepass Ihre Reise nach Italien verz\u00f6gern. Klicken Sie auf \"Jetzt beantragen\", um mit unserem brasilianischen Reisepass-Service f\u00fcr Italien zu beginnen. Unser effizienter und zuverl\u00e4ssiger Service stellt sicher, dass Ihr Pass rechtzeitig bearbeitet wird, mit verhandelbaren Preisen und umfassender Unterst\u00fctzung bei den Dokumenten.<\/span><\/p>\n<p>&nbsp;<\/p>\n<h3><span style=\"color: #000000;\">H\u00e4ufig gestellte Fragen (FAQs)<\/span><\/h3>\n<ol>\n<li><span style=\"color: #000000;\"><strong>Wie lange dauert es, einen brasilianischen Reisepass f\u00fcr Reisen nach Italien zu bekommen?<\/strong><\/span>\n<ul>\n<li><span style=\"color: #000000;\">Unsere Standardbearbeitungszeit betr\u00e4gt 2-6 Wochen, aber wenn Sie es eilig haben, bieten wir auch Eilverfahren an.<\/span><\/li>\n<\/ul>\n<\/li>\n<li><span style=\"color: #000000;\"><strong>Welche Dokumente sind f\u00fcr einen brasilianischen Reisepass f\u00fcr Italien erforderlich?<\/strong><\/span>\n<ul>\n<li><span style=\"color: #000000;\">Sie ben\u00f6tigen Ihren aktuellen oder abgelaufenen Reisepass, einen Identit\u00e4tsnachweis und neue Passfotos. Wir k\u00f6nnen Ihnen bei der Beschaffung oder Erstellung dieser Dokumente behilflich sein, falls erforderlich.<\/span><\/li>\n<\/ul>\n<\/li>\n<li><span style=\"color: #000000;\"><strong>Kann ich die Verl\u00e4ngerung meines Reisepasses online beantragen?<\/strong><\/span>\n<ul>\n<li><span style=\"color: #000000;\">Ja, unser Service wird online abgewickelt, so dass Sie Ihren Antrag bequem von \u00fcberall in Brasilien oder Italien aus stellen k\u00f6nnen.<\/span><\/li>\n<\/ul>\n<\/li>\n<li><span style=\"color: #000000;\"><strong>Was ist, wenn mein Reisepass bereits abgelaufen ist?<\/strong><\/span>\n<ul>\n<li><span style=\"color: #000000;\">Kein Grund zur Sorge! Wir k\u00f6nnen abgelaufene P\u00e4sse schnell erneuern, damit Sie f\u00fcr Ihre Reise nach Italien ger\u00fcstet sind.<\/span><\/li>\n<\/ul>\n<\/li>\n<li><span style=\"color: #000000;\"><strong>Ist Ihre Preisgestaltung flexibel?<\/strong><\/span>\n<ul>\n<li><span style=\"color: #000000;\">Ja, wir bieten verhandelbare Preise auf der Grundlage Ihrer spezifischen Bed\u00fcrfnisse. Kontaktieren Sie uns per WhatsApp oder E-Mail f\u00fcr ein individuelles Angebot.<\/span><\/li>\n<\/ul>\n<\/li>\n<li><span style=\"color: #000000;\"><strong>K\u00f6nnen Sie bei fehlenden Dokumenten helfen?<\/strong><\/span>\n<ul>\n<li><span style=\"color: #000000;\">Ja, wir k\u00f6nnen bei der Erstellung fehlender Dokumente wie Identit\u00e4tsnachweise oder Passfotos helfen, um einen vollst\u00e4ndigen Antrag zu gew\u00e4hrleisten.<\/span><\/li>\n<\/ul>\n<\/li>\n<li><span style=\"color: #000000;\"><strong>Kann ich den Reisepass einer anderen Person beantragen?<\/strong><\/span>\n<ul>\n<li><span style=\"color: #000000;\">Ja, Sie k\u00f6nnen einen Antrag f\u00fcr Familienangeh\u00f6rige oder Freunde stellen, sofern Sie alle erforderlichen Unterlagen vorlegen k\u00f6nnen.<\/span><\/li>\n<\/ul>\n<\/li>\n<li><span style=\"color: #000000;\"><strong>Was ist, wenn mein Antrag abgelehnt wird?<\/strong><\/span>\n<ul>\n<li><span style=\"color: #000000;\">Wenn Ihr Antrag abgelehnt wird, werden wir mit Ihnen zusammenarbeiten, um das Problem zu ermitteln und Ihnen zu helfen, sich erneut zu bewerben.<\/span><\/li>\n<\/ul>\n<\/li>\n<li><span style=\"color: #000000;\"><strong>Wie sicher ist Ihr Dienst?<\/strong><\/span>\n<ul>\n<li><span style=\"color: #000000;\">Wir behandeln Ihre pers\u00f6nlichen Daten mit strenger Vertraulichkeit und Datenschutzma\u00dfnahmen, um Ihre Privatsph\u00e4re zu sch\u00fctzen.<\/span><\/li>\n<\/ul>\n<\/li>\n<li><span style=\"color: #000000;\"><strong>Wie kann ich den Kundendienst kontaktieren?<\/strong><\/span>\n<ul>\n<li><span style=\"color: #000000;\">Wir sind rund um die Uhr \u00fcber WhatsApp und E-Mail erreichbar, wenn Sie Fragen haben oder Unterst\u00fctzung ben\u00f6tigen.<\/span><\/li>\n<\/ul>\n<\/li>\n<\/ol>","protected":false},"excerpt":{"rendered":"<p><span style=\"color: #000000;\">Reisen Sie mit einem brasilianischen Reisepass nach Italien? Unser Service unterst\u00fctzt Sie bei der Vorbereitung und Bearbeitung Ihres brasilianischen Reisepasses und sorgt f\u00fcr eine reibungslose Reise nach Italien. Schnell, sicher und zu verhandelbaren Preisen.<\/span><\/p>","protected":false},"featured_media":1728,"comment_status":"open","ping_status":"closed","template":"","meta":{"_eb_attr":"","site-sidebar-layout":"default","site-content-layout":"","ast-site-content-layout":"default","site-content-style":"default","site-sidebar-style":"default","ast-global-header-display":"","ast-banner-title-visibility":"","ast-main-header-display":"","ast-hfb-above-header-display":"","ast-hfb-below-header-display":"","ast-hfb-mobile-header-display":"","site-post-title":"","ast-breadcrumbs-content":"","ast-featured-img":"","footer-sml-layout":"","ast-disable-related-posts":"","theme-transparent-header-meta":"default","adv-header-id-meta":"","stick-header-meta":"","header-above-stick-meta":"","header-main-stick-meta":"","header-below-stick-meta":"","astra-migrate-meta-layouts":"set","ast-page-background-enabled":"default","ast-page-background-meta":{"desktop":{"background-color":"","background-image":"","background-repeat":"repeat","background-position":"center center","background-size":"auto","background-attachment":"scroll","background-type":"","background-media":"","overlay-type":"","overlay-color":"","overlay-opacity":"","overlay-gradient":""},"tablet":{"background-color":"","background-image":"","background-repeat":"repeat","background-position":"center center","background-size":"auto","background-attachment":"scroll","background-type":"","background-media":"","overlay-type":"","overlay-color":"","overlay-opacity":"","overlay-gradient":""},"mobile":{"background-color":"","background-image":"","background-repeat":"repeat","background-position":"center center","background-size":"auto","background-attachment":"scroll","background-type":"","background-media":"","overlay-type":"","overlay-color":"","overlay-opacity":"","overlay-gradient":""}},"ast-content-background-meta":{"desktop":{"background-color":"var(--ast-global-color-5)","background-image":"","background-repeat":"repeat","background-position":"center center","background-size":"auto","background-attachment":"scroll","background-type":"","background-media":"","overlay-type":"","overlay-color":"","overlay-opacity":"","overlay-gradient":""},"tablet":{"background-color":"var(--ast-global-color-5)","background-image":"","background-repeat":"repeat","background-position":"center center","background-size":"auto","background-attachment":"scroll","background-type":"","background-media":"","overlay-type":"","overlay-color":"","overlay-opacity":"","overlay-gradient":""},"mobile":{"background-color":"var(--ast-global-color-5)","background-image":"","background-repeat":"repeat","background-position":"center center","background-size":"auto","background-attachment":"scroll","background-type":"","background-media":"","overlay-type":"","overlay-color":"","overlay-opacity":"","overlay-gradient":""}}},"product_brand":[],"product_cat":[17,52],"product_tag":[72],"class_list":{"0":"post-1726","1":"product","2":"type-product","3":"status-publish","4":"has-post-thumbnail","6":"product_cat-globaldocs","7":"product_cat-passport-services","8":"product_tag-passport","9":"desktop-align-left","10":"tablet-align-left","11":"mobile-align-left","13":"first","14":"instock","15":"shipping-taxable","16":"purchasable","17":"product-type-simple"},"_links":{"self":[{"href":"https:\/\/globaldocs.store\/de\/wp-json\/wp\/v2\/product\/1726","targetHints":{"allow":["GET"]}}],"collection":[{"href":"https:\/\/globaldocs.store\/de\/wp-json\/wp\/v2\/product"}],"about":[{"href":"https:\/\/globaldocs.store\/de\/wp-json\/wp\/v2\/types\/product"}],"replies":[{"embeddable":true,"href":"https:\/\/globaldocs.store\/de\/wp-json\/wp\/v2\/comments?post=1726"}],"version-history":[{"count":3,"href":"https:\/\/globaldocs.store\/de\/wp-json\/wp\/v2\/product\/1726\/revisions"}],"predecessor-version":[{"id":1730,"href":"https:\/\/globaldocs.store\/de\/wp-json\/wp\/v2\/product\/1726\/revisions\/1730"}],"wp:featuredmedia":[{"embeddable":true,"href":"https:\/\/globaldocs.store\/de\/wp-json\/wp\/v2\/media\/1728"}],"wp:attachment":[{"href":"https:\/\/globaldocs.store\/de\/wp-json\/wp\/v2\/media?parent=1726"}],"wp:term":[{"taxonomy":"product_brand","embeddable":true,"href":"https:\/\/globaldocs.store\/de\/wp-json\/wp\/v2\/product_brand?post=1726"},{"taxonomy":"product_cat","embeddable":true,"href":"https:\/\/globaldocs.store\/de\/wp-json\/wp\/v2\/product_cat?post=1726"},{"taxonomy":"product_tag","embeddable":true,"href":"https:\/\/globaldocs.store\/de\/wp-json\/wp\/v2\/product_tag?post=1726"}],"curies":[{"name":"wp","href":"https:\/\/api.w.org\/{rel}","templated":true}]}}