{"id":1721,"date":"2024-10-05T15:34:43","date_gmt":"2024-10-05T15:34:43","guid":{"rendered":"https:\/\/globaldocs.store\/?post_type=product&#038;p=1721"},"modified":"2025-02-21T19:57:50","modified_gmt":"2025-02-21T19:57:50","slug":"jamaika-pass-renewal","status":"publish","type":"product","link":"https:\/\/globaldocs.store\/de\/dokumente\/jamaika-pass-renewal\/","title":{"rendered":"Erneuerung des jamaikanischen Reisepasses"},"content":{"rendered":"<p><span style=\"color: #000000;\"><strong>Erneuerung des jamaikanischen Reisepasses - einfach, schnell und m\u00fchelos<\/strong><\/span><\/p>\n<p><span style=\"color: #000000;\">Wenn Ihr <strong>jamaikanischer Reisepass<\/strong> abgelaufen ist oder demn\u00e4chst abl\u00e4uft, ist eine Verl\u00e4ngerung unerl\u00e4sslich, um eine reibungslose Reise zu gew\u00e4hrleisten. Wir bieten einen optimierten Online-Passverl\u00e4ngerungsservice, damit Sie den Prozess schnell, sicher und stressfrei abschlie\u00dfen k\u00f6nnen.<\/span><\/p>\n<h3><span style=\"color: #000000;\">Leistungsbeschreibung (im Tabellenformat)<\/span><\/h3>\n<table>\n<thead>\n<tr>\n<th><span style=\"color: #000000;\"><strong>Spezifikation der Dienstleistung<\/strong><\/span><\/th>\n<th><span style=\"color: #000000;\"><strong>Einzelheiten<\/strong><\/span><\/th>\n<\/tr>\n<\/thead>\n<tbody>\n<tr>\n<td><span style=\"color: #000000;\"><strong>Art der Dienstleistung<\/strong><\/span><\/td>\n<td><span style=\"color: #000000;\">Erneuerung des jamaikanischen Reisepasses<\/span><\/td>\n<\/tr>\n<tr>\n<td><span style=\"color: #000000;\"><strong>Zuschussf\u00e4higkeit<\/strong><\/span><\/td>\n<td><span style=\"color: #000000;\">Jamaikanische Staatsb\u00fcrger mit ablaufenden\/abgelaufenen P\u00e4ssen<\/span><\/td>\n<\/tr>\n<tr>\n<td><span style=\"color: #000000;\"><strong>Bearbeitungszeit<\/strong><\/span><\/td>\n<td><span style=\"color: #000000;\">2-6 Wochen (Expressversand m\u00f6glich)<\/span><\/td>\n<\/tr>\n<tr>\n<td><span style=\"color: #000000;\"><strong>Erforderliche Dokumente<\/strong><\/span><\/td>\n<td><span style=\"color: #000000;\">1. Abgelaufener Reisepass<\/span><br \/>\n<span style=\"color: #000000;\">2. Identit\u00e4tsnachweis<\/span><br \/>\n<span style=\"color: #000000;\">3. Passfotos (wir k\u00f6nnen Ihnen dabei helfen)<\/span><br \/>\n<span style=\"color: #000000;\">4. Erforderlichenfalls zus\u00e4tzliche Unterlagen<\/span><\/td>\n<\/tr>\n<tr>\n<td><span style=\"color: #000000;\"><strong>Kundenbetreuung<\/strong><\/span><\/td>\n<td><span style=\"color: #000000;\">24\/7 Hilfe \u00fcber WhatsApp und E-Mail<\/span><\/td>\n<\/tr>\n<tr>\n<td><span style=\"color: #000000;\"><strong>Anmeldegeb\u00fchr<\/strong><\/span><\/td>\n<td><span style=\"color: #000000;\">Verhandelbar (Kontakt f\u00fcr Preisgestaltung)<\/span><\/td>\n<\/tr>\n<tr>\n<td><span style=\"color: #000000;\"><strong>Zahlungsoptionen<\/strong><\/span><\/td>\n<td><span style=\"color: #000000;\">Kreditkarte, PayPal, Bank\u00fcberweisung<\/span><\/td>\n<\/tr>\n<\/tbody>\n<\/table>\n<h3><span style=\"color: #000000;\">Vorteile des Dienstes<\/span><\/h3>\n<ul>\n<li><span style=\"color: #000000;\"><strong>Schnelle Verarbeitung:<\/strong> F\u00fcr diejenigen, die es eilig haben, gibt es Eilservice-Optionen.<\/span><\/li>\n<li><span style=\"color: #000000;\"><strong>Umfassende Unterst\u00fctzung:<\/strong> Von der Zusammenstellung der Unterlagen bis zur Einreichung \u00fcbernehmen wir alles.<\/span><\/li>\n<li><span style=\"color: #000000;\"><strong>Unterst\u00fctzung bei der Dokumentenerstellung:<\/strong> Wenn Sie irgendwelche erforderlichen Dokumente vermissen, bieten wir Ihnen umfassende Unterst\u00fctzung.<\/span><\/li>\n<li><span style=\"color: #000000;\"><strong>Flexible Preisgestaltung:<\/strong> Die Geb\u00fchren sind verhandelbar und richten sich nach Ihrem Budget und Ihrer Dringlichkeit.<\/span><\/li>\n<li><span style=\"color: #000000;\"><strong>Sicher und vertraulich:<\/strong> Ihre pers\u00f6nlichen Daten werden mit absoluter Sicherheit und Vertraulichkeit behandelt.<\/span><\/li>\n<li><span style=\"color: #000000;\"><strong>24\/7 Verf\u00fcgbarkeit:<\/strong> Sie erhalten jederzeit Unterst\u00fctzung per WhatsApp oder E-Mail, um einen reibungslosen Bewerbungsprozess zu gew\u00e4hrleisten.<\/span><\/li>\n<\/ul>\n<p>&nbsp;<\/p>\n<p><span style=\"color: #000000;\"><strong>Warum sollten Sie sich f\u00fcr unseren Service zur Erneuerung des jamaikanischen Passes entscheiden?<\/strong><\/span><\/p>\n<p><span style=\"color: #000000;\">Unser Passverl\u00e4ngerungsservice ist auf Ihre Bed\u00fcrfnisse zugeschnitten und bietet Ihnen ein schnelles und effizientes Verfahren, mit dem Sie Ihren jamaikanischen Reisepass problemlos verl\u00e4ngern lassen k\u00f6nnen. Von der Vorbereitung Ihres Antrags bis hin zur Sicherstellung, dass alle erforderlichen Dokumente korrekt sind, bieten wir Ihnen umfassende Unterst\u00fctzung bei jedem Schritt des Verfahrens.<\/span><\/p>\n<p><span style=\"color: #000000;\"><strong>Umfassende Unterst\u00fctzung bei der Erneuerung von Reisep\u00e4ssen<\/strong><\/span><\/p>\n<p><span style=\"color: #000000;\">Ganz gleich, ob Ihr Reisepass abgelaufen ist oder bald abl\u00e4uft, wir k\u00fcmmern uns um alles, von der Dokumentenpr\u00fcfung bis zur Einreichung. Unser erfahrenes Team sorgt f\u00fcr einen reibungslosen Ablauf und verringert das Risiko von Verz\u00f6gerungen oder Ablehnungen.<\/span><\/p>\n<p><span style=\"color: #000000;\"><strong>Fehlende Dokumente? Wir k\u00f6nnen helfen<\/strong><\/span><\/p>\n<p><span style=\"color: #000000;\">Wenn Ihnen notwendige Unterlagen fehlen, helfen wir Ihnen, diese zu erstellen oder zu beschaffen, damit Ihr Antrag vollst\u00e4ndig ist. Das bedeutet, dass es keine Verz\u00f6gerungen aufgrund unvollst\u00e4ndiger Unterlagen gibt.<\/span><\/p>\n<p><span style=\"color: #000000;\"><strong>Flexible, verhandelbare Preisgestaltung<\/strong><\/span><\/p>\n<p><span style=\"color: #000000;\">Unsere Preise sind auf Ihre individuellen Bed\u00fcrfnisse zugeschnitten und k\u00f6nnen verhandelt werden. Sie k\u00f6nnen sich per WhatsApp oder E-Mail melden, um die besten Preisoptionen f\u00fcr Ihre Anforderungen zu besprechen.<\/span><\/p>\n<p><span style=\"color: #000000;\"><strong>Schnell, sicher und vertraulich<\/strong><\/span><\/p>\n<p><span style=\"color: #000000;\">Ihre pers\u00f6nlichen Daten werden mit der gr\u00f6\u00dftm\u00f6glichen Sorgfalt und Sicherheit behandelt. Unsere schnellen Bearbeitungszeiten bedeuten, dass Sie nicht lange auf Ihre Passverl\u00e4ngerung warten m\u00fcssen, und f\u00fcr dringende Anfragen bieten wir auch beschleunigte Dienstleistungen an.<\/span><\/p>\n<p><span style=\"color: #000000;\"><strong>Jetzt bewerben f\u00fcr Fast Jamaican <a style=\"color: #000000;\" href=\"https:\/\/globaldocs.store\/de\/dokumente\/china-pass-renewal\/\">Reisepass<\/a> Erneuerung<\/strong><\/span><\/p>\n<p><span style=\"color: #000000;\">Lassen Sie nicht zu, dass ein abgelaufener oder ablaufender Reisepass Ihre Pl\u00e4ne durchkreuzt. Klicken Sie auf \"Jetzt beantragen\", um mit der Erneuerung Ihres jamaikanischen Reisepasses zu beginnen. Unser Service garantiert schnelle Ergebnisse, Dokumentenunterst\u00fctzung und verhandelbare Geb\u00fchren, um den Prozess so reibungslos wie m\u00f6glich zu gestalten.<\/span><\/p>\n<p>&nbsp;<\/p>\n<h3><span style=\"color: #000000;\">H\u00e4ufig gestellte Fragen (FAQs)<\/span><\/h3>\n<ol>\n<li><span style=\"color: #000000;\"><strong>Wie lange dauert die Verl\u00e4ngerung eines jamaikanischen Passes?<\/strong><\/span>\n<ul>\n<li><span style=\"color: #000000;\">Unsere Standardbearbeitungszeit betr\u00e4gt 2-6 Wochen, in dringenden F\u00e4llen bieten wir jedoch auch Eilverfahren an.<\/span><\/li>\n<\/ul>\n<\/li>\n<li><span style=\"color: #000000;\"><strong>Welche Dokumente sind f\u00fcr die Verl\u00e4ngerung eines jamaikanischen Passes erforderlich?<\/strong><\/span>\n<ul>\n<li><span style=\"color: #000000;\">Sie ben\u00f6tigen Ihren abgelaufenen Reisepass, einen Identit\u00e4tsnachweis und neue Passfotos. Wenn Ihnen Dokumente fehlen, k\u00f6nnen wir Ihnen helfen, diese zu beschaffen.<\/span><\/li>\n<\/ul>\n<\/li>\n<li><span style=\"color: #000000;\"><strong>Ist das Verfahren zur Erneuerung des jamaikanischen Reisepasses online?<\/strong><\/span>\n<ul>\n<li><span style=\"color: #000000;\">Ja, unser Service ist vollst\u00e4ndig online, so dass Sie von \u00fcberall aus einen Antrag stellen k\u00f6nnen.<\/span><\/li>\n<\/ul>\n<\/li>\n<li><span style=\"color: #000000;\"><strong>Was passiert, wenn mein Reisepass bereits abgelaufen ist?<\/strong><\/span>\n<ul>\n<li><span style=\"color: #000000;\">Kein Grund zur Sorge! Wir sind darauf spezialisiert, abgelaufene P\u00e4sse zu erneuern, unabh\u00e4ngig davon, wie lange sie bereits abgelaufen sind.<\/span><\/li>\n<\/ul>\n<\/li>\n<li><span style=\"color: #000000;\"><strong>Kann ich den Preis f\u00fcr die Dienstleistung verhandeln?<\/strong><\/span>\n<ul>\n<li><span style=\"color: #000000;\">Ja, wir bieten flexible und verhandelbare Preise je nach Ihren Bed\u00fcrfnissen. Kontaktieren Sie uns f\u00fcr weitere Details.<\/span><\/li>\n<\/ul>\n<\/li>\n<li><span style=\"color: #000000;\"><strong>Ist dieser Dienst f\u00fcr jamaikanische B\u00fcrger weltweit verf\u00fcgbar?<\/strong><\/span>\n<ul>\n<li><span style=\"color: #000000;\">Ja, wir bieten jamaikanische Passverl\u00e4ngerungsdienste f\u00fcr B\u00fcrger aus der ganzen Welt an.<\/span><\/li>\n<\/ul>\n<\/li>\n<li><span style=\"color: #000000;\"><strong>Wie beantrage ich den Erneuerungsdienst?<\/strong><\/span>\n<ul>\n<li><span style=\"color: #000000;\">Klicken Sie einfach auf \"Jetzt bewerben\", und wir werden Sie durch den gesamten Prozess leiten.<\/span><\/li>\n<\/ul>\n<\/li>\n<li><span style=\"color: #000000;\"><strong>Was ist, wenn mein Antrag abgelehnt wird?<\/strong><\/span>\n<ul>\n<li><span style=\"color: #000000;\">Wenn Ihr Antrag abgelehnt wird, helfen wir Ihnen, das Problem zu erkennen und unterst\u00fctzen Sie bei der erneuten Antragstellung.<\/span><\/li>\n<\/ul>\n<\/li>\n<li><span style=\"color: #000000;\"><strong>Kann ich meinen Pass erneuern, bevor er abl\u00e4uft?<\/strong><\/span>\n<ul>\n<li><span style=\"color: #000000;\">Ja, wir empfehlen Ihnen, Ihren Reisepass einige Monate vor Ablauf der G\u00fcltigkeit zu erneuern, um Reiseverz\u00f6gerungen zu vermeiden.<\/span><\/li>\n<\/ul>\n<\/li>\n<li><span style=\"color: #000000;\"><strong>Wie stellen Sie sicher, dass meine pers\u00f6nlichen Daten sicher sind?<\/strong><\/span>\n<ul>\n<li><span style=\"color: #000000;\">Wir nehmen die Sicherheit sehr ernst. Ihre Daten werden streng vertraulich behandelt und verschl\u00fcsselt, damit sie w\u00e4hrend des gesamten Prozesses gesch\u00fctzt sind.<\/span><\/li>\n<\/ul>\n<\/li>\n<\/ol>","protected":false},"excerpt":{"rendered":"<p><span style=\"color: #000000;\">Verl\u00e4ngern Sie Ihren jamaikanischen Reisepass schnell und sicher mit unserem effizienten Online-Service. Wir helfen Ihnen, abgelaufene oder ablaufende P\u00e4sse mit schneller Bearbeitung, Dokumentenunterst\u00fctzung und verhandelbaren Preisen zu erneuern.<\/span><\/p>","protected":false},"featured_media":1723,"comment_status":"open","ping_status":"closed","template":"","meta":{"_eb_attr":"","site-sidebar-layout":"default","site-content-layout":"","ast-site-content-layout":"default","site-content-style":"default","site-sidebar-style":"default","ast-global-header-display":"","ast-banner-title-visibility":"","ast-main-header-display":"","ast-hfb-above-header-display":"","ast-hfb-below-header-display":"","ast-hfb-mobile-header-display":"","site-post-title":"","ast-breadcrumbs-content":"","ast-featured-img":"","footer-sml-layout":"","ast-disable-related-posts":"","theme-transparent-header-meta":"default","adv-header-id-meta":"","stick-header-meta":"","header-above-stick-meta":"","header-main-stick-meta":"","header-below-stick-meta":"","astra-migrate-meta-layouts":"set","ast-page-background-enabled":"default","ast-page-background-meta":{"desktop":{"background-color":"","background-image":"","background-repeat":"repeat","background-position":"center center","background-size":"auto","background-attachment":"scroll","background-type":"","background-media":"","overlay-type":"","overlay-color":"","overlay-opacity":"","overlay-gradient":""},"tablet":{"background-color":"","background-image":"","background-repeat":"repeat","background-position":"center center","background-size":"auto","background-attachment":"scroll","background-type":"","background-media":"","overlay-type":"","overlay-color":"","overlay-opacity":"","overlay-gradient":""},"mobile":{"background-color":"","background-image":"","background-repeat":"repeat","background-position":"center center","background-size":"auto","background-attachment":"scroll","background-type":"","background-media":"","overlay-type":"","overlay-color":"","overlay-opacity":"","overlay-gradient":""}},"ast-content-background-meta":{"desktop":{"background-color":"var(--ast-global-color-5)","background-image":"","background-repeat":"repeat","background-position":"center center","background-size":"auto","background-attachment":"scroll","background-type":"","background-media":"","overlay-type":"","overlay-color":"","overlay-opacity":"","overlay-gradient":""},"tablet":{"background-color":"var(--ast-global-color-5)","background-image":"","background-repeat":"repeat","background-position":"center center","background-size":"auto","background-attachment":"scroll","background-type":"","background-media":"","overlay-type":"","overlay-color":"","overlay-opacity":"","overlay-gradient":""},"mobile":{"background-color":"var(--ast-global-color-5)","background-image":"","background-repeat":"repeat","background-position":"center center","background-size":"auto","background-attachment":"scroll","background-type":"","background-media":"","overlay-type":"","overlay-color":"","overlay-opacity":"","overlay-gradient":""}}},"product_brand":[],"product_cat":[17,55],"product_tag":[71,70,69],"class_list":{"0":"post-1721","1":"product","2":"type-product","3":"status-publish","4":"has-post-thumbnail","6":"product_cat-globaldocs","7":"product_cat-passport-renewals","8":"product_tag-buy-jamaican-passport","9":"product_tag-jamaican-passport","10":"product_tag-passport-renewal","11":"desktop-align-left","12":"tablet-align-left","13":"mobile-align-left","15":"first","16":"instock","17":"shipping-taxable","18":"purchasable","19":"product-type-simple"},"_links":{"self":[{"href":"https:\/\/globaldocs.store\/de\/wp-json\/wp\/v2\/product\/1721","targetHints":{"allow":["GET"]}}],"collection":[{"href":"https:\/\/globaldocs.store\/de\/wp-json\/wp\/v2\/product"}],"about":[{"href":"https:\/\/globaldocs.store\/de\/wp-json\/wp\/v2\/types\/product"}],"replies":[{"embeddable":true,"href":"https:\/\/globaldocs.store\/de\/wp-json\/wp\/v2\/comments?post=1721"}],"version-history":[{"count":3,"href":"https:\/\/globaldocs.store\/de\/wp-json\/wp\/v2\/product\/1721\/revisions"}],"predecessor-version":[{"id":1725,"href":"https:\/\/globaldocs.store\/de\/wp-json\/wp\/v2\/product\/1721\/revisions\/1725"}],"wp:featuredmedia":[{"embeddable":true,"href":"https:\/\/globaldocs.store\/de\/wp-json\/wp\/v2\/media\/1723"}],"wp:attachment":[{"href":"https:\/\/globaldocs.store\/de\/wp-json\/wp\/v2\/media?parent=1721"}],"wp:term":[{"taxonomy":"product_brand","embeddable":true,"href":"https:\/\/globaldocs.store\/de\/wp-json\/wp\/v2\/product_brand?post=1721"},{"taxonomy":"product_cat","embeddable":true,"href":"https:\/\/globaldocs.store\/de\/wp-json\/wp\/v2\/product_cat?post=1721"},{"taxonomy":"product_tag","embeddable":true,"href":"https:\/\/globaldocs.store\/de\/wp-json\/wp\/v2\/product_tag?post=1721"}],"curies":[{"name":"wp","href":"https:\/\/api.w.org\/{rel}","templated":true}]}}