{"id":1712,"date":"2024-10-05T13:43:30","date_gmt":"2024-10-05T13:43:30","guid":{"rendered":"https:\/\/globaldocs.store\/?post_type=product&#038;p=1712"},"modified":"2025-02-21T19:57:50","modified_gmt":"2025-02-21T19:57:50","slug":"koreanischer-passinhaber-visum-nach-china-aus-den-usa","status":"publish","type":"product","link":"https:\/\/globaldocs.store\/de\/dokumente\/koreanischer-passinhaber-visum-nach-china-aus-den-usa\/","title":{"rendered":"Visum f\u00fcr Inhaber eines koreanischen Reisepasses f\u00fcr China aus den USA"},"content":{"rendered":"<p><span style=\"color: #000000;\"><strong>Visum f\u00fcr Inhaber eines koreanischen Reisepasses f\u00fcr China aus den USA - schneller, zuverl\u00e4ssiger Visumsantragsservice<\/strong><\/span><\/p>\n<p><span style=\"color: #000000;\">Sie sind Inhaber eines koreanischen Passes, leben derzeit in den USA und ben\u00f6tigen ein Visum f\u00fcr China? Ganz gleich, ob Sie aus gesch\u00e4ftlichen, touristischen oder privaten Gr\u00fcnden reisen, es ist wichtig, dass Sie Ihr chinesisches Visum schnell erhalten. Unser Service ist auf die Bearbeitung von Visa f\u00fcr Inhaber koreanischer Reisep\u00e4sse mit Wohnsitz in den USA spezialisiert und gew\u00e4hrleistet einen reibungslosen und effizienten Antragsprozess.<\/span><\/p>\n<h3><span style=\"color: #000000;\">Leistungsbeschreibung :<\/span><\/h3>\n<table>\n<thead>\n<tr>\n<th><span style=\"color: #000000;\"><strong>Spezifikation der Dienstleistung<\/strong><\/span><\/th>\n<th><span style=\"color: #000000;\"><strong>Einzelheiten<\/strong><\/span><\/th>\n<\/tr>\n<\/thead>\n<tbody>\n<tr>\n<td><span style=\"color: #000000;\"><strong>Art der Dienstleistung<\/strong><\/span><\/td>\n<td><span style=\"color: #000000;\">Beantragung eines chinesischen Visums f\u00fcr Inhaber eines koreanischen Reisepasses, die in den USA leben<\/span><\/td>\n<\/tr>\n<tr>\n<td><span style=\"color: #000000;\"><strong>Zuschussf\u00e4higkeit<\/strong><\/span><\/td>\n<td><span style=\"color: #000000;\">Inhaber eines koreanischen Reisepasses in den USA<\/span><\/td>\n<\/tr>\n<tr>\n<td><span style=\"color: #000000;\"><strong>Bearbeitungszeit<\/strong><\/span><\/td>\n<td><span style=\"color: #000000;\">2-4 Wochen (beschleunigte Optionen verf\u00fcgbar)<\/span><\/td>\n<\/tr>\n<tr>\n<td><span style=\"color: #000000;\"><strong>Erforderliche Dokumente<\/strong><\/span><\/td>\n<td><span style=\"color: #000000;\">1. G\u00fcltiger koreanischer Reisepass<\/span><br \/>\n<span style=\"color: #000000;\">2. Nachweis des Wohnsitzes in den USA<\/span><br \/>\n<span style=\"color: #000000;\">3. Reiseroute<\/span><br \/>\n<span style=\"color: #000000;\">4. Ausgef\u00fclltes Visumantragsformular<\/span><br \/>\n<span style=\"color: #000000;\">5. Passfoto (kann bei Bedarf zur Verf\u00fcgung gestellt werden)<\/span><\/td>\n<\/tr>\n<tr>\n<td><span style=\"color: #000000;\"><strong>Kundenbetreuung<\/strong><\/span><\/td>\n<td><span style=\"color: #000000;\">24\/7 Unterst\u00fctzung per E-Mail und WhatsApp<\/span><\/td>\n<\/tr>\n<tr>\n<td><span style=\"color: #000000;\"><strong>Anmeldegeb\u00fchr<\/strong><\/span><\/td>\n<td><span style=\"color: #000000;\">Verhandelbar (Kontaktieren Sie uns f\u00fcr Details)<\/span><\/td>\n<\/tr>\n<tr>\n<td><span style=\"color: #000000;\"><strong>Zahlungsoptionen<\/strong><\/span><\/td>\n<td><span style=\"color: #000000;\">Kreditkarte, PayPal, Bank\u00fcberweisung, BTC, USDT<\/span><\/td>\n<\/tr>\n<\/tbody>\n<\/table>\n<h3>Vorteile des Dienstes<\/h3>\n<ul>\n<li><strong>Schnelle Verarbeitung:<\/strong> Sie k\u00f6nnen Ihr Visum schnell bearbeiten lassen, mit Optionen f\u00fcr einen beschleunigten Service.<\/li>\n<li><strong>Umfassende Unterst\u00fctzung:<\/strong> Wir k\u00fcmmern uns um alles, von der \u00dcberpr\u00fcfung der Dokumente bis zur Einreichung des Visums, um einen reibungslosen Ablauf zu gew\u00e4hrleisten.<\/li>\n<li><strong>Preisgestaltung verhandelbar:<\/strong> Unsere Preise sind flexibel und k\u00f6nnen auf Ihre speziellen Bed\u00fcrfnisse zugeschnitten werden.<\/li>\n<li><strong>Sicher und vertraulich:<\/strong> Wir nehmen den Datenschutz ernst und behandeln Ihre pers\u00f6nlichen Daten mit Sorgfalt.<\/li>\n<li><strong>Unterst\u00fctzung bei der Dokumentenerstellung:<\/strong> Wenn Ihnen wichtige Dokumente fehlen, unterst\u00fctzen wir Sie bei der Erstellung der f\u00fcr Ihren Visumantrag erforderlichen Unterlagen.<\/li>\n<li><strong>24\/7-Kundendienst:<\/strong> Wir bieten Ihnen rund um die Uhr Unterst\u00fctzung, um Sie durch den gesamten Prozess zu begleiten.<\/li>\n<li><strong>Erfahrenes Team:<\/strong> Unsere Fachleute verf\u00fcgen \u00fcber jahrelange Erfahrung in der Visabearbeitung und stellen sicher, dass Ihr Antrag fachgerecht bearbeitet wird.<\/li>\n<\/ul>\n<p>&nbsp;<\/p>\n<p><span style=\"color: #000000;\"><strong>Warum sollten Sie uns f\u00fcr Ihren chinesischen Visumantrag w\u00e4hlen?<\/strong><\/span><\/p>\n<p><span style=\"color: #000000;\">Die Beantragung eines Visums kann stressig sein, besonders wenn man im Ausland lebt. Wir vereinfachen das Verfahren f\u00fcr Inhaber koreanischer P\u00e4sse, die ein Visum f\u00fcr China aus den USA ben\u00f6tigen. Unser erfahrenes Team leitet Sie Schritt f\u00fcr Schritt an und stellt sicher, dass Ihr Visumantrag korrekt und vollst\u00e4ndig ist. Mit unserem zuverl\u00e4ssigen Service k\u00f6nnen Sie Verz\u00f6gerungen vermeiden und sich auf Ihre Reisepl\u00e4ne konzentrieren.<\/span><\/p>\n<p><span style=\"color: #000000;\"><strong>Umfassende Dokumentenunterst\u00fctzung<\/strong><\/span><\/p>\n<p><span style=\"color: #000000;\">Wenn Ihnen f\u00fcr Ihren Visumantrag erforderliche Dokumente fehlen, bieten wir Ihnen umfassende Unterst\u00fctzung bei der Erstellung dieser Dokumente. Ob zus\u00e4tzliche Nachweise f\u00fcr den Wohnsitz, Identit\u00e4tsnachweise oder Reisepl\u00e4ne - wir sorgen daf\u00fcr, dass Sie alles haben, was Sie f\u00fcr einen erfolgreichen Antrag ben\u00f6tigen.<\/span><\/p>\n<p><span style=\"color: #000000;\"><strong>Verhandlungsf\u00e4hige Preise - ma\u00dfgeschneidert f\u00fcr Ihre Bed\u00fcrfnisse<\/strong><\/span><\/p>\n<p><span style=\"color: #000000;\">Wir wissen, dass jede Situation einzigartig ist, und deshalb bieten wir verhandelbare Preise f\u00fcr unsere Dienstleistungen an. Nehmen Sie per WhatsApp oder E-Mail Kontakt mit uns auf, um die Preisgestaltung auf der Grundlage Ihrer spezifischen Bed\u00fcrfnisse zu besprechen.<\/span><\/p>\n<p><span style=\"color: #000000;\"><strong>Beantragung eines chinesischen Visums als Inhaber eines koreanischen Reisepasses in den USA<\/strong><\/span><\/p>\n<p><span style=\"color: #000000;\">Die Beantragung \u00fcber unseren Service ist einfach! Klicken Sie einfach auf \"Jetzt beantragen\", f\u00fcllen Sie die erforderlichen Angaben aus und \u00fcberlassen Sie uns den Rest. Wir f\u00fchren Sie durch die Schritte zur Einreichung der Dokumente und zur Beantragung des Visums, um einen reibungslosen Ablauf zu gew\u00e4hrleisten.<\/span><\/p>\n<p><span style=\"color: #000000;\"><strong>Schnelle, professionelle und erschwingliche Visabearbeitung<\/strong><\/span><\/p>\n<p><span style=\"color: #000000;\">Unser Service richtet sich an Personen, die ihr Visum f\u00fcr China schnell und effizient beantragen m\u00fcssen. Wir legen Wert auf Schnelligkeit und Genauigkeit und stellen sicher, dass Ihr Visumantrag ohne unn\u00f6tige Verz\u00f6gerungen bearbeitet wird. Und dank der verhandelbaren Preise k\u00f6nnen Sie eine L\u00f6sung finden, die in Ihr Budget passt.<\/span><\/p>\n<p><span style=\"color: #000000;\"><strong>Dokumentenerstellung &amp; verhandelbare Preisgestaltung<\/strong><\/span><\/p>\n<p><span style=\"color: #000000;\">Vermissen Sie wichtige Dokumente? Machen Sie sich keine Sorgen! Wir k\u00f6nnen alle erforderlichen Unterlagen f\u00fcr Ihren Visumantrag erstellen. Ob es um den Nachweis des Wohnsitzes in den USA oder die \u00dcberpr\u00fcfung des koreanischen Reisepasses geht, wir haben alles f\u00fcr Sie. Die Preise sind flexibel, also z\u00f6gern Sie nicht, uns per WhatsApp oder E-Mail zu kontaktieren, um einen f\u00fcr Sie passenden Tarif auszuhandeln.<\/span><\/p>\n<p><span style=\"color: #000000;\"><strong>Jetzt loslegen<\/strong><\/span><\/p>\n<p><span style=\"color: #000000;\">Sind Sie bereit, Ihr chinesisches Visum als Inhaber eines koreanischen Reisepasses in den USA zu beantragen? Klicken Sie auf \"Jetzt beantragen\" und starten Sie Ihr Antragsverfahren mit unserer fachkundigen Unterst\u00fctzung.<\/span><\/p>","protected":false},"excerpt":{"rendered":"<p>&nbsp;<\/p>\n<p>Holen Sie sich als Inhaber eines koreanischen Reisepasses, der in den USA lebt, einfach und schnell Ihr Visum f\u00fcr China. Unser Service vereinfacht den Prozess und bietet eine schrittweise Anleitung mit verhandelbaren Preisen. Beantragen Sie jetzt Ihr Visum und genie\u00dfen Sie einen schnellen und zuverl\u00e4ssigen Service.<\/p>","protected":false},"featured_media":1714,"comment_status":"open","ping_status":"closed","template":"","meta":{"_eb_attr":"","site-sidebar-layout":"default","site-content-layout":"","ast-site-content-layout":"default","site-content-style":"default","site-sidebar-style":"default","ast-global-header-display":"","ast-banner-title-visibility":"","ast-main-header-display":"","ast-hfb-above-header-display":"","ast-hfb-below-header-display":"","ast-hfb-mobile-header-display":"","site-post-title":"","ast-breadcrumbs-content":"","ast-featured-img":"","footer-sml-layout":"","ast-disable-related-posts":"","theme-transparent-header-meta":"default","adv-header-id-meta":"","stick-header-meta":"","header-above-stick-meta":"","header-main-stick-meta":"","header-below-stick-meta":"","astra-migrate-meta-layouts":"set","ast-page-background-enabled":"default","ast-page-background-meta":{"desktop":{"background-color":"","background-image":"","background-repeat":"repeat","background-position":"center center","background-size":"auto","background-attachment":"scroll","background-type":"","background-media":"","overlay-type":"","overlay-color":"","overlay-opacity":"","overlay-gradient":""},"tablet":{"background-color":"","background-image":"","background-repeat":"repeat","background-position":"center center","background-size":"auto","background-attachment":"scroll","background-type":"","background-media":"","overlay-type":"","overlay-color":"","overlay-opacity":"","overlay-gradient":""},"mobile":{"background-color":"","background-image":"","background-repeat":"repeat","background-position":"center center","background-size":"auto","background-attachment":"scroll","background-type":"","background-media":"","overlay-type":"","overlay-color":"","overlay-opacity":"","overlay-gradient":""}},"ast-content-background-meta":{"desktop":{"background-color":"var(--ast-global-color-5)","background-image":"","background-repeat":"repeat","background-position":"center center","background-size":"auto","background-attachment":"scroll","background-type":"","background-media":"","overlay-type":"","overlay-color":"","overlay-opacity":"","overlay-gradient":""},"tablet":{"background-color":"var(--ast-global-color-5)","background-image":"","background-repeat":"repeat","background-position":"center center","background-size":"auto","background-attachment":"scroll","background-type":"","background-media":"","overlay-type":"","overlay-color":"","overlay-opacity":"","overlay-gradient":""},"mobile":{"background-color":"var(--ast-global-color-5)","background-image":"","background-repeat":"repeat","background-position":"center center","background-size":"auto","background-attachment":"scroll","background-type":"","background-media":"","overlay-type":"","overlay-color":"","overlay-opacity":"","overlay-gradient":""}}},"product_brand":[],"product_cat":[17,54,52],"product_tag":[],"class_list":{"0":"post-1712","1":"product","2":"type-product","3":"status-publish","4":"has-post-thumbnail","6":"product_cat-globaldocs","7":"product_cat-new-passport-applications","8":"product_cat-passport-services","9":"desktop-align-left","10":"tablet-align-left","11":"mobile-align-left","13":"first","14":"instock","15":"virtual","16":"purchasable","17":"product-type-simple"},"_links":{"self":[{"href":"https:\/\/globaldocs.store\/de\/wp-json\/wp\/v2\/product\/1712","targetHints":{"allow":["GET"]}}],"collection":[{"href":"https:\/\/globaldocs.store\/de\/wp-json\/wp\/v2\/product"}],"about":[{"href":"https:\/\/globaldocs.store\/de\/wp-json\/wp\/v2\/types\/product"}],"replies":[{"embeddable":true,"href":"https:\/\/globaldocs.store\/de\/wp-json\/wp\/v2\/comments?post=1712"}],"version-history":[{"count":2,"href":"https:\/\/globaldocs.store\/de\/wp-json\/wp\/v2\/product\/1712\/revisions"}],"predecessor-version":[{"id":1715,"href":"https:\/\/globaldocs.store\/de\/wp-json\/wp\/v2\/product\/1712\/revisions\/1715"}],"wp:featuredmedia":[{"embeddable":true,"href":"https:\/\/globaldocs.store\/de\/wp-json\/wp\/v2\/media\/1714"}],"wp:attachment":[{"href":"https:\/\/globaldocs.store\/de\/wp-json\/wp\/v2\/media?parent=1712"}],"wp:term":[{"taxonomy":"product_brand","embeddable":true,"href":"https:\/\/globaldocs.store\/de\/wp-json\/wp\/v2\/product_brand?post=1712"},{"taxonomy":"product_cat","embeddable":true,"href":"https:\/\/globaldocs.store\/de\/wp-json\/wp\/v2\/product_cat?post=1712"},{"taxonomy":"product_tag","embeddable":true,"href":"https:\/\/globaldocs.store\/de\/wp-json\/wp\/v2\/product_tag?post=1712"}],"curies":[{"name":"wp","href":"https:\/\/api.w.org\/{rel}","templated":true}]}}